{"id":7469,"date":"2026-03-03T13:41:31","date_gmt":"2026-03-03T13:41:31","guid":{"rendered":"https:\/\/porvoonkodit.fi\/pida-yhteystietosi-ajan-tasalla\/"},"modified":"2026-04-24T14:07:58","modified_gmt":"2026-04-24T14:07:58","slug":"pida-yhteystietosi-ajan-tasalla","status":"publish","type":"page","link":"https:\/\/porvoonkodit.fi\/sv\/boende\/pida-yhteystietosi-ajan-tasalla\/","title":{"rendered":"H\u00e5ll dina kontaktuppgifter uppdaterade"},"content":{"rendered":"\n<section id=\"g-q124nl0\" class=\"wp-block-gutentor-m3 alignfull section-g-q124nl0 gutentor-module gutentor-container-cover\"><div class=\"grid-container\">\n<section id=\"g-sjfh8gj\" class=\"wp-block-gutentor-m3 section-g-sjfh8gj gutentor-module gutentor-container-cover\"><div class=\"grid-container\">\n<div id=\"section-g-wxer16m\" class=\"wp-block-gutentor-e1 section-g-wxer16m gutentor-element gutentor-element-advanced-text\"><div class=\"gutentor-text-wrap\"><p class=\"gutentor-text\">Det \u00e4r v\u00e4ldigt viktigt att hyresg\u00e4stens kontaktuppgifter \u00e4r uppdaterade, s\u00e5 att vi snabbt och p\u00e5litligt kan n\u00e5 boende vid behov, till exempel vid underh\u00e5llsarbete, st\u00f6rningsanm\u00e4lningar eller viktiga meddelanden. Uppdaterade uppgifter garanterar ocks\u00e5 ett smidigt och s\u00e4kert boende, eftersom tillg\u00e4nglighet \u00e4r avg\u00f6rande \u00e4ven vid ov\u00e4ntade situationer.<\/p><\/div><\/div>\n<\/div><\/section>\n<\/div><\/section>\n\n\n\n<section id=\"g-1ajh1fx\" class=\"wp-block-gutentor-m3 alignfull section-g-1ajh1fx gutentor-module gutentor-container-cover\"><div class=\"grid-container\">\n<section id=\"g-aa7999a\" class=\"wp-block-gutentor-m3 section-g-aa7999a gutentor-module gutentor-container-cover\"><div class=\"grid-container\">\n<div id=\"section-g-fwsj2a6\" class=\"wp-block-gutentor-e1 section-g-fwsj2a6 gutentor-element gutentor-element-advanced-text\"><div class=\"gutentor-text-wrap\"><h2 class=\"gutentor-text\">Uppdatera dina kontaktuppgifter<\/h2><\/div><\/div>\n\n\n\n<div id=\"section-g-zwz1ssg\" class=\"wp-block-gutentor-e1 section-g-zwz1ssg gutentor-element gutentor-element-advanced-text\"><div class=\"gutentor-text-wrap\"><p class=\"gutentor-text\">Ange dina kontaktuppgifter genom att anv\u00e4nda formul\u00e4ret nedan. Observera att du endast anger kontaktuppgifterna till den person som n\u00e4mns i hyresavtalet. Om du inte kan l\u00e4mna dina kontaktuppgifter p\u00e5 formul\u00e4ret, kontakta v\u00e5r kundtj\u00e4nst p\u00e5 <a href=\"mailto:asiakaspalvelu@porvoonkodit.fi\">asiakaspalvelu@porvoonkodit.fi<\/a> eller per telefon inom kundtj\u00e4nstens \u00f6ppettider.<br><br><strong>N\u00f6dv\u00e4ndig kontaktinformation:<\/strong><\/p><\/div><\/div>\n\n\n\n<ul class=\"wp-block-list\">\n<li><strong>Namn<\/strong><\/li>\n\n\n\n<li><strong>Adress<\/strong><\/li>\n\n\n\n<li><strong>E-post<\/strong><\/li>\n\n\n\n<li><strong>Telefonnummer<\/strong><\/li>\n<\/ul>\n\n\n<p><iframe loading=\"lazy\" width=\"640px\" height=\"480px\" src=\"https:\/\/forms.office.com\/Pages\/ResponsePage.aspx?id=K-9e-KTXD0650JSlMuMXqQVDG_vaJztIk6US_NbFyLxUM1lCRkE0MEFNR1gzUkNYQVI4VDlINlIwMC4u&amp;embed=true\" frameborder=\"0\" style=\"border: none;max-width:100%;max-height:100vh\" allowfullscreen> <\/iframe><\/p>\n<\/div><\/section>\n<\/div><\/section>\n\n\n\n<section id=\"g-s5kxo9f\" class=\"wp-block-gutentor-m3 alignfull section-g-s5kxo9f gutentor-module gutentor-container-cover\"><div class=\"grid-container\">\n<section id=\"g-yyefe3r\" class=\"wp-block-gutentor-m3 section-g-yyefe3r gutentor-module gutentor-container-cover\"><div class=\"grid-container\">\n<div id=\"section-g-fdd01u1\" class=\"wp-block-gutentor-e1 section-g-fdd01u1 gutentor-element gutentor-element-advanced-text\"><div class=\"gutentor-text-wrap\"><h2 class=\"gutentor-text\">Lotteriet<\/h2><\/div><\/div>\n\n\n\n<div id=\"section-g-3rupcd7\" class=\"wp-block-gutentor-e1 section-g-3rupcd7 gutentor-element gutentor-element-advanced-text\"><div class=\"gutentor-text-wrap\"><p class=\"gutentor-text\">Lotteri kommer att h\u00e5llas bland alla boende som l\u00e4mnar sina aktuella kontaktuppgifter. S\u00e5 kom ih\u00e5g att se till att du uppger dina kontaktuppgifter \u2013 p\u00e5 s\u00e5 s\u00e4tt deltar du automatiskt i dragningen och eventuellt vinner ett fint pris! En god laganda bygger ocks\u00e5 p\u00e5 ett fungerande informationsfl\u00f6de, s\u00e5 se till att dina kontaktuppgifter \u00e4r uppdaterade redan idag.<br><br><strong>Regler f\u00f6r lotteri:<\/strong><br>Observera att utlottningen \u00e4r specifik f\u00f6r hyresavtalet, det vill s\u00e4ga att endast de kontaktuppgifter som \u00e4r bifogade ett giltigt hyresavtal kan delta i utlottningen. Vinnaren kommer att dras varje m\u00e5nad fram till 2026 bland alla rapporterade uppdaterade kontaktuppgifter, s\u00e5 genom att uppdatera dina uppgifter ing\u00e5r du i alla \u00e5rsslutslotterier &#8211; du beh\u00f6ver inte f\u00f6rnya ditt deltagande separat. Vinnarna kommer att kontaktas personligen. Deltagande i utlottningen \u00e4r frivilligt.<br><br><strong>Vinnarna:<\/strong><br><em>Joona H.<\/em><\/p><\/div><\/div>\n<\/div><\/section>\n<\/div><\/section>\n","protected":false},"excerpt":{"rendered":"","protected":false},"author":5,"featured_media":0,"parent":1581,"menu_order":0,"comment_status":"closed","ping_status":"closed","template":"","meta":{"_acf_changed":false,"footnotes":""},"class_list":["post-7469","page","type-page","status-publish"],"acf":[],"yoast_head":"<!-- This site is optimized with the Yoast SEO plugin v27.4 - https:\/\/yoast.com\/product\/yoast-seo-wordpress\/ -->\n<title>H\u00e5ll dina kontaktuppgifter uppdaterade - Porvoon Kodit<\/title>\n<meta name=\"robots\" content=\"index, follow, max-snippet:-1, max-image-preview:large, max-video-preview:-1\" \/>\n<link rel=\"canonical\" href=\"https:\/\/porvoonkodit.fi\/sv\/boende\/pida-yhteystietosi-ajan-tasalla\/\" \/>\n<meta property=\"og:locale\" content=\"sv_SE\" \/>\n<meta property=\"og:type\" content=\"article\" \/>\n<meta property=\"og:title\" content=\"H\u00e5ll dina kontaktuppgifter uppdaterade - Porvoon Kodit\" \/>\n<meta property=\"og:url\" content=\"https:\/\/porvoonkodit.fi\/sv\/boende\/pida-yhteystietosi-ajan-tasalla\/\" \/>\n<meta property=\"og:site_name\" content=\"Porvoon Kodit\" \/>\n<meta property=\"article:publisher\" content=\"https:\/\/www.facebook.com\/AyhtiotAbolagen\/\" \/>\n<meta property=\"article:modified_time\" content=\"2026-04-24T14:07:58+00:00\" \/>\n<meta name=\"twitter:card\" content=\"summary_large_image\" \/>\n<meta name=\"twitter:label1\" content=\"Ber\u00e4knad l\u00e4stid\" \/>\n\t<meta name=\"twitter:data1\" content=\"2 minuter\" \/>\n<script type=\"application\/ld+json\" class=\"yoast-schema-graph\">{\"@context\":\"https:\\\/\\\/schema.org\",\"@graph\":[{\"@type\":\"WebPage\",\"@id\":\"https:\\\/\\\/porvoonkodit.fi\\\/sv\\\/boende\\\/pida-yhteystietosi-ajan-tasalla\\\/\",\"url\":\"https:\\\/\\\/porvoonkodit.fi\\\/sv\\\/boende\\\/pida-yhteystietosi-ajan-tasalla\\\/\",\"name\":\"H\u00e5ll dina kontaktuppgifter uppdaterade - Porvoon Kodit\",\"isPartOf\":{\"@id\":\"https:\\\/\\\/porvoonkodit.fi\\\/#website\"},\"datePublished\":\"2026-03-03T13:41:31+00:00\",\"dateModified\":\"2026-04-24T14:07:58+00:00\",\"breadcrumb\":{\"@id\":\"https:\\\/\\\/porvoonkodit.fi\\\/sv\\\/boende\\\/pida-yhteystietosi-ajan-tasalla\\\/#breadcrumb\"},\"inLanguage\":\"sv-SE\",\"potentialAction\":[{\"@type\":\"ReadAction\",\"target\":[\"https:\\\/\\\/porvoonkodit.fi\\\/sv\\\/boende\\\/pida-yhteystietosi-ajan-tasalla\\\/\"]}]},{\"@type\":\"BreadcrumbList\",\"@id\":\"https:\\\/\\\/porvoonkodit.fi\\\/sv\\\/boende\\\/pida-yhteystietosi-ajan-tasalla\\\/#breadcrumb\",\"itemListElement\":[{\"@type\":\"ListItem\",\"position\":1,\"name\":\"Etusivu\",\"item\":\"https:\\\/\\\/porvoonkodit.fi\\\/sv\\\/\"},{\"@type\":\"ListItem\",\"position\":2,\"name\":\"F\u00f6r boende\",\"item\":\"https:\\\/\\\/porvoonkodit.fi\\\/sv\\\/boende\\\/\"},{\"@type\":\"ListItem\",\"position\":3,\"name\":\"H\u00e5ll dina kontaktuppgifter uppdaterade\"}]},{\"@type\":\"WebSite\",\"@id\":\"https:\\\/\\\/porvoonkodit.fi\\\/#website\",\"url\":\"https:\\\/\\\/porvoonkodit.fi\\\/\",\"name\":\"Porvoon kodit Oy\",\"description\":\"Tervetuloa kotiin\",\"publisher\":{\"@id\":\"https:\\\/\\\/porvoonkodit.fi\\\/#organization\"},\"potentialAction\":[{\"@type\":\"SearchAction\",\"target\":{\"@type\":\"EntryPoint\",\"urlTemplate\":\"https:\\\/\\\/porvoonkodit.fi\\\/?s={search_term_string}\"},\"query-input\":{\"@type\":\"PropertyValueSpecification\",\"valueRequired\":true,\"valueName\":\"search_term_string\"}}],\"inLanguage\":\"sv-SE\"},{\"@type\":\"Organization\",\"@id\":\"https:\\\/\\\/porvoonkodit.fi\\\/#organization\",\"name\":\"Porvoon kodit Oy\",\"url\":\"https:\\\/\\\/porvoonkodit.fi\\\/\",\"logo\":{\"@type\":\"ImageObject\",\"inLanguage\":\"sv-SE\",\"@id\":\"https:\\\/\\\/porvoonkodit.fi\\\/#\\\/schema\\\/logo\\\/image\\\/\",\"url\":\"https:\\\/\\\/porvoonkodit.fi\\\/wp-content\\\/uploads\\\/2025\\\/07\\\/Logo-tummempi-oranssi.png\",\"contentUrl\":\"https:\\\/\\\/porvoonkodit.fi\\\/wp-content\\\/uploads\\\/2025\\\/07\\\/Logo-tummempi-oranssi.png\",\"width\":480,\"height\":150,\"caption\":\"Porvoon kodit Oy\"},\"image\":{\"@id\":\"https:\\\/\\\/porvoonkodit.fi\\\/#\\\/schema\\\/logo\\\/image\\\/\"},\"sameAs\":[\"https:\\\/\\\/www.facebook.com\\\/AyhtiotAbolagen\\\/\"]}]}<\/script>\n<!-- \/ Yoast SEO plugin. -->","yoast_head_json":{"title":"H\u00e5ll dina kontaktuppgifter uppdaterade - Porvoon Kodit","robots":{"index":"index","follow":"follow","max-snippet":"max-snippet:-1","max-image-preview":"max-image-preview:large","max-video-preview":"max-video-preview:-1"},"canonical":"https:\/\/porvoonkodit.fi\/sv\/boende\/pida-yhteystietosi-ajan-tasalla\/","og_locale":"sv_SE","og_type":"article","og_title":"H\u00e5ll dina kontaktuppgifter uppdaterade - Porvoon Kodit","og_url":"https:\/\/porvoonkodit.fi\/sv\/boende\/pida-yhteystietosi-ajan-tasalla\/","og_site_name":"Porvoon Kodit","article_publisher":"https:\/\/www.facebook.com\/AyhtiotAbolagen\/","article_modified_time":"2026-04-24T14:07:58+00:00","twitter_card":"summary_large_image","twitter_misc":{"Ber\u00e4knad l\u00e4stid":"2 minuter"},"schema":{"@context":"https:\/\/schema.org","@graph":[{"@type":"WebPage","@id":"https:\/\/porvoonkodit.fi\/sv\/boende\/pida-yhteystietosi-ajan-tasalla\/","url":"https:\/\/porvoonkodit.fi\/sv\/boende\/pida-yhteystietosi-ajan-tasalla\/","name":"H\u00e5ll dina kontaktuppgifter uppdaterade - Porvoon Kodit","isPartOf":{"@id":"https:\/\/porvoonkodit.fi\/#website"},"datePublished":"2026-03-03T13:41:31+00:00","dateModified":"2026-04-24T14:07:58+00:00","breadcrumb":{"@id":"https:\/\/porvoonkodit.fi\/sv\/boende\/pida-yhteystietosi-ajan-tasalla\/#breadcrumb"},"inLanguage":"sv-SE","potentialAction":[{"@type":"ReadAction","target":["https:\/\/porvoonkodit.fi\/sv\/boende\/pida-yhteystietosi-ajan-tasalla\/"]}]},{"@type":"BreadcrumbList","@id":"https:\/\/porvoonkodit.fi\/sv\/boende\/pida-yhteystietosi-ajan-tasalla\/#breadcrumb","itemListElement":[{"@type":"ListItem","position":1,"name":"Etusivu","item":"https:\/\/porvoonkodit.fi\/sv\/"},{"@type":"ListItem","position":2,"name":"F\u00f6r boende","item":"https:\/\/porvoonkodit.fi\/sv\/boende\/"},{"@type":"ListItem","position":3,"name":"H\u00e5ll dina kontaktuppgifter uppdaterade"}]},{"@type":"WebSite","@id":"https:\/\/porvoonkodit.fi\/#website","url":"https:\/\/porvoonkodit.fi\/","name":"Porvoon kodit Oy","description":"Tervetuloa kotiin","publisher":{"@id":"https:\/\/porvoonkodit.fi\/#organization"},"potentialAction":[{"@type":"SearchAction","target":{"@type":"EntryPoint","urlTemplate":"https:\/\/porvoonkodit.fi\/?s={search_term_string}"},"query-input":{"@type":"PropertyValueSpecification","valueRequired":true,"valueName":"search_term_string"}}],"inLanguage":"sv-SE"},{"@type":"Organization","@id":"https:\/\/porvoonkodit.fi\/#organization","name":"Porvoon kodit Oy","url":"https:\/\/porvoonkodit.fi\/","logo":{"@type":"ImageObject","inLanguage":"sv-SE","@id":"https:\/\/porvoonkodit.fi\/#\/schema\/logo\/image\/","url":"https:\/\/porvoonkodit.fi\/wp-content\/uploads\/2025\/07\/Logo-tummempi-oranssi.png","contentUrl":"https:\/\/porvoonkodit.fi\/wp-content\/uploads\/2025\/07\/Logo-tummempi-oranssi.png","width":480,"height":150,"caption":"Porvoon kodit Oy"},"image":{"@id":"https:\/\/porvoonkodit.fi\/#\/schema\/logo\/image\/"},"sameAs":["https:\/\/www.facebook.com\/AyhtiotAbolagen\/"]}]}},"_links":{"self":[{"href":"https:\/\/porvoonkodit.fi\/sv\/wp-json\/wp\/v2\/pages\/7469","targetHints":{"allow":["GET"]}}],"collection":[{"href":"https:\/\/porvoonkodit.fi\/sv\/wp-json\/wp\/v2\/pages"}],"about":[{"href":"https:\/\/porvoonkodit.fi\/sv\/wp-json\/wp\/v2\/types\/page"}],"author":[{"embeddable":true,"href":"https:\/\/porvoonkodit.fi\/sv\/wp-json\/wp\/v2\/users\/5"}],"replies":[{"embeddable":true,"href":"https:\/\/porvoonkodit.fi\/sv\/wp-json\/wp\/v2\/comments?post=7469"}],"version-history":[{"count":7,"href":"https:\/\/porvoonkodit.fi\/sv\/wp-json\/wp\/v2\/pages\/7469\/revisions"}],"predecessor-version":[{"id":7885,"href":"https:\/\/porvoonkodit.fi\/sv\/wp-json\/wp\/v2\/pages\/7469\/revisions\/7885"}],"up":[{"embeddable":true,"href":"https:\/\/porvoonkodit.fi\/sv\/wp-json\/wp\/v2\/pages\/1581"}],"wp:attachment":[{"href":"https:\/\/porvoonkodit.fi\/sv\/wp-json\/wp\/v2\/media?parent=7469"}],"curies":[{"name":"wp","href":"https:\/\/api.w.org\/{rel}","templated":true}]}}