{"id":3104,"date":"2025-07-31T07:33:35","date_gmt":"2025-07-31T07:33:35","guid":{"rendered":"https:\/\/porvoonkodit.fi\/?page_id=3104"},"modified":"2025-11-27T12:06:47","modified_gmt":"2025-11-27T12:06:47","slug":"bostandsansokan","status":"publish","type":"page","link":"https:\/\/porvoonkodit.fi\/sv\/asunnon-hakijalle\/bostandsansokan\/","title":{"rendered":"Bostandsans\u00f6kan"},"content":{"rendered":"\n<section id=\"g-v1l9vvr\" class=\"wp-block-gutentor-m3 alignfull section-g-v1l9vvr gutentor-module gutentor-container-cover\"><div class=\"grid-container\">\n<section id=\"g-mmom818\" class=\"wp-block-gutentor-m3 section-g-mmom818 gutentor-module gutentor-container-cover\"><div class=\"grid-container\">\n<div id=\"section-g-39kx12j\" class=\"wp-block-gutentor-e1 section-g-39kx12j gutentor-element gutentor-element-advanced-text\"><div class=\"gutentor-text-wrap\"><h2 class=\"gutentor-text\">Bostadsans\u00f6kan<\/h2><\/div><\/div>\n\n\n\n<div id=\"section-g-muz1x5l\" class=\"wp-block-gutentor-e2 section-g-muz1x5l gutentor-element gutentor-element-button gutentor-btn-full-mobile gutentor-btn-custom-desktop gutentor-btn-custom-tablet button-align-left-desktop button-align-left-tablet button-align-center-mobile\"><span class=\"gutentor-button-wrap\"><a class=\"gutentor-button gutentor-block-button gutentor-icon-hide\" href=\"https:\/\/app.kodia.fi\/public\/Porvoon-A-asunnot-Oy---Borg%C3%A5-A-bost%C3%A4der-Ab\/apply\/\" target=\"_blank\" rel=\" noopener noreferrer\"><i class=\"gutentor-button-icon fas fa-book\"><\/i><span>Elektronisk ans\u00f6kan<\/span><\/a><\/span><\/div>\n\n\n\n<div style=\"height:20px\" aria-hidden=\"true\" class=\"wp-block-spacer\"><\/div>\n\n\n\n<div id=\"section-g-sslltmt\" class=\"wp-block-gutentor-e2 section-g-sslltmt gutentor-element gutentor-element-button gutentor-btn-full-mobile gutentor-btn-custom-desktop gutentor-btn-custom-tablet button-align-left-desktop button-align-left-tablet button-align-center-mobile\"><span class=\"gutentor-button-wrap\"><a class=\"gutentor-button gutentor-block-button gutentor-icon-hide\" href=\"https:\/\/porvoonkodit.fi\/wp-content\/uploads\/2025\/09\/Bostadsansokan-1.pdf\" target=\"_blank\" rel=\" noopener noreferrer\"><i class=\"gutentor-button-icon fas fa-book\"><\/i><span>Utskrivbart formul\u00e4r (pdf)<\/span><\/a><\/span><\/div>\n\n\n\n<div style=\"height:30px\" aria-hidden=\"true\" class=\"wp-block-spacer\"><\/div>\n\n\n\n<div id=\"section-g-xc1hm5l\" class=\"wp-block-gutentor-e1 section-g-xc1hm5l gutentor-element gutentor-element-advanced-text\"><div class=\"gutentor-text-wrap\"><p class=\"gutentor-text\">Ans\u00f6kan \u00e4r giltig i 3 m\u00e5nader.<\/p><\/div><\/div>\n<\/div><\/section>\n<\/div><\/section>\n\n\n\n<section id=\"rent\" class=\"wp-block-gutentor-m3 alignfull section-g-qg21q3s gutentor-module gutentor-container-cover\"><div class=\"grid-container\">\n<section id=\"g-8c5cfch\" class=\"wp-block-gutentor-m3 section-g-8c5cfch gutentor-module gutentor-container-cover\"><div class=\"grid-container\">\n<div id=\"section-g-p3uinl5\" class=\"wp-block-gutentor-e1 section-g-p3uinl5 gutentor-element gutentor-element-advanced-text\"><div class=\"gutentor-text-wrap\"><h3 class=\"gutentor-text\">Fyll i bostadsans\u00f6kan noggrant<\/h3><\/div><\/div>\n\n\n\n<div id=\"section-g-4ssuxog\" class=\"wp-block-gutentor-e1 section-g-4ssuxog gutentor-element gutentor-element-advanced-text\"><div class=\"gutentor-text-wrap\"><p class=\"gutentor-text\">Boendeval g\u00f6rs utifr\u00e5n de uppgifter du l\u00e4mnar i din ans\u00f6kan. T\u00e4nk d\u00e4rf\u00f6r noga igenom vilka begr\u00e4nsningar du g\u00f6r g\u00e4llande bostadens storlek, utrustning och l\u00e4ge. Du kommer inte att erbjudas bost\u00e4der som inte motsvarar de \u00f6nskem\u00e5l du angett i ans\u00f6kan. Om du s\u00f6ker bost\u00e4der med balkong kommer du inte att erbjudas bost\u00e4der utan balkong. Detsamma g\u00e4ller f\u00f6r det \u00f6nskade l\u00e4get p\u00e5 bostaden. Ju bredare omr\u00e5de du v\u00e4ljer, desto b\u00e4ttre chanser har du att f\u00e5 ett bostadserbjudande. Om du endast vill ha bostad i ett visst omr\u00e5de, begr\u00e4nsa din ans\u00f6kan d\u00e4refter.<br><br>N\u00e4r du fyller i ans\u00f6kan ombeds du att l\u00e4mna uppgifter om inkomster och tillg\u00e5ngar. Inkomstuppgifter hittar du p\u00e5 l\u00f6nebeskedet eller i inkomstregistret, som du f\u00e5r via tj\u00e4nsten OmaVero. Uppgifter om tillg\u00e5ngar finns i beskattningsbeslutet och dess specifikationsdel. Motsvarande uppgifter kr\u00e4vs \u00e4ven f\u00f6r andra myndiga s\u00f6kande som flyttar med dig.<br>Tillg\u00e5ngar \u00e4r till exempel bost\u00e4der, fastigheter, besparingar, b\u00f6rsaktier och fondandelar samt markegendom, s\u00e5som skogsfastigheter eller andelar i s\u00e5dana. V\u00e4rdet p\u00e5 bost\u00e4der och fastigheter kan du f\u00e5 fr\u00e5n en fastighetsm\u00e4klare. Saldo p\u00e5 sparkonto eller v\u00e4rdet p\u00e5 eventuella aktier kan visas med en kopia fr\u00e5n n\u00e4tbanken. Gr\u00e4nserna f\u00f6r tillg\u00e5ngar varierar mellan kommunerna.<br><br>L\u00e4s mer om bostadsval och inkomst- och tillg\u00e5ngsgr\u00e4nser i Borg\u00e5.<\/p><\/div><\/div>\n<\/div><\/section>\n<\/div><\/section>\n\n\n\n<section id=\"g-01b1br1\" class=\"wp-block-gutentor-m3 alignfull section-g-01b1br1 gutentor-module gutentor-container-cover\"><div class=\"grid-container\">\n<section id=\"g-clqy9g9\" class=\"wp-block-gutentor-m3 section-g-clqy9g9 gutentor-module gutentor-container-cover\"><div class=\"grid-container\">\n<div id=\"section-g-lplfkgl\" class=\"wp-block-gutentor-e1 section-g-lplfkgl gutentor-element gutentor-element-advanced-text\"><div class=\"gutentor-text-wrap\"><h3 class=\"gutentor-text\">Komplettering av ans\u00f6kan<\/h3><\/div><\/div>\n\n\n\n<div id=\"section-g-9zkd69i\" class=\"wp-block-gutentor-e1 section-g-9zkd69i gutentor-element gutentor-element-advanced-text\"><div class=\"gutentor-text-wrap\"><p class=\"gutentor-text\">Om din situation f\u00f6r\u00e4ndras eller du vill komplettera eller \u00e4ndra din ans\u00f6kan kan du g\u00f6ra \u00e4ndringar i din ans\u00f6kan via Kodia-tj\u00e4nsten.<br><br>Det \u00e4r s\u00e4rskilt viktigt att uppdatera ans\u00f6kan om till exempel flyttidtabellen fr\u00e5n din tidigare bostad \u00e4ndras, antalet personer som flyttar tillsammans f\u00f6r\u00e4ndras eller om det sker andra betydande f\u00f6r\u00e4ndringar i bostadsbehovet<br><br>Borg\u00e5 Hems bostadsans\u00f6kan \u00e4r giltig i tre m\u00e5nader. Ans\u00f6kan kan g\u00f6ras p\u00e5 nytt via v\u00e5r webbplats eller alternativt genom att kontakta v\u00e5r kundtj\u00e4nst. Du beh\u00f6ver inte bifoga n\u00e5gra bilagor till ans\u00f6kan i f\u00f6rv\u00e4g \u2013 vi beg\u00e4r dem f\u00f6rst n\u00e4r vi har hittat en passande bostad \u00e5t dig och du f\u00e5r ett bostadserbjudande.<\/p><\/div><\/div>\n<\/div><\/section>\n<\/div><\/section>\n","protected":false},"excerpt":{"rendered":"","protected":false},"author":5,"featured_media":0,"parent":2122,"menu_order":0,"comment_status":"closed","ping_status":"closed","template":"","meta":{"_acf_changed":false,"footnotes":""},"class_list":["post-3104","page","type-page","status-publish"],"acf":[],"yoast_head":"<!-- This site is optimized with the Yoast SEO plugin v27.5 - https:\/\/yoast.com\/product\/yoast-seo-wordpress\/ -->\n<title>Bostandsans\u00f6kan - Porvoon Kodit<\/title>\n<meta name=\"robots\" content=\"index, follow, max-snippet:-1, max-image-preview:large, max-video-preview:-1\" \/>\n<link rel=\"canonical\" href=\"https:\/\/porvoonkodit.fi\/sv\/asunnon-hakijalle\/bostandsansokan\/\" \/>\n<meta property=\"og:locale\" content=\"sv_SE\" \/>\n<meta property=\"og:type\" content=\"article\" \/>\n<meta property=\"og:title\" content=\"Bostandsans\u00f6kan - Porvoon Kodit\" \/>\n<meta property=\"og:url\" content=\"https:\/\/porvoonkodit.fi\/sv\/asunnon-hakijalle\/bostandsansokan\/\" \/>\n<meta property=\"og:site_name\" content=\"Porvoon Kodit\" \/>\n<meta property=\"article:publisher\" content=\"https:\/\/www.facebook.com\/AyhtiotAbolagen\/\" \/>\n<meta property=\"article:modified_time\" content=\"2025-11-27T12:06:47+00:00\" \/>\n<meta name=\"twitter:card\" content=\"summary_large_image\" \/>\n<meta name=\"twitter:label1\" content=\"Ber\u00e4knad l\u00e4stid\" \/>\n\t<meta name=\"twitter:data1\" content=\"2 minuter\" \/>\n<script type=\"application\/ld+json\" class=\"yoast-schema-graph\">{\"@context\":\"https:\\\/\\\/schema.org\",\"@graph\":[{\"@type\":\"WebPage\",\"@id\":\"https:\\\/\\\/porvoonkodit.fi\\\/sv\\\/asunnon-hakijalle\\\/bostandsansokan\\\/\",\"url\":\"https:\\\/\\\/porvoonkodit.fi\\\/sv\\\/asunnon-hakijalle\\\/bostandsansokan\\\/\",\"name\":\"Bostandsans\u00f6kan - Porvoon Kodit\",\"isPartOf\":{\"@id\":\"https:\\\/\\\/porvoonkodit.fi\\\/#website\"},\"datePublished\":\"2025-07-31T07:33:35+00:00\",\"dateModified\":\"2025-11-27T12:06:47+00:00\",\"breadcrumb\":{\"@id\":\"https:\\\/\\\/porvoonkodit.fi\\\/sv\\\/asunnon-hakijalle\\\/bostandsansokan\\\/#breadcrumb\"},\"inLanguage\":\"sv-SE\",\"potentialAction\":[{\"@type\":\"ReadAction\",\"target\":[\"https:\\\/\\\/porvoonkodit.fi\\\/sv\\\/asunnon-hakijalle\\\/bostandsansokan\\\/\"]}]},{\"@type\":\"BreadcrumbList\",\"@id\":\"https:\\\/\\\/porvoonkodit.fi\\\/sv\\\/asunnon-hakijalle\\\/bostandsansokan\\\/#breadcrumb\",\"itemListElement\":[{\"@type\":\"ListItem\",\"position\":1,\"name\":\"Etusivu\",\"item\":\"https:\\\/\\\/porvoonkodit.fi\\\/sv\\\/\"},{\"@type\":\"ListItem\",\"position\":2,\"name\":\"F\u00f6r bostadsans\u00f6kande\",\"item\":\"https:\\\/\\\/porvoonkodit.fi\\\/sv\\\/asunnon-hakijalle\\\/\"},{\"@type\":\"ListItem\",\"position\":3,\"name\":\"Bostandsans\u00f6kan\"}]},{\"@type\":\"WebSite\",\"@id\":\"https:\\\/\\\/porvoonkodit.fi\\\/#website\",\"url\":\"https:\\\/\\\/porvoonkodit.fi\\\/\",\"name\":\"Porvoon kodit Oy\",\"description\":\"Tervetuloa kotiin\",\"publisher\":{\"@id\":\"https:\\\/\\\/porvoonkodit.fi\\\/#organization\"},\"potentialAction\":[{\"@type\":\"SearchAction\",\"target\":{\"@type\":\"EntryPoint\",\"urlTemplate\":\"https:\\\/\\\/porvoonkodit.fi\\\/?s={search_term_string}\"},\"query-input\":{\"@type\":\"PropertyValueSpecification\",\"valueRequired\":true,\"valueName\":\"search_term_string\"}}],\"inLanguage\":\"sv-SE\"},{\"@type\":\"Organization\",\"@id\":\"https:\\\/\\\/porvoonkodit.fi\\\/#organization\",\"name\":\"Porvoon kodit Oy\",\"url\":\"https:\\\/\\\/porvoonkodit.fi\\\/\",\"logo\":{\"@type\":\"ImageObject\",\"inLanguage\":\"sv-SE\",\"@id\":\"https:\\\/\\\/porvoonkodit.fi\\\/#\\\/schema\\\/logo\\\/image\\\/\",\"url\":\"https:\\\/\\\/porvoonkodit.fi\\\/wp-content\\\/uploads\\\/2025\\\/07\\\/Logo-tummempi-oranssi.png\",\"contentUrl\":\"https:\\\/\\\/porvoonkodit.fi\\\/wp-content\\\/uploads\\\/2025\\\/07\\\/Logo-tummempi-oranssi.png\",\"width\":480,\"height\":150,\"caption\":\"Porvoon kodit Oy\"},\"image\":{\"@id\":\"https:\\\/\\\/porvoonkodit.fi\\\/#\\\/schema\\\/logo\\\/image\\\/\"},\"sameAs\":[\"https:\\\/\\\/www.facebook.com\\\/AyhtiotAbolagen\\\/\"]}]}<\/script>\n<!-- \/ Yoast SEO plugin. -->","yoast_head_json":{"title":"Bostandsans\u00f6kan - Porvoon Kodit","robots":{"index":"index","follow":"follow","max-snippet":"max-snippet:-1","max-image-preview":"max-image-preview:large","max-video-preview":"max-video-preview:-1"},"canonical":"https:\/\/porvoonkodit.fi\/sv\/asunnon-hakijalle\/bostandsansokan\/","og_locale":"sv_SE","og_type":"article","og_title":"Bostandsans\u00f6kan - Porvoon Kodit","og_url":"https:\/\/porvoonkodit.fi\/sv\/asunnon-hakijalle\/bostandsansokan\/","og_site_name":"Porvoon Kodit","article_publisher":"https:\/\/www.facebook.com\/AyhtiotAbolagen\/","article_modified_time":"2025-11-27T12:06:47+00:00","twitter_card":"summary_large_image","twitter_misc":{"Ber\u00e4knad l\u00e4stid":"2 minuter"},"schema":{"@context":"https:\/\/schema.org","@graph":[{"@type":"WebPage","@id":"https:\/\/porvoonkodit.fi\/sv\/asunnon-hakijalle\/bostandsansokan\/","url":"https:\/\/porvoonkodit.fi\/sv\/asunnon-hakijalle\/bostandsansokan\/","name":"Bostandsans\u00f6kan - Porvoon Kodit","isPartOf":{"@id":"https:\/\/porvoonkodit.fi\/#website"},"datePublished":"2025-07-31T07:33:35+00:00","dateModified":"2025-11-27T12:06:47+00:00","breadcrumb":{"@id":"https:\/\/porvoonkodit.fi\/sv\/asunnon-hakijalle\/bostandsansokan\/#breadcrumb"},"inLanguage":"sv-SE","potentialAction":[{"@type":"ReadAction","target":["https:\/\/porvoonkodit.fi\/sv\/asunnon-hakijalle\/bostandsansokan\/"]}]},{"@type":"BreadcrumbList","@id":"https:\/\/porvoonkodit.fi\/sv\/asunnon-hakijalle\/bostandsansokan\/#breadcrumb","itemListElement":[{"@type":"ListItem","position":1,"name":"Etusivu","item":"https:\/\/porvoonkodit.fi\/sv\/"},{"@type":"ListItem","position":2,"name":"F\u00f6r bostadsans\u00f6kande","item":"https:\/\/porvoonkodit.fi\/sv\/asunnon-hakijalle\/"},{"@type":"ListItem","position":3,"name":"Bostandsans\u00f6kan"}]},{"@type":"WebSite","@id":"https:\/\/porvoonkodit.fi\/#website","url":"https:\/\/porvoonkodit.fi\/","name":"Porvoon kodit Oy","description":"Tervetuloa kotiin","publisher":{"@id":"https:\/\/porvoonkodit.fi\/#organization"},"potentialAction":[{"@type":"SearchAction","target":{"@type":"EntryPoint","urlTemplate":"https:\/\/porvoonkodit.fi\/?s={search_term_string}"},"query-input":{"@type":"PropertyValueSpecification","valueRequired":true,"valueName":"search_term_string"}}],"inLanguage":"sv-SE"},{"@type":"Organization","@id":"https:\/\/porvoonkodit.fi\/#organization","name":"Porvoon kodit Oy","url":"https:\/\/porvoonkodit.fi\/","logo":{"@type":"ImageObject","inLanguage":"sv-SE","@id":"https:\/\/porvoonkodit.fi\/#\/schema\/logo\/image\/","url":"https:\/\/porvoonkodit.fi\/wp-content\/uploads\/2025\/07\/Logo-tummempi-oranssi.png","contentUrl":"https:\/\/porvoonkodit.fi\/wp-content\/uploads\/2025\/07\/Logo-tummempi-oranssi.png","width":480,"height":150,"caption":"Porvoon kodit Oy"},"image":{"@id":"https:\/\/porvoonkodit.fi\/#\/schema\/logo\/image\/"},"sameAs":["https:\/\/www.facebook.com\/AyhtiotAbolagen\/"]}]}},"_links":{"self":[{"href":"https:\/\/porvoonkodit.fi\/sv\/wp-json\/wp\/v2\/pages\/3104","targetHints":{"allow":["GET"]}}],"collection":[{"href":"https:\/\/porvoonkodit.fi\/sv\/wp-json\/wp\/v2\/pages"}],"about":[{"href":"https:\/\/porvoonkodit.fi\/sv\/wp-json\/wp\/v2\/types\/page"}],"author":[{"embeddable":true,"href":"https:\/\/porvoonkodit.fi\/sv\/wp-json\/wp\/v2\/users\/5"}],"replies":[{"embeddable":true,"href":"https:\/\/porvoonkodit.fi\/sv\/wp-json\/wp\/v2\/comments?post=3104"}],"version-history":[{"count":2,"href":"https:\/\/porvoonkodit.fi\/sv\/wp-json\/wp\/v2\/pages\/3104\/revisions"}],"predecessor-version":[{"id":6094,"href":"https:\/\/porvoonkodit.fi\/sv\/wp-json\/wp\/v2\/pages\/3104\/revisions\/6094"}],"up":[{"embeddable":true,"href":"https:\/\/porvoonkodit.fi\/sv\/wp-json\/wp\/v2\/pages\/2122"}],"wp:attachment":[{"href":"https:\/\/porvoonkodit.fi\/sv\/wp-json\/wp\/v2\/media?parent=3104"}],"curies":[{"name":"wp","href":"https:\/\/api.w.org\/{rel}","templated":true}]}}