{"id":2913,"date":"2025-09-09T09:55:49","date_gmt":"2025-09-09T09:55:49","guid":{"rendered":"https:\/\/porvoonkodit.fi\/blogi\/"},"modified":"2025-09-12T11:39:59","modified_gmt":"2025-09-12T11:39:59","slug":"blogi","status":"publish","type":"page","link":"https:\/\/porvoonkodit.fi\/sv\/blogi\/","title":{"rendered":"Blogg"},"content":{"rendered":"\n<section id=\"g-4r666vv\" class=\"wp-block-gutentor-m3 alignfull section-g-4r666vv gutentor-module gutentor-container-cover\"><div class=\"grid-container\">\n<section id=\"g-1r0171i\" class=\"wp-block-gutentor-m3 section-g-1r0171i gutentor-module gutentor-container-cover\"><div class=\"grid-container\">\n<section id=\"g-rrugjjj\" class=\"wp-block-gutentor-p4 section-g-rrugjjj gutentor-post-module gutentor-advanced-post-module\" data-gpid=\"2913\" data-l-ani=\"gp4-animation-1\" data-i-b=\"gutentor\/p1\" data-maxnumpages=\"1\">\n<div id=\"section-g-bb6pzs8\" class=\"wp-block-gutentor-e16 section-g-bb6pzs8 gutentor-element gutentor-post-header piiloon\"><div class=\"grid-container\"><div class=\"grid-row\">\n<div id=\"col-g-jyfzufg\" class=\"wp-block-gutentor-e15 gutentor-single-column  grid-lg-5 grid-md-5 grid-5\"><div id=\"section-g-jyfzufg\" class=\"section-g-jyfzufg gutentor-col-wrap\">\n<div id=\"section-g-kjjfoqs\" class=\"wp-block-gutentor-e0 section-g-kjjfoqs gutentor-element gutentor-element-advanced-text\"><div class=\"gutentor-text-wrap\"><h3 class=\"gutentor-text\">Gutentor Simple Text<\/h3><\/div><\/div>\n\n\n\n<div id=\"section-g-bsauaj8\" class=\"wp-block-gutentor-e0 section-g-bsauaj8 gutentor-element gutentor-element-advanced-text\"><div class=\"gutentor-text-wrap\"><p class=\"gutentor-text\">Gutentor Simple Text<\/p><\/div><\/div>\n<\/div><\/div>\n\n\n\n<div id=\"col-g-hvbwhfh\" class=\"wp-block-gutentor-e15 gutentor-single-column  grid-lg-5 grid-md-5 grid-5\"><div id=\"section-g-hvbwhfh\" class=\"section-g-hvbwhfh gutentor-col-wrap\">\n<div id=\"section-g-hr779u6\" class=\"wp-block-gutentor-e14 section-g-hr779u6 gutentor-element gutentor-element-term-filter text-align-center-desktop text-align-center-tablet text-align-left-mobile\"><div class=\"gutentor-filter-navigation\" data-gtax=\"category\" data-gpost=\"post\"><div class=\"gutentor-filter-wrap\"><ul class=\"gutentor-filter-list g-responsive-menu\"><li class=\"gutentor-filter-item\"><a href=\"#\" class=\"g-active\" data-gterm=\"gAll\" data-all-opt=\"all\">All<\/a><\/li><\/ul><\/div><\/div><\/div>\n<\/div><\/div>\n\n\n\n<div id=\"col-g-hkgwwb1\" class=\"wp-block-gutentor-e15 gutentor-single-column  grid-lg-2 grid-md-2 grid-2\"><div id=\"section-g-hkgwwb1\" class=\"section-g-hkgwwb1 gutentor-col-wrap\">\n<div id=\"section-g-79zfrzz\" class=\"wp-block-gutentor-e13 section-g-79zfrzz gutentor-element gutentor-element-navigation text-align-right-desktop text-align-right-tablet text-align-left-mobile\"><div class=\"gutentor-navigation\" data-gpage=\"1\"><ul class=\"gutentor-next-prev\"><li><a class=\"gutentor-disabled g-nav-prev\"><i class=\"fas fa-chevron-left\"><\/i><\/a><\/li><li><a class=\"g-nav-next gutentor-disabled\"><i class=\"fas fa-chevron-right\"><\/i><\/a><\/li><\/ul><\/div><\/div>\n<\/div><\/div>\n<\/div><\/div><\/div>\n\n\n<section class=\"gutentor-post-module section-g-11wb0ik gutentor-post-module-p1 gutentor_p1_template1 wp-block-gutentor-p1 gutentor-blog-grid\" id=\"g-11wb0ik\" data-gbid=\"g-11wb0ik\">\n<div class='grid-container'><div class='grid-row'><article class='gutentor-post  grid-md-4 grid-sm-4 grid-xs-12'><div class='gutentor-post-item'><div class='gutentor-post-image-box'><div class=\"gutentor-image-thumb\"><img loading=\"lazy\" decoding=\"async\" width=\"2560\" height=\"2560\" src=\"https:\/\/porvoonkodit.fi\/wp-content\/uploads\/2026\/04\/20250906-5M6A0750-1.jpg\" class=\"attachment-full size-full wp-post-image\" alt=\"\" \/><\/div><\/div><div class=\"gutentor-post-title-data-wrap\"><h3 class=\"gutentor-post-title\"><a href=\"https:\/\/porvoonkodit.fi\/sv\/varhalsning-fran-invanarforeningen\/\" rel=\"bookmark\">V\u00e5rh\u00e4lsning fr\u00e5n inv\u00e5narf\u00f6reningen!<\/a><\/h3><\/div><div class=\"gutentor-entry-meta gutentor-entry-meta-primary\"><div class=\"posted-on\"><i class=\"far fa-calendar-alt\"><\/i><a href=\"https:\/\/porvoonkodit.fi\/sv\/varhalsning-fran-invanarforeningen\/\" rel=\"bookmark\">24 april 2026<\/a><\/div><\/div><div class=\"gutentor-post-desc\">A-Inv\u00e5narf\u00f6reningen rf. grundades f\u00f6r 20 \u00e5r sedan p\u00e5 initiativ av en boende i A-Bolagen. Alla boende&hellip;<\/div><a class=\"gutentor-button gutentor-post-button\" href=\"https:\/\/porvoonkodit.fi\/sv\/varhalsning-fran-invanarforeningen\/\"><span>Lue lis\u00e4\u00e4<\/span><\/a><\/div><\/article><article class='gutentor-post  grid-md-4 grid-sm-4 grid-xs-12'><div class='gutentor-post-item'><div class='gutentor-post-image-box'><div class=\"gutentor-image-thumb\"><img loading=\"lazy\" decoding=\"async\" width=\"2048\" height=\"2048\" src=\"https:\/\/porvoonkodit.fi\/wp-content\/uploads\/2026\/03\/5M6A0014.jpg\" class=\"attachment-full size-full wp-post-image\" alt=\"\" \/><\/div><\/div><div class=\"gutentor-post-title-data-wrap\"><h3 class=\"gutentor-post-title\"><a href=\"https:\/\/porvoonkodit.fi\/sv\/lopptur-i-borga\/\" rel=\"bookmark\">Lopptur i Borg\u00e5<\/a><\/h3><\/div><div class=\"gutentor-entry-meta gutentor-entry-meta-primary\"><div class=\"posted-on\"><i class=\"far fa-calendar-alt\"><\/i><a href=\"https:\/\/porvoonkodit.fi\/sv\/lopptur-i-borga\/\" rel=\"bookmark\">31 mars 2026<\/a><\/div><\/div><div class=\"gutentor-post-desc\">Cirkul\u00e4r ekonomi och loppisande blir bara mer och mer popul\u00e4rt. Sj\u00e4lv har jag blivit helt s\u00e5ld p\u00e5 lo&hellip;<\/div><a class=\"gutentor-button gutentor-post-button\" href=\"https:\/\/porvoonkodit.fi\/sv\/lopptur-i-borga\/\"><span>Lue lis\u00e4\u00e4<\/span><\/a><\/div><\/article><article class='gutentor-post  grid-md-4 grid-sm-4 grid-xs-12'><div class='gutentor-post-item'><div class='gutentor-post-image-box'><div class=\"gutentor-image-thumb\"><img loading=\"lazy\" decoding=\"async\" width=\"2560\" height=\"2560\" src=\"https:\/\/porvoonkodit.fi\/wp-content\/uploads\/2026\/02\/IMG_8266-scaled.jpg\" class=\"attachment-full size-full wp-post-image\" alt=\"\" \/><\/div><\/div><div class=\"gutentor-post-title-data-wrap\"><h3 class=\"gutentor-post-title\"><a href=\"https:\/\/porvoonkodit.fi\/sv\/boendetrivseln-hos-borga-hem-ar-pa-en-bra-niva\/\" rel=\"bookmark\">Boendetrivseln hos Borg\u00e5 Hem \u00e4r p\u00e5 en bra niv\u00e5<\/a><\/h3><\/div><div class=\"gutentor-entry-meta gutentor-entry-meta-primary\"><div class=\"posted-on\"><i class=\"far fa-calendar-alt\"><\/i><a href=\"https:\/\/porvoonkodit.fi\/sv\/boendetrivseln-hos-borga-hem-ar-pa-en-bra-niva\/\" rel=\"bookmark\">11 februari 2026<\/a><\/div><\/div><div class=\"gutentor-post-desc\">Hos Borg\u00e5 Hem har boendetrivseln f\u00f6ljts upp regelbundet sedan b\u00f6rjan av 2025 med hj\u00e4lp av fyra olika&hellip;<\/div><a class=\"gutentor-button gutentor-post-button\" href=\"https:\/\/porvoonkodit.fi\/sv\/boendetrivseln-hos-borga-hem-ar-pa-en-bra-niva\/\"><span>Lue lis\u00e4\u00e4<\/span><\/a><\/div><\/article><article class='gutentor-post  grid-md-4 grid-sm-4 grid-xs-12'><div class='gutentor-post-item'><div class='gutentor-post-image-box'><div class=\"gutentor-image-thumb\"><img loading=\"lazy\" decoding=\"async\" width=\"2560\" height=\"2560\" src=\"https:\/\/porvoonkodit.fi\/wp-content\/uploads\/2025\/12\/IMG_8173-scaled.jpg\" class=\"attachment-full size-full wp-post-image\" alt=\"\" \/><\/div><\/div><div class=\"gutentor-post-title-data-wrap\"><h3 class=\"gutentor-post-title\"><a href=\"https:\/\/porvoonkodit.fi\/sv\/mietteita-kuluneesta-vuodesta-ja-tulevaisuudesta\/\" rel=\"bookmark\">Tankar om det g\u00e5ngna \u00e5ret och framtiden<\/a><\/h3><\/div><div class=\"gutentor-entry-meta gutentor-entry-meta-primary\"><div class=\"posted-on\"><i class=\"far fa-calendar-alt\"><\/i><a href=\"https:\/\/porvoonkodit.fi\/sv\/mietteita-kuluneesta-vuodesta-ja-tulevaisuudesta\/\" rel=\"bookmark\">31 december 2025<\/a><\/div><\/div><div class=\"gutentor-post-desc\">Smidig organisation och effektivt samarbete\n\n\n\nI v\u00e5r organisation g\u00e5r samarbetet bra och problemen l&hellip;<\/div><a class=\"gutentor-button gutentor-post-button\" href=\"https:\/\/porvoonkodit.fi\/sv\/mietteita-kuluneesta-vuodesta-ja-tulevaisuudesta\/\"><span>Lue lis\u00e4\u00e4<\/span><\/a><\/div><\/article><article class='gutentor-post  grid-md-4 grid-sm-4 grid-xs-12'><div class='gutentor-post-item'><div class='gutentor-post-image-box'><div class=\"gutentor-image-thumb\"><img loading=\"lazy\" decoding=\"async\" width=\"2048\" height=\"2048\" src=\"https:\/\/porvoonkodit.fi\/wp-content\/uploads\/2025\/11\/5M6A0014.jpg\" class=\"attachment-full size-full wp-post-image\" alt=\"\" \/><\/div><\/div><div class=\"gutentor-post-title-data-wrap\"><h3 class=\"gutentor-post-title\"><a href=\"https:\/\/porvoonkodit.fi\/sv\/bra-boende-ar-bade-och\/\" rel=\"bookmark\">Bra boende \u00e4r b\u00e5de och!<\/a><\/h3><\/div><div class=\"gutentor-entry-meta gutentor-entry-meta-primary\"><div class=\"posted-on\"><i class=\"far fa-calendar-alt\"><\/i><a href=\"https:\/\/porvoonkodit.fi\/sv\/bra-boende-ar-bade-och\/\" rel=\"bookmark\">24 november 2025<\/a><\/div><\/div><div class=\"gutentor-post-desc\">https:\/\/youtu.be\/hlR2Rrtel1U\n\n\n\n\nUnder livets olika skeden uppst\u00e5r olika bostadsbehov. En v\u00e4xande ba&hellip;<\/div><a class=\"gutentor-button gutentor-post-button\" href=\"https:\/\/porvoonkodit.fi\/sv\/bra-boende-ar-bade-och\/\"><span>Lue lis\u00e4\u00e4<\/span><\/a><\/div><\/article><article class='gutentor-post  grid-md-4 grid-sm-4 grid-xs-12'><div class='gutentor-post-item'><div class='gutentor-post-image-box'><div class=\"gutentor-image-thumb\"><img loading=\"lazy\" decoding=\"async\" width=\"1024\" height=\"683\" src=\"https:\/\/porvoonkodit.fi\/wp-content\/uploads\/2025\/10\/Mikaela-puhuu.jpg\" class=\"attachment-full size-full wp-post-image\" alt=\"Mikaela Nylander pit\u00e4m\u00e4ss\u00e4 puhetta Porvoon Kotien asukasjuhlassa\" \/><\/div><\/div><div class=\"gutentor-post-title-data-wrap\"><h3 class=\"gutentor-post-title\"><a href=\"https:\/\/porvoonkodit.fi\/sv\/porvoon-kodit-luo-hyvaa-asumista-ja-kasvun-edellytyksia\/\" rel=\"bookmark\">Borg\u00e5 Hem skapar goda boendef\u00f6rh\u00e5llanden och f\u00f6ruts\u00e4ttningar f\u00f6r tillv\u00e4xt<\/a><\/h3><\/div><div class=\"gutentor-entry-meta gutentor-entry-meta-primary\"><div class=\"posted-on\"><i class=\"far fa-calendar-alt\"><\/i><a href=\"https:\/\/porvoonkodit.fi\/sv\/porvoon-kodit-luo-hyvaa-asumista-ja-kasvun-edellytyksia\/\" rel=\"bookmark\">21 oktober 2025<\/a><\/div><\/div><div class=\"gutentor-post-desc\">Kuudenkymmenen vuoden aikana Porvoon Kodit on ollut tae siit\u00e4, ett\u00e4 Porvoossa l\u00f6ytyy korkealaatuisia&hellip;<\/div><a class=\"gutentor-button gutentor-post-button\" href=\"https:\/\/porvoonkodit.fi\/sv\/porvoon-kodit-luo-hyvaa-asumista-ja-kasvun-edellytyksia\/\"><span>Lue lis\u00e4\u00e4<\/span><\/a><\/div><\/article><\/div><\/div><\/section>\n\n\n<div id=\"section-g-nh18knb\" class=\"wp-block-gutentor-e17 section-g-nh18knb gutentor-element gutentor-post-footer\"><div class=\"grid-container\"><div class=\"grid-row\">\n<div id=\"col-g-7i4ixmy\" class=\"wp-block-gutentor-e15 gutentor-single-column  grid-lg-12 grid-md-12 grid-12\"><div id=\"section-g-7i4ixmy\" class=\"section-g-7i4ixmy gutentor-col-wrap\">\n<div id=\"section-g-1aqd7k1\" class=\"wp-block-gutentor-e12 section-g-1aqd7k1 gutentor-element gutentor-element-pagination text-align-center-mobile\"><div class=\"gutentor-pagination-wrap\" data-maxnumpages=\"1\"><ul class=\"gutentor-pagination\"><li class=\"gutentor-pagination-item gutentor-pagination-prev\"><a class=\"gutentor-pagination-link gutentor-disabled\" href=\"#\"><i class=\"fas fa-chevron-left\"><\/i>Tidigare<\/a><\/li><li class=\"gutentor-pagination-item gutentor-pagination-active\" data-gpage=\"1\"><a class=\"gutentor-pagination-link\" href=\"#\">1<\/a><\/li><li class=\"gutentor-pagination-item gutentor-pagination-next\"><a class=\"gutentor-pagination-link gutentor-disabled\" href=\"#\" data-gpage=\"2\">N\u00e4sta<i class=\"fas fa-chevron-right\"><\/i><\/a><\/li><\/ul><\/div><\/div>\n<\/div><\/div>\n<\/div><\/div><\/div>\n<\/section>\n<\/div><\/section>\n<\/div><\/section>\n","protected":false},"excerpt":{"rendered":"","protected":false},"author":3,"featured_media":0,"parent":0,"menu_order":0,"comment_status":"closed","ping_status":"closed","template":"","meta":{"_acf_changed":false,"footnotes":""},"class_list":["post-2913","page","type-page","status-publish"],"acf":[],"yoast_head":"<!-- This site is optimized with the Yoast SEO plugin v27.5 - https:\/\/yoast.com\/product\/yoast-seo-wordpress\/ -->\n<title>Blogg - Porvoon Kodit<\/title>\n<meta name=\"robots\" content=\"index, follow, max-snippet:-1, max-image-preview:large, max-video-preview:-1\" \/>\n<link rel=\"canonical\" href=\"https:\/\/porvoonkodit.fi\/sv\/blogi\/\" \/>\n<meta property=\"og:locale\" content=\"sv_SE\" \/>\n<meta property=\"og:type\" content=\"article\" \/>\n<meta property=\"og:title\" content=\"Blogg - Porvoon Kodit\" \/>\n<meta property=\"og:url\" content=\"https:\/\/porvoonkodit.fi\/sv\/blogi\/\" \/>\n<meta property=\"og:site_name\" content=\"Porvoon Kodit\" \/>\n<meta property=\"article:publisher\" content=\"https:\/\/www.facebook.com\/AyhtiotAbolagen\/\" \/>\n<meta property=\"article:modified_time\" content=\"2025-09-12T11:39:59+00:00\" \/>\n<meta name=\"twitter:card\" content=\"summary_large_image\" \/>\n<meta name=\"twitter:label1\" content=\"Ber\u00e4knad l\u00e4stid\" \/>\n\t<meta name=\"twitter:data1\" content=\"1 minut\" \/>\n<script type=\"application\/ld+json\" class=\"yoast-schema-graph\">{\"@context\":\"https:\\\/\\\/schema.org\",\"@graph\":[{\"@type\":\"WebPage\",\"@id\":\"https:\\\/\\\/porvoonkodit.fi\\\/sv\\\/blogi\\\/\",\"url\":\"https:\\\/\\\/porvoonkodit.fi\\\/sv\\\/blogi\\\/\",\"name\":\"Blogg - Porvoon Kodit\",\"isPartOf\":{\"@id\":\"https:\\\/\\\/porvoonkodit.fi\\\/#website\"},\"datePublished\":\"2025-09-09T09:55:49+00:00\",\"dateModified\":\"2025-09-12T11:39:59+00:00\",\"breadcrumb\":{\"@id\":\"https:\\\/\\\/porvoonkodit.fi\\\/sv\\\/blogi\\\/#breadcrumb\"},\"inLanguage\":\"sv-SE\",\"potentialAction\":[{\"@type\":\"ReadAction\",\"target\":[\"https:\\\/\\\/porvoonkodit.fi\\\/sv\\\/blogi\\\/\"]}]},{\"@type\":\"BreadcrumbList\",\"@id\":\"https:\\\/\\\/porvoonkodit.fi\\\/sv\\\/blogi\\\/#breadcrumb\",\"itemListElement\":[{\"@type\":\"ListItem\",\"position\":1,\"name\":\"Etusivu\",\"item\":\"https:\\\/\\\/porvoonkodit.fi\\\/sv\\\/\"},{\"@type\":\"ListItem\",\"position\":2,\"name\":\"Blogg\"}]},{\"@type\":\"WebSite\",\"@id\":\"https:\\\/\\\/porvoonkodit.fi\\\/#website\",\"url\":\"https:\\\/\\\/porvoonkodit.fi\\\/\",\"name\":\"Porvoon kodit Oy\",\"description\":\"Tervetuloa kotiin\",\"publisher\":{\"@id\":\"https:\\\/\\\/porvoonkodit.fi\\\/#organization\"},\"potentialAction\":[{\"@type\":\"SearchAction\",\"target\":{\"@type\":\"EntryPoint\",\"urlTemplate\":\"https:\\\/\\\/porvoonkodit.fi\\\/?s={search_term_string}\"},\"query-input\":{\"@type\":\"PropertyValueSpecification\",\"valueRequired\":true,\"valueName\":\"search_term_string\"}}],\"inLanguage\":\"sv-SE\"},{\"@type\":\"Organization\",\"@id\":\"https:\\\/\\\/porvoonkodit.fi\\\/#organization\",\"name\":\"Porvoon kodit Oy\",\"url\":\"https:\\\/\\\/porvoonkodit.fi\\\/\",\"logo\":{\"@type\":\"ImageObject\",\"inLanguage\":\"sv-SE\",\"@id\":\"https:\\\/\\\/porvoonkodit.fi\\\/#\\\/schema\\\/logo\\\/image\\\/\",\"url\":\"https:\\\/\\\/porvoonkodit.fi\\\/wp-content\\\/uploads\\\/2025\\\/07\\\/Logo-tummempi-oranssi.png\",\"contentUrl\":\"https:\\\/\\\/porvoonkodit.fi\\\/wp-content\\\/uploads\\\/2025\\\/07\\\/Logo-tummempi-oranssi.png\",\"width\":480,\"height\":150,\"caption\":\"Porvoon kodit Oy\"},\"image\":{\"@id\":\"https:\\\/\\\/porvoonkodit.fi\\\/#\\\/schema\\\/logo\\\/image\\\/\"},\"sameAs\":[\"https:\\\/\\\/www.facebook.com\\\/AyhtiotAbolagen\\\/\"]}]}<\/script>\n<!-- \/ Yoast SEO plugin. -->","yoast_head_json":{"title":"Blogg - Porvoon Kodit","robots":{"index":"index","follow":"follow","max-snippet":"max-snippet:-1","max-image-preview":"max-image-preview:large","max-video-preview":"max-video-preview:-1"},"canonical":"https:\/\/porvoonkodit.fi\/sv\/blogi\/","og_locale":"sv_SE","og_type":"article","og_title":"Blogg - Porvoon Kodit","og_url":"https:\/\/porvoonkodit.fi\/sv\/blogi\/","og_site_name":"Porvoon Kodit","article_publisher":"https:\/\/www.facebook.com\/AyhtiotAbolagen\/","article_modified_time":"2025-09-12T11:39:59+00:00","twitter_card":"summary_large_image","twitter_misc":{"Ber\u00e4knad l\u00e4stid":"1 minut"},"schema":{"@context":"https:\/\/schema.org","@graph":[{"@type":"WebPage","@id":"https:\/\/porvoonkodit.fi\/sv\/blogi\/","url":"https:\/\/porvoonkodit.fi\/sv\/blogi\/","name":"Blogg - Porvoon Kodit","isPartOf":{"@id":"https:\/\/porvoonkodit.fi\/#website"},"datePublished":"2025-09-09T09:55:49+00:00","dateModified":"2025-09-12T11:39:59+00:00","breadcrumb":{"@id":"https:\/\/porvoonkodit.fi\/sv\/blogi\/#breadcrumb"},"inLanguage":"sv-SE","potentialAction":[{"@type":"ReadAction","target":["https:\/\/porvoonkodit.fi\/sv\/blogi\/"]}]},{"@type":"BreadcrumbList","@id":"https:\/\/porvoonkodit.fi\/sv\/blogi\/#breadcrumb","itemListElement":[{"@type":"ListItem","position":1,"name":"Etusivu","item":"https:\/\/porvoonkodit.fi\/sv\/"},{"@type":"ListItem","position":2,"name":"Blogg"}]},{"@type":"WebSite","@id":"https:\/\/porvoonkodit.fi\/#website","url":"https:\/\/porvoonkodit.fi\/","name":"Porvoon kodit Oy","description":"Tervetuloa kotiin","publisher":{"@id":"https:\/\/porvoonkodit.fi\/#organization"},"potentialAction":[{"@type":"SearchAction","target":{"@type":"EntryPoint","urlTemplate":"https:\/\/porvoonkodit.fi\/?s={search_term_string}"},"query-input":{"@type":"PropertyValueSpecification","valueRequired":true,"valueName":"search_term_string"}}],"inLanguage":"sv-SE"},{"@type":"Organization","@id":"https:\/\/porvoonkodit.fi\/#organization","name":"Porvoon kodit Oy","url":"https:\/\/porvoonkodit.fi\/","logo":{"@type":"ImageObject","inLanguage":"sv-SE","@id":"https:\/\/porvoonkodit.fi\/#\/schema\/logo\/image\/","url":"https:\/\/porvoonkodit.fi\/wp-content\/uploads\/2025\/07\/Logo-tummempi-oranssi.png","contentUrl":"https:\/\/porvoonkodit.fi\/wp-content\/uploads\/2025\/07\/Logo-tummempi-oranssi.png","width":480,"height":150,"caption":"Porvoon kodit Oy"},"image":{"@id":"https:\/\/porvoonkodit.fi\/#\/schema\/logo\/image\/"},"sameAs":["https:\/\/www.facebook.com\/AyhtiotAbolagen\/"]}]}},"_links":{"self":[{"href":"https:\/\/porvoonkodit.fi\/sv\/wp-json\/wp\/v2\/pages\/2913","targetHints":{"allow":["GET"]}}],"collection":[{"href":"https:\/\/porvoonkodit.fi\/sv\/wp-json\/wp\/v2\/pages"}],"about":[{"href":"https:\/\/porvoonkodit.fi\/sv\/wp-json\/wp\/v2\/types\/page"}],"author":[{"embeddable":true,"href":"https:\/\/porvoonkodit.fi\/sv\/wp-json\/wp\/v2\/users\/3"}],"replies":[{"embeddable":true,"href":"https:\/\/porvoonkodit.fi\/sv\/wp-json\/wp\/v2\/comments?post=2913"}],"version-history":[{"count":2,"href":"https:\/\/porvoonkodit.fi\/sv\/wp-json\/wp\/v2\/pages\/2913\/revisions"}],"predecessor-version":[{"id":2920,"href":"https:\/\/porvoonkodit.fi\/sv\/wp-json\/wp\/v2\/pages\/2913\/revisions\/2920"}],"wp:attachment":[{"href":"https:\/\/porvoonkodit.fi\/sv\/wp-json\/wp\/v2\/media?parent=2913"}],"curies":[{"name":"wp","href":"https:\/\/api.w.org\/{rel}","templated":true}]}}