{"id":2787,"date":"2025-08-14T07:11:12","date_gmt":"2025-08-14T07:11:12","guid":{"rendered":"https:\/\/porvoonkodit.fi\/asunnon-hakijalle\/kohteet\/uudiskohteet\/"},"modified":"2025-09-25T12:43:14","modified_gmt":"2025-09-25T12:43:14","slug":"uudiskohteet","status":"publish","type":"page","link":"https:\/\/porvoonkodit.fi\/sv\/asunnon-hakijalle\/kohteet\/uudiskohteet\/","title":{"rendered":"Nybyggnadsobjekt"},"content":{"rendered":"\n<div style=\"height:15px\" aria-hidden=\"true\" class=\"wp-block-spacer\"><\/div>\n\n\n\n<section id=\"g-v1l9vvr\" class=\"wp-block-gutentor-m3 alignfull section-g-v1l9vvr gutentor-module gutentor-container-cover\"><div class=\"grid-container\">\n<section id=\"g-mmom818\" class=\"wp-block-gutentor-m3 section-g-mmom818 gutentor-module gutentor-container-cover\"><div class=\"grid-container\">\n<div id=\"section-g-39kx12j\" class=\"wp-block-gutentor-e1 section-g-39kx12j gutentor-element gutentor-element-advanced-text\"><div class=\"gutentor-text-wrap\"><h2 class=\"gutentor-text\">G\u00f6rdelmakaregatan 8<\/h2><\/div><\/div>\n\n\n\n<div id=\"section-g-vttsj0s\" class=\"wp-block-gutentor-e1 section-g-vttsj0s gutentor-element gutentor-element-advanced-text\"><div class=\"gutentor-text-wrap\"><p class=\"gutentor-text\"><strong>Nya och tillg\u00e4ngliga bost\u00e4der under uppbyggnad i Borg\u00e5 centrum<\/strong><br><br>Nya ovh tillg\u00e4ngliga bost\u00e4der Borg\u00e5 Hems kommande nybyggnadsprojekt, G\u00f6rdelmakaregatan 8, har ett centralt l\u00e4ge vid korsningen av Wittenbergsgatan och V\u00e5rbergav\u00e4gen, bara ett stenkast fr\u00e5n centrum och \u00d6stermalms tj\u00e4nster, vid goda transportf\u00f6rbindelser.<br><br>G\u00f6rdelmakaregatan \u00e4r ett projekt best\u00e5ende av fyra bostadshus d\u00e4r det byggs 122 prisv\u00e4rda hyresl\u00e4genheter. Fastigheten ber\u00e4knas vara klar i b\u00f6rjan av 2026 och \u00e4r Borg\u00e5 Hems st\u00f6rsta projekt samt en del av Borg\u00e5s nya moderna stadsbild.<br><br>G\u00f6rdelmakaregatan \u00e4r ett statligt st\u00f6dd hyresprojekt med 74 vanliga hyresl\u00e4genheter, 33 seniorl\u00e4genheter och 15 servicebost\u00e4der. L\u00e4genheternas storlek varierar mellan 30-73,5 m2 och bostadstyperna str\u00e4cker sig fr\u00e5n ettor till fyror. Dessutom byggs bastur och gemensamma utrymmen. P\u00e5 g\u00e5rdsomr\u00e5det planeras en lekplats samt trevliga vistelse- och g\u00e5ngytor med naturlig asymmetri i plattl\u00e4ggningen och planteringarna. P\u00e5 tomten byggs ocks\u00e5 en parkeringsplats som ligger p\u00e5 G\u00f6rdelmakaregatans sida.<br><br>Byggnaderna \u00e4r designade f\u00f6r energiklass A, boendes\u00e4kerheten garanteras av ett automatiskt brand- och sprinklersystem och boendekomforten av vattenburen golvv\u00e4rme och gemensam ventilation med kylning. Alla l\u00e4genheter \u00e4r tillg\u00e4ngliga f\u00f6r personer med funktionsbes\u00e4ttning. F\u00f6rutom bergv\u00e4rme ansluts fastigheten till fj\u00e4rrv\u00e4rmen\u00e4tet. Fastigheten har ett bredbandskabel-TV-system. Balkongerna \u00e4r inglasade.<br><br>Fastigheten \u00e4r helt r\u00f6kfri, vilket inneb\u00e4r att r\u00f6kning \u00e4r f\u00f6rbjuden \u00e4ven p\u00e5 g\u00e5rdsomr\u00e5det och balkongerna. Husdjur \u00e4r v\u00e4lkomna.<br><br>Projektet \u00e4r statligt st\u00f6dd, vilket inneb\u00e4r att behovspr\u00f6vning samt inkomst- och f\u00f6rm\u00f6genhetsgr\u00e4nser till\u00e4mpas vid boendevalet. I objektets seniorbost\u00e4der (f\u00f6r personer \u00f6ver 55 \u00e5r) till\u00e4mpas endast f\u00f6rm\u00f6genhetsgr\u00e4nser.<br><br><strong>Ans\u00f6kningstiden p\u00e5g\u00e5r!<\/strong><\/p><\/div><\/div>\n\n\n\n<div id=\"section-g-muz1x5l\" class=\"wp-block-gutentor-e2 section-g-muz1x5l gutentor-element gutentor-element-button gutentor-btn-full-mobile gutentor-btn-custom-desktop gutentor-btn-custom-tablet button-align-left-desktop button-align-left-tablet button-align-center-mobile\"><span class=\"gutentor-button-wrap\"><a class=\"gutentor-button gutentor-block-button gutentor-icon-hide\" href=\"https:\/\/porvoonkodit.fi\/wp-content\/uploads\/2025\/09\/Vaskenvalajankatu-8-Markkinointimateriaali-paivitetty.pdf\" target=\"_blank\" rel=\" noopener noreferrer\"><i class=\"gutentor-button-icon fas fa-book\"><\/i><span>Se broschyren<\/span><\/a><\/span><\/div>\n\n\n\n<div style=\"height:20px\" aria-hidden=\"true\" class=\"wp-block-spacer\"><\/div>\n\n\n\n<div id=\"section-g-sslltmt\" class=\"wp-block-gutentor-e2 section-g-sslltmt gutentor-element gutentor-element-button gutentor-btn-full-mobile gutentor-btn-custom-desktop gutentor-btn-custom-tablet button-align-left-desktop button-align-left-tablet button-align-center-mobile\"><span class=\"gutentor-button-wrap\"><a class=\"gutentor-button gutentor-block-button gutentor-icon-hide\" href=\"https:\/\/porvoonkodit.fi\/wp-content\/uploads\/2025\/09\/Vaskenvalajankatu-8-hinnasto.pdf\" target=\"_blank\" rel=\" noopener noreferrer\"><i class=\"gutentor-button-icon fas fa-book\"><\/i><span>Hyresl\u00e4genheter och hyrespriser p\u00e5 orten<\/span><\/a><\/span><\/div>\n\n\n\n<div style=\"height:20px\" aria-hidden=\"true\" class=\"wp-block-spacer\"><\/div>\n\n\n\n<div id=\"section-g-lks9ppo\" class=\"wp-block-gutentor-e2 section-g-lks9ppo gutentor-element gutentor-element-button gutentor-btn-full-mobile gutentor-btn-custom-desktop gutentor-btn-custom-tablet button-align-left-desktop button-align-left-tablet button-align-center-mobile\"><span class=\"gutentor-button-wrap\"><a class=\"gutentor-button gutentor-block-button gutentor-icon-hide\" href=\"https:\/\/porvoonkodit.fi\/wp-content\/uploads\/2025\/09\/Gordelmakaregatan-8-beskrivning-av-byggnadssatt.pdf\" target=\"_blank\" rel=\" noopener noreferrer\"><i class=\"gutentor-button-icon fas fa-book\"><\/i><span>Byggnadsbeskrivning<\/span><\/a><\/span><\/div>\n\n\n\n<div style=\"height:20px\" aria-hidden=\"true\" class=\"wp-block-spacer\"><\/div>\n\n\n\n<div id=\"section-g-7llllls\" class=\"wp-block-gutentor-e2 section-g-7llllls gutentor-element gutentor-element-button gutentor-btn-full-mobile gutentor-btn-custom-desktop gutentor-btn-custom-tablet button-align-left-desktop button-align-left-tablet button-align-center-mobile\"><span class=\"gutentor-button-wrap\"><a class=\"gutentor-button gutentor-block-button gutentor-icon-hide\" href=\"https:\/\/app.kodia.fi\/public\/Porvoon-A-asunnot-Oy---Borg%C3%A5-A-bost%C3%A4der-Ab\/apply\/\" target=\"_blank\" rel=\" noopener noreferrer\"><i class=\"gutentor-button-icon fas fa-book\"><\/i><span>Bostadsans\u00f6kan<\/span><\/a><\/span><\/div>\n\n\n\n<div style=\"height:30px\" aria-hidden=\"true\" class=\"wp-block-spacer\"><\/div>\n\n\n\n<div id=\"section-g-amm6z6t\" class=\"wp-block-gutentor-e1 section-g-amm6z6t gutentor-element gutentor-element-advanced-text\"><div class=\"gutentor-text-wrap\"><p class=\"gutentor-text\"><\/p><\/div><\/div>\n<\/div><\/section>\n<\/div><\/section>\n","protected":false},"excerpt":{"rendered":"","protected":false},"author":3,"featured_media":0,"parent":2148,"menu_order":0,"comment_status":"closed","ping_status":"closed","template":"","meta":{"_acf_changed":false,"footnotes":""},"class_list":["post-2787","page","type-page","status-publish"],"acf":[],"yoast_head":"<!-- This site is optimized with the Yoast SEO plugin v27.4 - https:\/\/yoast.com\/product\/yoast-seo-wordpress\/ -->\n<title>Nybyggnadsobjekt - Porvoon Kodit<\/title>\n<meta name=\"robots\" content=\"index, follow, max-snippet:-1, max-image-preview:large, max-video-preview:-1\" \/>\n<link rel=\"canonical\" href=\"https:\/\/porvoonkodit.fi\/sv\/asunnon-hakijalle\/kohteet\/uudiskohteet\/\" \/>\n<meta property=\"og:locale\" content=\"sv_SE\" \/>\n<meta property=\"og:type\" content=\"article\" \/>\n<meta property=\"og:title\" content=\"Nybyggnadsobjekt - Porvoon Kodit\" \/>\n<meta property=\"og:url\" content=\"https:\/\/porvoonkodit.fi\/sv\/asunnon-hakijalle\/kohteet\/uudiskohteet\/\" \/>\n<meta property=\"og:site_name\" content=\"Porvoon Kodit\" \/>\n<meta property=\"article:publisher\" content=\"https:\/\/www.facebook.com\/AyhtiotAbolagen\/\" \/>\n<meta property=\"article:modified_time\" content=\"2025-09-25T12:43:14+00:00\" \/>\n<meta name=\"twitter:card\" content=\"summary_large_image\" \/>\n<meta name=\"twitter:label1\" content=\"Ber\u00e4knad l\u00e4stid\" \/>\n\t<meta name=\"twitter:data1\" content=\"2 minuter\" \/>\n<script type=\"application\/ld+json\" class=\"yoast-schema-graph\">{\"@context\":\"https:\\\/\\\/schema.org\",\"@graph\":[{\"@type\":\"WebPage\",\"@id\":\"https:\\\/\\\/porvoonkodit.fi\\\/sv\\\/asunnon-hakijalle\\\/kohteet\\\/uudiskohteet\\\/\",\"url\":\"https:\\\/\\\/porvoonkodit.fi\\\/sv\\\/asunnon-hakijalle\\\/kohteet\\\/uudiskohteet\\\/\",\"name\":\"Nybyggnadsobjekt - Porvoon Kodit\",\"isPartOf\":{\"@id\":\"https:\\\/\\\/porvoonkodit.fi\\\/#website\"},\"datePublished\":\"2025-08-14T07:11:12+00:00\",\"dateModified\":\"2025-09-25T12:43:14+00:00\",\"breadcrumb\":{\"@id\":\"https:\\\/\\\/porvoonkodit.fi\\\/sv\\\/asunnon-hakijalle\\\/kohteet\\\/uudiskohteet\\\/#breadcrumb\"},\"inLanguage\":\"sv-SE\",\"potentialAction\":[{\"@type\":\"ReadAction\",\"target\":[\"https:\\\/\\\/porvoonkodit.fi\\\/sv\\\/asunnon-hakijalle\\\/kohteet\\\/uudiskohteet\\\/\"]}]},{\"@type\":\"BreadcrumbList\",\"@id\":\"https:\\\/\\\/porvoonkodit.fi\\\/sv\\\/asunnon-hakijalle\\\/kohteet\\\/uudiskohteet\\\/#breadcrumb\",\"itemListElement\":[{\"@type\":\"ListItem\",\"position\":1,\"name\":\"Etusivu\",\"item\":\"https:\\\/\\\/porvoonkodit.fi\\\/sv\\\/\"},{\"@type\":\"ListItem\",\"position\":2,\"name\":\"F\u00f6r bostadsans\u00f6kande\",\"item\":\"https:\\\/\\\/porvoonkodit.fi\\\/sv\\\/asunnon-hakijalle\\\/\"},{\"@type\":\"ListItem\",\"position\":3,\"name\":\"Bekanta dig med husen\",\"item\":\"https:\\\/\\\/porvoonkodit.fi\\\/sv\\\/asunnon-hakijalle\\\/kohteet\\\/\"},{\"@type\":\"ListItem\",\"position\":4,\"name\":\"Nybyggnadsobjekt\"}]},{\"@type\":\"WebSite\",\"@id\":\"https:\\\/\\\/porvoonkodit.fi\\\/#website\",\"url\":\"https:\\\/\\\/porvoonkodit.fi\\\/\",\"name\":\"Porvoon kodit Oy\",\"description\":\"Tervetuloa kotiin\",\"publisher\":{\"@id\":\"https:\\\/\\\/porvoonkodit.fi\\\/#organization\"},\"potentialAction\":[{\"@type\":\"SearchAction\",\"target\":{\"@type\":\"EntryPoint\",\"urlTemplate\":\"https:\\\/\\\/porvoonkodit.fi\\\/?s={search_term_string}\"},\"query-input\":{\"@type\":\"PropertyValueSpecification\",\"valueRequired\":true,\"valueName\":\"search_term_string\"}}],\"inLanguage\":\"sv-SE\"},{\"@type\":\"Organization\",\"@id\":\"https:\\\/\\\/porvoonkodit.fi\\\/#organization\",\"name\":\"Porvoon kodit Oy\",\"url\":\"https:\\\/\\\/porvoonkodit.fi\\\/\",\"logo\":{\"@type\":\"ImageObject\",\"inLanguage\":\"sv-SE\",\"@id\":\"https:\\\/\\\/porvoonkodit.fi\\\/#\\\/schema\\\/logo\\\/image\\\/\",\"url\":\"https:\\\/\\\/porvoonkodit.fi\\\/wp-content\\\/uploads\\\/2025\\\/07\\\/Logo-tummempi-oranssi.png\",\"contentUrl\":\"https:\\\/\\\/porvoonkodit.fi\\\/wp-content\\\/uploads\\\/2025\\\/07\\\/Logo-tummempi-oranssi.png\",\"width\":480,\"height\":150,\"caption\":\"Porvoon kodit Oy\"},\"image\":{\"@id\":\"https:\\\/\\\/porvoonkodit.fi\\\/#\\\/schema\\\/logo\\\/image\\\/\"},\"sameAs\":[\"https:\\\/\\\/www.facebook.com\\\/AyhtiotAbolagen\\\/\"]}]}<\/script>\n<!-- \/ Yoast SEO plugin. -->","yoast_head_json":{"title":"Nybyggnadsobjekt - Porvoon Kodit","robots":{"index":"index","follow":"follow","max-snippet":"max-snippet:-1","max-image-preview":"max-image-preview:large","max-video-preview":"max-video-preview:-1"},"canonical":"https:\/\/porvoonkodit.fi\/sv\/asunnon-hakijalle\/kohteet\/uudiskohteet\/","og_locale":"sv_SE","og_type":"article","og_title":"Nybyggnadsobjekt - Porvoon Kodit","og_url":"https:\/\/porvoonkodit.fi\/sv\/asunnon-hakijalle\/kohteet\/uudiskohteet\/","og_site_name":"Porvoon Kodit","article_publisher":"https:\/\/www.facebook.com\/AyhtiotAbolagen\/","article_modified_time":"2025-09-25T12:43:14+00:00","twitter_card":"summary_large_image","twitter_misc":{"Ber\u00e4knad l\u00e4stid":"2 minuter"},"schema":{"@context":"https:\/\/schema.org","@graph":[{"@type":"WebPage","@id":"https:\/\/porvoonkodit.fi\/sv\/asunnon-hakijalle\/kohteet\/uudiskohteet\/","url":"https:\/\/porvoonkodit.fi\/sv\/asunnon-hakijalle\/kohteet\/uudiskohteet\/","name":"Nybyggnadsobjekt - Porvoon Kodit","isPartOf":{"@id":"https:\/\/porvoonkodit.fi\/#website"},"datePublished":"2025-08-14T07:11:12+00:00","dateModified":"2025-09-25T12:43:14+00:00","breadcrumb":{"@id":"https:\/\/porvoonkodit.fi\/sv\/asunnon-hakijalle\/kohteet\/uudiskohteet\/#breadcrumb"},"inLanguage":"sv-SE","potentialAction":[{"@type":"ReadAction","target":["https:\/\/porvoonkodit.fi\/sv\/asunnon-hakijalle\/kohteet\/uudiskohteet\/"]}]},{"@type":"BreadcrumbList","@id":"https:\/\/porvoonkodit.fi\/sv\/asunnon-hakijalle\/kohteet\/uudiskohteet\/#breadcrumb","itemListElement":[{"@type":"ListItem","position":1,"name":"Etusivu","item":"https:\/\/porvoonkodit.fi\/sv\/"},{"@type":"ListItem","position":2,"name":"F\u00f6r bostadsans\u00f6kande","item":"https:\/\/porvoonkodit.fi\/sv\/asunnon-hakijalle\/"},{"@type":"ListItem","position":3,"name":"Bekanta dig med husen","item":"https:\/\/porvoonkodit.fi\/sv\/asunnon-hakijalle\/kohteet\/"},{"@type":"ListItem","position":4,"name":"Nybyggnadsobjekt"}]},{"@type":"WebSite","@id":"https:\/\/porvoonkodit.fi\/#website","url":"https:\/\/porvoonkodit.fi\/","name":"Porvoon kodit Oy","description":"Tervetuloa kotiin","publisher":{"@id":"https:\/\/porvoonkodit.fi\/#organization"},"potentialAction":[{"@type":"SearchAction","target":{"@type":"EntryPoint","urlTemplate":"https:\/\/porvoonkodit.fi\/?s={search_term_string}"},"query-input":{"@type":"PropertyValueSpecification","valueRequired":true,"valueName":"search_term_string"}}],"inLanguage":"sv-SE"},{"@type":"Organization","@id":"https:\/\/porvoonkodit.fi\/#organization","name":"Porvoon kodit Oy","url":"https:\/\/porvoonkodit.fi\/","logo":{"@type":"ImageObject","inLanguage":"sv-SE","@id":"https:\/\/porvoonkodit.fi\/#\/schema\/logo\/image\/","url":"https:\/\/porvoonkodit.fi\/wp-content\/uploads\/2025\/07\/Logo-tummempi-oranssi.png","contentUrl":"https:\/\/porvoonkodit.fi\/wp-content\/uploads\/2025\/07\/Logo-tummempi-oranssi.png","width":480,"height":150,"caption":"Porvoon kodit Oy"},"image":{"@id":"https:\/\/porvoonkodit.fi\/#\/schema\/logo\/image\/"},"sameAs":["https:\/\/www.facebook.com\/AyhtiotAbolagen\/"]}]}},"_links":{"self":[{"href":"https:\/\/porvoonkodit.fi\/sv\/wp-json\/wp\/v2\/pages\/2787","targetHints":{"allow":["GET"]}}],"collection":[{"href":"https:\/\/porvoonkodit.fi\/sv\/wp-json\/wp\/v2\/pages"}],"about":[{"href":"https:\/\/porvoonkodit.fi\/sv\/wp-json\/wp\/v2\/types\/page"}],"author":[{"embeddable":true,"href":"https:\/\/porvoonkodit.fi\/sv\/wp-json\/wp\/v2\/users\/3"}],"replies":[{"embeddable":true,"href":"https:\/\/porvoonkodit.fi\/sv\/wp-json\/wp\/v2\/comments?post=2787"}],"version-history":[{"count":13,"href":"https:\/\/porvoonkodit.fi\/sv\/wp-json\/wp\/v2\/pages\/2787\/revisions"}],"predecessor-version":[{"id":3310,"href":"https:\/\/porvoonkodit.fi\/sv\/wp-json\/wp\/v2\/pages\/2787\/revisions\/3310"}],"up":[{"embeddable":true,"href":"https:\/\/porvoonkodit.fi\/sv\/wp-json\/wp\/v2\/pages\/2148"}],"wp:attachment":[{"href":"https:\/\/porvoonkodit.fi\/sv\/wp-json\/wp\/v2\/media?parent=2787"}],"curies":[{"name":"wp","href":"https:\/\/api.w.org\/{rel}","templated":true}]}}