{"id":2146,"date":"2025-07-31T07:41:05","date_gmt":"2025-07-31T07:41:05","guid":{"rendered":"https:\/\/porvoonkodit.fi\/liiketilat\/"},"modified":"2026-04-24T13:00:24","modified_gmt":"2026-04-24T13:00:24","slug":"liiketilat","status":"publish","type":"page","link":"https:\/\/porvoonkodit.fi\/sv\/asunnon-hakijalle\/kohteet\/liiketilat\/","title":{"rendered":"Aff\u00e4rslokaler"},"content":{"rendered":"\n<div style=\"height:15px\" aria-hidden=\"true\" class=\"wp-block-spacer\"><\/div>\n\n\n\n<section id=\"g-qg21q3s\" class=\"wp-block-gutentor-m3 alignfull section-g-qg21q3s gutentor-module gutentor-container-cover\"><div class=\"grid-container\">\n<section id=\"g-8c5cfch\" class=\"wp-block-gutentor-m3 section-g-8c5cfch gutentor-module gutentor-container-cover\"><div class=\"grid-container\">\n<div id=\"section-g-p3uinl5\" class=\"wp-block-gutentor-e1 section-g-p3uinl5 gutentor-element gutentor-element-advanced-text\"><div class=\"gutentor-text-wrap\"><h2 class=\"gutentor-text\">Aff\u00e4rslokaler<\/h2><\/div><\/div>\n\n\n\n<p>Borg\u00e5 Hem \u00e4ger och hyr ut 22 aff\u00e4rslokaler i olika storlekar och f\u00f6r olika \u00e4ndam\u00e5l i Borg\u00e5.<\/p>\n\n\n\n<div id=\"section-g-jc6lblp\" class=\"wp-block-gutentor-e1 section-g-jc6lblp gutentor-element gutentor-element-advanced-text\"><div class=\"gutentor-text-wrap\"><h4 class=\"gutentor-text\">Lediga aff\u00e4rslokaler:<\/h4><\/div><\/div>\n\n\n\n<section id=\"g-js16ye6\" class=\"wp-block-gutentor-m3 section-g-js16ye6 gutentor-module gutentor-container-cover\"><div class=\"grid-container\">\n<p><span style=\"text-decoration: underline\">Stefan L\u00f6fvings gata 10\u201314 (Huktis), 1 aff\u00e4rslokal<\/span><\/p>\n\n\n\n<p>Ledig <strong>aff\u00e4rslokal p\u00e5 89 m\u00b2<\/strong> som tidigare har anv\u00e4nts som daghem. Lokalen l\u00e4mpar sig f\u00f6r m\u00e5nga olika verksamheter och har en funktionell planl\u00f6sning.<\/p>\n\n\n\n<p><strong>Hyra:<\/strong> 954 \u20ac\/m\u00e5nad.<\/p>\n\n\n\n<p>Lokalen har goda grundl\u00f6sningar och kan enkelt anpassas efter den nya hyresg\u00e4stens behov.<\/p>\n\n\n\n<section id=\"g-4u603m7\" class=\"wp-block-gutentor-m0 section-g-4u603m7 gutentor-module gutentor-module-carousel gutentor-slick-a-default-desktop gutentor-slick-a-default-tablet gutentor-slick-a-default-mobile\"><div class=\"grid-container\"><div class=\"gutentor-module-carousel-row\" data-dots=\"false\" data-dotstablet=\"false\" data-dotsmobile=\"false\" data-arrows=\"true\" data-arrowstablet=\"true\" data-arrowsmobile=\"true\" data-infinite=\"false\" data-autoplay=\"false\" data-draggable=\"true\" data-pauseonfocus=\"true\" data-pauseonhover=\"true\" data-autoplayspeed=\"3000\" data-cmondesktop=\"false\" data-cmontablet=\"false\" data-cmonmobile=\"false\" data-nextarrow=\"fas fa-angle-right\" data-prevarrow=\"fas fa-angle-left\" data-arrowspositiondesktop=\"gutentor-slick-a-default-desktop\" data-arrowspositiontablet=\"gutentor-slick-a-default-tablet\" data-arrowspositionmobile=\"gutentor-slick-a-default-mobile\" data-speed=\"300\" data-slideitemdesktop=\"1\" data-slideitemtablet=\"3\" data-slideitemmobile=\"2\" data-slidescroll-desktop=\"1\" data-slidescroll-tablet=\"3\" data-slidescroll-mobile=\"2\">\n<div id=\"col-g-mczbzuw\" class=\"wp-block-gutentor-m0-col col-g-mczbzuw gutentor-carousel-item\"><div id=\"section-g-mczbzuw\" class=\"section-g-mczbzuw gutentor-col-wrap\">\n<div id=\"section-g-ciss1d1\" class=\"wp-block-gutentor-e6 section-g-ciss1d1 gutentor-element gutentor-element-image\"><div class=\"gutentor-element-image-box\"><div class=\"gutentor-image-thumb\"><img decoding=\"async\" class=\"normal-image\" src=\"https:\/\/porvoonkodit.fi\/wp-content\/uploads\/2026\/04\/Kuva-20210901-055612-bd5d2b88-scaled.jpeg\" \/><\/div><\/div><\/div>\n<\/div><\/div>\n\n\n\n<div id=\"col-g-776hk11\" class=\"wp-block-gutentor-m0-col col-g-776hk11 gutentor-carousel-item\"><div id=\"section-g-776hk11\" class=\"section-g-776hk11 gutentor-col-wrap\">\n<div id=\"section-g-9j1j2dd\" class=\"wp-block-gutentor-e6 section-g-9j1j2dd gutentor-element gutentor-element-image\"><div class=\"gutentor-element-image-box\"><div class=\"gutentor-image-thumb\"><img decoding=\"async\" class=\"normal-image\" src=\"https:\/\/porvoonkodit.fi\/wp-content\/uploads\/2026\/04\/Kuva-20210901-055546-c793e934.jpeg\" \/><\/div><\/div><\/div>\n<\/div><\/div>\n\n\n\n<div id=\"col-g-s2u2ilf\" class=\"wp-block-gutentor-m0-col col-g-s2u2ilf gutentor-carousel-item\"><div id=\"section-g-s2u2ilf\" class=\"section-g-s2u2ilf gutentor-col-wrap\">\n<div id=\"section-g-nuouuol\" class=\"wp-block-gutentor-e6 section-g-nuouuol gutentor-element gutentor-element-image\"><div class=\"gutentor-element-image-box\"><div class=\"gutentor-image-thumb\"><img decoding=\"async\" class=\"normal-image\" src=\"https:\/\/porvoonkodit.fi\/wp-content\/uploads\/2026\/04\/Kuva-20210901-055707-db95c775-scaled.jpeg\" \/><\/div><\/div><\/div>\n<\/div><\/div>\n\n\n\n<div id=\"col-g-cl9hzrh\" class=\"wp-block-gutentor-m0-col col-g-cl9hzrh gutentor-carousel-item\"><div id=\"section-g-cl9hzrh\" class=\"section-g-cl9hzrh gutentor-col-wrap\">\n<div id=\"section-g-hl1flla\" class=\"wp-block-gutentor-e6 section-g-hl1flla gutentor-element gutentor-element-image\"><div class=\"gutentor-element-image-box\"><div class=\"gutentor-image-thumb\"><img decoding=\"async\" class=\"normal-image\" src=\"https:\/\/porvoonkodit.fi\/wp-content\/uploads\/2026\/04\/Kuva-20210901-055050-7eec7b70-scaled.jpeg\" \/><\/div><\/div><\/div>\n<\/div><\/div>\n\n\n\n<div id=\"col-g-yd8wuee\" class=\"wp-block-gutentor-m0-col col-g-yd8wuee gutentor-carousel-item\"><div id=\"section-g-yd8wuee\" class=\"section-g-yd8wuee gutentor-col-wrap\">\n<div id=\"section-g-w31ryyr\" class=\"wp-block-gutentor-e6 section-g-w31ryyr gutentor-element gutentor-element-image\"><div class=\"gutentor-element-image-box\"><div class=\"gutentor-image-thumb\"><img decoding=\"async\" class=\"normal-image\" src=\"https:\/\/porvoonkodit.fi\/wp-content\/uploads\/2026\/04\/Kuva-20210901-055530-0f77a10a-scaled.jpeg\" \/><\/div><\/div><\/div>\n<\/div><\/div>\n<\/div><\/div><\/section>\n<\/div><\/section>\n\n\n\n<section id=\"g-a4cfi1b\" class=\"wp-block-gutentor-m3 section-g-a4cfi1b gutentor-module gutentor-container-cover\"><div class=\"grid-container\">\n<p><span style=\"text-decoration: underline\">Tulliportsgatan 4 (centrum), 1 aff\u00e4rslokal<\/span><\/p>\n\n\n\n<p>18,5 m\u00b2 aff\u00e4rslokal uthyres i anslutning till \u00c4ppelbackens servicecenter. Tidigare fanns en frisersalong i lokalerna. Lokalen l\u00e4mpar sig f\u00f6r m\u00e5nga aktiviteter och erbjuder en funktionell planl\u00f6sning.<br><br>Sl\u00e4pptes den 1.7. fr\u00e5n<br><br>Lokalen har redan bra basl\u00f6sningar och den kan enkelt modifieras f\u00f6r att m\u00f6ta behoven hos en ny anv\u00e4ndare.<\/p>\n\n\n\n<section id=\"g-paf138v\" class=\"wp-block-gutentor-m0 section-g-paf138v gutentor-module gutentor-module-carousel gutentor-slick-a-default-desktop gutentor-slick-a-default-tablet gutentor-slick-a-default-mobile\"><div class=\"grid-container\"><div class=\"gutentor-module-carousel-row\" data-dots=\"false\" data-dotstablet=\"false\" data-dotsmobile=\"false\" data-arrows=\"true\" data-arrowstablet=\"true\" data-arrowsmobile=\"true\" data-infinite=\"false\" data-autoplay=\"false\" data-draggable=\"true\" data-pauseonfocus=\"true\" data-pauseonhover=\"true\" data-autoplayspeed=\"3000\" data-cmondesktop=\"false\" data-cmontablet=\"false\" data-cmonmobile=\"false\" data-nextarrow=\"fas fa-angle-right\" data-prevarrow=\"fas fa-angle-left\" data-arrowspositiondesktop=\"gutentor-slick-a-default-desktop\" data-arrowspositiontablet=\"gutentor-slick-a-default-tablet\" data-arrowspositionmobile=\"gutentor-slick-a-default-mobile\" data-speed=\"300\" data-slideitemdesktop=\"1\" data-slideitemtablet=\"3\" data-slideitemmobile=\"2\" data-slidescroll-desktop=\"1\" data-slidescroll-tablet=\"3\" data-slidescroll-mobile=\"2\">\n<div id=\"col-g-xkxaaok\" class=\"wp-block-gutentor-m0-col col-g-xkxaaok gutentor-carousel-item\"><div id=\"section-g-xkxaaok\" class=\"section-g-xkxaaok gutentor-col-wrap\"><\/div><\/div>\n\n\n\n<div id=\"col-g-w1def3c\" class=\"wp-block-gutentor-m0-col col-g-w1def3c gutentor-carousel-item\"><div id=\"section-g-w1def3c\" class=\"section-g-w1def3c gutentor-col-wrap\"><\/div><\/div>\n\n\n\n<div id=\"col-g-ezndef8\" class=\"wp-block-gutentor-m0-col col-g-ezndef8 gutentor-carousel-item\"><div id=\"section-g-ezndef8\" class=\"section-g-ezndef8 gutentor-col-wrap\"><\/div><\/div>\n<\/div><\/div><\/section>\n<\/div><\/section>\n<\/div><\/section>\n<\/div><\/section>\n\n\n\n<section id=\"g-o9pwop7\" class=\"wp-block-gutentor-m3 alignfull section-g-o9pwop7 gutentor-module gutentor-container-cover\"><div class=\"grid-container\">\n<section id=\"g-ch71chc\" class=\"wp-block-gutentor-m3 section-g-ch71chc gutentor-module gutentor-container-cover\"><div class=\"grid-container\">\n<div id=\"section-g-kkcpi3i\" class=\"wp-block-gutentor-e1 section-g-kkcpi3i gutentor-element gutentor-element-advanced-text\"><div class=\"gutentor-text-wrap\"><h4 class=\"gutentor-text\">\u00d6vriga aff\u00e4rslokaler finns p\u00e5 f\u00f6ljande adresser:<\/h4><\/div><\/div>\n\n\n\n<ul class=\"wp-block-list\">\n<li>Borgm\u00e4stargatan 14 (centrum), 7 aff\u00e4rslokaler<\/li>\n\n\n\n<li>Mannerheimgatan 36 (centrum), 1 aff\u00e4rslokal<\/li>\n\n\n\n<li>Runebergsgatan 36 (centrum), 8 aff\u00e4rslokaler<\/li>\n\n\n\n<li>Tulliportsgatan 4 (centrum), 2 aff\u00e4rslokaler<\/li>\n\n\n\n<li>Sommarvindsv\u00e4gen 8 (Huktis), 3 aff\u00e4rslokaler<\/li>\n\n\n\n<li>\u00d6stra L\u00e5nggatan 25, 1 aff\u00e4rslokal<\/li>\n<\/ul>\n\n\n\n<div id=\"section-g-kt7kfo7\" class=\"wp-block-gutentor-e1 section-g-kt7kfo7 gutentor-element gutentor-element-advanced-text\"><div class=\"gutentor-text-wrap\"><p class=\"gutentor-text\">F\u00f6rfr\u00e5gningar g\u00e4llande aff\u00e4rslokaler: <br><br><strong>Reima Tarkkonen<\/strong><br>0405754915<br><a href=\"mailto:reima.tarkkonen@porvoonkodit.fi\">reima.tarkkonen@porvoonkodit.fi<\/a><\/p><\/div><\/div>\n<\/div><\/section>\n<\/div><\/section>\n\n\n\n<p><\/p>\n","protected":false},"excerpt":{"rendered":"","protected":false},"author":3,"featured_media":0,"parent":2148,"menu_order":0,"comment_status":"closed","ping_status":"closed","template":"","meta":{"_acf_changed":false,"footnotes":""},"class_list":["post-2146","page","type-page","status-publish"],"acf":[],"yoast_head":"<!-- This site is optimized with the Yoast SEO plugin v27.5 - https:\/\/yoast.com\/product\/yoast-seo-wordpress\/ -->\n<title>Aff\u00e4rslokaler - Porvoon Kodit<\/title>\n<meta name=\"robots\" content=\"index, follow, max-snippet:-1, max-image-preview:large, max-video-preview:-1\" \/>\n<link rel=\"canonical\" href=\"https:\/\/porvoonkodit.fi\/sv\/asunnon-hakijalle\/kohteet\/liiketilat\/\" \/>\n<meta property=\"og:locale\" content=\"sv_SE\" \/>\n<meta property=\"og:type\" content=\"article\" \/>\n<meta property=\"og:title\" content=\"Aff\u00e4rslokaler - Porvoon Kodit\" \/>\n<meta property=\"og:url\" content=\"https:\/\/porvoonkodit.fi\/sv\/asunnon-hakijalle\/kohteet\/liiketilat\/\" \/>\n<meta property=\"og:site_name\" content=\"Porvoon Kodit\" \/>\n<meta property=\"article:publisher\" content=\"https:\/\/www.facebook.com\/AyhtiotAbolagen\/\" \/>\n<meta property=\"article:modified_time\" content=\"2026-04-24T13:00:24+00:00\" \/>\n<meta property=\"og:image\" content=\"https:\/\/porvoonkodit.fi\/wp-content\/uploads\/2026\/04\/Kuva-20210901-055612-bd5d2b88-scaled.jpeg\" \/>\n<meta name=\"twitter:card\" content=\"summary_large_image\" \/>\n<meta name=\"twitter:label1\" content=\"Ber\u00e4knad l\u00e4stid\" \/>\n\t<meta name=\"twitter:data1\" content=\"3 minuter\" \/>\n<script type=\"application\/ld+json\" class=\"yoast-schema-graph\">{\"@context\":\"https:\\\/\\\/schema.org\",\"@graph\":[{\"@type\":\"WebPage\",\"@id\":\"https:\\\/\\\/porvoonkodit.fi\\\/sv\\\/asunnon-hakijalle\\\/kohteet\\\/liiketilat\\\/\",\"url\":\"https:\\\/\\\/porvoonkodit.fi\\\/sv\\\/asunnon-hakijalle\\\/kohteet\\\/liiketilat\\\/\",\"name\":\"Aff\u00e4rslokaler - Porvoon Kodit\",\"isPartOf\":{\"@id\":\"https:\\\/\\\/porvoonkodit.fi\\\/#website\"},\"primaryImageOfPage\":{\"@id\":\"https:\\\/\\\/porvoonkodit.fi\\\/sv\\\/asunnon-hakijalle\\\/kohteet\\\/liiketilat\\\/#primaryimage\"},\"image\":{\"@id\":\"https:\\\/\\\/porvoonkodit.fi\\\/sv\\\/asunnon-hakijalle\\\/kohteet\\\/liiketilat\\\/#primaryimage\"},\"thumbnailUrl\":\"https:\\\/\\\/porvoonkodit.fi\\\/wp-content\\\/uploads\\\/2026\\\/04\\\/Kuva-20210901-055612-bd5d2b88-scaled.jpeg\",\"datePublished\":\"2025-07-31T07:41:05+00:00\",\"dateModified\":\"2026-04-24T13:00:24+00:00\",\"breadcrumb\":{\"@id\":\"https:\\\/\\\/porvoonkodit.fi\\\/sv\\\/asunnon-hakijalle\\\/kohteet\\\/liiketilat\\\/#breadcrumb\"},\"inLanguage\":\"sv-SE\",\"potentialAction\":[{\"@type\":\"ReadAction\",\"target\":[\"https:\\\/\\\/porvoonkodit.fi\\\/sv\\\/asunnon-hakijalle\\\/kohteet\\\/liiketilat\\\/\"]}]},{\"@type\":\"ImageObject\",\"inLanguage\":\"sv-SE\",\"@id\":\"https:\\\/\\\/porvoonkodit.fi\\\/sv\\\/asunnon-hakijalle\\\/kohteet\\\/liiketilat\\\/#primaryimage\",\"url\":\"https:\\\/\\\/porvoonkodit.fi\\\/wp-content\\\/uploads\\\/2026\\\/04\\\/Kuva-20210901-055612-bd5d2b88-scaled.jpeg\",\"contentUrl\":\"https:\\\/\\\/porvoonkodit.fi\\\/wp-content\\\/uploads\\\/2026\\\/04\\\/Kuva-20210901-055612-bd5d2b88-scaled.jpeg\"},{\"@type\":\"BreadcrumbList\",\"@id\":\"https:\\\/\\\/porvoonkodit.fi\\\/sv\\\/asunnon-hakijalle\\\/kohteet\\\/liiketilat\\\/#breadcrumb\",\"itemListElement\":[{\"@type\":\"ListItem\",\"position\":1,\"name\":\"Etusivu\",\"item\":\"https:\\\/\\\/porvoonkodit.fi\\\/sv\\\/\"},{\"@type\":\"ListItem\",\"position\":2,\"name\":\"F\u00f6r bostadsans\u00f6kande\",\"item\":\"https:\\\/\\\/porvoonkodit.fi\\\/sv\\\/asunnon-hakijalle\\\/\"},{\"@type\":\"ListItem\",\"position\":3,\"name\":\"Bekanta dig med husen\",\"item\":\"https:\\\/\\\/porvoonkodit.fi\\\/sv\\\/asunnon-hakijalle\\\/kohteet\\\/\"},{\"@type\":\"ListItem\",\"position\":4,\"name\":\"Aff\u00e4rslokaler\"}]},{\"@type\":\"WebSite\",\"@id\":\"https:\\\/\\\/porvoonkodit.fi\\\/#website\",\"url\":\"https:\\\/\\\/porvoonkodit.fi\\\/\",\"name\":\"Porvoon kodit Oy\",\"description\":\"Tervetuloa kotiin\",\"publisher\":{\"@id\":\"https:\\\/\\\/porvoonkodit.fi\\\/#organization\"},\"potentialAction\":[{\"@type\":\"SearchAction\",\"target\":{\"@type\":\"EntryPoint\",\"urlTemplate\":\"https:\\\/\\\/porvoonkodit.fi\\\/?s={search_term_string}\"},\"query-input\":{\"@type\":\"PropertyValueSpecification\",\"valueRequired\":true,\"valueName\":\"search_term_string\"}}],\"inLanguage\":\"sv-SE\"},{\"@type\":\"Organization\",\"@id\":\"https:\\\/\\\/porvoonkodit.fi\\\/#organization\",\"name\":\"Porvoon kodit Oy\",\"url\":\"https:\\\/\\\/porvoonkodit.fi\\\/\",\"logo\":{\"@type\":\"ImageObject\",\"inLanguage\":\"sv-SE\",\"@id\":\"https:\\\/\\\/porvoonkodit.fi\\\/#\\\/schema\\\/logo\\\/image\\\/\",\"url\":\"https:\\\/\\\/porvoonkodit.fi\\\/wp-content\\\/uploads\\\/2025\\\/07\\\/Logo-tummempi-oranssi.png\",\"contentUrl\":\"https:\\\/\\\/porvoonkodit.fi\\\/wp-content\\\/uploads\\\/2025\\\/07\\\/Logo-tummempi-oranssi.png\",\"width\":480,\"height\":150,\"caption\":\"Porvoon kodit Oy\"},\"image\":{\"@id\":\"https:\\\/\\\/porvoonkodit.fi\\\/#\\\/schema\\\/logo\\\/image\\\/\"},\"sameAs\":[\"https:\\\/\\\/www.facebook.com\\\/AyhtiotAbolagen\\\/\"]}]}<\/script>\n<!-- \/ Yoast SEO plugin. -->","yoast_head_json":{"title":"Aff\u00e4rslokaler - Porvoon Kodit","robots":{"index":"index","follow":"follow","max-snippet":"max-snippet:-1","max-image-preview":"max-image-preview:large","max-video-preview":"max-video-preview:-1"},"canonical":"https:\/\/porvoonkodit.fi\/sv\/asunnon-hakijalle\/kohteet\/liiketilat\/","og_locale":"sv_SE","og_type":"article","og_title":"Aff\u00e4rslokaler - Porvoon Kodit","og_url":"https:\/\/porvoonkodit.fi\/sv\/asunnon-hakijalle\/kohteet\/liiketilat\/","og_site_name":"Porvoon Kodit","article_publisher":"https:\/\/www.facebook.com\/AyhtiotAbolagen\/","article_modified_time":"2026-04-24T13:00:24+00:00","og_image":[{"url":"https:\/\/porvoonkodit.fi\/wp-content\/uploads\/2026\/04\/Kuva-20210901-055612-bd5d2b88-scaled.jpeg","type":"","width":"","height":""}],"twitter_card":"summary_large_image","twitter_misc":{"Ber\u00e4knad l\u00e4stid":"3 minuter"},"schema":{"@context":"https:\/\/schema.org","@graph":[{"@type":"WebPage","@id":"https:\/\/porvoonkodit.fi\/sv\/asunnon-hakijalle\/kohteet\/liiketilat\/","url":"https:\/\/porvoonkodit.fi\/sv\/asunnon-hakijalle\/kohteet\/liiketilat\/","name":"Aff\u00e4rslokaler - Porvoon Kodit","isPartOf":{"@id":"https:\/\/porvoonkodit.fi\/#website"},"primaryImageOfPage":{"@id":"https:\/\/porvoonkodit.fi\/sv\/asunnon-hakijalle\/kohteet\/liiketilat\/#primaryimage"},"image":{"@id":"https:\/\/porvoonkodit.fi\/sv\/asunnon-hakijalle\/kohteet\/liiketilat\/#primaryimage"},"thumbnailUrl":"https:\/\/porvoonkodit.fi\/wp-content\/uploads\/2026\/04\/Kuva-20210901-055612-bd5d2b88-scaled.jpeg","datePublished":"2025-07-31T07:41:05+00:00","dateModified":"2026-04-24T13:00:24+00:00","breadcrumb":{"@id":"https:\/\/porvoonkodit.fi\/sv\/asunnon-hakijalle\/kohteet\/liiketilat\/#breadcrumb"},"inLanguage":"sv-SE","potentialAction":[{"@type":"ReadAction","target":["https:\/\/porvoonkodit.fi\/sv\/asunnon-hakijalle\/kohteet\/liiketilat\/"]}]},{"@type":"ImageObject","inLanguage":"sv-SE","@id":"https:\/\/porvoonkodit.fi\/sv\/asunnon-hakijalle\/kohteet\/liiketilat\/#primaryimage","url":"https:\/\/porvoonkodit.fi\/wp-content\/uploads\/2026\/04\/Kuva-20210901-055612-bd5d2b88-scaled.jpeg","contentUrl":"https:\/\/porvoonkodit.fi\/wp-content\/uploads\/2026\/04\/Kuva-20210901-055612-bd5d2b88-scaled.jpeg"},{"@type":"BreadcrumbList","@id":"https:\/\/porvoonkodit.fi\/sv\/asunnon-hakijalle\/kohteet\/liiketilat\/#breadcrumb","itemListElement":[{"@type":"ListItem","position":1,"name":"Etusivu","item":"https:\/\/porvoonkodit.fi\/sv\/"},{"@type":"ListItem","position":2,"name":"F\u00f6r bostadsans\u00f6kande","item":"https:\/\/porvoonkodit.fi\/sv\/asunnon-hakijalle\/"},{"@type":"ListItem","position":3,"name":"Bekanta dig med husen","item":"https:\/\/porvoonkodit.fi\/sv\/asunnon-hakijalle\/kohteet\/"},{"@type":"ListItem","position":4,"name":"Aff\u00e4rslokaler"}]},{"@type":"WebSite","@id":"https:\/\/porvoonkodit.fi\/#website","url":"https:\/\/porvoonkodit.fi\/","name":"Porvoon kodit Oy","description":"Tervetuloa kotiin","publisher":{"@id":"https:\/\/porvoonkodit.fi\/#organization"},"potentialAction":[{"@type":"SearchAction","target":{"@type":"EntryPoint","urlTemplate":"https:\/\/porvoonkodit.fi\/?s={search_term_string}"},"query-input":{"@type":"PropertyValueSpecification","valueRequired":true,"valueName":"search_term_string"}}],"inLanguage":"sv-SE"},{"@type":"Organization","@id":"https:\/\/porvoonkodit.fi\/#organization","name":"Porvoon kodit Oy","url":"https:\/\/porvoonkodit.fi\/","logo":{"@type":"ImageObject","inLanguage":"sv-SE","@id":"https:\/\/porvoonkodit.fi\/#\/schema\/logo\/image\/","url":"https:\/\/porvoonkodit.fi\/wp-content\/uploads\/2025\/07\/Logo-tummempi-oranssi.png","contentUrl":"https:\/\/porvoonkodit.fi\/wp-content\/uploads\/2025\/07\/Logo-tummempi-oranssi.png","width":480,"height":150,"caption":"Porvoon kodit Oy"},"image":{"@id":"https:\/\/porvoonkodit.fi\/#\/schema\/logo\/image\/"},"sameAs":["https:\/\/www.facebook.com\/AyhtiotAbolagen\/"]}]}},"_links":{"self":[{"href":"https:\/\/porvoonkodit.fi\/sv\/wp-json\/wp\/v2\/pages\/2146","targetHints":{"allow":["GET"]}}],"collection":[{"href":"https:\/\/porvoonkodit.fi\/sv\/wp-json\/wp\/v2\/pages"}],"about":[{"href":"https:\/\/porvoonkodit.fi\/sv\/wp-json\/wp\/v2\/types\/page"}],"author":[{"embeddable":true,"href":"https:\/\/porvoonkodit.fi\/sv\/wp-json\/wp\/v2\/users\/3"}],"replies":[{"embeddable":true,"href":"https:\/\/porvoonkodit.fi\/sv\/wp-json\/wp\/v2\/comments?post=2146"}],"version-history":[{"count":8,"href":"https:\/\/porvoonkodit.fi\/sv\/wp-json\/wp\/v2\/pages\/2146\/revisions"}],"predecessor-version":[{"id":7882,"href":"https:\/\/porvoonkodit.fi\/sv\/wp-json\/wp\/v2\/pages\/2146\/revisions\/7882"}],"up":[{"embeddable":true,"href":"https:\/\/porvoonkodit.fi\/sv\/wp-json\/wp\/v2\/pages\/2148"}],"wp:attachment":[{"href":"https:\/\/porvoonkodit.fi\/sv\/wp-json\/wp\/v2\/media?parent=2146"}],"curies":[{"name":"wp","href":"https:\/\/api.w.org\/{rel}","templated":true}]}}