{"id":2142,"date":"2025-08-14T07:15:24","date_gmt":"2025-08-14T07:15:24","guid":{"rendered":"https:\/\/porvoonkodit.fi\/opiskelija-asunnot\/"},"modified":"2025-11-27T12:08:49","modified_gmt":"2025-11-27T12:08:49","slug":"opiskelija-asunnot","status":"publish","type":"page","link":"https:\/\/porvoonkodit.fi\/sv\/asunnon-hakijalle\/kohteet\/opiskelija-asunnot\/","title":{"rendered":"Studentbost\u00e4der"},"content":{"rendered":"\n<div style=\"height:15px\" aria-hidden=\"true\" class=\"wp-block-spacer\"><\/div>\n\n\n\n<section id=\"g-qg21q3s\" class=\"wp-block-gutentor-m3 alignfull section-g-qg21q3s gutentor-module gutentor-container-cover\"><div class=\"grid-container\">\n<section id=\"g-8c5cfch\" class=\"wp-block-gutentor-m3 section-g-8c5cfch gutentor-module gutentor-container-cover\"><div class=\"grid-container\">\n<div id=\"section-g-p3uinl5\" class=\"wp-block-gutentor-e1 section-g-p3uinl5 gutentor-element gutentor-element-advanced-text\"><div class=\"gutentor-text-wrap\"><h2 class=\"gutentor-text\">Studentbost\u00e4der<\/h2><\/div><\/div>\n\n\n\n<div id=\"section-g-4ssuxog\" class=\"wp-block-gutentor-e1 section-g-4ssuxog gutentor-element gutentor-element-advanced-text\"><div class=\"gutentor-text-wrap\"><p class=\"gutentor-text\">Alexanderskronan p\u00e5 adressen Borgm\u00e4stargatan 14, i N\u00e4se, Borg\u00e5 \u00e4r ett h\u00f6ghus f\u00f6r studerande. Det ligger i n\u00e4rheten av alla tj\u00e4nster. Huset har 119 l\u00e4genheter, varav de flesta \u00e4r ettor.<br><br> I bottenv\u00e5ningen finns dessutom \u00e5tta aff\u00e4rslokaler och i k\u00e4llaren hobbyutrymmen som f\u00f6rvaltas av Borg\u00e5 stad.<br><br>P\u00e5 \u00f6versta v\u00e5ningen finns ett kabinett- och bastuutrymme som kan hyras av boende och utomst\u00e5ende. Mer information om bastun och kabinetten finns p\u00e5 dess egna sidor.<br><br><strong>Studenthusets bost\u00e4der kan \u00e4ven s\u00f6kas av andra s\u00f6kande. Till exempel f\u00f6r praktikperioder, tillf\u00e4lliga jobb, som kollektivboende med rumskamrater eller f\u00f6r dem som beh\u00f6ver en mer flexibel boendel\u00f6sning \u2013 ett hem i Aleksanterinkruunu hos Borg\u00e5 Hem kan vara svaret!<\/strong><\/p><\/div><\/div>\n<\/div><\/section>\n<\/div><\/section>\n\n\n\n<section id=\"g-h1601mf\" class=\"wp-block-gutentor-m3 alignfull section-g-h1601mf gutentor-module gutentor-container-cover\"><div class=\"grid-container\">\n<section id=\"g-1l1zuv1\" class=\"wp-block-gutentor-m3 section-g-1l1zuv1 gutentor-module gutentor-container-cover\"><div class=\"grid-container\">\n<div id=\"section-g-0ecg00k\" class=\"wp-block-gutentor-e1 section-g-0ecg00k gutentor-element gutentor-element-advanced-text\"><div class=\"gutentor-text-wrap\"><h2 class=\"gutentor-text\">Bostadsans\u00f6kan<\/h2><\/div><\/div>\n\n\n\n<div id=\"section-g-muz1x5l\" class=\"wp-block-gutentor-e2 section-g-muz1x5l gutentor-element gutentor-element-button gutentor-btn-full-mobile gutentor-btn-custom-desktop gutentor-btn-custom-tablet button-align-left-desktop button-align-left-tablet button-align-center-mobile\"><span class=\"gutentor-button-wrap\"><a class=\"gutentor-button gutentor-block-button gutentor-icon-hide\" href=\"https:\/\/app.kodia.fi\/public\/Porvoon-A-asunnot-Oy---Borg%C3%A5-A-bost%C3%A4der-Ab\/apply\/\" target=\"_blank\" rel=\" noopener noreferrer\"><i class=\"gutentor-button-icon fas fa-book\"><\/i><span>Elektronisk ans\u00f6kan<\/span><\/a><\/span><\/div>\n\n\n\n<div style=\"height:20px\" aria-hidden=\"true\" class=\"wp-block-spacer\"><\/div>\n\n\n\n<div id=\"section-g-sslltmt\" class=\"wp-block-gutentor-e2 section-g-sslltmt gutentor-element gutentor-element-button gutentor-btn-full-mobile gutentor-btn-custom-tablet button-align-left-desktop button-align-left-tablet button-align-center-mobile\"><span class=\"gutentor-button-wrap\"><a class=\"gutentor-button gutentor-block-button gutentor-icon-hide\" href=\"https:\/\/porvoonkodit.fi\/wp-content\/uploads\/2025\/09\/Bostadsansokan-1.pdf\" target=\"_blank\" rel=\" noopener noreferrer\"><i class=\"gutentor-button-icon fas fa-book\"><\/i><span>Utskrivbart formul\u00e4r (pdf)<\/span><\/a><\/span><\/div>\n\n\n\n<div style=\"height:30px\" aria-hidden=\"true\" class=\"wp-block-spacer\"><\/div>\n\n\n\n<div id=\"section-g-r16ggs4\" class=\"wp-block-gutentor-e1 section-g-r16ggs4 gutentor-element gutentor-element-advanced-text\"><div class=\"gutentor-text-wrap\"><p class=\"gutentor-text\">Ans\u00f6kan \u00e4r giltig i 3 m\u00e5nader.<\/p><\/div><\/div>\n<\/div><\/section>\n<\/div><\/section>\n\n\n\n<section id=\"g-76tl7xb\" class=\"wp-block-gutentor-m3 alignfull section-g-76tl7xb gutentor-module gutentor-container-cover\"><div class=\"grid-container\">\n<section id=\"g-bq77qw7\" class=\"wp-block-gutentor-m3 section-g-bq77qw7 gutentor-module gutentor-container-cover\"><div class=\"grid-container\">\n<div id=\"section-g-bbybunn\" class=\"wp-block-gutentor-e1 section-g-bbybunn gutentor-element gutentor-element-advanced-text\"><div class=\"gutentor-text-wrap\"><h3 class=\"gutentor-text\">Enrummare<\/h3><\/div><\/div>\n\n\n\n<div id=\"section-g-qu1f7ee\" class=\"wp-block-gutentor-e1 section-g-qu1f7ee gutentor-element gutentor-element-advanced-text\"><div class=\"gutentor-text-wrap\"><p class=\"gutentor-text\">Kompakta enrummare utan balkong med kokvr\u00e5.<br><br>1 rum + kokvr\u00e5 + badrum (KPH)<br>26\u201327 m\u00b2, 502,40\u2013554,44 \u20ac\/m\u00e5n<br>34 m\u00b2, 601,20\u2013651,30 \u20ac\/m\u00e5n<\/p><\/div><\/div>\n<\/div><\/section>\n<\/div><\/section>\n\n\n\n<section id=\"g-kjku968\" class=\"wp-block-gutentor-m3 alignfull section-g-kjku968 gutentor-module gutentor-container-cover\"><div class=\"grid-container\">\n<section id=\"g-vsaesxc\" class=\"wp-block-gutentor-m3 section-g-vsaesxc gutentor-module gutentor-container-cover\"><div class=\"grid-container\">\n<div id=\"section-g-5bjxijl\" class=\"wp-block-gutentor-e1 section-g-5bjxijl gutentor-element gutentor-element-advanced-text\"><div class=\"gutentor-text-wrap\"><h3 class=\"gutentor-text\">Tv\u00e5rummare<\/h3><\/div><\/div>\n\n\n\n<div id=\"section-g-d1iez0l\" class=\"wp-block-gutentor-e1 section-g-d1iez0l gutentor-element gutentor-element-advanced-text\"><div class=\"gutentor-text-wrap\"><p class=\"gutentor-text\">Tv\u00e5rummare med kokvr\u00e5 och balkong.<br><br>2 rum + kokvr\u00e5 + badrum<br>43 m\u00b2, 718,10\u2013751,50 \u20ac\/m\u00e5n<\/p><\/div><\/div>\n<\/div><\/section>\n<\/div><\/section>\n\n\n\n<section id=\"g-7ia7f7m\" class=\"wp-block-gutentor-m3 alignfull section-g-7ia7f7m gutentor-module gutentor-container-cover\"><div class=\"grid-container\">\n<section id=\"g-gv111er\" class=\"wp-block-gutentor-m3 section-g-gv111er gutentor-module gutentor-container-cover\"><div class=\"grid-container\">\n<div id=\"section-g-f11ek1f\" class=\"wp-block-gutentor-e1 section-g-f11ek1f gutentor-element gutentor-element-advanced-text\"><div class=\"gutentor-text-wrap\"><h3 class=\"gutentor-text\">Trerummare<\/h3><\/div><\/div>\n\n\n\n<div id=\"section-g-rt5ezfa\" class=\"wp-block-gutentor-e1 section-g-rt5ezfa gutentor-element gutentor-element-advanced-text\"><div class=\"gutentor-text-wrap\"><p class=\"gutentor-text\">Trerummare med kokvr\u00e5 och egen balkong.<br><br>3 rum + kokvr\u00e5 + badrum<br>58\u201359 m\u00b2, 868,40\u2013901,80 \u20ac\/m\u00e5n<\/p><\/div><\/div>\n<\/div><\/section>\n<\/div><\/section>\n\n\n\n<section id=\"g-mvpnhnu\" class=\"wp-block-gutentor-m3 alignfull section-g-mvpnhnu gutentor-module gutentor-container-cover\"><div class=\"grid-container\">\n<section id=\"g-8pi1tjc\" class=\"wp-block-gutentor-m3 section-g-8pi1tjc gutentor-module gutentor-container-cover\"><div class=\"grid-container\">\n<div id=\"section-g-yuf1i62\" class=\"wp-block-gutentor-e1 section-g-yuf1i62 gutentor-element gutentor-element-advanced-text\"><div class=\"gutentor-text-wrap\"><h3 class=\"gutentor-text\">Delade l\u00e4genheter<\/h3><\/div><\/div>\n\n\n\n<div id=\"section-g-sfk2slf\" class=\"wp-block-gutentor-e1 section-g-sfk2slf gutentor-element gutentor-element-advanced-text\"><div class=\"gutentor-text-wrap\"><p class=\"gutentor-text\">Tv\u00e5or och treor f\u00f6r tv\u00e5 personer med egna l\u00e5sbara sovrum och gemensamma utrymmen. Tv\u00e5orna \u00e4r utan balkong, treorna har l\u00e4genhetsbalkong.<br><br>2 rum + kokvr\u00e5 + badrum<br>3 rum + kokvr\u00e5 + badrum<br>56 m\u00b2, 795\u2013817,50 \u20ac\/m\u00e5n<br>66 m\u00b2, 855\u2013877,50 \u20ac\/m\u00e5n<\/p><\/div><\/div>\n<\/div><\/section>\n<\/div><\/section>\n\n\n\n<section id=\"g-w87gelw\" class=\"wp-block-gutentor-m3 alignfull section-g-w87gelw gutentor-module gutentor-container-cover\"><div class=\"grid-container\">\n<section id=\"g-14hiz4e\" class=\"wp-block-gutentor-m3 section-g-14hiz4e gutentor-module gutentor-container-cover\"><div class=\"grid-container\">\n<div id=\"section-g-a49xm1e\" class=\"wp-block-gutentor-e1 section-g-a49xm1e gutentor-element gutentor-element-advanced-text\"><div class=\"gutentor-text-wrap\"><h2 class=\"gutentor-text\">Gemensamma utrymmen<\/h2><\/div><\/div>\n\n\n\n<section id=\"section-g-x889040\" class=\"wp-block-gutentor-accordion gutentor-section gutentor-accordion-wrapper accordion-template1\"><div class=\"grid-container\"><div class=\"grid-row gutentor-grid-item-wrap\"><div class=\"grid-md-12\"><div class=\"gutentor-accordion-wrap\"><div class=\"gutentor-single-item gutentor-single-item-0\"><div class=\"gutentor-single-item-wrap\"><div class=\"gutentor-accordion-heading\"><i class=\"gutentor-accordion-icon open-icon fas fa-plus\"><\/i><i class=\"gutentor-accordion-icon close-icon fas fa-minus\"><\/i><h3 class=\"gutentor-single-item-title\">Bastu f\u00f6r boende<\/h3><\/div><div class=\"gutentor-accordion-body\"><p class=\"gutentor-single-item-desc\">Bastun finns p\u00e5 husets 7:e v\u00e5ning och kan n\u00e5s med hiss fr\u00e5n trappuppg\u00e5ng B. Den m\u00e5natliga avgiften f\u00f6r bastutiden \u00e4r 10 \u20ac. P\u00e5 Borgm\u00e4stargatan 14 finns \u00e4ven en separat bastu- och kabinettlokal att hyra. Om du vill g\u00f6ra en bokning, v\u00e4nligen kontakta v\u00e5r <a href=\"https:\/\/porvoonkodit.fi\/sv\/ota-yhteytta\/\">kundtj\u00e4nst<\/a>.<\/p><\/div><\/div><\/div><\/div><div class=\"gutentor-accordion-wrap\"><div class=\"gutentor-single-item gutentor-single-item-1\"><div class=\"gutentor-single-item-wrap\"><div class=\"gutentor-accordion-heading\"><i class=\"gutentor-accordion-icon open-icon fas fa-plus\"><\/i><i class=\"gutentor-accordion-icon close-icon fas fa-minus\"><\/i><h3 class=\"gutentor-single-item-title\">Tv\u00e4ttstugor<\/h3><\/div><div class=\"gutentor-accordion-body\"><p class=\"gutentor-single-item-desc\">Det finns tv\u00e5 tv\u00e4ttstugor, med ing\u00e5ng fr\u00e5n trappuppg\u00e5ngarna A och B. B\u00e5da har tv\u00e4ttmaskiner, torktumlare och ett separat torkrum. Anv\u00e4ndningen \u00e4r gratis f\u00f6r boende och reglerna finns i tv\u00e4ttstugan.<\/p><\/div><\/div><\/div><\/div><div class=\"gutentor-accordion-wrap\"><div class=\"gutentor-single-item gutentor-single-item-2\"><div class=\"gutentor-single-item-wrap\"><div class=\"gutentor-accordion-heading\"><i class=\"gutentor-accordion-icon open-icon fas fa-plus\"><\/i><i class=\"gutentor-accordion-icon close-icon fas fa-minus\"><\/i><h3 class=\"gutentor-single-item-title\">F\u00f6rr\u00e5d<\/h3><\/div><div class=\"gutentor-accordion-body\"><p class=\"gutentor-single-item-desc\">P\u00e5 gatuniv\u00e5n i huset (ing\u00e5ng fr\u00e5n Aleksandersb\u00e5gens sida) finns ett rymligt f\u00f6rr\u00e5d f\u00f6r friluftsutrustning. I husets k\u00e4llarv\u00e5ning, trappuppg\u00e5ng B, finns f\u00f6rr\u00e5d f\u00f6r l\u00f6s egendom. Ett n\u00e4tf\u00f6rr\u00e5d kan tas i bruk genom att kontakta Borg\u00e5 Hems kundtj\u00e4nst. F\u00f6r att ta n\u00e4tf\u00f6rr\u00e5det i bruk debiteras en nyckelpantavgift p\u00e5 50 euro.<\/p><\/div><\/div><\/div><\/div><div class=\"gutentor-accordion-wrap\"><div class=\"gutentor-single-item gutentor-single-item-3\"><div class=\"gutentor-single-item-wrap\"><div class=\"gutentor-accordion-heading\"><i class=\"gutentor-accordion-icon open-icon fas fa-plus\"><\/i><i class=\"gutentor-accordion-icon close-icon fas fa-minus\"><\/i><h3 class=\"gutentor-single-item-title\">Avfallshantering<\/h3><\/div><div class=\"gutentor-accordion-body\"><p class=\"gutentor-single-item-desc\">Husets avfallspunkt ligger p\u00e5 g\u00e5rden, med beh\u00e5llare f\u00f6r blandavfall, bioavfall, kartong, papper, metall, glas och plast. Sorteringsanvisningarna finns p\u00e5 <a href=\"https:\/\/rosknroll.fi\/sv\/\">Rosk n\u2019 Rolls webbplats<\/a>.<\/p><\/div><\/div><\/div><\/div><div class=\"gutentor-accordion-wrap\"><div class=\"gutentor-single-item gutentor-single-item-4\"><div class=\"gutentor-single-item-wrap\"><div class=\"gutentor-accordion-heading\"><i class=\"gutentor-accordion-icon open-icon fas fa-plus\"><\/i><i class=\"gutentor-accordion-icon close-icon fas fa-minus\"><\/i><h3 class=\"gutentor-single-item-title\">Parkering<\/h3><\/div><div class=\"gutentor-accordion-body\"><p class=\"gutentor-single-item-desc\">P\u00e5 g\u00e5rden finns avgiftsbelagda parkeringsplatser med motorv\u00e4rmare. Separat motorcykelparkering finns vid avfallspunkten. Man kan fr\u00e5ga efter lediga bilplatser hos Borg\u00e5 Hems <a href=\"https:\/\/porvoonkodit.fi\/sv\/ota-yhteytta\/\">kundtj\u00e4nst<\/a>.<\/p><\/div><\/div><\/div><\/div><\/div><\/div><\/div><\/section>\n<\/div><\/section>\n<\/div><\/section>\n","protected":false},"excerpt":{"rendered":"","protected":false},"author":3,"featured_media":0,"parent":2148,"menu_order":0,"comment_status":"closed","ping_status":"closed","template":"","meta":{"_acf_changed":false,"footnotes":""},"class_list":["post-2142","page","type-page","status-publish"],"acf":[],"yoast_head":"<!-- This site is optimized with the Yoast SEO plugin v27.5 - https:\/\/yoast.com\/product\/yoast-seo-wordpress\/ -->\n<title>Studentbost\u00e4der - Porvoon Kodit<\/title>\n<meta name=\"robots\" content=\"index, follow, max-snippet:-1, max-image-preview:large, max-video-preview:-1\" \/>\n<link rel=\"canonical\" href=\"https:\/\/porvoonkodit.fi\/sv\/asunnon-hakijalle\/kohteet\/opiskelija-asunnot\/\" \/>\n<meta property=\"og:locale\" content=\"sv_SE\" \/>\n<meta property=\"og:type\" content=\"article\" \/>\n<meta property=\"og:title\" content=\"Studentbost\u00e4der - Porvoon Kodit\" \/>\n<meta property=\"og:url\" content=\"https:\/\/porvoonkodit.fi\/sv\/asunnon-hakijalle\/kohteet\/opiskelija-asunnot\/\" \/>\n<meta property=\"og:site_name\" content=\"Porvoon Kodit\" \/>\n<meta property=\"article:publisher\" content=\"https:\/\/www.facebook.com\/AyhtiotAbolagen\/\" \/>\n<meta property=\"article:modified_time\" content=\"2025-11-27T12:08:49+00:00\" \/>\n<meta name=\"twitter:card\" content=\"summary_large_image\" \/>\n<meta name=\"twitter:label1\" content=\"Ber\u00e4knad l\u00e4stid\" \/>\n\t<meta name=\"twitter:data1\" content=\"3 minuter\" \/>\n<script type=\"application\/ld+json\" class=\"yoast-schema-graph\">{\"@context\":\"https:\\\/\\\/schema.org\",\"@graph\":[{\"@type\":\"WebPage\",\"@id\":\"https:\\\/\\\/porvoonkodit.fi\\\/sv\\\/asunnon-hakijalle\\\/kohteet\\\/opiskelija-asunnot\\\/\",\"url\":\"https:\\\/\\\/porvoonkodit.fi\\\/sv\\\/asunnon-hakijalle\\\/kohteet\\\/opiskelija-asunnot\\\/\",\"name\":\"Studentbost\u00e4der - Porvoon Kodit\",\"isPartOf\":{\"@id\":\"https:\\\/\\\/porvoonkodit.fi\\\/#website\"},\"datePublished\":\"2025-08-14T07:15:24+00:00\",\"dateModified\":\"2025-11-27T12:08:49+00:00\",\"breadcrumb\":{\"@id\":\"https:\\\/\\\/porvoonkodit.fi\\\/sv\\\/asunnon-hakijalle\\\/kohteet\\\/opiskelija-asunnot\\\/#breadcrumb\"},\"inLanguage\":\"sv-SE\",\"potentialAction\":[{\"@type\":\"ReadAction\",\"target\":[\"https:\\\/\\\/porvoonkodit.fi\\\/sv\\\/asunnon-hakijalle\\\/kohteet\\\/opiskelija-asunnot\\\/\"]}]},{\"@type\":\"BreadcrumbList\",\"@id\":\"https:\\\/\\\/porvoonkodit.fi\\\/sv\\\/asunnon-hakijalle\\\/kohteet\\\/opiskelija-asunnot\\\/#breadcrumb\",\"itemListElement\":[{\"@type\":\"ListItem\",\"position\":1,\"name\":\"Etusivu\",\"item\":\"https:\\\/\\\/porvoonkodit.fi\\\/sv\\\/\"},{\"@type\":\"ListItem\",\"position\":2,\"name\":\"F\u00f6r bostadsans\u00f6kande\",\"item\":\"https:\\\/\\\/porvoonkodit.fi\\\/sv\\\/asunnon-hakijalle\\\/\"},{\"@type\":\"ListItem\",\"position\":3,\"name\":\"Bekanta dig med husen\",\"item\":\"https:\\\/\\\/porvoonkodit.fi\\\/sv\\\/asunnon-hakijalle\\\/kohteet\\\/\"},{\"@type\":\"ListItem\",\"position\":4,\"name\":\"Studentbost\u00e4der\"}]},{\"@type\":\"WebSite\",\"@id\":\"https:\\\/\\\/porvoonkodit.fi\\\/#website\",\"url\":\"https:\\\/\\\/porvoonkodit.fi\\\/\",\"name\":\"Porvoon kodit Oy\",\"description\":\"Tervetuloa kotiin\",\"publisher\":{\"@id\":\"https:\\\/\\\/porvoonkodit.fi\\\/#organization\"},\"potentialAction\":[{\"@type\":\"SearchAction\",\"target\":{\"@type\":\"EntryPoint\",\"urlTemplate\":\"https:\\\/\\\/porvoonkodit.fi\\\/?s={search_term_string}\"},\"query-input\":{\"@type\":\"PropertyValueSpecification\",\"valueRequired\":true,\"valueName\":\"search_term_string\"}}],\"inLanguage\":\"sv-SE\"},{\"@type\":\"Organization\",\"@id\":\"https:\\\/\\\/porvoonkodit.fi\\\/#organization\",\"name\":\"Porvoon kodit Oy\",\"url\":\"https:\\\/\\\/porvoonkodit.fi\\\/\",\"logo\":{\"@type\":\"ImageObject\",\"inLanguage\":\"sv-SE\",\"@id\":\"https:\\\/\\\/porvoonkodit.fi\\\/#\\\/schema\\\/logo\\\/image\\\/\",\"url\":\"https:\\\/\\\/porvoonkodit.fi\\\/wp-content\\\/uploads\\\/2025\\\/07\\\/Logo-tummempi-oranssi.png\",\"contentUrl\":\"https:\\\/\\\/porvoonkodit.fi\\\/wp-content\\\/uploads\\\/2025\\\/07\\\/Logo-tummempi-oranssi.png\",\"width\":480,\"height\":150,\"caption\":\"Porvoon kodit Oy\"},\"image\":{\"@id\":\"https:\\\/\\\/porvoonkodit.fi\\\/#\\\/schema\\\/logo\\\/image\\\/\"},\"sameAs\":[\"https:\\\/\\\/www.facebook.com\\\/AyhtiotAbolagen\\\/\"]}]}<\/script>\n<!-- \/ Yoast SEO plugin. -->","yoast_head_json":{"title":"Studentbost\u00e4der - Porvoon Kodit","robots":{"index":"index","follow":"follow","max-snippet":"max-snippet:-1","max-image-preview":"max-image-preview:large","max-video-preview":"max-video-preview:-1"},"canonical":"https:\/\/porvoonkodit.fi\/sv\/asunnon-hakijalle\/kohteet\/opiskelija-asunnot\/","og_locale":"sv_SE","og_type":"article","og_title":"Studentbost\u00e4der - Porvoon Kodit","og_url":"https:\/\/porvoonkodit.fi\/sv\/asunnon-hakijalle\/kohteet\/opiskelija-asunnot\/","og_site_name":"Porvoon Kodit","article_publisher":"https:\/\/www.facebook.com\/AyhtiotAbolagen\/","article_modified_time":"2025-11-27T12:08:49+00:00","twitter_card":"summary_large_image","twitter_misc":{"Ber\u00e4knad l\u00e4stid":"3 minuter"},"schema":{"@context":"https:\/\/schema.org","@graph":[{"@type":"WebPage","@id":"https:\/\/porvoonkodit.fi\/sv\/asunnon-hakijalle\/kohteet\/opiskelija-asunnot\/","url":"https:\/\/porvoonkodit.fi\/sv\/asunnon-hakijalle\/kohteet\/opiskelija-asunnot\/","name":"Studentbost\u00e4der - Porvoon Kodit","isPartOf":{"@id":"https:\/\/porvoonkodit.fi\/#website"},"datePublished":"2025-08-14T07:15:24+00:00","dateModified":"2025-11-27T12:08:49+00:00","breadcrumb":{"@id":"https:\/\/porvoonkodit.fi\/sv\/asunnon-hakijalle\/kohteet\/opiskelija-asunnot\/#breadcrumb"},"inLanguage":"sv-SE","potentialAction":[{"@type":"ReadAction","target":["https:\/\/porvoonkodit.fi\/sv\/asunnon-hakijalle\/kohteet\/opiskelija-asunnot\/"]}]},{"@type":"BreadcrumbList","@id":"https:\/\/porvoonkodit.fi\/sv\/asunnon-hakijalle\/kohteet\/opiskelija-asunnot\/#breadcrumb","itemListElement":[{"@type":"ListItem","position":1,"name":"Etusivu","item":"https:\/\/porvoonkodit.fi\/sv\/"},{"@type":"ListItem","position":2,"name":"F\u00f6r bostadsans\u00f6kande","item":"https:\/\/porvoonkodit.fi\/sv\/asunnon-hakijalle\/"},{"@type":"ListItem","position":3,"name":"Bekanta dig med husen","item":"https:\/\/porvoonkodit.fi\/sv\/asunnon-hakijalle\/kohteet\/"},{"@type":"ListItem","position":4,"name":"Studentbost\u00e4der"}]},{"@type":"WebSite","@id":"https:\/\/porvoonkodit.fi\/#website","url":"https:\/\/porvoonkodit.fi\/","name":"Porvoon kodit Oy","description":"Tervetuloa kotiin","publisher":{"@id":"https:\/\/porvoonkodit.fi\/#organization"},"potentialAction":[{"@type":"SearchAction","target":{"@type":"EntryPoint","urlTemplate":"https:\/\/porvoonkodit.fi\/?s={search_term_string}"},"query-input":{"@type":"PropertyValueSpecification","valueRequired":true,"valueName":"search_term_string"}}],"inLanguage":"sv-SE"},{"@type":"Organization","@id":"https:\/\/porvoonkodit.fi\/#organization","name":"Porvoon kodit Oy","url":"https:\/\/porvoonkodit.fi\/","logo":{"@type":"ImageObject","inLanguage":"sv-SE","@id":"https:\/\/porvoonkodit.fi\/#\/schema\/logo\/image\/","url":"https:\/\/porvoonkodit.fi\/wp-content\/uploads\/2025\/07\/Logo-tummempi-oranssi.png","contentUrl":"https:\/\/porvoonkodit.fi\/wp-content\/uploads\/2025\/07\/Logo-tummempi-oranssi.png","width":480,"height":150,"caption":"Porvoon kodit Oy"},"image":{"@id":"https:\/\/porvoonkodit.fi\/#\/schema\/logo\/image\/"},"sameAs":["https:\/\/www.facebook.com\/AyhtiotAbolagen\/"]}]}},"_links":{"self":[{"href":"https:\/\/porvoonkodit.fi\/sv\/wp-json\/wp\/v2\/pages\/2142","targetHints":{"allow":["GET"]}}],"collection":[{"href":"https:\/\/porvoonkodit.fi\/sv\/wp-json\/wp\/v2\/pages"}],"about":[{"href":"https:\/\/porvoonkodit.fi\/sv\/wp-json\/wp\/v2\/types\/page"}],"author":[{"embeddable":true,"href":"https:\/\/porvoonkodit.fi\/sv\/wp-json\/wp\/v2\/users\/3"}],"replies":[{"embeddable":true,"href":"https:\/\/porvoonkodit.fi\/sv\/wp-json\/wp\/v2\/comments?post=2142"}],"version-history":[{"count":8,"href":"https:\/\/porvoonkodit.fi\/sv\/wp-json\/wp\/v2\/pages\/2142\/revisions"}],"predecessor-version":[{"id":6096,"href":"https:\/\/porvoonkodit.fi\/sv\/wp-json\/wp\/v2\/pages\/2142\/revisions\/6096"}],"up":[{"embeddable":true,"href":"https:\/\/porvoonkodit.fi\/sv\/wp-json\/wp\/v2\/pages\/2148"}],"wp:attachment":[{"href":"https:\/\/porvoonkodit.fi\/sv\/wp-json\/wp\/v2\/media?parent=2142"}],"curies":[{"name":"wp","href":"https:\/\/api.w.org\/{rel}","templated":true}]}}