{"id":2140,"date":"2025-07-31T07:43:09","date_gmt":"2025-07-31T07:43:09","guid":{"rendered":"https:\/\/porvoonkodit.fi\/meista\/meille-toihin\/"},"modified":"2025-09-12T06:58:37","modified_gmt":"2025-09-12T06:58:37","slug":"meille-toihin","status":"publish","type":"page","link":"https:\/\/porvoonkodit.fi\/sv\/meista\/meille-toihin\/","title":{"rendered":"Jobba hos oss"},"content":{"rendered":"\n<div style=\"height:15px\" aria-hidden=\"true\" class=\"wp-block-spacer\"><\/div>\n\n\n\n<section id=\"g-qg21q3s\" class=\"wp-block-gutentor-m3 alignfull section-g-qg21q3s gutentor-module gutentor-container-cover\"><div class=\"grid-container\">\n<section id=\"g-8c5cfch\" class=\"wp-block-gutentor-m3 section-g-8c5cfch gutentor-module gutentor-container-cover\"><div class=\"grid-container\">\n<div id=\"section-g-p3uinl5\" class=\"wp-block-gutentor-e1 section-g-p3uinl5 gutentor-element gutentor-element-advanced-text\"><div class=\"gutentor-text-wrap\"><h2 class=\"gutentor-text\">Att jobba hos Borg\u00e5 Hem \u2013 Vi bygger hem tillsammans<\/h2><\/div><\/div>\n\n\n\n<div id=\"section-g-4ssuxog\" class=\"wp-block-gutentor-e1 section-g-4ssuxog gutentor-element gutentor-element-advanced-text\"><div class=\"gutentor-text-wrap\"><p class=\"gutentor-text\">Borg\u00e5 Hem \u00e4r mycket mer \u00e4n bara ett hyresbolag \u2013 vi \u00e4r en&nbsp; gemenskap fr\u00e5n Borg\u00e5 d\u00e4r vi tillsammans bygger hem och ser till att vardagen fungerar. Hos oss arbetar cirka 30 fastighets- och serviceproffs som utf\u00f6r sitt arbete med b\u00e5de hj\u00e4rta och yrkesskicklighet.<br><br>Ungef\u00e4r h\u00e4lften av v\u00e5r personal arbetar med fastighetssk\u00f6tsel, st\u00e4dning och sk\u00f6tsel av g\u00e5rdsomr\u00e5den \u2013 just d\u00e4r boenden lever sina vardagar. F\u00f6r oss \u00e4r det viktigt att varje medarbetare k\u00e4nner sig som en betydelsefull del av helheten: vi g\u00f6r boendet enklare och trivsammare.<br><br>P\u00e5 Borg\u00e5 Hem v\u00e4rdes\u00e4tter vi l\u00e5ngsiktigt arbete, lokal k\u00e4nnedom och ett m\u00e4nniskon\u00e4ra f\u00f6rh\u00e5llningss\u00e4tt. Vi \u00e4r en del av Borg\u00e5 stads koncern och har funnits redan i \u00f6ver 60 \u00e5r \u2013 stabilt, ansvarsfullt och genom att lyssna p\u00e5 boenden.<\/p><\/div><\/div>\n<\/div><\/section>\n<\/div><\/section>\n\n\n\n<section id=\"g-3w1671u\" class=\"wp-block-gutentor-m3 alignfull section-g-3w1671u gutentor-module gutentor-container-cover\"><div class=\"grid-container\">\n<section id=\"g-d7xn1xe\" class=\"wp-block-gutentor-m3 section-g-d7xn1xe gutentor-module gutentor-container-cover\"><div class=\"grid-container\">\n<div id=\"section-g-ld73g5u\" class=\"wp-block-gutentor-e1 section-g-ld73g5u gutentor-element gutentor-element-advanced-text\"><div class=\"gutentor-text-wrap\"><h3 class=\"gutentor-text\">\u00c4r du intresserad av en arbetskarri\u00e4r eller praktisera hos oss?<\/h3><\/div><\/div>\n\n\n\n<div id=\"section-g-s5m5i37\" class=\"wp-block-gutentor-e1 section-g-s5m5i37 gutentor-element gutentor-element-advanced-text\"><div class=\"gutentor-text-wrap\"><p class=\"gutentor-text\">Vi s\u00f6ker ibland nya f\u00f6rm\u00e5gor och praktikanter till v\u00e5rt team. Om du vill vara med och g\u00f6ra Borg\u00e5 till en b\u00e4ttre plats att bo p\u00e5, kan du skicka in en \u00f6ppen ans\u00f6kan till:\u00a0<a href=\"mailto:rekry@porvoonkodit.fi\">rekry@porvoonkodit.fi<\/a><\/p><\/div><\/div>\n<\/div><\/section>\n<\/div><\/section>\n","protected":false},"excerpt":{"rendered":"","protected":false},"author":3,"featured_media":0,"parent":2134,"menu_order":0,"comment_status":"closed","ping_status":"closed","template":"","meta":{"_acf_changed":false,"footnotes":""},"class_list":["post-2140","page","type-page","status-publish"],"acf":[],"yoast_head":"<!-- This site is optimized with the Yoast SEO plugin v27.5 - https:\/\/yoast.com\/product\/yoast-seo-wordpress\/ -->\n<title>Jobba hos oss - Porvoon Kodit<\/title>\n<meta name=\"robots\" content=\"index, follow, max-snippet:-1, max-image-preview:large, max-video-preview:-1\" \/>\n<link rel=\"canonical\" href=\"https:\/\/porvoonkodit.fi\/sv\/meista\/meille-toihin\/\" \/>\n<meta property=\"og:locale\" content=\"sv_SE\" \/>\n<meta property=\"og:type\" content=\"article\" \/>\n<meta property=\"og:title\" content=\"Jobba hos oss - Porvoon Kodit\" \/>\n<meta property=\"og:url\" content=\"https:\/\/porvoonkodit.fi\/sv\/meista\/meille-toihin\/\" \/>\n<meta property=\"og:site_name\" content=\"Porvoon Kodit\" \/>\n<meta property=\"article:publisher\" content=\"https:\/\/www.facebook.com\/AyhtiotAbolagen\/\" \/>\n<meta property=\"article:modified_time\" content=\"2025-09-12T06:58:37+00:00\" \/>\n<meta name=\"twitter:card\" content=\"summary_large_image\" \/>\n<meta name=\"twitter:label1\" content=\"Ber\u00e4knad l\u00e4stid\" \/>\n\t<meta name=\"twitter:data1\" content=\"2 minuter\" \/>\n<script type=\"application\/ld+json\" class=\"yoast-schema-graph\">{\"@context\":\"https:\\\/\\\/schema.org\",\"@graph\":[{\"@type\":\"WebPage\",\"@id\":\"https:\\\/\\\/porvoonkodit.fi\\\/sv\\\/meista\\\/meille-toihin\\\/\",\"url\":\"https:\\\/\\\/porvoonkodit.fi\\\/sv\\\/meista\\\/meille-toihin\\\/\",\"name\":\"Jobba hos oss - Porvoon Kodit\",\"isPartOf\":{\"@id\":\"https:\\\/\\\/porvoonkodit.fi\\\/#website\"},\"datePublished\":\"2025-07-31T07:43:09+00:00\",\"dateModified\":\"2025-09-12T06:58:37+00:00\",\"breadcrumb\":{\"@id\":\"https:\\\/\\\/porvoonkodit.fi\\\/sv\\\/meista\\\/meille-toihin\\\/#breadcrumb\"},\"inLanguage\":\"sv-SE\",\"potentialAction\":[{\"@type\":\"ReadAction\",\"target\":[\"https:\\\/\\\/porvoonkodit.fi\\\/sv\\\/meista\\\/meille-toihin\\\/\"]}]},{\"@type\":\"BreadcrumbList\",\"@id\":\"https:\\\/\\\/porvoonkodit.fi\\\/sv\\\/meista\\\/meille-toihin\\\/#breadcrumb\",\"itemListElement\":[{\"@type\":\"ListItem\",\"position\":1,\"name\":\"Etusivu\",\"item\":\"https:\\\/\\\/porvoonkodit.fi\\\/sv\\\/\"},{\"@type\":\"ListItem\",\"position\":2,\"name\":\"Om oss\",\"item\":\"https:\\\/\\\/porvoonkodit.fi\\\/sv\\\/meista\\\/\"},{\"@type\":\"ListItem\",\"position\":3,\"name\":\"Jobba hos oss\"}]},{\"@type\":\"WebSite\",\"@id\":\"https:\\\/\\\/porvoonkodit.fi\\\/#website\",\"url\":\"https:\\\/\\\/porvoonkodit.fi\\\/\",\"name\":\"Porvoon kodit Oy\",\"description\":\"Tervetuloa kotiin\",\"publisher\":{\"@id\":\"https:\\\/\\\/porvoonkodit.fi\\\/#organization\"},\"potentialAction\":[{\"@type\":\"SearchAction\",\"target\":{\"@type\":\"EntryPoint\",\"urlTemplate\":\"https:\\\/\\\/porvoonkodit.fi\\\/?s={search_term_string}\"},\"query-input\":{\"@type\":\"PropertyValueSpecification\",\"valueRequired\":true,\"valueName\":\"search_term_string\"}}],\"inLanguage\":\"sv-SE\"},{\"@type\":\"Organization\",\"@id\":\"https:\\\/\\\/porvoonkodit.fi\\\/#organization\",\"name\":\"Porvoon kodit Oy\",\"url\":\"https:\\\/\\\/porvoonkodit.fi\\\/\",\"logo\":{\"@type\":\"ImageObject\",\"inLanguage\":\"sv-SE\",\"@id\":\"https:\\\/\\\/porvoonkodit.fi\\\/#\\\/schema\\\/logo\\\/image\\\/\",\"url\":\"https:\\\/\\\/porvoonkodit.fi\\\/wp-content\\\/uploads\\\/2025\\\/07\\\/Logo-tummempi-oranssi.png\",\"contentUrl\":\"https:\\\/\\\/porvoonkodit.fi\\\/wp-content\\\/uploads\\\/2025\\\/07\\\/Logo-tummempi-oranssi.png\",\"width\":480,\"height\":150,\"caption\":\"Porvoon kodit Oy\"},\"image\":{\"@id\":\"https:\\\/\\\/porvoonkodit.fi\\\/#\\\/schema\\\/logo\\\/image\\\/\"},\"sameAs\":[\"https:\\\/\\\/www.facebook.com\\\/AyhtiotAbolagen\\\/\"]}]}<\/script>\n<!-- \/ Yoast SEO plugin. -->","yoast_head_json":{"title":"Jobba hos oss - Porvoon Kodit","robots":{"index":"index","follow":"follow","max-snippet":"max-snippet:-1","max-image-preview":"max-image-preview:large","max-video-preview":"max-video-preview:-1"},"canonical":"https:\/\/porvoonkodit.fi\/sv\/meista\/meille-toihin\/","og_locale":"sv_SE","og_type":"article","og_title":"Jobba hos oss - Porvoon Kodit","og_url":"https:\/\/porvoonkodit.fi\/sv\/meista\/meille-toihin\/","og_site_name":"Porvoon Kodit","article_publisher":"https:\/\/www.facebook.com\/AyhtiotAbolagen\/","article_modified_time":"2025-09-12T06:58:37+00:00","twitter_card":"summary_large_image","twitter_misc":{"Ber\u00e4knad l\u00e4stid":"2 minuter"},"schema":{"@context":"https:\/\/schema.org","@graph":[{"@type":"WebPage","@id":"https:\/\/porvoonkodit.fi\/sv\/meista\/meille-toihin\/","url":"https:\/\/porvoonkodit.fi\/sv\/meista\/meille-toihin\/","name":"Jobba hos oss - Porvoon Kodit","isPartOf":{"@id":"https:\/\/porvoonkodit.fi\/#website"},"datePublished":"2025-07-31T07:43:09+00:00","dateModified":"2025-09-12T06:58:37+00:00","breadcrumb":{"@id":"https:\/\/porvoonkodit.fi\/sv\/meista\/meille-toihin\/#breadcrumb"},"inLanguage":"sv-SE","potentialAction":[{"@type":"ReadAction","target":["https:\/\/porvoonkodit.fi\/sv\/meista\/meille-toihin\/"]}]},{"@type":"BreadcrumbList","@id":"https:\/\/porvoonkodit.fi\/sv\/meista\/meille-toihin\/#breadcrumb","itemListElement":[{"@type":"ListItem","position":1,"name":"Etusivu","item":"https:\/\/porvoonkodit.fi\/sv\/"},{"@type":"ListItem","position":2,"name":"Om oss","item":"https:\/\/porvoonkodit.fi\/sv\/meista\/"},{"@type":"ListItem","position":3,"name":"Jobba hos oss"}]},{"@type":"WebSite","@id":"https:\/\/porvoonkodit.fi\/#website","url":"https:\/\/porvoonkodit.fi\/","name":"Porvoon kodit Oy","description":"Tervetuloa kotiin","publisher":{"@id":"https:\/\/porvoonkodit.fi\/#organization"},"potentialAction":[{"@type":"SearchAction","target":{"@type":"EntryPoint","urlTemplate":"https:\/\/porvoonkodit.fi\/?s={search_term_string}"},"query-input":{"@type":"PropertyValueSpecification","valueRequired":true,"valueName":"search_term_string"}}],"inLanguage":"sv-SE"},{"@type":"Organization","@id":"https:\/\/porvoonkodit.fi\/#organization","name":"Porvoon kodit Oy","url":"https:\/\/porvoonkodit.fi\/","logo":{"@type":"ImageObject","inLanguage":"sv-SE","@id":"https:\/\/porvoonkodit.fi\/#\/schema\/logo\/image\/","url":"https:\/\/porvoonkodit.fi\/wp-content\/uploads\/2025\/07\/Logo-tummempi-oranssi.png","contentUrl":"https:\/\/porvoonkodit.fi\/wp-content\/uploads\/2025\/07\/Logo-tummempi-oranssi.png","width":480,"height":150,"caption":"Porvoon kodit Oy"},"image":{"@id":"https:\/\/porvoonkodit.fi\/#\/schema\/logo\/image\/"},"sameAs":["https:\/\/www.facebook.com\/AyhtiotAbolagen\/"]}]}},"_links":{"self":[{"href":"https:\/\/porvoonkodit.fi\/sv\/wp-json\/wp\/v2\/pages\/2140","targetHints":{"allow":["GET"]}}],"collection":[{"href":"https:\/\/porvoonkodit.fi\/sv\/wp-json\/wp\/v2\/pages"}],"about":[{"href":"https:\/\/porvoonkodit.fi\/sv\/wp-json\/wp\/v2\/types\/page"}],"author":[{"embeddable":true,"href":"https:\/\/porvoonkodit.fi\/sv\/wp-json\/wp\/v2\/users\/3"}],"replies":[{"embeddable":true,"href":"https:\/\/porvoonkodit.fi\/sv\/wp-json\/wp\/v2\/comments?post=2140"}],"version-history":[{"count":2,"href":"https:\/\/porvoonkodit.fi\/sv\/wp-json\/wp\/v2\/pages\/2140\/revisions"}],"predecessor-version":[{"id":2801,"href":"https:\/\/porvoonkodit.fi\/sv\/wp-json\/wp\/v2\/pages\/2140\/revisions\/2801"}],"up":[{"embeddable":true,"href":"https:\/\/porvoonkodit.fi\/sv\/wp-json\/wp\/v2\/pages\/2134"}],"wp:attachment":[{"href":"https:\/\/porvoonkodit.fi\/sv\/wp-json\/wp\/v2\/media?parent=2140"}],"curies":[{"name":"wp","href":"https:\/\/api.w.org\/{rel}","templated":true}]}}