{"id":2136,"date":"2025-07-31T07:42:45","date_gmt":"2025-07-31T07:42:45","guid":{"rendered":"https:\/\/porvoonkodit.fi\/meista\/ajankohtaista\/"},"modified":"2025-09-12T11:02:37","modified_gmt":"2025-09-12T11:02:37","slug":"ajankohtaista","status":"publish","type":"page","link":"https:\/\/porvoonkodit.fi\/sv\/meista\/ajankohtaista\/","title":{"rendered":"Aktuellt"},"content":{"rendered":"\n<section id=\"g-4r666vv\" class=\"wp-block-gutentor-m3 alignfull section-g-4r666vv gutentor-module gutentor-container-cover\"><div class=\"grid-container\">\n<section id=\"g-1r0171i\" class=\"wp-block-gutentor-m3 section-g-1r0171i gutentor-module gutentor-container-cover\"><div class=\"grid-container\">\n<section id=\"g-rrugjjj\" class=\"wp-block-gutentor-p4 section-g-rrugjjj gutentor-post-module gutentor-advanced-post-module\" data-gpid=\"2136\" data-l-ani=\"gp4-animation-1\" data-i-b=\"gutentor\/p1\" data-maxnumpages=\"2\">\n<div id=\"section-g-bb6pzs8\" class=\"wp-block-gutentor-e16 section-g-bb6pzs8 gutentor-element gutentor-post-header piiloon\"><div class=\"grid-container\"><div class=\"grid-row\">\n<div id=\"col-g-jyfzufg\" class=\"wp-block-gutentor-e15 gutentor-single-column  grid-lg-5 grid-md-5 grid-5\"><div id=\"section-g-jyfzufg\" class=\"section-g-jyfzufg gutentor-col-wrap\">\n<div id=\"section-g-kjjfoqs\" class=\"wp-block-gutentor-e0 section-g-kjjfoqs gutentor-element gutentor-element-advanced-text\"><div class=\"gutentor-text-wrap\"><h3 class=\"gutentor-text\">Gutentor Simple Text<\/h3><\/div><\/div>\n\n\n\n<div id=\"section-g-bsauaj8\" class=\"wp-block-gutentor-e0 section-g-bsauaj8 gutentor-element gutentor-element-advanced-text\"><div class=\"gutentor-text-wrap\"><p class=\"gutentor-text\">Gutentor Simple Text<\/p><\/div><\/div>\n<\/div><\/div>\n\n\n\n<div id=\"col-g-hvbwhfh\" class=\"wp-block-gutentor-e15 gutentor-single-column  grid-lg-5 grid-md-5 grid-5\"><div id=\"section-g-hvbwhfh\" class=\"section-g-hvbwhfh gutentor-col-wrap\">\n<div id=\"section-g-hr779u6\" class=\"wp-block-gutentor-e14 section-g-hr779u6 gutentor-element gutentor-element-term-filter text-align-center-desktop text-align-center-tablet text-align-left-mobile\"><div class=\"gutentor-filter-navigation\" data-gtax=\"category\" data-gpost=\"post\"><div class=\"gutentor-filter-wrap\"><ul class=\"gutentor-filter-list g-responsive-menu\"><li class=\"gutentor-filter-item\"><a href=\"#\" class=\"g-active\" data-gterm=\"gAll\" data-all-opt=\"all\">All<\/a><\/li><\/ul><\/div><\/div><\/div>\n<\/div><\/div>\n\n\n\n<div id=\"col-g-hkgwwb1\" class=\"wp-block-gutentor-e15 gutentor-single-column  grid-lg-2 grid-md-2 grid-2\"><div id=\"section-g-hkgwwb1\" class=\"section-g-hkgwwb1 gutentor-col-wrap\">\n<div id=\"section-g-79zfrzz\" class=\"wp-block-gutentor-e13 section-g-79zfrzz gutentor-element gutentor-element-navigation text-align-right-desktop text-align-right-tablet text-align-left-mobile\"><div class=\"gutentor-navigation\" data-gpage=\"1\"><ul class=\"gutentor-next-prev\"><li><a class=\"gutentor-disabled g-nav-prev\"><i class=\"fas fa-chevron-left\"><\/i><\/a><\/li><li><a class=\"g-nav-next\"><i class=\"fas fa-chevron-right\"><\/i><\/a><\/li><\/ul><\/div><\/div>\n<\/div><\/div>\n<\/div><\/div><\/div>\n\n\n<section class=\"gutentor-post-module section-g-11wb0ik gutentor-post-module-p1 gutentor_p1_template1 wp-block-gutentor-p1 gutentor-blog-grid\" id=\"g-11wb0ik\" data-gbid=\"g-11wb0ik\">\n<div class='grid-container'><div class='grid-row'><article class='gutentor-post  grid-md-4 grid-sm-4 grid-xs-12'><div class='gutentor-post-item'><div class='gutentor-post-image-box'><div class=\"gutentor-image-thumb\"><img loading=\"lazy\" decoding=\"async\" width=\"2560\" height=\"2560\" src=\"https:\/\/porvoonkodit.fi\/wp-content\/uploads\/2026\/04\/20250906-5M6A0750-1.jpg\" class=\"attachment-full size-full wp-post-image\" alt=\"\" \/><\/div><\/div><div class=\"gutentor-post-title-data-wrap\"><h3 class=\"gutentor-post-title\"><a href=\"https:\/\/porvoonkodit.fi\/sv\/varhalsning-fran-invanarforeningen\/\" rel=\"bookmark\">V\u00e5rh\u00e4lsning fr\u00e5n inv\u00e5narf\u00f6reningen!<\/a><\/h3><\/div><div class=\"gutentor-entry-meta gutentor-entry-meta-primary\"><div class=\"posted-on\"><i class=\"far fa-calendar-alt\"><\/i><a href=\"https:\/\/porvoonkodit.fi\/sv\/varhalsning-fran-invanarforeningen\/\" rel=\"bookmark\">24 april 2026<\/a><\/div><\/div><div class=\"gutentor-post-desc\">A-Inv\u00e5narf\u00f6reningen rf. grundades f\u00f6r 20 \u00e5r sedan p\u00e5 initiativ av en boende i A-Bolagen. Alla boende&hellip;<\/div><a class=\"gutentor-button gutentor-post-button\" href=\"https:\/\/porvoonkodit.fi\/sv\/varhalsning-fran-invanarforeningen\/\"><span>L\u00e4s mer<\/span><\/a><\/div><\/article><article class='gutentor-post  grid-md-4 grid-sm-4 grid-xs-12'><div class='gutentor-post-item'><div class='gutentor-post-image-box'><div class=\"gutentor-image-thumb\"><img loading=\"lazy\" decoding=\"async\" width=\"2048\" height=\"2048\" src=\"https:\/\/porvoonkodit.fi\/wp-content\/uploads\/2026\/02\/5M6A0022.jpg\" class=\"attachment-full size-full wp-post-image\" alt=\"\" \/><\/div><\/div><div class=\"gutentor-post-title-data-wrap\"><h3 class=\"gutentor-post-title\"><a href=\"https:\/\/porvoonkodit.fi\/sv\/ar-dina-kontaktuppgifter-uppdaterade\/\" rel=\"bookmark\">\u00c4r dina kontaktuppgifter uppdaterade?<\/a><\/h3><\/div><div class=\"gutentor-entry-meta gutentor-entry-meta-primary\"><div class=\"posted-on\"><i class=\"far fa-calendar-alt\"><\/i><a href=\"https:\/\/porvoonkodit.fi\/sv\/ar-dina-kontaktuppgifter-uppdaterade\/\" rel=\"bookmark\">22 april 2026<\/a><\/div><\/div><div class=\"gutentor-post-desc\">Det \u00e4r v\u00e4ldigt viktigt att hyresg\u00e4stens kontaktuppgifter \u00e4r uppdaterade, s\u00e5 att vi snabbt och p\u00e5litl&hellip;<\/div><a class=\"gutentor-button gutentor-post-button\" href=\"https:\/\/porvoonkodit.fi\/sv\/ar-dina-kontaktuppgifter-uppdaterade\/\"><span>L\u00e4s mer<\/span><\/a><\/div><\/article><article class='gutentor-post  grid-md-4 grid-sm-4 grid-xs-12'><div class='gutentor-post-item'><div class='gutentor-post-image-box'><div class=\"gutentor-image-thumb\"><img loading=\"lazy\" decoding=\"async\" width=\"2560\" height=\"2560\" src=\"https:\/\/porvoonkodit.fi\/wp-content\/uploads\/2026\/04\/IMG_4663-scaled.jpg\" class=\"attachment-full size-full wp-post-image\" alt=\"\" \/><\/div><\/div><div class=\"gutentor-post-title-data-wrap\"><h3 class=\"gutentor-post-title\"><a href=\"https:\/\/porvoonkodit.fi\/sv\/haemme-kokoaikaista-siivouksen-tyontekijaa\/\" rel=\"bookmark\">Haemme kokoaikaista siivouksen ty\u00f6ntekij\u00e4\u00e4<\/a><\/h3><\/div><div class=\"gutentor-entry-meta gutentor-entry-meta-primary\"><div class=\"posted-on\"><i class=\"far fa-calendar-alt\"><\/i><a href=\"https:\/\/porvoonkodit.fi\/sv\/haemme-kokoaikaista-siivouksen-tyontekijaa\/\" rel=\"bookmark\">10 april 2026<\/a><\/div><\/div><div class=\"gutentor-post-desc\">Haemme motivoitunutta ja osaavaa siivoojaa vahvistamaan tiimi\u00e4mme.\n\n\n\nOdotamme sinulta aikaisempaa k&hellip;<\/div><a class=\"gutentor-button gutentor-post-button\" href=\"https:\/\/porvoonkodit.fi\/sv\/haemme-kokoaikaista-siivouksen-tyontekijaa\/\"><span>L\u00e4s mer<\/span><\/a><\/div><\/article><article class='gutentor-post  grid-md-4 grid-sm-4 grid-xs-12'><div class='gutentor-post-item'><div class='gutentor-post-image-box'><div class=\"gutentor-image-thumb\"><img loading=\"lazy\" decoding=\"async\" width=\"2048\" height=\"2048\" src=\"https:\/\/porvoonkodit.fi\/wp-content\/uploads\/2026\/03\/5M6A0014.jpg\" class=\"attachment-full size-full wp-post-image\" alt=\"\" \/><\/div><\/div><div class=\"gutentor-post-title-data-wrap\"><h3 class=\"gutentor-post-title\"><a href=\"https:\/\/porvoonkodit.fi\/sv\/lopptur-i-borga\/\" rel=\"bookmark\">Lopptur i Borg\u00e5<\/a><\/h3><\/div><div class=\"gutentor-entry-meta gutentor-entry-meta-primary\"><div class=\"posted-on\"><i class=\"far fa-calendar-alt\"><\/i><a href=\"https:\/\/porvoonkodit.fi\/sv\/lopptur-i-borga\/\" rel=\"bookmark\">31 mars 2026<\/a><\/div><\/div><div class=\"gutentor-post-desc\">Cirkul\u00e4r ekonomi och loppisande blir bara mer och mer popul\u00e4rt. Sj\u00e4lv har jag blivit helt s\u00e5ld p\u00e5 lo&hellip;<\/div><a class=\"gutentor-button gutentor-post-button\" href=\"https:\/\/porvoonkodit.fi\/sv\/lopptur-i-borga\/\"><span>L\u00e4s mer<\/span><\/a><\/div><\/article><article class='gutentor-post  grid-md-4 grid-sm-4 grid-xs-12'><div class='gutentor-post-item'><div class='gutentor-post-image-box'><div class=\"gutentor-image-thumb\"><img loading=\"lazy\" decoding=\"async\" width=\"2317\" height=\"2317\" src=\"https:\/\/porvoonkodit.fi\/wp-content\/uploads\/2025\/11\/A-Yhtiot4.jpg\" class=\"attachment-full size-full wp-post-image\" alt=\"\" \/><\/div><\/div><div class=\"gutentor-post-title-data-wrap\"><h3 class=\"gutentor-post-title\"><a href=\"https:\/\/porvoonkodit.fi\/sv\/haemme-kokoaikaista-kiinteistohuollon-tyontekijaa\/\" rel=\"bookmark\">Haemme kokoaikaista kiinteist\u00f6huollon ty\u00f6ntekij\u00e4\u00e4<\/a><\/h3><\/div><div class=\"gutentor-entry-meta gutentor-entry-meta-primary\"><div class=\"posted-on\"><i class=\"far fa-calendar-alt\"><\/i><a href=\"https:\/\/porvoonkodit.fi\/sv\/haemme-kokoaikaista-kiinteistohuollon-tyontekijaa\/\" rel=\"bookmark\">18 mars 2026<\/a><\/div><\/div><div class=\"gutentor-post-desc\">Haemme motivoitunutta ja osaavaa kiinteist\u00f6huoltajaa vahvistamaan tiimi\u00e4mme.\n\n\n\nOdotamme sinulta aik&hellip;<\/div><a class=\"gutentor-button gutentor-post-button\" href=\"https:\/\/porvoonkodit.fi\/sv\/haemme-kokoaikaista-kiinteistohuollon-tyontekijaa\/\"><span>L\u00e4s mer<\/span><\/a><\/div><\/article><article class='gutentor-post  grid-md-4 grid-sm-4 grid-xs-12'><div class='gutentor-post-item'><div class='gutentor-post-image-box'><div class=\"gutentor-image-thumb\"><img loading=\"lazy\" decoding=\"async\" width=\"2560\" height=\"2560\" src=\"https:\/\/porvoonkodit.fi\/wp-content\/uploads\/2026\/03\/IMG_4897-scaled.jpg\" class=\"attachment-full size-full wp-post-image\" alt=\"\" \/><\/div><\/div><div class=\"gutentor-post-title-data-wrap\"><h3 class=\"gutentor-post-title\"><a href=\"https:\/\/porvoonkodit.fi\/sv\/borga-hem-sasongsbulletin-1-2026\/\" rel=\"bookmark\">Borg\u00e5 Hem s\u00e4songsbulletin 1\/2026<\/a><\/h3><\/div><div class=\"gutentor-entry-meta gutentor-entry-meta-primary\"><div class=\"posted-on\"><i class=\"far fa-calendar-alt\"><\/i><a href=\"https:\/\/porvoonkodit.fi\/sv\/borga-hem-sasongsbulletin-1-2026\/\" rel=\"bookmark\">17 mars 2026<\/a><\/div><\/div><div class=\"gutentor-post-desc\">Vinterhalka\n\n\n\nVintern f\u00f6r med sig hala v\u00e4gar. Meddela oss alltid om du uppt\u00e4cker riskomr\u00e5den p\u00e5 g\u00e5r&hellip;<\/div><a class=\"gutentor-button gutentor-post-button\" href=\"https:\/\/porvoonkodit.fi\/sv\/borga-hem-sasongsbulletin-1-2026\/\"><span>L\u00e4s mer<\/span><\/a><\/div><\/article><\/div><\/div><\/section>\n\n\n<div id=\"section-g-nh18knb\" class=\"wp-block-gutentor-e17 section-g-nh18knb gutentor-element gutentor-post-footer\"><div class=\"grid-container\"><div class=\"grid-row\">\n<div id=\"col-g-7i4ixmy\" class=\"wp-block-gutentor-e15 gutentor-single-column  grid-lg-12 grid-md-12 grid-12\"><div id=\"section-g-7i4ixmy\" class=\"section-g-7i4ixmy gutentor-col-wrap\">\n<div id=\"section-g-1aqd7k1\" class=\"wp-block-gutentor-e12 section-g-1aqd7k1 gutentor-element gutentor-element-pagination text-align-center-mobile\"><div class=\"gutentor-pagination-wrap\" data-maxnumpages=\"2\"><ul class=\"gutentor-pagination\"><li class=\"gutentor-pagination-item gutentor-pagination-prev\"><a class=\"gutentor-pagination-link gutentor-disabled\" href=\"#\"><i class=\"fas fa-chevron-left\"><\/i>Tidigare<\/a><\/li><li class=\"gutentor-pagination-item gutentor-pagination-active\" data-gpage=\"1\"><a class=\"gutentor-pagination-link\" href=\"#\">1<\/a><\/li><li class=\"gutentor-pagination-item\"><a class=\"gutentor-pagination-link\" href=\"#\" data-gpage=\"2\">2<\/a><\/li><li class=\"gutentor-pagination-item gutentor-pagination-next\"><a class=\"gutentor-pagination-link\" href=\"#\" data-gpage=\"2\">N\u00e4sta<i class=\"fas fa-chevron-right\"><\/i><\/a><\/li><\/ul><\/div><\/div>\n<\/div><\/div>\n<\/div><\/div><\/div>\n<\/section>\n<\/div><\/section>\n<\/div><\/section>\n","protected":false},"excerpt":{"rendered":"","protected":false},"author":3,"featured_media":0,"parent":2134,"menu_order":0,"comment_status":"closed","ping_status":"closed","template":"","meta":{"_acf_changed":false,"footnotes":""},"class_list":["post-2136","page","type-page","status-publish"],"acf":[],"yoast_head":"<!-- This site is optimized with the Yoast SEO plugin v27.5 - https:\/\/yoast.com\/product\/yoast-seo-wordpress\/ -->\n<title>Aktuellt - Porvoon Kodit<\/title>\n<meta name=\"robots\" content=\"index, follow, max-snippet:-1, max-image-preview:large, max-video-preview:-1\" \/>\n<link rel=\"canonical\" href=\"https:\/\/porvoonkodit.fi\/sv\/meista\/ajankohtaista\/\" \/>\n<meta property=\"og:locale\" content=\"sv_SE\" \/>\n<meta property=\"og:type\" content=\"article\" \/>\n<meta property=\"og:title\" content=\"Aktuellt - Porvoon Kodit\" \/>\n<meta property=\"og:url\" content=\"https:\/\/porvoonkodit.fi\/sv\/meista\/ajankohtaista\/\" \/>\n<meta property=\"og:site_name\" content=\"Porvoon Kodit\" \/>\n<meta property=\"article:publisher\" content=\"https:\/\/www.facebook.com\/AyhtiotAbolagen\/\" \/>\n<meta property=\"article:modified_time\" content=\"2025-09-12T11:02:37+00:00\" \/>\n<meta name=\"twitter:card\" content=\"summary_large_image\" \/>\n<meta name=\"twitter:label1\" content=\"Ber\u00e4knad l\u00e4stid\" \/>\n\t<meta name=\"twitter:data1\" content=\"1 minut\" \/>\n<script type=\"application\/ld+json\" class=\"yoast-schema-graph\">{\"@context\":\"https:\\\/\\\/schema.org\",\"@graph\":[{\"@type\":\"WebPage\",\"@id\":\"https:\\\/\\\/porvoonkodit.fi\\\/sv\\\/meista\\\/ajankohtaista\\\/\",\"url\":\"https:\\\/\\\/porvoonkodit.fi\\\/sv\\\/meista\\\/ajankohtaista\\\/\",\"name\":\"Aktuellt - Porvoon Kodit\",\"isPartOf\":{\"@id\":\"https:\\\/\\\/porvoonkodit.fi\\\/#website\"},\"datePublished\":\"2025-07-31T07:42:45+00:00\",\"dateModified\":\"2025-09-12T11:02:37+00:00\",\"breadcrumb\":{\"@id\":\"https:\\\/\\\/porvoonkodit.fi\\\/sv\\\/meista\\\/ajankohtaista\\\/#breadcrumb\"},\"inLanguage\":\"sv-SE\",\"potentialAction\":[{\"@type\":\"ReadAction\",\"target\":[\"https:\\\/\\\/porvoonkodit.fi\\\/sv\\\/meista\\\/ajankohtaista\\\/\"]}]},{\"@type\":\"BreadcrumbList\",\"@id\":\"https:\\\/\\\/porvoonkodit.fi\\\/sv\\\/meista\\\/ajankohtaista\\\/#breadcrumb\",\"itemListElement\":[{\"@type\":\"ListItem\",\"position\":1,\"name\":\"Etusivu\",\"item\":\"https:\\\/\\\/porvoonkodit.fi\\\/sv\\\/\"},{\"@type\":\"ListItem\",\"position\":2,\"name\":\"Om oss\",\"item\":\"https:\\\/\\\/porvoonkodit.fi\\\/sv\\\/meista\\\/\"},{\"@type\":\"ListItem\",\"position\":3,\"name\":\"Aktuellt\"}]},{\"@type\":\"WebSite\",\"@id\":\"https:\\\/\\\/porvoonkodit.fi\\\/#website\",\"url\":\"https:\\\/\\\/porvoonkodit.fi\\\/\",\"name\":\"Porvoon kodit Oy\",\"description\":\"Tervetuloa kotiin\",\"publisher\":{\"@id\":\"https:\\\/\\\/porvoonkodit.fi\\\/#organization\"},\"potentialAction\":[{\"@type\":\"SearchAction\",\"target\":{\"@type\":\"EntryPoint\",\"urlTemplate\":\"https:\\\/\\\/porvoonkodit.fi\\\/?s={search_term_string}\"},\"query-input\":{\"@type\":\"PropertyValueSpecification\",\"valueRequired\":true,\"valueName\":\"search_term_string\"}}],\"inLanguage\":\"sv-SE\"},{\"@type\":\"Organization\",\"@id\":\"https:\\\/\\\/porvoonkodit.fi\\\/#organization\",\"name\":\"Porvoon kodit Oy\",\"url\":\"https:\\\/\\\/porvoonkodit.fi\\\/\",\"logo\":{\"@type\":\"ImageObject\",\"inLanguage\":\"sv-SE\",\"@id\":\"https:\\\/\\\/porvoonkodit.fi\\\/#\\\/schema\\\/logo\\\/image\\\/\",\"url\":\"https:\\\/\\\/porvoonkodit.fi\\\/wp-content\\\/uploads\\\/2025\\\/07\\\/Logo-tummempi-oranssi.png\",\"contentUrl\":\"https:\\\/\\\/porvoonkodit.fi\\\/wp-content\\\/uploads\\\/2025\\\/07\\\/Logo-tummempi-oranssi.png\",\"width\":480,\"height\":150,\"caption\":\"Porvoon kodit Oy\"},\"image\":{\"@id\":\"https:\\\/\\\/porvoonkodit.fi\\\/#\\\/schema\\\/logo\\\/image\\\/\"},\"sameAs\":[\"https:\\\/\\\/www.facebook.com\\\/AyhtiotAbolagen\\\/\"]}]}<\/script>\n<!-- \/ Yoast SEO plugin. -->","yoast_head_json":{"title":"Aktuellt - Porvoon Kodit","robots":{"index":"index","follow":"follow","max-snippet":"max-snippet:-1","max-image-preview":"max-image-preview:large","max-video-preview":"max-video-preview:-1"},"canonical":"https:\/\/porvoonkodit.fi\/sv\/meista\/ajankohtaista\/","og_locale":"sv_SE","og_type":"article","og_title":"Aktuellt - Porvoon Kodit","og_url":"https:\/\/porvoonkodit.fi\/sv\/meista\/ajankohtaista\/","og_site_name":"Porvoon Kodit","article_publisher":"https:\/\/www.facebook.com\/AyhtiotAbolagen\/","article_modified_time":"2025-09-12T11:02:37+00:00","twitter_card":"summary_large_image","twitter_misc":{"Ber\u00e4knad l\u00e4stid":"1 minut"},"schema":{"@context":"https:\/\/schema.org","@graph":[{"@type":"WebPage","@id":"https:\/\/porvoonkodit.fi\/sv\/meista\/ajankohtaista\/","url":"https:\/\/porvoonkodit.fi\/sv\/meista\/ajankohtaista\/","name":"Aktuellt - Porvoon Kodit","isPartOf":{"@id":"https:\/\/porvoonkodit.fi\/#website"},"datePublished":"2025-07-31T07:42:45+00:00","dateModified":"2025-09-12T11:02:37+00:00","breadcrumb":{"@id":"https:\/\/porvoonkodit.fi\/sv\/meista\/ajankohtaista\/#breadcrumb"},"inLanguage":"sv-SE","potentialAction":[{"@type":"ReadAction","target":["https:\/\/porvoonkodit.fi\/sv\/meista\/ajankohtaista\/"]}]},{"@type":"BreadcrumbList","@id":"https:\/\/porvoonkodit.fi\/sv\/meista\/ajankohtaista\/#breadcrumb","itemListElement":[{"@type":"ListItem","position":1,"name":"Etusivu","item":"https:\/\/porvoonkodit.fi\/sv\/"},{"@type":"ListItem","position":2,"name":"Om oss","item":"https:\/\/porvoonkodit.fi\/sv\/meista\/"},{"@type":"ListItem","position":3,"name":"Aktuellt"}]},{"@type":"WebSite","@id":"https:\/\/porvoonkodit.fi\/#website","url":"https:\/\/porvoonkodit.fi\/","name":"Porvoon kodit Oy","description":"Tervetuloa kotiin","publisher":{"@id":"https:\/\/porvoonkodit.fi\/#organization"},"potentialAction":[{"@type":"SearchAction","target":{"@type":"EntryPoint","urlTemplate":"https:\/\/porvoonkodit.fi\/?s={search_term_string}"},"query-input":{"@type":"PropertyValueSpecification","valueRequired":true,"valueName":"search_term_string"}}],"inLanguage":"sv-SE"},{"@type":"Organization","@id":"https:\/\/porvoonkodit.fi\/#organization","name":"Porvoon kodit Oy","url":"https:\/\/porvoonkodit.fi\/","logo":{"@type":"ImageObject","inLanguage":"sv-SE","@id":"https:\/\/porvoonkodit.fi\/#\/schema\/logo\/image\/","url":"https:\/\/porvoonkodit.fi\/wp-content\/uploads\/2025\/07\/Logo-tummempi-oranssi.png","contentUrl":"https:\/\/porvoonkodit.fi\/wp-content\/uploads\/2025\/07\/Logo-tummempi-oranssi.png","width":480,"height":150,"caption":"Porvoon kodit Oy"},"image":{"@id":"https:\/\/porvoonkodit.fi\/#\/schema\/logo\/image\/"},"sameAs":["https:\/\/www.facebook.com\/AyhtiotAbolagen\/"]}]}},"_links":{"self":[{"href":"https:\/\/porvoonkodit.fi\/sv\/wp-json\/wp\/v2\/pages\/2136","targetHints":{"allow":["GET"]}}],"collection":[{"href":"https:\/\/porvoonkodit.fi\/sv\/wp-json\/wp\/v2\/pages"}],"about":[{"href":"https:\/\/porvoonkodit.fi\/sv\/wp-json\/wp\/v2\/types\/page"}],"author":[{"embeddable":true,"href":"https:\/\/porvoonkodit.fi\/sv\/wp-json\/wp\/v2\/users\/3"}],"replies":[{"embeddable":true,"href":"https:\/\/porvoonkodit.fi\/sv\/wp-json\/wp\/v2\/comments?post=2136"}],"version-history":[{"count":3,"href":"https:\/\/porvoonkodit.fi\/sv\/wp-json\/wp\/v2\/pages\/2136\/revisions"}],"predecessor-version":[{"id":2914,"href":"https:\/\/porvoonkodit.fi\/sv\/wp-json\/wp\/v2\/pages\/2136\/revisions\/2914"}],"up":[{"embeddable":true,"href":"https:\/\/porvoonkodit.fi\/sv\/wp-json\/wp\/v2\/pages\/2134"}],"wp:attachment":[{"href":"https:\/\/porvoonkodit.fi\/sv\/wp-json\/wp\/v2\/media?parent=2136"}],"curies":[{"name":"wp","href":"https:\/\/api.w.org\/{rel}","templated":true}]}}