{"id":2134,"date":"2025-07-31T07:41:55","date_gmt":"2025-07-31T07:41:55","guid":{"rendered":"https:\/\/porvoonkodit.fi\/meista\/"},"modified":"2026-04-24T12:09:19","modified_gmt":"2026-04-24T12:09:19","slug":"meista","status":"publish","type":"page","link":"https:\/\/porvoonkodit.fi\/sv\/meista\/","title":{"rendered":"Om oss"},"content":{"rendered":"\n<section id=\"g-w87gelw\" class=\"wp-block-gutentor-m3 alignfull section-g-w87gelw gutentor-module gutentor-container-cover\"><div class=\"grid-container\">\n<section id=\"g-14hiz4e\" class=\"wp-block-gutentor-m3 section-g-14hiz4e gutentor-module gutentor-container-cover\"><div class=\"grid-container\">\n<div id=\"section-g-y7gj1wf\" class=\"wp-block-gutentor-e1 section-g-y7gj1wf gutentor-element gutentor-element-advanced-text\"><div class=\"gutentor-text-wrap\"><h2 class=\"gutentor-text\">Borg\u00e5 Hem \u2013 Hem f\u00f6r livet<\/h2><\/div><\/div>\n\n\n\n<div id=\"section-g-i5ismss\" class=\"wp-block-gutentor-e1 section-g-i5ismss gutentor-element gutentor-element-advanced-text\"><div class=\"gutentor-text-wrap\"><p class=\"gutentor-text\">Borg\u00e5 Hem erbjuder mer \u00e4n bara bost\u00e4der \u2013 vi erbjuder hem d\u00e4r vardagen flyter p\u00e5 smidigt och d\u00e4r du kan k\u00e4nna att du lever ditt eget liv p\u00e5 ditt s\u00e4tt. Vi \u00e4r ett kommunalt bostadsbolag i Borg\u00e5 stadskoncern och har i \u00f6ver 60 \u00e5r varit en del av borg\u00e5bornas liv \u2013 tryggt, f\u00f6rm\u00e5nligt och med ett m\u00e4nniskon\u00e4ra grepp.<br><br>Vi har cirka 2500 hem runt om i Borg\u00e5 och \u00e5rligen frig\u00f6rs cirka 350 nya m\u00f6jligheter att p\u00e5b\u00f6rja ett nytt kapitel i livet. De flesta av v\u00e5ra hem \u00e4r statligt st\u00f6dda, f\u00f6rm\u00e5nliga hyresbost\u00e4der d\u00e4r vi vid val av hyresg\u00e4ster beaktar s\u00f6kandens bostadsbehov, inkomster och f\u00f6rm\u00f6genhet. <br><br>Att bo hos Borg\u00e5 Hem \u00e4r enkelt och bekymmersfritt. Vi tar hand om byggandet, uthyrningen, f\u00f6rvaltningen och fastighetssk\u00f6tseln \u2013 men framf\u00f6r allt lyssnar vi p\u00e5 v\u00e5ra hyresg\u00e4ster. V\u00e5rt uppdrag \u00e4r att g\u00f6ra boendet smidigt.<br><br>V\u00e4lkommen till Borg\u00e5 Hem \u2013 Din vardag hos oss \u00e4r b\u00e5de hemtrevlig och v\u00e4lfungerande!<\/p><\/div><\/div>\n<\/div><\/section>\n<\/div><\/section>\n\n\n\n<section id=\"g-r1gp081\" class=\"wp-block-gutentor-m3 alignfull section-g-r1gp081 gutentor-module gutentor-container-cover\"><div class=\"grid-container\">\n<section id=\"g-1z70hrh\" class=\"wp-block-gutentor-m3 section-g-1z70hrh gutentor-module gutentor-container-cover\"><div class=\"grid-container\">\n<div id=\"section-g-3q1l3ol\" class=\"wp-block-gutentor-e1 section-g-3q1l3ol gutentor-element gutentor-element-advanced-text\"><div class=\"gutentor-text-wrap\"><h3 class=\"gutentor-text\">Borg\u00e5 A-bost\u00e4der Styrelse<\/h3><\/div><\/div>\n\n\n\n<div id=\"section-g-5ul56hl\" class=\"wp-block-gutentor-e7 section-g-5ul56hl gutentor-element gutentor-element-list\"><ul class=\"grid-row gutentor-grid-item-wrap list-style-circle\"><li class=\"gutentor-list-item grid-lg-12 grid-md-12 grid-12\"><span class=\"gutentor-single-item gutentor-single-item-0\"><span class=\"gutentor-list-item-wrap g-s-list-wrap\"><span class=\"gutentor-list-item\"><p class=\"gutentor-single-item-title\">Ordf\u00f6rande: Joel Karvinen<\/p><\/span><\/span><\/span><\/li><li class=\"gutentor-list-item grid-lg-12 grid-md-12 grid-12\"><span class=\"gutentor-single-item gutentor-single-item-1\"><span class=\"gutentor-list-item-wrap g-s-list-wrap\"><span class=\"gutentor-list-item\"><p class=\"gutentor-single-item-title\">Vice ordf\u00f6rande: Pehr Sveholm<\/p><\/span><\/span><\/span><\/li><li class=\"gutentor-list-item grid-lg-12 grid-md-12 grid-12\"><span class=\"gutentor-single-item gutentor-single-item-2\"><span class=\"gutentor-list-item-wrap g-s-list-wrap\"><span class=\"gutentor-list-item\"><p class=\"gutentor-single-item-title\">Medlemmar: Frida Sigfrids, Kim Parviainen, Eija Quinlan, Siru Hopealinna ja Mariella Koskinen<\/p><\/span><\/span><\/span><\/li><\/ul><\/div>\n\n\n\n<div id=\"section-g-ip7g7bp\" class=\"wp-block-gutentor-e6 section-g-ip7g7bp gutentor-element gutentor-element-image gutentor-enabled-width\"><div class=\"gutentor-element-image-box\"><div class=\"gutentor-image-thumb\"><img decoding=\"async\" class=\"normal-image\" src=\"https:\/\/porvoonkodit.fi\/wp-content\/uploads\/2026\/03\/20260127-_MG_2276-1024x683.jpg\" alt=\"Porvoon Kotien hallitus seisoo porvoon kaupunkimaisemaa kuvaavan taustan edess\u00e4.\" \/><\/div><\/div><\/div>\n\n\n\n<p>Joel Karvinen, Mariella Koskinen, Eija Quinlan, Frida Sigfrids, Pehr Sveholm och Kim Parviainen<\/p>\n\n\n\n<div id=\"section-g-5c7j5kk\" class=\"wp-block-gutentor-e1 section-g-5c7j5kk gutentor-element gutentor-element-advanced-text\"><div class=\"gutentor-text-wrap\"><h3 class=\"gutentor-text\">Ledningsgrupp<\/h3><\/div><\/div>\n\n\n\n<div id=\"section-g-217x51p\" class=\"wp-block-gutentor-e7 section-g-217x51p gutentor-element gutentor-element-list\"><ul class=\"grid-row gutentor-grid-item-wrap list-style-circle\"><li class=\"gutentor-list-item grid-lg-12 grid-md-12 grid-12\"><span class=\"gutentor-single-item gutentor-single-item-0\"><span class=\"gutentor-list-item-wrap g-s-list-wrap\"><span class=\"gutentor-list-item\"><p class=\"gutentor-single-item-title\">Kundrelationsdirekt\u00f6r: Laura Kalakoski 050 544 5334 (uthyrning, kundservice och disponering)<\/p><\/span><\/span><\/span><\/li><li class=\"gutentor-list-item grid-lg-12 grid-md-12 grid-12\"><span class=\"gutentor-single-item gutentor-single-item-1\"><span class=\"gutentor-list-item-wrap g-s-list-wrap\"><span class=\"gutentor-list-item\"><p class=\"gutentor-single-item-title\">Fastighetsutvecklingdirekt\u00f6r: Teppo Riski 040 551 8289 (nyprojekt, renoveringar och fastighetsutveckling)<\/p><\/span><\/span><\/span><\/li><li class=\"gutentor-list-item grid-lg-12 grid-md-12 grid-12\"><span class=\"gutentor-single-item gutentor-single-item-2\"><span class=\"gutentor-list-item-wrap g-s-list-wrap\"><span class=\"gutentor-list-item\"><p class=\"gutentor-single-item-title\">Ekonomidirekt\u00f6r: Jenna Rask-Backman 040 575 0513<\/p><\/span><\/span><\/span><\/li><li class=\"gutentor-list-item grid-lg-12 grid-md-12 grid-12\"><span class=\"gutentor-single-item gutentor-single-item-3\"><span class=\"gutentor-list-item-wrap g-s-list-wrap\"><span class=\"gutentor-list-item\"><p class=\"gutentor-single-item-title\">Fastighetsservicedirekt\u00f6r: Antti V\u00e4\u00e4t\u00e4inen 040 594 2999 (underh\u00e5ll, st\u00e4dning och utomhusomr\u00e5den)<\/p><\/span><\/span><\/span><\/li><li class=\"gutentor-list-item grid-lg-12 grid-md-12 grid-12\"><span class=\"gutentor-single-item gutentor-single-item-4\"><span class=\"gutentor-list-item-wrap g-s-list-wrap\"><span class=\"gutentor-list-item\"><p class=\"gutentor-single-item-title\">Verkst\u00e4llande direkt\u00f6r: Marjut Sandsjoe 040 500 2828<\/p><\/span><\/span><\/span><\/li><li class=\"gutentor-list-item grid-lg-12 grid-md-12 grid-12\"><span class=\"gutentor-single-item gutentor-single-item-5\"><span class=\"gutentor-list-item-wrap g-s-list-wrap\"><span class=\"gutentor-list-item\"><p class=\"gutentor-single-item-title\">E-post: f\u00f6rnamn.efternamn@porvoonkodit.fi<\/p><\/span><\/span><\/span><\/li><\/ul><\/div>\n\n\n\n<div id=\"section-g-709q1m0\" class=\"wp-block-gutentor-e1 section-g-709q1m0 gutentor-element gutentor-element-advanced-text\"><div class=\"gutentor-text-wrap\"><h3 class=\"gutentor-text\">Disponenter \/ isannointi@porvoonkodit.fi<\/h3><\/div><\/div>\n\n\n\n<div id=\"section-g-plu6rg2\" class=\"wp-block-gutentor-e7 section-g-plu6rg2 gutentor-element gutentor-element-list\"><ul class=\"grid-row gutentor-grid-item-wrap list-style-circle\"><li class=\"gutentor-list-item grid-lg-12 grid-md-12 grid-12\"><span class=\"gutentor-single-item gutentor-single-item-0\"><span class=\"gutentor-list-item-wrap g-s-list-wrap\"><span class=\"gutentor-list-item\"><p class=\"gutentor-single-item-title\">Kristian Tuomala<\/p><\/span><\/span><\/span><\/li><li class=\"gutentor-list-item grid-lg-12 grid-md-12 grid-12\"><span class=\"gutentor-single-item gutentor-single-item-1\"><span class=\"gutentor-list-item-wrap g-s-list-wrap\"><span class=\"gutentor-list-item\"><p class=\"gutentor-single-item-title\">Iina \u00d6stman-Fredriksson<\/p><\/span><\/span><\/span><\/li><\/ul><\/div>\n<\/div><\/section>\n<\/div><\/section>\n\n\n\n<p><\/p>\n","protected":false},"excerpt":{"rendered":"","protected":false},"author":3,"featured_media":0,"parent":0,"menu_order":0,"comment_status":"closed","ping_status":"closed","template":"","meta":{"_acf_changed":false,"footnotes":""},"class_list":["post-2134","page","type-page","status-publish"],"acf":[],"yoast_head":"<!-- This site is optimized with the Yoast SEO plugin v27.5 - https:\/\/yoast.com\/product\/yoast-seo-wordpress\/ -->\n<title>Om oss - Porvoon Kodit<\/title>\n<meta name=\"robots\" content=\"index, follow, max-snippet:-1, max-image-preview:large, max-video-preview:-1\" \/>\n<link rel=\"canonical\" href=\"https:\/\/porvoonkodit.fi\/sv\/meista\/\" \/>\n<meta property=\"og:locale\" content=\"sv_SE\" \/>\n<meta property=\"og:type\" content=\"article\" \/>\n<meta property=\"og:title\" content=\"Om oss - Porvoon Kodit\" \/>\n<meta property=\"og:url\" content=\"https:\/\/porvoonkodit.fi\/sv\/meista\/\" \/>\n<meta property=\"og:site_name\" content=\"Porvoon Kodit\" \/>\n<meta property=\"article:publisher\" content=\"https:\/\/www.facebook.com\/AyhtiotAbolagen\/\" \/>\n<meta property=\"article:modified_time\" content=\"2026-04-24T12:09:19+00:00\" \/>\n<meta property=\"og:image\" content=\"https:\/\/porvoonkodit.fi\/wp-content\/uploads\/2026\/03\/20260127-_MG_2276-1024x683.jpg\" \/>\n<meta name=\"twitter:card\" content=\"summary_large_image\" \/>\n<meta name=\"twitter:label1\" content=\"Ber\u00e4knad l\u00e4stid\" \/>\n\t<meta name=\"twitter:data1\" content=\"2 minuter\" \/>\n<script type=\"application\/ld+json\" class=\"yoast-schema-graph\">{\"@context\":\"https:\\\/\\\/schema.org\",\"@graph\":[{\"@type\":\"WebPage\",\"@id\":\"https:\\\/\\\/porvoonkodit.fi\\\/sv\\\/meista\\\/\",\"url\":\"https:\\\/\\\/porvoonkodit.fi\\\/sv\\\/meista\\\/\",\"name\":\"Om oss - Porvoon Kodit\",\"isPartOf\":{\"@id\":\"https:\\\/\\\/porvoonkodit.fi\\\/#website\"},\"primaryImageOfPage\":{\"@id\":\"https:\\\/\\\/porvoonkodit.fi\\\/sv\\\/meista\\\/#primaryimage\"},\"image\":{\"@id\":\"https:\\\/\\\/porvoonkodit.fi\\\/sv\\\/meista\\\/#primaryimage\"},\"thumbnailUrl\":\"https:\\\/\\\/porvoonkodit.fi\\\/wp-content\\\/uploads\\\/2026\\\/03\\\/20260127-_MG_2276-1024x683.jpg\",\"datePublished\":\"2025-07-31T07:41:55+00:00\",\"dateModified\":\"2026-04-24T12:09:19+00:00\",\"breadcrumb\":{\"@id\":\"https:\\\/\\\/porvoonkodit.fi\\\/sv\\\/meista\\\/#breadcrumb\"},\"inLanguage\":\"sv-SE\",\"potentialAction\":[{\"@type\":\"ReadAction\",\"target\":[\"https:\\\/\\\/porvoonkodit.fi\\\/sv\\\/meista\\\/\"]}]},{\"@type\":\"ImageObject\",\"inLanguage\":\"sv-SE\",\"@id\":\"https:\\\/\\\/porvoonkodit.fi\\\/sv\\\/meista\\\/#primaryimage\",\"url\":\"https:\\\/\\\/porvoonkodit.fi\\\/wp-content\\\/uploads\\\/2026\\\/03\\\/20260127-_MG_2276-1024x683.jpg\",\"contentUrl\":\"https:\\\/\\\/porvoonkodit.fi\\\/wp-content\\\/uploads\\\/2026\\\/03\\\/20260127-_MG_2276-1024x683.jpg\"},{\"@type\":\"BreadcrumbList\",\"@id\":\"https:\\\/\\\/porvoonkodit.fi\\\/sv\\\/meista\\\/#breadcrumb\",\"itemListElement\":[{\"@type\":\"ListItem\",\"position\":1,\"name\":\"Etusivu\",\"item\":\"https:\\\/\\\/porvoonkodit.fi\\\/sv\\\/\"},{\"@type\":\"ListItem\",\"position\":2,\"name\":\"Om oss\"}]},{\"@type\":\"WebSite\",\"@id\":\"https:\\\/\\\/porvoonkodit.fi\\\/#website\",\"url\":\"https:\\\/\\\/porvoonkodit.fi\\\/\",\"name\":\"Porvoon kodit Oy\",\"description\":\"Tervetuloa kotiin\",\"publisher\":{\"@id\":\"https:\\\/\\\/porvoonkodit.fi\\\/#organization\"},\"potentialAction\":[{\"@type\":\"SearchAction\",\"target\":{\"@type\":\"EntryPoint\",\"urlTemplate\":\"https:\\\/\\\/porvoonkodit.fi\\\/?s={search_term_string}\"},\"query-input\":{\"@type\":\"PropertyValueSpecification\",\"valueRequired\":true,\"valueName\":\"search_term_string\"}}],\"inLanguage\":\"sv-SE\"},{\"@type\":\"Organization\",\"@id\":\"https:\\\/\\\/porvoonkodit.fi\\\/#organization\",\"name\":\"Porvoon kodit Oy\",\"url\":\"https:\\\/\\\/porvoonkodit.fi\\\/\",\"logo\":{\"@type\":\"ImageObject\",\"inLanguage\":\"sv-SE\",\"@id\":\"https:\\\/\\\/porvoonkodit.fi\\\/#\\\/schema\\\/logo\\\/image\\\/\",\"url\":\"https:\\\/\\\/porvoonkodit.fi\\\/wp-content\\\/uploads\\\/2025\\\/07\\\/Logo-tummempi-oranssi.png\",\"contentUrl\":\"https:\\\/\\\/porvoonkodit.fi\\\/wp-content\\\/uploads\\\/2025\\\/07\\\/Logo-tummempi-oranssi.png\",\"width\":480,\"height\":150,\"caption\":\"Porvoon kodit Oy\"},\"image\":{\"@id\":\"https:\\\/\\\/porvoonkodit.fi\\\/#\\\/schema\\\/logo\\\/image\\\/\"},\"sameAs\":[\"https:\\\/\\\/www.facebook.com\\\/AyhtiotAbolagen\\\/\"]}]}<\/script>\n<!-- \/ Yoast SEO plugin. -->","yoast_head_json":{"title":"Om oss - Porvoon Kodit","robots":{"index":"index","follow":"follow","max-snippet":"max-snippet:-1","max-image-preview":"max-image-preview:large","max-video-preview":"max-video-preview:-1"},"canonical":"https:\/\/porvoonkodit.fi\/sv\/meista\/","og_locale":"sv_SE","og_type":"article","og_title":"Om oss - Porvoon Kodit","og_url":"https:\/\/porvoonkodit.fi\/sv\/meista\/","og_site_name":"Porvoon Kodit","article_publisher":"https:\/\/www.facebook.com\/AyhtiotAbolagen\/","article_modified_time":"2026-04-24T12:09:19+00:00","og_image":[{"url":"https:\/\/porvoonkodit.fi\/wp-content\/uploads\/2026\/03\/20260127-_MG_2276-1024x683.jpg","type":"","width":"","height":""}],"twitter_card":"summary_large_image","twitter_misc":{"Ber\u00e4knad l\u00e4stid":"2 minuter"},"schema":{"@context":"https:\/\/schema.org","@graph":[{"@type":"WebPage","@id":"https:\/\/porvoonkodit.fi\/sv\/meista\/","url":"https:\/\/porvoonkodit.fi\/sv\/meista\/","name":"Om oss - Porvoon Kodit","isPartOf":{"@id":"https:\/\/porvoonkodit.fi\/#website"},"primaryImageOfPage":{"@id":"https:\/\/porvoonkodit.fi\/sv\/meista\/#primaryimage"},"image":{"@id":"https:\/\/porvoonkodit.fi\/sv\/meista\/#primaryimage"},"thumbnailUrl":"https:\/\/porvoonkodit.fi\/wp-content\/uploads\/2026\/03\/20260127-_MG_2276-1024x683.jpg","datePublished":"2025-07-31T07:41:55+00:00","dateModified":"2026-04-24T12:09:19+00:00","breadcrumb":{"@id":"https:\/\/porvoonkodit.fi\/sv\/meista\/#breadcrumb"},"inLanguage":"sv-SE","potentialAction":[{"@type":"ReadAction","target":["https:\/\/porvoonkodit.fi\/sv\/meista\/"]}]},{"@type":"ImageObject","inLanguage":"sv-SE","@id":"https:\/\/porvoonkodit.fi\/sv\/meista\/#primaryimage","url":"https:\/\/porvoonkodit.fi\/wp-content\/uploads\/2026\/03\/20260127-_MG_2276-1024x683.jpg","contentUrl":"https:\/\/porvoonkodit.fi\/wp-content\/uploads\/2026\/03\/20260127-_MG_2276-1024x683.jpg"},{"@type":"BreadcrumbList","@id":"https:\/\/porvoonkodit.fi\/sv\/meista\/#breadcrumb","itemListElement":[{"@type":"ListItem","position":1,"name":"Etusivu","item":"https:\/\/porvoonkodit.fi\/sv\/"},{"@type":"ListItem","position":2,"name":"Om oss"}]},{"@type":"WebSite","@id":"https:\/\/porvoonkodit.fi\/#website","url":"https:\/\/porvoonkodit.fi\/","name":"Porvoon kodit Oy","description":"Tervetuloa kotiin","publisher":{"@id":"https:\/\/porvoonkodit.fi\/#organization"},"potentialAction":[{"@type":"SearchAction","target":{"@type":"EntryPoint","urlTemplate":"https:\/\/porvoonkodit.fi\/?s={search_term_string}"},"query-input":{"@type":"PropertyValueSpecification","valueRequired":true,"valueName":"search_term_string"}}],"inLanguage":"sv-SE"},{"@type":"Organization","@id":"https:\/\/porvoonkodit.fi\/#organization","name":"Porvoon kodit Oy","url":"https:\/\/porvoonkodit.fi\/","logo":{"@type":"ImageObject","inLanguage":"sv-SE","@id":"https:\/\/porvoonkodit.fi\/#\/schema\/logo\/image\/","url":"https:\/\/porvoonkodit.fi\/wp-content\/uploads\/2025\/07\/Logo-tummempi-oranssi.png","contentUrl":"https:\/\/porvoonkodit.fi\/wp-content\/uploads\/2025\/07\/Logo-tummempi-oranssi.png","width":480,"height":150,"caption":"Porvoon kodit Oy"},"image":{"@id":"https:\/\/porvoonkodit.fi\/#\/schema\/logo\/image\/"},"sameAs":["https:\/\/www.facebook.com\/AyhtiotAbolagen\/"]}]}},"_links":{"self":[{"href":"https:\/\/porvoonkodit.fi\/sv\/wp-json\/wp\/v2\/pages\/2134","targetHints":{"allow":["GET"]}}],"collection":[{"href":"https:\/\/porvoonkodit.fi\/sv\/wp-json\/wp\/v2\/pages"}],"about":[{"href":"https:\/\/porvoonkodit.fi\/sv\/wp-json\/wp\/v2\/types\/page"}],"author":[{"embeddable":true,"href":"https:\/\/porvoonkodit.fi\/sv\/wp-json\/wp\/v2\/users\/3"}],"replies":[{"embeddable":true,"href":"https:\/\/porvoonkodit.fi\/sv\/wp-json\/wp\/v2\/comments?post=2134"}],"version-history":[{"count":13,"href":"https:\/\/porvoonkodit.fi\/sv\/wp-json\/wp\/v2\/pages\/2134\/revisions"}],"predecessor-version":[{"id":7840,"href":"https:\/\/porvoonkodit.fi\/sv\/wp-json\/wp\/v2\/pages\/2134\/revisions\/7840"}],"wp:attachment":[{"href":"https:\/\/porvoonkodit.fi\/sv\/wp-json\/wp\/v2\/media?parent=2134"}],"curies":[{"name":"wp","href":"https:\/\/api.w.org\/{rel}","templated":true}]}}