{"id":2127,"date":"2025-07-31T07:33:13","date_gmt":"2025-07-31T07:33:13","guid":{"rendered":"https:\/\/porvoonkodit.fi\/asunnon-hakijalle\/asunnon-hakeminen\/"},"modified":"2026-04-24T12:16:38","modified_gmt":"2026-04-24T12:16:38","slug":"asunnon-hakeminen","status":"publish","type":"page","link":"https:\/\/porvoonkodit.fi\/sv\/asunnon-hakijalle\/asunnon-hakeminen\/","title":{"rendered":"Anvisningar f\u00f6r bostadss\u00f6kande"},"content":{"rendered":"\n<div style=\"height:15px\" aria-hidden=\"true\" class=\"wp-block-spacer\"><\/div>\n\n\n\n<section id=\"g-v1l9vvr\" class=\"wp-block-gutentor-m3 alignfull section-g-v1l9vvr gutentor-module gutentor-container-cover\"><div class=\"grid-container\">\n<section id=\"g-mmom818\" class=\"wp-block-gutentor-m3 section-g-mmom818 gutentor-module gutentor-container-cover\"><div class=\"grid-container\">\n<div id=\"section-g-39kx12j\" class=\"wp-block-gutentor-e1 section-g-39kx12j gutentor-element gutentor-element-advanced-text\"><div class=\"gutentor-text-wrap\"><h2 class=\"gutentor-text\">S\u00e5 h\u00e4r s\u00f6ker du bostad hos Borg\u00e5 Hem<\/h2><\/div><\/div>\n\n\n\n<div id=\"section-g-vttsj0s\" class=\"wp-block-gutentor-e1 section-g-vttsj0s gutentor-element gutentor-element-advanced-text\"><div class=\"gutentor-text-wrap\"><p class=\"gutentor-text\">Borg\u00e5 Hem har cirka 2500 hyresbost\u00e4der att erbjuda, varav cirka 350 blir lediga \u00e5rligen. De flesta av dessa \u00e4r rimligt prissatta, statligt st\u00f6dda hyresbost\u00e4der. Vid valet av boende tar man h\u00e4nsyn till s\u00f6kandens bostadsbehov, inkomster och f\u00f6rm\u00f6genhet. Vid valet f\u00f6ljs anvisningarna fr\u00e5n Centralen f\u00f6r statligt st\u00f6tt bostadsbyggande.<br><br>Man v\u00e4ljer kontinuerligt boenden i takt med att bost\u00e4derna blir lediga, och s\u00f6kanden som har st\u00f6rst behov v\u00e4ljs till de lediga bost\u00e4derna baserat p\u00e5 ovan n\u00e4mnda kriterier. F\u00f6r fritt finansierade bost\u00e4der finns det inte motsvarande begr\u00e4nsningar.<br><br>Du kan bekanta dig med alla Borg\u00e5 Hems objekt p\u00e5 sidan om hyresbost\u00e4der. P\u00e5 varje objekts sida anges om bostaden \u00e4r statligt st\u00f6dd eller fritt finansierad.<br>Bostadsans\u00f6kantill Borg\u00e5 Hem g\u00f6rs alltid skriftligt, helst via en elektronisk blankett eller vid behov p\u00e5 en pappersblankett. Fyll i din ans\u00f6kan noggrant och beskriv ditt bostadsbehov utf\u00f6rligt. Om det finns flera faktorer som p\u00e5verkar behovet, ange dem alla i ans\u00f6kan.<br><br>Vi kontrollerar din kreditupplysning. Genom att l\u00e4mna in ans\u00f6kan godk\u00e4nner du behandlingen av dina uppgifter enligt Borg\u00e5 Hems dataskyddsbeskrivning. Observera att inga bilagor bifogas i detta skede. Om vi kan erbjuda dig en bostad, ber vi dig skicka in n\u00f6dv\u00e4ndiga bilagor i samband med bostadserbjudandet.<\/p><\/div><\/div>\n\n\n\n<div id=\"section-g-xc1hm5l\" class=\"wp-block-gutentor-e1 section-g-xc1hm5l gutentor-element gutentor-element-advanced-text\"><div class=\"gutentor-text-wrap\"><p class=\"gutentor-text\">Ans\u00f6kan g\u00e4ller i 3 m\u00e5nader. Om du fyller i den elektroniska ans\u00f6kan f\u00e5r du anvisningar f\u00f6r hur du ska anv\u00e4nda den elektroniska tj\u00e4nsten till din e-post. Om du beh\u00f6ver f\u00f6rl\u00e4nga ans\u00f6kningstiden kan du smidigt uppdatera den genom tj\u00e4nsten. Vid behov kan du ocks\u00e5 kontakta v\u00e5r kundtj\u00e4nst.<\/p><\/div><\/div>\n<\/div><\/section>\n<\/div><\/section>\n\n\n\n<section id=\"g-qg21q3s\" class=\"wp-block-gutentor-m3 alignfull section-g-qg21q3s gutentor-module gutentor-container-cover\"><div class=\"grid-container\">\n<section id=\"g-8c5cfch\" class=\"wp-block-gutentor-m3 section-g-8c5cfch gutentor-module gutentor-container-cover\"><div class=\"grid-container\">\n<div id=\"section-g-p3uinl5\" class=\"wp-block-gutentor-e1 section-g-p3uinl5 gutentor-element gutentor-element-advanced-text\"><div class=\"gutentor-text-wrap\"><h3 class=\"gutentor-text\">N\u00e4r du f\u00e5r ett bostadserbjudande<\/h3><\/div><\/div>\n\n\n\n<div id=\"section-g-4ssuxog\" class=\"wp-block-gutentor-e1 section-g-4ssuxog gutentor-element gutentor-element-advanced-text\"><div class=\"gutentor-text-wrap\"><p class=\"gutentor-text\">Om Borg\u00e5 Hem erbjuder dig en bostad ska du skicka in de efterfr\u00e5gade bilagorna till din ans\u00f6kan.<br><br>Se d\u00e4rf\u00f6r till att du har de beh\u00f6vliga bilagorna tillg\u00e4ngliga inf\u00f6r ett eventuellt erbjudande. Syftet med bilagorna \u00e4r att styrka uppgifterna du har l\u00e4mnat i ans\u00f6kan, s\u00e5 vilka bilagor som kr\u00e4vs kan variera beroende p\u00e5 s\u00f6kande.<br><\/p><\/div><\/div>\n\n\n\n<div id=\"section-g-13v1juy\" class=\"wp-block-gutentor-e7 section-g-13v1juy gutentor-element gutentor-element-list\"><ul class=\"grid-row gutentor-grid-item-wrap list-indicator-icon\"><li class=\"gutentor-list-item grid-lg-12 grid-md-12 grid-12\"><span class=\"gutentor-single-item gutentor-single-item-0\"><span class=\"gutentor-list-item-wrap g-s-list-wrap\"><span class=\"gutentor-single-list-item-icon\"><i class=\"list-item-icon fas fa-circle\"><\/i><\/span><span class=\"gutentor-list-item\"><p class=\"gutentor-single-item-title\">intyg \u00f6ver s\u00f6kandenas m\u00e5natliga inkomster, t.ex.<\/p><\/span><\/span><\/span><\/li><li class=\"gutentor-list-item grid-lg-12 grid-md-12 grid-12\"><span class=\"gutentor-single-item gutentor-single-item-1\"><span class=\"gutentor-list-item-wrap g-s-list-wrap\"><span class=\"gutentor-single-list-item-icon\"><i class=\"list-item-icon fas fa-circle\"><\/i><\/span><span class=\"gutentor-list-item\"><p class=\"gutentor-single-item-title\">l\u00f6neintyg<\/p><\/span><\/span><\/span><\/li><li class=\"gutentor-list-item grid-lg-12 grid-md-12 grid-12\"><span class=\"gutentor-single-item gutentor-single-item-2\"><span class=\"gutentor-list-item-wrap g-s-list-wrap\"><span class=\"gutentor-single-list-item-icon\"><i class=\"list-item-icon fas fa-circle\"><\/i><\/span><span class=\"gutentor-list-item\"><p class=\"gutentor-single-item-title\">beslut om dagpenning<\/p><\/span><\/span><\/span><\/li><li class=\"gutentor-list-item grid-lg-12 grid-md-12 grid-12\"><span class=\"gutentor-single-item gutentor-single-item-3\"><span class=\"gutentor-list-item-wrap g-s-list-wrap\"><span class=\"gutentor-single-list-item-icon\"><i class=\"list-item-icon fas fa-circle\"><\/i><\/span><span class=\"gutentor-list-item\"><p class=\"gutentor-single-item-title\">beslut om utkomstst\u00f6d<\/p><\/span><\/span><\/span><\/li><li class=\"gutentor-list-item grid-lg-12 grid-md-12 grid-12\"><span class=\"gutentor-single-item gutentor-single-item-4\"><span class=\"gutentor-list-item-wrap g-s-list-wrap\"><span class=\"gutentor-single-list-item-icon\"><i class=\"list-item-icon fas fa-circle\"><\/i><\/span><span class=\"gutentor-list-item\"><p class=\"gutentor-single-item-title\">pensionsbeslut<\/p><\/span><\/span><\/span><\/li><li class=\"gutentor-list-item grid-lg-12 grid-md-12 grid-12\"><span class=\"gutentor-single-item gutentor-single-item-5\"><span class=\"gutentor-list-item-wrap g-s-list-wrap\"><span class=\"gutentor-single-list-item-icon\"><i class=\"list-item-icon fas fa-circle\"><\/i><\/span><span class=\"gutentor-list-item\"><p class=\"gutentor-single-item-title\">studieintyg<\/p><\/span><\/span><\/span><\/li><li class=\"gutentor-list-item grid-lg-12 grid-md-12 grid-12\"><span class=\"gutentor-single-item gutentor-single-item-6\"><span class=\"gutentor-list-item-wrap g-s-list-wrap\"><span class=\"gutentor-single-list-item-icon\"><i class=\"list-item-icon fas fa-circle\"><\/i><\/span><span class=\"gutentor-list-item\"><p class=\"gutentor-single-item-title\">senaste f\u00f6rhandsifyllda skattedeklarationens del med rubriken Tillg\u00e5ngar. Den kan best\u00e4llas via MinSkatt.<\/p><\/span><\/span><\/span><\/li><\/ul><\/div>\n\n\n\n<div id=\"section-g-0i0m25t\" class=\"wp-block-gutentor-e1 section-g-0i0m25t gutentor-element gutentor-element-advanced-text\"><div class=\"gutentor-text-wrap\"><p class=\"gutentor-text\">vid behov \u00e4ven:<br><\/p><\/div><\/div>\n\n\n\n<div id=\"section-g-ojmoewo\" class=\"wp-block-gutentor-e7 section-g-ojmoewo gutentor-element gutentor-element-list\"><ul class=\"grid-row gutentor-grid-item-wrap list-indicator-icon\"><li class=\"gutentor-list-item grid-lg-12 grid-md-12 grid-12\"><span class=\"gutentor-single-item gutentor-single-item-0\"><span class=\"gutentor-list-item-wrap g-s-list-wrap\"><span class=\"gutentor-single-list-item-icon\"><i class=\"list-item-icon fas fa-circle\"><\/i><\/span><span class=\"gutentor-list-item\"><p class=\"gutentor-single-item-title\">en utredning \u00f6ver egendomens g\u00e4ngse v\u00e4rde, om du \u00e4ger eller under de senaste fem \u00e5ren har \u00e4gt en bostad eller fastighet<\/p><\/span><\/span><\/span><\/li><li class=\"gutentor-list-item grid-lg-12 grid-md-12 grid-12\"><span class=\"gutentor-single-item gutentor-single-item-1\"><span class=\"gutentor-list-item-wrap g-s-list-wrap\"><span class=\"gutentor-single-list-item-icon\"><i class=\"list-item-icon fas fa-circle\"><\/i><\/span><span class=\"gutentor-list-item\"><p class=\"gutentor-single-item-title\">kreditgivarens intyg \u00f6ver skulder h\u00e4nf\u00f6rliga till egendomen i fr\u00e5ga<\/p><\/span><\/span><\/span><\/li><li class=\"gutentor-list-item grid-lg-12 grid-md-12 grid-12\"><span class=\"gutentor-single-item gutentor-single-item-2\"><span class=\"gutentor-list-item-wrap g-s-list-wrap\"><span class=\"gutentor-single-list-item-icon\"><i class=\"list-item-icon fas fa-circle\"><\/i><\/span><span class=\"gutentor-list-item\"><p class=\"gutentor-single-item-title\">en utredning om uppeh\u00e5llsr\u00e4tt f\u00f6r invandrare<\/p><\/span><\/span><\/span><\/li><\/ul><\/div>\n<\/div><\/section>\n<\/div><\/section>\n\n\n\n<section id=\"g-7g9ench\" class=\"wp-block-gutentor-m3 alignfull section-g-7g9ench gutentor-module gutentor-container-cover\"><div class=\"grid-container\">\n<section id=\"g-ubf9fb8\" class=\"wp-block-gutentor-m3 section-g-ubf9fb8 gutentor-module gutentor-container-cover\"><div class=\"grid-container\">\n<div id=\"section-g-lcm116f\" class=\"wp-block-gutentor-e1 section-g-lcm116f gutentor-element gutentor-element-advanced-text\"><div class=\"gutentor-text-wrap\"><h2 class=\"gutentor-text\">Tillg\u00e5ngsgr\u00e4ns Borg\u00e5<\/h2><\/div><\/div>\n\n\n\n<figure class=\"wp-block-table is-style-regular\"><table class=\"has-fixed-layout\"><thead><tr><th class=\"has-text-align-center\" data-align=\"center\">Personer i hush\u00e5llet<\/th><th class=\"has-text-align-center\" data-align=\"center\">Tillg\u00e5ngsgr\u00e4ns<\/th><\/tr><\/thead><tbody><tr><td class=\"has-text-align-center\" data-align=\"center\">1 inv\u00e5nare<\/td><td class=\"has-text-align-center\" data-align=\"center\">64 000 \u20ac<\/td><\/tr><tr><td class=\"has-text-align-center\" data-align=\"center\">2 inv\u00e5nare<\/td><td class=\"has-text-align-center\" data-align=\"center\">84 000 \u20ac<\/td><\/tr><tr><td class=\"has-text-align-center\" data-align=\"center\">3 inv\u00e5nare<\/td><td class=\"has-text-align-center\" data-align=\"center\">108 000 \u20ac<\/td><\/tr><tr><td class=\"has-text-align-center\" data-align=\"center\">4 inv\u00e5nare<\/td><td class=\"has-text-align-center\" data-align=\"center\">130 000 \u20ac<\/td><\/tr><tr><td class=\"has-text-align-center\" data-align=\"center\">5 inv\u00e5nare<\/td><td class=\"has-text-align-center\" data-align=\"center\">135 000 \u20ac<\/td><\/tr><\/tbody><\/table><\/figure>\n\n\n\n<div id=\"section-g-55o1tai\" class=\"wp-block-gutentor-e1 section-g-55o1tai gutentor-element gutentor-element-advanced-text\"><div class=\"gutentor-text-wrap\"><p class=\"gutentor-text\"><strong>Om fler personer flyttar till samma hush\u00e5ll h\u00f6js f\u00f6rm\u00f6genhetsgr\u00e4nsen med 5 000 \u20ac per person.<\/strong><\/p><\/div><\/div>\n\n\n\n<div id=\"section-g-e4hfh4x\" class=\"wp-block-gutentor-e1 section-g-e4hfh4x gutentor-element gutentor-element-advanced-text\"><div class=\"gutentor-text-wrap\"><h2 class=\"gutentor-text\">Inkomstgr\u00e4nser f\u00f6r val av boende<\/h2><\/div><\/div>\n\n\n\n<div id=\"section-g-2yetpe0\" class=\"wp-block-gutentor-e1 section-g-2yetpe0 gutentor-element gutentor-element-advanced-text\"><div class=\"gutentor-text-wrap\"><p class=\"gutentor-text\">Vuoden 2025 alusta valtion tukemaan vuokra-asuntoon valittava yhden hengen ruokakunta voi ansaita bruttokuukausituloina enint\u00e4\u00e4n 3540 euroa. Jos ruokakuntaan kuuluu enemm\u00e4n kuin yksi 18 vuotta t\u00e4ytt\u00e4nyt aikuinen, korotetaan rajaa kunkin aikuisen osalta 2480 euroa. Jos ruokakuntaan kuuluu alle 18-vuotiaita lapsia, enimm\u00e4istulorajaa korotetaan ensimm\u00e4isest\u00e4 lapsesta 650 euroa ja kustakin seuraavasta lapsesta 600 euroa.<br><br>Esimerkkej\u00e4 tulorajoista:<\/p><\/div><\/div>\n\n\n\n<figure class=\"wp-block-table is-style-regular\"><table class=\"has-fixed-layout\"><thead><tr><th class=\"has-text-align-center\" data-align=\"center\">Personer i hush\u00e5llet<\/th><th class=\"has-text-align-center\" data-align=\"center\">Tillg\u00e5ngsgr\u00e4ns<\/th><\/tr><\/thead><tbody><tr><td class=\"has-text-align-center\" data-align=\"center\">1 vuxen<\/td><td class=\"has-text-align-center\" data-align=\"center\">3 540 \u20ac<\/td><\/tr><tr><td class=\"has-text-align-center\" data-align=\"center\">2 vuxna<\/td><td class=\"has-text-align-center\" data-align=\"center\">6 020 \u20ac<\/td><\/tr><tr><td class=\"has-text-align-center\" data-align=\"center\">1 vuxen ja 1 barn<\/td><td class=\"has-text-align-center\" data-align=\"center\">4 190 \u20ac<\/td><\/tr><tr><td class=\"has-text-align-center\" data-align=\"center\">2 vuxna ja 1 barn<\/td><td class=\"has-text-align-center\" data-align=\"center\">6 670 \u20ac<\/td><\/tr><tr><td class=\"has-text-align-center\" data-align=\"center\">2 vuxna ja 2 barn<\/td><td class=\"has-text-align-center\" data-align=\"center\">7 270 \u20ac<\/td><\/tr><tr><td class=\"has-text-align-center\" data-align=\"center\">2 vuxna ja 3 barn<\/td><td class=\"has-text-align-center\" data-align=\"center\">7 870 \u20ac<\/td><\/tr><\/tbody><\/table><\/figure>\n\n\n\n<div id=\"section-g-7q7u7ks\" class=\"wp-block-gutentor-e1 section-g-7q7u7ks gutentor-element gutentor-element-advanced-text\"><div class=\"gutentor-text-wrap\"><p class=\"gutentor-text\">Du kan l\u00e4sa mer om till\u00e4mpliga inkomstgr\u00e4nser p\u00e5 <a href=\"https:\/\/www.varke.fi\/sv\" target=\"_blank\" rel=\"noreferrer noopener\">webbplatsen f\u00f6r Centralen f\u00f6r statligt st\u00f6tt bostadsbyggande.<\/a><\/p><\/div><\/div>\n<\/div><\/section>\n<\/div><\/section>\n\n\n\n<section id=\"g-w87gelw\" class=\"wp-block-gutentor-m3 alignfull section-g-w87gelw gutentor-module gutentor-container-cover\"><div class=\"grid-container\">\n<section id=\"g-14hiz4e\" class=\"wp-block-gutentor-m3 section-g-14hiz4e gutentor-module gutentor-container-cover\"><div class=\"grid-container\">\n<div id=\"section-g-y7gj1wf\" class=\"wp-block-gutentor-e1 section-g-y7gj1wf gutentor-element gutentor-element-advanced-text\"><div class=\"gutentor-text-wrap\"><h2 class=\"gutentor-text\">Hyresavtal<\/h2><\/div><\/div>\n\n\n\n<div id=\"section-g-i5ismss\" class=\"wp-block-gutentor-e1 section-g-i5ismss gutentor-element gutentor-element-advanced-text\"><div class=\"gutentor-text-wrap\"><p class=\"gutentor-text\">Ett skriftligt hyresavtal ing\u00e5s i god tid f\u00f6re inflyttningsdagen. Hyresavtalet kan undertecknas elektroniskt.<br><br>Hyran ska betalas senast den fj\u00e4rde dagen varje m\u00e5nad, enligt informationen i hyresavin. I b\u00f6rjan av hyresf\u00f6rh\u00e5llandet tar hyresv\u00e4rden ut en hyresgaranti i samband med den f\u00f6rsta hyran. Vi godk\u00e4nner en betalningsf\u00f6rbindelse fr\u00e5n FPA\/staden samt en garanti som st\u00e4lls i pengar. Garantibeloppet ska vara betald f\u00f6re hyresavtalets undertecknande.<br><br>Den inflyttande \u00e4r skyldig att g\u00f6ra en officiell flyttanm\u00e4lan till befolkningsregistret senast en vecka efter inflyttningen. Flyttanm\u00e4lan ska ocks\u00e5 g\u00f6ras vid tillf\u00e4lligt boende om det varar l\u00e4ngre \u00e4n tre m\u00e5nader.<br><br>Hyresg\u00e4sten beh\u00f6ver inte g\u00f6ra en separat inflyttningsanm\u00e4lan till Borg\u00e5 Hem, n\u00f6dv\u00e4ndiga uppgifter h\u00e4mtas fr\u00e5n material som redan l\u00e4mnats in. Eventuella senare in- eller utflyttningar ska alltid meddelas till Borg\u00e5 Hems kundtj\u00e4nst.<br><br>I varje fastighet finns ett f\u00f6rr\u00e5d per l\u00e4genhet samt ett eller flera gemensamma f\u00f6rr\u00e5d f\u00f6r utomhusredskap. I de flesta objekt kan hyresg\u00e4ster \u00e4ven boka bastutid och parkeringsplats mot avgift.<br><br>F\u00f6r att boendet ska l\u00f6pa smidigt l\u00f6nar det sig att bekanta sig med Borg\u00e5 Hems ordningsregler. Genom hyresavtalet f\u00f6rbinder sig hyresg\u00e4sten att f\u00f6lja dessa regler.<\/p><\/div><\/div>\n<\/div><\/section>\n<\/div><\/section>\n\n\n\n<section id=\"g-h1601mf\" class=\"wp-block-gutentor-m3 alignfull section-g-h1601mf gutentor-module gutentor-container-cover\"><div class=\"grid-container\">\n<section id=\"g-1l1zuv1\" class=\"wp-block-gutentor-m3 section-g-1l1zuv1 gutentor-module gutentor-container-cover\"><div class=\"grid-container\">\n<div id=\"section-g-0ecg00k\" class=\"wp-block-gutentor-e1 section-g-0ecg00k gutentor-element gutentor-element-advanced-text\"><div class=\"gutentor-text-wrap\"><h2 class=\"gutentor-text\">Bostadsans\u00f6kan<\/h2><\/div><\/div>\n\n\n\n<div id=\"section-g-muz1x5l\" class=\"wp-block-gutentor-e2 section-g-muz1x5l gutentor-element gutentor-element-button gutentor-btn-full-mobile gutentor-btn-custom-desktop gutentor-btn-custom-tablet button-align-left-desktop button-align-left-tablet button-align-center-mobile\"><span class=\"gutentor-button-wrap\"><a class=\"gutentor-button gutentor-block-button gutentor-icon-hide\" href=\"https:\/\/app.kodia.fi\/public\/Porvoon-A-asunnot-Oy---Borg%C3%A5-A-bost%C3%A4der-Ab\/apply\/\" target=\"_blank\" rel=\" noopener noreferrer\"><i class=\"gutentor-button-icon fas fa-book\"><\/i><span>Elektronisk ans\u00f6kan<\/span><\/a><\/span><\/div>\n\n\n\n<div style=\"height:20px\" aria-hidden=\"true\" class=\"wp-block-spacer\"><\/div>\n\n\n\n<div id=\"section-g-sslltmt\" class=\"wp-block-gutentor-e2 section-g-sslltmt gutentor-element gutentor-element-button gutentor-btn-full-mobile gutentor-btn-custom-desktop gutentor-btn-custom-tablet button-align-left-desktop button-align-left-tablet button-align-center-mobile\"><span class=\"gutentor-button-wrap\"><a class=\"gutentor-button gutentor-block-button gutentor-icon-hide\" href=\"https:\/\/porvoonkodit.fi\/wp-content\/uploads\/2025\/09\/Bostadsansokan-1.pdf\" target=\"_blank\" rel=\" noopener noreferrer\"><i class=\"gutentor-button-icon fas fa-book\"><\/i><span>Utskrivbart formul\u00e4r (pdf)<\/span><\/a><\/span><\/div>\n\n\n\n<div style=\"height:30px\" aria-hidden=\"true\" class=\"wp-block-spacer\"><\/div>\n\n\n\n<div id=\"section-g-r16ggs4\" class=\"wp-block-gutentor-e1 section-g-r16ggs4 gutentor-element gutentor-element-advanced-text\"><div class=\"gutentor-text-wrap\"><p class=\"gutentor-text\">Ans\u00f6kan \u00e4r giltig i 3 m\u00e5nader.<\/p><\/div><\/div>\n<\/div><\/section>\n<\/div><\/section>\n","protected":false},"excerpt":{"rendered":"","protected":false},"author":3,"featured_media":0,"parent":2122,"menu_order":0,"comment_status":"closed","ping_status":"closed","template":"","meta":{"_acf_changed":false,"footnotes":""},"class_list":["post-2127","page","type-page","status-publish"],"acf":[],"yoast_head":"<!-- This site is optimized with the Yoast SEO plugin v27.5 - https:\/\/yoast.com\/product\/yoast-seo-wordpress\/ -->\n<title>Anvisningar f\u00f6r bostadss\u00f6kande - Porvoon Kodit<\/title>\n<meta name=\"robots\" content=\"index, follow, max-snippet:-1, max-image-preview:large, max-video-preview:-1\" \/>\n<link rel=\"canonical\" href=\"https:\/\/porvoonkodit.fi\/sv\/asunnon-hakijalle\/asunnon-hakeminen\/\" \/>\n<meta property=\"og:locale\" content=\"sv_SE\" \/>\n<meta property=\"og:type\" content=\"article\" \/>\n<meta property=\"og:title\" content=\"Anvisningar f\u00f6r bostadss\u00f6kande - Porvoon Kodit\" \/>\n<meta property=\"og:url\" content=\"https:\/\/porvoonkodit.fi\/sv\/asunnon-hakijalle\/asunnon-hakeminen\/\" \/>\n<meta property=\"og:site_name\" content=\"Porvoon Kodit\" \/>\n<meta property=\"article:publisher\" content=\"https:\/\/www.facebook.com\/AyhtiotAbolagen\/\" \/>\n<meta property=\"article:modified_time\" content=\"2026-04-24T12:16:38+00:00\" \/>\n<meta name=\"twitter:card\" content=\"summary_large_image\" \/>\n<meta name=\"twitter:label1\" content=\"Ber\u00e4knad l\u00e4stid\" \/>\n\t<meta name=\"twitter:data1\" content=\"5 minuter\" \/>\n<script type=\"application\/ld+json\" class=\"yoast-schema-graph\">{\"@context\":\"https:\\\/\\\/schema.org\",\"@graph\":[{\"@type\":\"WebPage\",\"@id\":\"https:\\\/\\\/porvoonkodit.fi\\\/sv\\\/asunnon-hakijalle\\\/asunnon-hakeminen\\\/\",\"url\":\"https:\\\/\\\/porvoonkodit.fi\\\/sv\\\/asunnon-hakijalle\\\/asunnon-hakeminen\\\/\",\"name\":\"Anvisningar f\u00f6r bostadss\u00f6kande - Porvoon Kodit\",\"isPartOf\":{\"@id\":\"https:\\\/\\\/porvoonkodit.fi\\\/#website\"},\"datePublished\":\"2025-07-31T07:33:13+00:00\",\"dateModified\":\"2026-04-24T12:16:38+00:00\",\"breadcrumb\":{\"@id\":\"https:\\\/\\\/porvoonkodit.fi\\\/sv\\\/asunnon-hakijalle\\\/asunnon-hakeminen\\\/#breadcrumb\"},\"inLanguage\":\"sv-SE\",\"potentialAction\":[{\"@type\":\"ReadAction\",\"target\":[\"https:\\\/\\\/porvoonkodit.fi\\\/sv\\\/asunnon-hakijalle\\\/asunnon-hakeminen\\\/\"]}]},{\"@type\":\"BreadcrumbList\",\"@id\":\"https:\\\/\\\/porvoonkodit.fi\\\/sv\\\/asunnon-hakijalle\\\/asunnon-hakeminen\\\/#breadcrumb\",\"itemListElement\":[{\"@type\":\"ListItem\",\"position\":1,\"name\":\"Etusivu\",\"item\":\"https:\\\/\\\/porvoonkodit.fi\\\/sv\\\/\"},{\"@type\":\"ListItem\",\"position\":2,\"name\":\"F\u00f6r bostadsans\u00f6kande\",\"item\":\"https:\\\/\\\/porvoonkodit.fi\\\/sv\\\/asunnon-hakijalle\\\/\"},{\"@type\":\"ListItem\",\"position\":3,\"name\":\"Anvisningar f\u00f6r bostadss\u00f6kande\"}]},{\"@type\":\"WebSite\",\"@id\":\"https:\\\/\\\/porvoonkodit.fi\\\/#website\",\"url\":\"https:\\\/\\\/porvoonkodit.fi\\\/\",\"name\":\"Porvoon kodit Oy\",\"description\":\"Tervetuloa kotiin\",\"publisher\":{\"@id\":\"https:\\\/\\\/porvoonkodit.fi\\\/#organization\"},\"potentialAction\":[{\"@type\":\"SearchAction\",\"target\":{\"@type\":\"EntryPoint\",\"urlTemplate\":\"https:\\\/\\\/porvoonkodit.fi\\\/?s={search_term_string}\"},\"query-input\":{\"@type\":\"PropertyValueSpecification\",\"valueRequired\":true,\"valueName\":\"search_term_string\"}}],\"inLanguage\":\"sv-SE\"},{\"@type\":\"Organization\",\"@id\":\"https:\\\/\\\/porvoonkodit.fi\\\/#organization\",\"name\":\"Porvoon kodit Oy\",\"url\":\"https:\\\/\\\/porvoonkodit.fi\\\/\",\"logo\":{\"@type\":\"ImageObject\",\"inLanguage\":\"sv-SE\",\"@id\":\"https:\\\/\\\/porvoonkodit.fi\\\/#\\\/schema\\\/logo\\\/image\\\/\",\"url\":\"https:\\\/\\\/porvoonkodit.fi\\\/wp-content\\\/uploads\\\/2025\\\/07\\\/Logo-tummempi-oranssi.png\",\"contentUrl\":\"https:\\\/\\\/porvoonkodit.fi\\\/wp-content\\\/uploads\\\/2025\\\/07\\\/Logo-tummempi-oranssi.png\",\"width\":480,\"height\":150,\"caption\":\"Porvoon kodit Oy\"},\"image\":{\"@id\":\"https:\\\/\\\/porvoonkodit.fi\\\/#\\\/schema\\\/logo\\\/image\\\/\"},\"sameAs\":[\"https:\\\/\\\/www.facebook.com\\\/AyhtiotAbolagen\\\/\"]}]}<\/script>\n<!-- \/ Yoast SEO plugin. -->","yoast_head_json":{"title":"Anvisningar f\u00f6r bostadss\u00f6kande - Porvoon Kodit","robots":{"index":"index","follow":"follow","max-snippet":"max-snippet:-1","max-image-preview":"max-image-preview:large","max-video-preview":"max-video-preview:-1"},"canonical":"https:\/\/porvoonkodit.fi\/sv\/asunnon-hakijalle\/asunnon-hakeminen\/","og_locale":"sv_SE","og_type":"article","og_title":"Anvisningar f\u00f6r bostadss\u00f6kande - Porvoon Kodit","og_url":"https:\/\/porvoonkodit.fi\/sv\/asunnon-hakijalle\/asunnon-hakeminen\/","og_site_name":"Porvoon Kodit","article_publisher":"https:\/\/www.facebook.com\/AyhtiotAbolagen\/","article_modified_time":"2026-04-24T12:16:38+00:00","twitter_card":"summary_large_image","twitter_misc":{"Ber\u00e4knad l\u00e4stid":"5 minuter"},"schema":{"@context":"https:\/\/schema.org","@graph":[{"@type":"WebPage","@id":"https:\/\/porvoonkodit.fi\/sv\/asunnon-hakijalle\/asunnon-hakeminen\/","url":"https:\/\/porvoonkodit.fi\/sv\/asunnon-hakijalle\/asunnon-hakeminen\/","name":"Anvisningar f\u00f6r bostadss\u00f6kande - Porvoon Kodit","isPartOf":{"@id":"https:\/\/porvoonkodit.fi\/#website"},"datePublished":"2025-07-31T07:33:13+00:00","dateModified":"2026-04-24T12:16:38+00:00","breadcrumb":{"@id":"https:\/\/porvoonkodit.fi\/sv\/asunnon-hakijalle\/asunnon-hakeminen\/#breadcrumb"},"inLanguage":"sv-SE","potentialAction":[{"@type":"ReadAction","target":["https:\/\/porvoonkodit.fi\/sv\/asunnon-hakijalle\/asunnon-hakeminen\/"]}]},{"@type":"BreadcrumbList","@id":"https:\/\/porvoonkodit.fi\/sv\/asunnon-hakijalle\/asunnon-hakeminen\/#breadcrumb","itemListElement":[{"@type":"ListItem","position":1,"name":"Etusivu","item":"https:\/\/porvoonkodit.fi\/sv\/"},{"@type":"ListItem","position":2,"name":"F\u00f6r bostadsans\u00f6kande","item":"https:\/\/porvoonkodit.fi\/sv\/asunnon-hakijalle\/"},{"@type":"ListItem","position":3,"name":"Anvisningar f\u00f6r bostadss\u00f6kande"}]},{"@type":"WebSite","@id":"https:\/\/porvoonkodit.fi\/#website","url":"https:\/\/porvoonkodit.fi\/","name":"Porvoon kodit Oy","description":"Tervetuloa kotiin","publisher":{"@id":"https:\/\/porvoonkodit.fi\/#organization"},"potentialAction":[{"@type":"SearchAction","target":{"@type":"EntryPoint","urlTemplate":"https:\/\/porvoonkodit.fi\/?s={search_term_string}"},"query-input":{"@type":"PropertyValueSpecification","valueRequired":true,"valueName":"search_term_string"}}],"inLanguage":"sv-SE"},{"@type":"Organization","@id":"https:\/\/porvoonkodit.fi\/#organization","name":"Porvoon kodit Oy","url":"https:\/\/porvoonkodit.fi\/","logo":{"@type":"ImageObject","inLanguage":"sv-SE","@id":"https:\/\/porvoonkodit.fi\/#\/schema\/logo\/image\/","url":"https:\/\/porvoonkodit.fi\/wp-content\/uploads\/2025\/07\/Logo-tummempi-oranssi.png","contentUrl":"https:\/\/porvoonkodit.fi\/wp-content\/uploads\/2025\/07\/Logo-tummempi-oranssi.png","width":480,"height":150,"caption":"Porvoon kodit Oy"},"image":{"@id":"https:\/\/porvoonkodit.fi\/#\/schema\/logo\/image\/"},"sameAs":["https:\/\/www.facebook.com\/AyhtiotAbolagen\/"]}]}},"_links":{"self":[{"href":"https:\/\/porvoonkodit.fi\/sv\/wp-json\/wp\/v2\/pages\/2127","targetHints":{"allow":["GET"]}}],"collection":[{"href":"https:\/\/porvoonkodit.fi\/sv\/wp-json\/wp\/v2\/pages"}],"about":[{"href":"https:\/\/porvoonkodit.fi\/sv\/wp-json\/wp\/v2\/types\/page"}],"author":[{"embeddable":true,"href":"https:\/\/porvoonkodit.fi\/sv\/wp-json\/wp\/v2\/users\/3"}],"replies":[{"embeddable":true,"href":"https:\/\/porvoonkodit.fi\/sv\/wp-json\/wp\/v2\/comments?post=2127"}],"version-history":[{"count":8,"href":"https:\/\/porvoonkodit.fi\/sv\/wp-json\/wp\/v2\/pages\/2127\/revisions"}],"predecessor-version":[{"id":7847,"href":"https:\/\/porvoonkodit.fi\/sv\/wp-json\/wp\/v2\/pages\/2127\/revisions\/7847"}],"up":[{"embeddable":true,"href":"https:\/\/porvoonkodit.fi\/sv\/wp-json\/wp\/v2\/pages\/2122"}],"wp:attachment":[{"href":"https:\/\/porvoonkodit.fi\/sv\/wp-json\/wp\/v2\/media?parent=2127"}],"curies":[{"name":"wp","href":"https:\/\/api.w.org\/{rel}","templated":true}]}}