{"id":2122,"date":"2025-07-31T07:31:04","date_gmt":"2025-07-31T07:31:04","guid":{"rendered":"https:\/\/porvoonkodit.fi\/asunnon-hakijalle\/"},"modified":"2025-12-09T12:36:33","modified_gmt":"2025-12-09T12:36:33","slug":"asunnon-hakijalle","status":"publish","type":"page","link":"https:\/\/porvoonkodit.fi\/sv\/asunnon-hakijalle\/","title":{"rendered":"F\u00f6r bostadsans\u00f6kande"},"content":{"rendered":"\n<section id=\"g-55zz9e9\" class=\"wp-block-gutentor-m3 section-g-55zz9e9 gutentor-module gutentor-container-cover\"><div class=\"grid-container\">\n<section id=\"g-ltjtih8\" class=\"wp-block-gutentor-m3 section-g-ltjtih8 gutentor-module gutentor-container-cover\"><div class=\"grid-container\">\n<p>Borg\u00e5 Hem har \u00f6ver 2 300 hyresbost\u00e4der, varav cirka 350 l\u00e4genheter blir lediga f\u00f6r uthyrning varje \u00e5r. De flesta av dessa \u00e4r prisv\u00e4rda hyresbost\u00e4der med statligt st\u00f6d.<\/p>\n\n\n\n<p>Vid valet av boende till\u00e4mpas behovspr\u00f6vning, och vi str\u00e4var efter att erbjuda bost\u00e4der till de s\u00f6kande som har det st\u00f6rsta behovet. I f\u00f6rsta hand beaktas hush\u00e5ll med det mest akuta bostadsbehovet, l\u00e4gst inkomster och minst tillg\u00e5ngar. Urvalet sker enligt&nbsp;<a href=\"https:\/\/ohjeet.varke.fi\/sv\/asukasvalinta\/v4\/\">anvisningarna i&nbsp;boendevalsguiden<\/a>&nbsp;fr\u00e5n Centret f\u00f6r statligt st\u00f6dd bostadsproduktion (Varke).<\/p>\n\n\n\n<p>Boendeval g\u00f6rs kontinuerligt i takt med att bost\u00e4der blir lediga, och bost\u00e4der erbjuds till de s\u00f6kande med st\u00f6rst behov enligt ovan n\u00e4mnda kriterier. F\u00f6r fritt finansierade bost\u00e4der g\u00e4ller inte motsvarande begr\u00e4nsningar.<\/p>\n<\/div><\/section>\n<\/div><\/section>\n\n\n\n<section id=\"g-v1l9vvr\" class=\"wp-block-gutentor-m3 alignfull section-g-v1l9vvr gutentor-module gutentor-container-cover\"><div class=\"grid-container\">\n<section id=\"g-mmom818\" class=\"wp-block-gutentor-m3 section-g-mmom818 gutentor-module gutentor-container-cover\"><div class=\"grid-container\">\n<div id=\"section-g-39kx12j\" class=\"wp-block-gutentor-e1 section-g-39kx12j gutentor-element gutentor-element-advanced-text\"><div class=\"gutentor-text-wrap\"><h2 class=\"gutentor-text\">Bostadsans\u00f6kan<\/h2><\/div><\/div>\n\n\n\n<div id=\"section-g-muz1x5l\" class=\"wp-block-gutentor-e2 section-g-muz1x5l gutentor-element gutentor-element-button gutentor-btn-full-mobile gutentor-btn-custom-desktop gutentor-btn-custom-tablet button-align-left-desktop button-align-left-tablet button-align-center-mobile\"><span class=\"gutentor-button-wrap\"><a class=\"gutentor-button gutentor-block-button gutentor-icon-hide\" href=\"https:\/\/app.kodia.fi\/public\/Porvoon-A-asunnot-Oy---Borg%C3%A5-A-bost%C3%A4der-Ab\/apply\/\" target=\"_blank\" rel=\" noopener noreferrer\"><i class=\"gutentor-button-icon fas fa-book\"><\/i><span>Elektronisk ans\u00f6kan<\/span><\/a><\/span><\/div>\n\n\n\n<div style=\"height:20px\" aria-hidden=\"true\" class=\"wp-block-spacer\"><\/div>\n\n\n\n<div id=\"section-g-sslltmt\" class=\"wp-block-gutentor-e2 section-g-sslltmt gutentor-element gutentor-element-button gutentor-btn-full-mobile gutentor-btn-custom-desktop gutentor-btn-custom-tablet button-align-left-desktop button-align-left-tablet button-align-center-mobile\"><span class=\"gutentor-button-wrap\"><a class=\"gutentor-button gutentor-block-button gutentor-icon-hide\" href=\"\/wp-content\/uploads\/2025\/08\/asuntohakemus.pdf\" target=\"_blank\" rel=\" noopener noreferrer\"><i class=\"gutentor-button-icon fas fa-book\"><\/i><span>Utskrivbart formul\u00e4r (pdf)<\/span><\/a><\/span><\/div>\n\n\n\n<div style=\"height:30px\" aria-hidden=\"true\" class=\"wp-block-spacer\"><\/div>\n\n\n\n<div id=\"section-g-xc1hm5l\" class=\"wp-block-gutentor-e1 section-g-xc1hm5l gutentor-element gutentor-element-advanced-text\"><div class=\"gutentor-text-wrap\"><p class=\"gutentor-text\">Ans\u00f6kan \u00e4r giltig i 3 m\u00e5nader.<\/p><\/div><\/div>\n<\/div><\/section>\n<\/div><\/section>\n\n\n\n<section id=\"g-uq4wad1\" class=\"wp-block-gutentor-m3 alignfull section-g-uq4wad1 gutentor-module gutentor-container-cover\"><div class=\"grid-container\">\n<section id=\"g-olp39sc\" class=\"wp-block-gutentor-m3 section-g-olp39sc gutentor-module gutentor-container-cover\"><div class=\"grid-container\">\n<section id=\"section-924d4c3e-8561-4647-9d41-9362339baa20\" class=\"wp-block-gutentor-image-box gutentor-section gutentor-image-wrapper imagebox-template1\"><div class=\"grid-container\"><div class=\"grid-row gutentor-grid-item-wrap\"><div class=\"gutentor-grid-column grid-lg-4 grid-md-3 grid-6\"><div class=\"gutentor-single-item gutentor-image gutentor-single-item-0 g-single-column-link-enabled\"><div class=\"gutentor-single-item-wrap\"><div class=\"gutentor-single-item-image-box\"><div class=\"gutentor-image-thumb\"><img loading=\"lazy\" decoding=\"async\" class=\"normal-image\" src=\"https:\/\/porvoonkodit.iwn.co\/wp-content\/uploads\/2025\/09\/IMG_7925.jpg\" alt=\"\" height=\"2048\" width=\"2048\" \/><\/div><\/div><div class=\"gutentor-single-item-content\"><h3 class=\"gutentor-single-item-title\"><a href=\"https:\/\/porvoonkodit.fi\/wp-admin\/post.php?post=1740&amp;action=edit&amp;lang=sv\">Bost\u00e4der<\/a><\/h3><\/div><\/div><a class=\"gutentor-single-item-box-link gutentor-link\" href=\"https:\/\/porvoonkodit.fi\/sv\/asunnon-hakijalle\/kohteet\/asunnot\/\" rel=\"noopener noreferrer\"><\/a><\/div><\/div><div class=\"gutentor-grid-column grid-lg-4 grid-md-3 grid-6\"><div class=\"gutentor-single-item gutentor-image gutentor-single-item-1 g-single-column-link-enabled\"><div class=\"gutentor-single-item-wrap\"><div class=\"gutentor-single-item-image-box\"><div class=\"gutentor-image-thumb\"><img loading=\"lazy\" decoding=\"async\" class=\"normal-image\" src=\"https:\/\/porvoonkodit.iwn.co\/wp-content\/uploads\/2025\/09\/6-scaled.jpg\" alt=\"\" height=\"2560\" width=\"2560\" \/><\/div><\/div><div class=\"gutentor-single-item-content\"><h3 class=\"gutentor-single-item-title\">Studentbost\u00e4der<\/h3><\/div><\/div><a class=\"gutentor-single-item-box-link gutentor-link\" href=\"https:\/\/porvoonkodit.fi\/sv\/asunnon-hakijalle\/kohteet\/opiskelija-asunnot\/\" rel=\"noopener noreferrer\"><\/a><\/div><\/div><div class=\"gutentor-grid-column grid-lg-4 grid-md-3 grid-6\"><div class=\"gutentor-single-item gutentor-image gutentor-single-item-2 g-single-column-link-enabled\"><div class=\"gutentor-single-item-wrap\"><div class=\"gutentor-single-item-image-box\"><div class=\"gutentor-image-thumb\"><img loading=\"lazy\" decoding=\"async\" class=\"normal-image\" src=\"https:\/\/porvoonkodit.iwn.co\/wp-content\/uploads\/2025\/09\/IMG_5639-scaled.jpg\" alt=\"\" height=\"2560\" width=\"2560\" \/><\/div><\/div><div class=\"gutentor-single-item-content\"><h3 class=\"gutentor-single-item-title\">Bastukabinetter<\/h3><\/div><\/div><a class=\"gutentor-single-item-box-link gutentor-link\" href=\"https:\/\/porvoonkodit.fi\/sv\/asunnon-hakijalle\/kohteet\/saunat\/\"><\/a><\/div><\/div><div class=\"gutentor-grid-column grid-lg-4 grid-md-3 grid-6\"><div class=\"gutentor-single-item gutentor-image gutentor-single-item-3 g-single-column-link-enabled\"><div class=\"gutentor-single-item-wrap\"><div class=\"gutentor-single-item-image-box\"><div class=\"gutentor-image-thumb\"><img loading=\"lazy\" decoding=\"async\" class=\"normal-image\" src=\"https:\/\/porvoonkodit.iwn.co\/wp-content\/uploads\/2025\/09\/170988606488079_original.jpg\" alt=\"\" height=\"692\" width=\"692\" \/><\/div><\/div><div class=\"gutentor-single-item-content\"><h3 class=\"gutentor-single-item-title\">Aff\u00e4rslokaler<\/h3><\/div><\/div><a class=\"gutentor-single-item-box-link gutentor-link\" href=\"https:\/\/porvoonkodit.fi\/sv\/asunnon-hakijalle\/kohteet\/liiketilat\/\"><\/a><\/div><\/div><div class=\"gutentor-grid-column grid-lg-4 grid-md-3 grid-6\"><div class=\"gutentor-single-item gutentor-image gutentor-single-item-4 g-single-column-link-enabled\"><div class=\"gutentor-single-item-wrap\"><div class=\"gutentor-single-item-image-box\"><div class=\"gutentor-image-thumb\"><img loading=\"lazy\" decoding=\"async\" class=\"normal-image\" src=\"https:\/\/porvoonkodit.iwn.co\/wp-content\/uploads\/2025\/09\/Vaskenvalajankatu_havainnekuva1.jpg\" alt=\"\" height=\"589\" width=\"589\" \/><\/div><\/div><div class=\"gutentor-single-item-content\"><h3 class=\"gutentor-single-item-title\">Nybyggnadsobjekt<\/h3><\/div><\/div><a class=\"gutentor-single-item-box-link gutentor-link\" href=\"https:\/\/porvoonkodit.fi\/sv\/asunnon-hakijalle\/kohteet\/uudiskohteet\/\"><\/a><\/div><\/div><div class=\"gutentor-grid-column grid-lg-4 grid-md-3 grid-6\"><div class=\"gutentor-single-item gutentor-image gutentor-single-item-5 g-single-column-link-enabled\"><div class=\"gutentor-single-item-wrap\"><div class=\"gutentor-single-item-image-box\"><div class=\"gutentor-image-thumb\"><img loading=\"lazy\" decoding=\"async\" class=\"normal-image\" src=\"https:\/\/porvoonkodit.fi\/wp-content\/uploads\/2025\/11\/DJI_0607-scaled.jpg\" alt=\"\" height=\"2560\" width=\"2560\" \/><\/div><\/div><div class=\"gutentor-single-item-content\"><h3 class=\"gutentor-single-item-title\">Lediga bost\u00e4der<\/h3><\/div><\/div><a class=\"gutentor-single-item-box-link gutentor-link\" href=\"https:\/\/www.vuokraovi.com\/vuokra-asunnot?haku=m2369518713\" target=\"_blank\" rel=\"noopener noreferrer\"><\/a><\/div><\/div><\/div><\/div><\/section>\n<\/div><\/section>\n<\/div><\/section>\n","protected":false},"excerpt":{"rendered":"","protected":false},"author":3,"featured_media":0,"parent":0,"menu_order":0,"comment_status":"closed","ping_status":"closed","template":"","meta":{"_acf_changed":false,"footnotes":""},"class_list":["post-2122","page","type-page","status-publish"],"acf":[],"yoast_head":"<!-- This site is optimized with the Yoast SEO plugin v27.5 - https:\/\/yoast.com\/product\/yoast-seo-wordpress\/ -->\n<title>F\u00f6r bostadsans\u00f6kande - Porvoon Kodit<\/title>\n<meta name=\"robots\" content=\"index, follow, max-snippet:-1, max-image-preview:large, max-video-preview:-1\" \/>\n<link rel=\"canonical\" href=\"https:\/\/porvoonkodit.fi\/sv\/asunnon-hakijalle\/\" \/>\n<meta property=\"og:locale\" content=\"sv_SE\" \/>\n<meta property=\"og:type\" content=\"article\" \/>\n<meta property=\"og:title\" content=\"F\u00f6r bostadsans\u00f6kande - Porvoon Kodit\" \/>\n<meta property=\"og:url\" content=\"https:\/\/porvoonkodit.fi\/sv\/asunnon-hakijalle\/\" \/>\n<meta property=\"og:site_name\" content=\"Porvoon Kodit\" \/>\n<meta property=\"article:publisher\" content=\"https:\/\/www.facebook.com\/AyhtiotAbolagen\/\" \/>\n<meta property=\"article:modified_time\" content=\"2025-12-09T12:36:33+00:00\" \/>\n<meta property=\"og:image\" content=\"https:\/\/porvoonkodit.iwn.co\/wp-content\/uploads\/2025\/09\/IMG_7925.jpg\" \/>\n<meta name=\"twitter:card\" content=\"summary_large_image\" \/>\n<meta name=\"twitter:label1\" content=\"Ber\u00e4knad l\u00e4stid\" \/>\n\t<meta name=\"twitter:data1\" content=\"2 minuter\" \/>\n<script type=\"application\/ld+json\" class=\"yoast-schema-graph\">{\"@context\":\"https:\\\/\\\/schema.org\",\"@graph\":[{\"@type\":\"WebPage\",\"@id\":\"https:\\\/\\\/porvoonkodit.fi\\\/sv\\\/asunnon-hakijalle\\\/\",\"url\":\"https:\\\/\\\/porvoonkodit.fi\\\/sv\\\/asunnon-hakijalle\\\/\",\"name\":\"F\u00f6r bostadsans\u00f6kande - Porvoon Kodit\",\"isPartOf\":{\"@id\":\"https:\\\/\\\/porvoonkodit.fi\\\/#website\"},\"primaryImageOfPage\":{\"@id\":\"https:\\\/\\\/porvoonkodit.fi\\\/sv\\\/asunnon-hakijalle\\\/#primaryimage\"},\"image\":{\"@id\":\"https:\\\/\\\/porvoonkodit.fi\\\/sv\\\/asunnon-hakijalle\\\/#primaryimage\"},\"thumbnailUrl\":\"https:\\\/\\\/porvoonkodit.iwn.co\\\/wp-content\\\/uploads\\\/2025\\\/09\\\/IMG_7925.jpg\",\"datePublished\":\"2025-07-31T07:31:04+00:00\",\"dateModified\":\"2025-12-09T12:36:33+00:00\",\"breadcrumb\":{\"@id\":\"https:\\\/\\\/porvoonkodit.fi\\\/sv\\\/asunnon-hakijalle\\\/#breadcrumb\"},\"inLanguage\":\"sv-SE\",\"potentialAction\":[{\"@type\":\"ReadAction\",\"target\":[\"https:\\\/\\\/porvoonkodit.fi\\\/sv\\\/asunnon-hakijalle\\\/\"]}]},{\"@type\":\"ImageObject\",\"inLanguage\":\"sv-SE\",\"@id\":\"https:\\\/\\\/porvoonkodit.fi\\\/sv\\\/asunnon-hakijalle\\\/#primaryimage\",\"url\":\"https:\\\/\\\/porvoonkodit.iwn.co\\\/wp-content\\\/uploads\\\/2025\\\/09\\\/IMG_7925.jpg\",\"contentUrl\":\"https:\\\/\\\/porvoonkodit.iwn.co\\\/wp-content\\\/uploads\\\/2025\\\/09\\\/IMG_7925.jpg\"},{\"@type\":\"BreadcrumbList\",\"@id\":\"https:\\\/\\\/porvoonkodit.fi\\\/sv\\\/asunnon-hakijalle\\\/#breadcrumb\",\"itemListElement\":[{\"@type\":\"ListItem\",\"position\":1,\"name\":\"Etusivu\",\"item\":\"https:\\\/\\\/porvoonkodit.fi\\\/sv\\\/\"},{\"@type\":\"ListItem\",\"position\":2,\"name\":\"F\u00f6r bostadsans\u00f6kande\"}]},{\"@type\":\"WebSite\",\"@id\":\"https:\\\/\\\/porvoonkodit.fi\\\/#website\",\"url\":\"https:\\\/\\\/porvoonkodit.fi\\\/\",\"name\":\"Porvoon kodit Oy\",\"description\":\"Tervetuloa kotiin\",\"publisher\":{\"@id\":\"https:\\\/\\\/porvoonkodit.fi\\\/#organization\"},\"potentialAction\":[{\"@type\":\"SearchAction\",\"target\":{\"@type\":\"EntryPoint\",\"urlTemplate\":\"https:\\\/\\\/porvoonkodit.fi\\\/?s={search_term_string}\"},\"query-input\":{\"@type\":\"PropertyValueSpecification\",\"valueRequired\":true,\"valueName\":\"search_term_string\"}}],\"inLanguage\":\"sv-SE\"},{\"@type\":\"Organization\",\"@id\":\"https:\\\/\\\/porvoonkodit.fi\\\/#organization\",\"name\":\"Porvoon kodit Oy\",\"url\":\"https:\\\/\\\/porvoonkodit.fi\\\/\",\"logo\":{\"@type\":\"ImageObject\",\"inLanguage\":\"sv-SE\",\"@id\":\"https:\\\/\\\/porvoonkodit.fi\\\/#\\\/schema\\\/logo\\\/image\\\/\",\"url\":\"https:\\\/\\\/porvoonkodit.fi\\\/wp-content\\\/uploads\\\/2025\\\/07\\\/Logo-tummempi-oranssi.png\",\"contentUrl\":\"https:\\\/\\\/porvoonkodit.fi\\\/wp-content\\\/uploads\\\/2025\\\/07\\\/Logo-tummempi-oranssi.png\",\"width\":480,\"height\":150,\"caption\":\"Porvoon kodit Oy\"},\"image\":{\"@id\":\"https:\\\/\\\/porvoonkodit.fi\\\/#\\\/schema\\\/logo\\\/image\\\/\"},\"sameAs\":[\"https:\\\/\\\/www.facebook.com\\\/AyhtiotAbolagen\\\/\"]}]}<\/script>\n<!-- \/ Yoast SEO plugin. -->","yoast_head_json":{"title":"F\u00f6r bostadsans\u00f6kande - Porvoon Kodit","robots":{"index":"index","follow":"follow","max-snippet":"max-snippet:-1","max-image-preview":"max-image-preview:large","max-video-preview":"max-video-preview:-1"},"canonical":"https:\/\/porvoonkodit.fi\/sv\/asunnon-hakijalle\/","og_locale":"sv_SE","og_type":"article","og_title":"F\u00f6r bostadsans\u00f6kande - Porvoon Kodit","og_url":"https:\/\/porvoonkodit.fi\/sv\/asunnon-hakijalle\/","og_site_name":"Porvoon Kodit","article_publisher":"https:\/\/www.facebook.com\/AyhtiotAbolagen\/","article_modified_time":"2025-12-09T12:36:33+00:00","og_image":[{"url":"https:\/\/porvoonkodit.iwn.co\/wp-content\/uploads\/2025\/09\/IMG_7925.jpg","type":"","width":"","height":""}],"twitter_card":"summary_large_image","twitter_misc":{"Ber\u00e4knad l\u00e4stid":"2 minuter"},"schema":{"@context":"https:\/\/schema.org","@graph":[{"@type":"WebPage","@id":"https:\/\/porvoonkodit.fi\/sv\/asunnon-hakijalle\/","url":"https:\/\/porvoonkodit.fi\/sv\/asunnon-hakijalle\/","name":"F\u00f6r bostadsans\u00f6kande - Porvoon Kodit","isPartOf":{"@id":"https:\/\/porvoonkodit.fi\/#website"},"primaryImageOfPage":{"@id":"https:\/\/porvoonkodit.fi\/sv\/asunnon-hakijalle\/#primaryimage"},"image":{"@id":"https:\/\/porvoonkodit.fi\/sv\/asunnon-hakijalle\/#primaryimage"},"thumbnailUrl":"https:\/\/porvoonkodit.iwn.co\/wp-content\/uploads\/2025\/09\/IMG_7925.jpg","datePublished":"2025-07-31T07:31:04+00:00","dateModified":"2025-12-09T12:36:33+00:00","breadcrumb":{"@id":"https:\/\/porvoonkodit.fi\/sv\/asunnon-hakijalle\/#breadcrumb"},"inLanguage":"sv-SE","potentialAction":[{"@type":"ReadAction","target":["https:\/\/porvoonkodit.fi\/sv\/asunnon-hakijalle\/"]}]},{"@type":"ImageObject","inLanguage":"sv-SE","@id":"https:\/\/porvoonkodit.fi\/sv\/asunnon-hakijalle\/#primaryimage","url":"https:\/\/porvoonkodit.iwn.co\/wp-content\/uploads\/2025\/09\/IMG_7925.jpg","contentUrl":"https:\/\/porvoonkodit.iwn.co\/wp-content\/uploads\/2025\/09\/IMG_7925.jpg"},{"@type":"BreadcrumbList","@id":"https:\/\/porvoonkodit.fi\/sv\/asunnon-hakijalle\/#breadcrumb","itemListElement":[{"@type":"ListItem","position":1,"name":"Etusivu","item":"https:\/\/porvoonkodit.fi\/sv\/"},{"@type":"ListItem","position":2,"name":"F\u00f6r bostadsans\u00f6kande"}]},{"@type":"WebSite","@id":"https:\/\/porvoonkodit.fi\/#website","url":"https:\/\/porvoonkodit.fi\/","name":"Porvoon kodit Oy","description":"Tervetuloa kotiin","publisher":{"@id":"https:\/\/porvoonkodit.fi\/#organization"},"potentialAction":[{"@type":"SearchAction","target":{"@type":"EntryPoint","urlTemplate":"https:\/\/porvoonkodit.fi\/?s={search_term_string}"},"query-input":{"@type":"PropertyValueSpecification","valueRequired":true,"valueName":"search_term_string"}}],"inLanguage":"sv-SE"},{"@type":"Organization","@id":"https:\/\/porvoonkodit.fi\/#organization","name":"Porvoon kodit Oy","url":"https:\/\/porvoonkodit.fi\/","logo":{"@type":"ImageObject","inLanguage":"sv-SE","@id":"https:\/\/porvoonkodit.fi\/#\/schema\/logo\/image\/","url":"https:\/\/porvoonkodit.fi\/wp-content\/uploads\/2025\/07\/Logo-tummempi-oranssi.png","contentUrl":"https:\/\/porvoonkodit.fi\/wp-content\/uploads\/2025\/07\/Logo-tummempi-oranssi.png","width":480,"height":150,"caption":"Porvoon kodit Oy"},"image":{"@id":"https:\/\/porvoonkodit.fi\/#\/schema\/logo\/image\/"},"sameAs":["https:\/\/www.facebook.com\/AyhtiotAbolagen\/"]}]}},"_links":{"self":[{"href":"https:\/\/porvoonkodit.fi\/sv\/wp-json\/wp\/v2\/pages\/2122","targetHints":{"allow":["GET"]}}],"collection":[{"href":"https:\/\/porvoonkodit.fi\/sv\/wp-json\/wp\/v2\/pages"}],"about":[{"href":"https:\/\/porvoonkodit.fi\/sv\/wp-json\/wp\/v2\/types\/page"}],"author":[{"embeddable":true,"href":"https:\/\/porvoonkodit.fi\/sv\/wp-json\/wp\/v2\/users\/3"}],"replies":[{"embeddable":true,"href":"https:\/\/porvoonkodit.fi\/sv\/wp-json\/wp\/v2\/comments?post=2122"}],"version-history":[{"count":10,"href":"https:\/\/porvoonkodit.fi\/sv\/wp-json\/wp\/v2\/pages\/2122\/revisions"}],"predecessor-version":[{"id":6227,"href":"https:\/\/porvoonkodit.fi\/sv\/wp-json\/wp\/v2\/pages\/2122\/revisions\/6227"}],"wp:attachment":[{"href":"https:\/\/porvoonkodit.fi\/sv\/wp-json\/wp\/v2\/media?parent=2122"}],"curies":[{"name":"wp","href":"https:\/\/api.w.org\/{rel}","templated":true}]}}