{"id":2112,"date":"2025-07-31T07:39:18","date_gmt":"2025-07-31T07:39:18","guid":{"rendered":"https:\/\/porvoonkodit.fi\/asukkaalle\/asunnon-vaihto\/"},"modified":"2025-09-18T11:37:26","modified_gmt":"2025-09-18T11:37:26","slug":"asunnon-vaihto","status":"publish","type":"page","link":"https:\/\/porvoonkodit.fi\/sv\/boende\/asunnon-vaihto\/","title":{"rendered":"Bostadsbyte"},"content":{"rendered":"\n<div style=\"height:15px\" aria-hidden=\"true\" class=\"wp-block-spacer\"><\/div>\n\n\n\n<section id=\"g-qg21q3s\" class=\"wp-block-gutentor-m3 alignfull section-g-qg21q3s gutentor-module gutentor-container-cover\"><div class=\"grid-container\">\n<section id=\"g-8c5cfch\" class=\"wp-block-gutentor-m3 section-g-8c5cfch gutentor-module gutentor-container-cover\"><div class=\"grid-container\">\n<div id=\"section-g-p3uinl5\" class=\"wp-block-gutentor-e1 section-g-p3uinl5 gutentor-element gutentor-element-advanced-text\"><div class=\"gutentor-text-wrap\"><h2 class=\"gutentor-text\">Har din livssituation f\u00f6r\u00e4ndrats? Ingen fara, du beh\u00f6ver inte byta hyresv\u00e4rd!<\/h2><\/div><\/div>\n\n\n\n<div id=\"section-g-4ssuxog\" class=\"wp-block-gutentor-e1 section-g-4ssuxog gutentor-element gutentor-element-advanced-text\"><div class=\"gutentor-text-wrap\"><p class=\"gutentor-text\">N\u00e4r din livssituation f\u00f6r\u00e4ndras kan det vara dags att hitta ett nytt, mer passande hem. F\u00f6r att byta bostad b\u00f6r du fylla i en ans\u00f6kan. I ans\u00f6kan beh\u00f6ver du motivera varf\u00f6r du vill byta bostad. Vid valet av ny bostad beaktar Borg\u00e5 Hem behov som till exempel att familjen har f\u00e5tt till\u00f6kning eller blivit mindre, f\u00f6r\u00e4ndringar i den ekonomiska situationen eller r\u00f6relsebegr\u00e4nsningar. V\u00e4nligen fyll i ans\u00f6kan noggrant.<\/p><\/div><\/div>\n<\/div><\/section>\n<\/div><\/section>\n\n\n\n<section id=\"g-mmswsq8\" class=\"wp-block-gutentor-m3 alignfull section-g-mmswsq8 gutentor-module gutentor-container-cover\"><div class=\"grid-container\">\n<section id=\"g-us5t1s1\" class=\"wp-block-gutentor-m3 section-g-us5t1s1 gutentor-module gutentor-container-cover\"><div class=\"grid-container\">\n<div id=\"section-g-er08w1m\" class=\"wp-block-gutentor-e1 section-g-er08w1m gutentor-element gutentor-element-advanced-text\"><div class=\"gutentor-text-wrap\"><h2 class=\"gutentor-text\">B\u00f6r jag ans\u00f6ka om bostadsbyte?<\/h2><\/div><\/div>\n\n\n\n<div id=\"section-g-t1s1ow2\" class=\"wp-block-gutentor-e1 section-g-t1s1ow2 gutentor-element gutentor-element-advanced-text\"><div class=\"gutentor-text-wrap\"><p class=\"gutentor-text\">Du kan ans\u00f6ka om bostadsbyte n\u00e4r dina behov g\u00e4llande boendet f\u00f6r\u00e4ndras:<br><\/p><\/div><\/div>\n\n\n\n<div id=\"section-g-juxnsqs\" class=\"wp-block-gutentor-e7 section-g-juxnsqs gutentor-element gutentor-element-list\"><ul class=\"grid-row gutentor-grid-item-wrap list-indicator-icon\"><li class=\"gutentor-list-item grid-lg-12 grid-md-12 grid-12\"><span class=\"gutentor-single-item gutentor-single-item-0\"><span class=\"gutentor-list-item-wrap g-s-list-wrap\"><span class=\"gutentor-single-list-item-icon\"><i class=\"list-item-icon fas fa-circle\"><\/i><\/span><span class=\"gutentor-list-item\"><p class=\"gutentor-single-item-title\">Till\u00f6kning i familjen<\/p><\/span><\/span><\/span><\/li><li class=\"gutentor-list-item grid-lg-12 grid-md-12 grid-12\"><span class=\"gutentor-single-item gutentor-single-item-1\"><span class=\"gutentor-list-item-wrap g-s-list-wrap\"><span class=\"gutentor-single-list-item-icon\"><i class=\"list-item-icon fas fa-circle\"><\/i><\/span><span class=\"gutentor-list-item\"><p class=\"gutentor-single-item-title\">Separation eller flytt under samma tak<\/p><\/span><\/span><\/span><\/li><li class=\"gutentor-list-item grid-lg-12 grid-md-12 grid-12\"><span class=\"gutentor-single-item gutentor-single-item-2\"><span class=\"gutentor-list-item-wrap g-s-list-wrap\"><span class=\"gutentor-single-list-item-icon\"><i class=\"list-item-icon fas fa-circle\"><\/i><\/span><span class=\"gutentor-list-item\"><p class=\"gutentor-single-item-title\">Byte av arbete eller studieplats<\/p><\/span><\/span><\/span><\/li><li class=\"gutentor-list-item grid-lg-12 grid-md-12 grid-12\"><span class=\"gutentor-single-item gutentor-single-item-3\"><span class=\"gutentor-list-item-wrap g-s-list-wrap\"><span class=\"gutentor-single-list-item-icon\"><i class=\"list-item-icon fas fa-circle\"><\/i><\/span><span class=\"gutentor-list-item\"><p class=\"gutentor-single-item-title\">F\u00f6r\u00e4ndrad inkomstniv\u00e5<\/p><\/span><\/span><\/span><\/li><\/ul><\/div>\n\n\n\n<div id=\"section-g-llnl9hx\" class=\"wp-block-gutentor-e1 section-g-llnl9hx gutentor-element gutentor-element-advanced-text\"><div class=\"gutentor-text-wrap\"><p class=\"gutentor-text\"><\/p><\/div><\/div>\n<\/div><\/section>\n<\/div><\/section>\n\n\n\n<section id=\"g-xxxigm6\" class=\"wp-block-gutentor-m3 alignfull section-g-xxxigm6 gutentor-module gutentor-container-cover\"><div class=\"grid-container\">\n<section id=\"g-7677pf2\" class=\"wp-block-gutentor-m3 section-g-7677pf2 gutentor-module gutentor-container-cover\"><div class=\"grid-container\">\n<div id=\"section-g-l5buokc\" class=\"wp-block-gutentor-e1 section-g-l5buokc gutentor-element gutentor-element-advanced-text\"><div class=\"gutentor-text-wrap\"><h2 class=\"gutentor-text\">Hur ans\u00f6ker du om att byta bostad?<\/h2><\/div><\/div>\n\n\n\n<div id=\"section-g-7t8a0g7\" class=\"wp-block-gutentor-e1 section-g-7t8a0g7 gutentor-element gutentor-element-advanced-text\"><div class=\"gutentor-text-wrap\"><p class=\"gutentor-text\">F\u00f6r att byta bostad m\u00e5ste du fylla i och skicka in den elektroniska ans\u00f6kningsblanketten nedan. Du kan ocks\u00e5 ans\u00f6ka om bostadsbyte med en utskrivbar bostadsans\u00f6kningsblankett. Kom ih\u00e5g att underteckna blanketten. Ans\u00f6kan om bostadsbyte \u00e4r giltig i i sex m\u00e5nader.<\/p><\/div><\/div>\n<\/div><\/section>\n<\/div><\/section>\n\n\n\n<section id=\"g-nmjm0fk\" class=\"wp-block-gutentor-m3 section-g-nmjm0fk gutentor-module gutentor-container-cover\"><div class=\"grid-container\">\n<p>Borg\u00e5 Hem har \u00f6ver 2 300 hyresbost\u00e4der, varav cirka 350 l\u00e4genheter blir lediga f\u00f6r uthyrning varje \u00e5r. De flesta av dessa \u00e4r prisv\u00e4rda hyresbost\u00e4der med statligt st\u00f6d.<\/p>\n\n\n\n<p>Vid valet av boende till\u00e4mpas behovspr\u00f6vning, och vi str\u00e4var efter att erbjuda bost\u00e4der till de s\u00f6kande som har det st\u00f6rsta behovet. I f\u00f6rsta hand beaktas hush\u00e5ll med det mest akuta bostadsbehovet, l\u00e4gst inkomster och minst tillg\u00e5ngar.<\/p>\n\n\n\n<p>Urvalet sker enligt <a href=\"https:\/\/ohjeet.varke.fi\/sv\/asukasvalinta\/v4\/\">anvisningarna i&nbsp;boendevalsguiden<\/a> fr\u00e5n Centret f\u00f6r statligt st\u00f6dd bostadsproduktion (Varke).<\/p>\n\n\n\n<p>Boendeval g\u00f6rs kontinuerligt i takt med att bost\u00e4der blir lediga, och bost\u00e4der erbjuds till de s\u00f6kande med st\u00f6rst behov enligt ovan n\u00e4mnda kriterier. F\u00f6r fritt finansierade bost\u00e4der g\u00e4ller inte motsvarande begr\u00e4nsningar. Detta g\u00e4ller ocks\u00e5 vid bostadsbyte.<\/p>\n<\/div><\/section>\n\n\n\n<section id=\"g-v1l9vvr\" class=\"wp-block-gutentor-m3 alignfull section-g-v1l9vvr gutentor-module gutentor-container-cover\"><div class=\"grid-container\">\n<section id=\"g-mmom818\" class=\"wp-block-gutentor-m3 section-g-mmom818 gutentor-module gutentor-container-cover\"><div class=\"grid-container\">\n<div id=\"section-g-39kx12j\" class=\"wp-block-gutentor-e1 section-g-39kx12j gutentor-element gutentor-element-advanced-text\"><div class=\"gutentor-text-wrap\"><h2 class=\"gutentor-text\">Bostadsans\u00f6kan<\/h2><\/div><\/div>\n\n\n\n<div id=\"section-g-muz1x5l\" class=\"wp-block-gutentor-e2 section-g-muz1x5l gutentor-element gutentor-element-button gutentor-btn-full-mobile gutentor-btn-custom-desktop gutentor-btn-custom-tablet button-align-left-desktop button-align-left-tablet button-align-center-mobile\"><span class=\"gutentor-button-wrap\"><a class=\"gutentor-button gutentor-block-button gutentor-icon-hide\" href=\"https:\/\/app.kodia.fi\/public\/Porvoon-A-asunnot-Oy---Borg%C3%A5-A-bost%C3%A4der-Ab\/apply\/\" target=\"_blank\" rel=\" noopener noreferrer\"><i class=\"gutentor-button-icon fas fa-book\"><\/i><span>Bostadsans\u00f6kan<\/span><\/a><\/span><\/div>\n\n\n\n<div style=\"height:20px\" aria-hidden=\"true\" class=\"wp-block-spacer\"><\/div>\n\n\n\n<div id=\"section-g-sslltmt\" class=\"wp-block-gutentor-e2 section-g-sslltmt gutentor-element gutentor-element-button gutentor-btn-full-mobile gutentor-btn-custom-desktop gutentor-btn-custom-tablet button-align-left-desktop button-align-left-tablet button-align-center-mobile\"><span class=\"gutentor-button-wrap\"><a class=\"gutentor-button gutentor-block-button gutentor-icon-hide\" href=\"https:\/\/porvoonkodit.fi\/wp-content\/uploads\/2025\/09\/Bostadsansokan-1.pdf\" target=\"_blank\" rel=\" noopener noreferrer\"><i class=\"gutentor-button-icon fas fa-book\"><\/i><span>Bostadsans\u00f6kan (pdf)<\/span><\/a><\/span><\/div>\n\n\n\n<div style=\"height:30px\" aria-hidden=\"true\" class=\"wp-block-spacer\"><\/div>\n\n\n\n<div id=\"section-g-xc1hm5l\" class=\"wp-block-gutentor-e1 section-g-xc1hm5l gutentor-element gutentor-element-advanced-text\"><div class=\"gutentor-text-wrap\"><p class=\"gutentor-text\"><\/p><\/div><\/div>\n<\/div><\/section>\n<\/div><\/section>\n","protected":false},"excerpt":{"rendered":"","protected":false},"author":3,"featured_media":0,"parent":1581,"menu_order":0,"comment_status":"closed","ping_status":"closed","template":"","meta":{"_acf_changed":false,"footnotes":""},"class_list":["post-2112","page","type-page","status-publish"],"acf":[],"yoast_head":"<!-- This site is optimized with the Yoast SEO plugin v27.5 - https:\/\/yoast.com\/product\/yoast-seo-wordpress\/ -->\n<title>Bostadsbyte - Porvoon Kodit<\/title>\n<meta name=\"robots\" content=\"index, follow, max-snippet:-1, max-image-preview:large, max-video-preview:-1\" \/>\n<link rel=\"canonical\" href=\"https:\/\/porvoonkodit.fi\/sv\/boende\/asunnon-vaihto\/\" \/>\n<meta property=\"og:locale\" content=\"sv_SE\" \/>\n<meta property=\"og:type\" content=\"article\" \/>\n<meta property=\"og:title\" content=\"Bostadsbyte - Porvoon Kodit\" \/>\n<meta property=\"og:url\" content=\"https:\/\/porvoonkodit.fi\/sv\/boende\/asunnon-vaihto\/\" \/>\n<meta property=\"og:site_name\" content=\"Porvoon Kodit\" \/>\n<meta property=\"article:publisher\" content=\"https:\/\/www.facebook.com\/AyhtiotAbolagen\/\" \/>\n<meta property=\"article:modified_time\" content=\"2025-09-18T11:37:26+00:00\" \/>\n<meta name=\"twitter:card\" content=\"summary_large_image\" \/>\n<meta name=\"twitter:label1\" content=\"Ber\u00e4knad l\u00e4stid\" \/>\n\t<meta name=\"twitter:data1\" content=\"2 minuter\" \/>\n<script type=\"application\/ld+json\" class=\"yoast-schema-graph\">{\"@context\":\"https:\\\/\\\/schema.org\",\"@graph\":[{\"@type\":\"WebPage\",\"@id\":\"https:\\\/\\\/porvoonkodit.fi\\\/sv\\\/boende\\\/asunnon-vaihto\\\/\",\"url\":\"https:\\\/\\\/porvoonkodit.fi\\\/sv\\\/boende\\\/asunnon-vaihto\\\/\",\"name\":\"Bostadsbyte - Porvoon Kodit\",\"isPartOf\":{\"@id\":\"https:\\\/\\\/porvoonkodit.fi\\\/#website\"},\"datePublished\":\"2025-07-31T07:39:18+00:00\",\"dateModified\":\"2025-09-18T11:37:26+00:00\",\"breadcrumb\":{\"@id\":\"https:\\\/\\\/porvoonkodit.fi\\\/sv\\\/boende\\\/asunnon-vaihto\\\/#breadcrumb\"},\"inLanguage\":\"sv-SE\",\"potentialAction\":[{\"@type\":\"ReadAction\",\"target\":[\"https:\\\/\\\/porvoonkodit.fi\\\/sv\\\/boende\\\/asunnon-vaihto\\\/\"]}]},{\"@type\":\"BreadcrumbList\",\"@id\":\"https:\\\/\\\/porvoonkodit.fi\\\/sv\\\/boende\\\/asunnon-vaihto\\\/#breadcrumb\",\"itemListElement\":[{\"@type\":\"ListItem\",\"position\":1,\"name\":\"Etusivu\",\"item\":\"https:\\\/\\\/porvoonkodit.fi\\\/sv\\\/\"},{\"@type\":\"ListItem\",\"position\":2,\"name\":\"F\u00f6r boende\",\"item\":\"https:\\\/\\\/porvoonkodit.fi\\\/sv\\\/boende\\\/\"},{\"@type\":\"ListItem\",\"position\":3,\"name\":\"Bostadsbyte\"}]},{\"@type\":\"WebSite\",\"@id\":\"https:\\\/\\\/porvoonkodit.fi\\\/#website\",\"url\":\"https:\\\/\\\/porvoonkodit.fi\\\/\",\"name\":\"Porvoon kodit Oy\",\"description\":\"Tervetuloa kotiin\",\"publisher\":{\"@id\":\"https:\\\/\\\/porvoonkodit.fi\\\/#organization\"},\"potentialAction\":[{\"@type\":\"SearchAction\",\"target\":{\"@type\":\"EntryPoint\",\"urlTemplate\":\"https:\\\/\\\/porvoonkodit.fi\\\/?s={search_term_string}\"},\"query-input\":{\"@type\":\"PropertyValueSpecification\",\"valueRequired\":true,\"valueName\":\"search_term_string\"}}],\"inLanguage\":\"sv-SE\"},{\"@type\":\"Organization\",\"@id\":\"https:\\\/\\\/porvoonkodit.fi\\\/#organization\",\"name\":\"Porvoon kodit Oy\",\"url\":\"https:\\\/\\\/porvoonkodit.fi\\\/\",\"logo\":{\"@type\":\"ImageObject\",\"inLanguage\":\"sv-SE\",\"@id\":\"https:\\\/\\\/porvoonkodit.fi\\\/#\\\/schema\\\/logo\\\/image\\\/\",\"url\":\"https:\\\/\\\/porvoonkodit.fi\\\/wp-content\\\/uploads\\\/2025\\\/07\\\/Logo-tummempi-oranssi.png\",\"contentUrl\":\"https:\\\/\\\/porvoonkodit.fi\\\/wp-content\\\/uploads\\\/2025\\\/07\\\/Logo-tummempi-oranssi.png\",\"width\":480,\"height\":150,\"caption\":\"Porvoon kodit Oy\"},\"image\":{\"@id\":\"https:\\\/\\\/porvoonkodit.fi\\\/#\\\/schema\\\/logo\\\/image\\\/\"},\"sameAs\":[\"https:\\\/\\\/www.facebook.com\\\/AyhtiotAbolagen\\\/\"]}]}<\/script>\n<!-- \/ Yoast SEO plugin. -->","yoast_head_json":{"title":"Bostadsbyte - Porvoon Kodit","robots":{"index":"index","follow":"follow","max-snippet":"max-snippet:-1","max-image-preview":"max-image-preview:large","max-video-preview":"max-video-preview:-1"},"canonical":"https:\/\/porvoonkodit.fi\/sv\/boende\/asunnon-vaihto\/","og_locale":"sv_SE","og_type":"article","og_title":"Bostadsbyte - Porvoon Kodit","og_url":"https:\/\/porvoonkodit.fi\/sv\/boende\/asunnon-vaihto\/","og_site_name":"Porvoon Kodit","article_publisher":"https:\/\/www.facebook.com\/AyhtiotAbolagen\/","article_modified_time":"2025-09-18T11:37:26+00:00","twitter_card":"summary_large_image","twitter_misc":{"Ber\u00e4knad l\u00e4stid":"2 minuter"},"schema":{"@context":"https:\/\/schema.org","@graph":[{"@type":"WebPage","@id":"https:\/\/porvoonkodit.fi\/sv\/boende\/asunnon-vaihto\/","url":"https:\/\/porvoonkodit.fi\/sv\/boende\/asunnon-vaihto\/","name":"Bostadsbyte - Porvoon Kodit","isPartOf":{"@id":"https:\/\/porvoonkodit.fi\/#website"},"datePublished":"2025-07-31T07:39:18+00:00","dateModified":"2025-09-18T11:37:26+00:00","breadcrumb":{"@id":"https:\/\/porvoonkodit.fi\/sv\/boende\/asunnon-vaihto\/#breadcrumb"},"inLanguage":"sv-SE","potentialAction":[{"@type":"ReadAction","target":["https:\/\/porvoonkodit.fi\/sv\/boende\/asunnon-vaihto\/"]}]},{"@type":"BreadcrumbList","@id":"https:\/\/porvoonkodit.fi\/sv\/boende\/asunnon-vaihto\/#breadcrumb","itemListElement":[{"@type":"ListItem","position":1,"name":"Etusivu","item":"https:\/\/porvoonkodit.fi\/sv\/"},{"@type":"ListItem","position":2,"name":"F\u00f6r boende","item":"https:\/\/porvoonkodit.fi\/sv\/boende\/"},{"@type":"ListItem","position":3,"name":"Bostadsbyte"}]},{"@type":"WebSite","@id":"https:\/\/porvoonkodit.fi\/#website","url":"https:\/\/porvoonkodit.fi\/","name":"Porvoon kodit Oy","description":"Tervetuloa kotiin","publisher":{"@id":"https:\/\/porvoonkodit.fi\/#organization"},"potentialAction":[{"@type":"SearchAction","target":{"@type":"EntryPoint","urlTemplate":"https:\/\/porvoonkodit.fi\/?s={search_term_string}"},"query-input":{"@type":"PropertyValueSpecification","valueRequired":true,"valueName":"search_term_string"}}],"inLanguage":"sv-SE"},{"@type":"Organization","@id":"https:\/\/porvoonkodit.fi\/#organization","name":"Porvoon kodit Oy","url":"https:\/\/porvoonkodit.fi\/","logo":{"@type":"ImageObject","inLanguage":"sv-SE","@id":"https:\/\/porvoonkodit.fi\/#\/schema\/logo\/image\/","url":"https:\/\/porvoonkodit.fi\/wp-content\/uploads\/2025\/07\/Logo-tummempi-oranssi.png","contentUrl":"https:\/\/porvoonkodit.fi\/wp-content\/uploads\/2025\/07\/Logo-tummempi-oranssi.png","width":480,"height":150,"caption":"Porvoon kodit Oy"},"image":{"@id":"https:\/\/porvoonkodit.fi\/#\/schema\/logo\/image\/"},"sameAs":["https:\/\/www.facebook.com\/AyhtiotAbolagen\/"]}]}},"_links":{"self":[{"href":"https:\/\/porvoonkodit.fi\/sv\/wp-json\/wp\/v2\/pages\/2112","targetHints":{"allow":["GET"]}}],"collection":[{"href":"https:\/\/porvoonkodit.fi\/sv\/wp-json\/wp\/v2\/pages"}],"about":[{"href":"https:\/\/porvoonkodit.fi\/sv\/wp-json\/wp\/v2\/types\/page"}],"author":[{"embeddable":true,"href":"https:\/\/porvoonkodit.fi\/sv\/wp-json\/wp\/v2\/users\/3"}],"replies":[{"embeddable":true,"href":"https:\/\/porvoonkodit.fi\/sv\/wp-json\/wp\/v2\/comments?post=2112"}],"version-history":[{"count":7,"href":"https:\/\/porvoonkodit.fi\/sv\/wp-json\/wp\/v2\/pages\/2112\/revisions"}],"predecessor-version":[{"id":3198,"href":"https:\/\/porvoonkodit.fi\/sv\/wp-json\/wp\/v2\/pages\/2112\/revisions\/3198"}],"up":[{"embeddable":true,"href":"https:\/\/porvoonkodit.fi\/sv\/wp-json\/wp\/v2\/pages\/1581"}],"wp:attachment":[{"href":"https:\/\/porvoonkodit.fi\/sv\/wp-json\/wp\/v2\/media?parent=2112"}],"curies":[{"name":"wp","href":"https:\/\/api.w.org\/{rel}","templated":true}]}}