{"id":6572,"date":"2026-01-12T10:22:36","date_gmt":"2026-01-12T10:22:36","guid":{"rendered":"https:\/\/porvoonkodit.fi\/testisivu-2\/"},"modified":"2026-02-17T11:32:19","modified_gmt":"2026-02-17T11:32:19","slug":"testisivu-2","status":"publish","type":"page","link":"https:\/\/porvoonkodit.fi\/en\/asukkaalle\/testisivu-2\/","title":{"rendered":"What is normal living"},"content":{"rendered":"\n\n\n<section id=\"g-ssjnkl6\" class=\"wp-block-gutentor-m3 alignfull section-g-ssjnkl6 gutentor-module gutentor-container-cover\"><div class=\"grid-container\">\n<section id=\"g-2d1dmhq\" class=\"wp-block-gutentor-m3 section-g-2d1dmhq gutentor-module gutentor-container-cover\"><div class=\"grid-container\">\n<div id=\"section-g-0u2yx0t\" class=\"wp-block-gutentor-e1 section-g-0u2yx0t gutentor-element gutentor-element-advanced-text\"><div class=\"gutentor-text-wrap\"><h2 class=\"gutentor-text\">What is normal living?<\/h2><\/div><\/div>\n\n\n\n<div id=\"section-g-mm1rtmc\" class=\"wp-block-gutentor-e1 section-g-mm1rtmc gutentor-element gutentor-element-advanced-text\"><div class=\"gutentor-text-wrap\"><p class=\"gutentor-text\">When living close together, the neighbor may sometimes announce his presence. The apartment complex accommodates different rhythms of life. Take your neighbors into account when you live and avoid unnecessary commotion, especially during times of silence. However, the normal sounds of life have to be tolerated from one side or the other.<\/p><\/div><\/div>\n\n\n\n<div class=\"wp-block-columns is-layout-flex wp-container-core-columns-is-layout-9d6595d7 wp-block-columns-is-layout-flex\">\n<div class=\"wp-block-column is-layout-flow wp-block-column-is-layout-flow\" style=\"flex-basis:50%\">\n<div id=\"section-g-o962k6o\" class=\"wp-block-gutentor-e1 section-g-o962k6o gutentor-element gutentor-element-advanced-text\"><div class=\"gutentor-text-wrap\"><p class=\"gutentor-text\"><strong>Normal household noises include, for example: <br><br>\u2022&nbsp;Sounds of strangers visiting <br>\u2022 The dog barks inside randomly <br>\u2022&nbsp;Taking a shower even late at night <br>\u2022 Children&#8217;s games in the early morning <br>\u2022&nbsp;Listening to music and playing instruments a few hours a day <br>\u2022 Television sounds are louder than normal, for example due to poor hearing<\/strong><\/p><\/div><\/div>\n<\/div>\n\n\n\n<div class=\"wp-block-column is-layout-flow wp-block-column-is-layout-flow\" style=\"flex-basis:50%\">\n<section id=\"g-f5mwg5w\" class=\"wp-block-gutentor-m3 section-g-f5mwg5w gutentor-module gutentor-container-cover\"><div class=\"grid-container\">\n<div id=\"section-g-120ejtg\" class=\"wp-block-gutentor-e2 section-g-120ejtg gutentor-element gutentor-element-button gutentor-btn-full-mobile gutentor-btn-custom-tablet button-align-left-desktop button-align-left-tablet button-align-center-mobile\"><span class=\"gutentor-button-wrap\"><a class=\"gutentor-button gutentor-block-button gutentor-icon-hide\" href=\"https:\/\/porvoonkodit.fi\/wp-content\/uploads\/2025\/09\/Jarjestyssaannot.pdf\" target=\"_blank\" rel=\" noopener noreferrer\"><i class=\"gutentor-button-icon fas fa-book\"><\/i><span>Rules of order for Porvoo Homes<\/span><\/a><\/span><\/div>\n<\/div><\/section>\n<\/div>\n<\/div>\n\n\n\n<div id=\"section-g-gw87iw1\" class=\"wp-block-gutentor-e1 section-g-gw87iw1 gutentor-element gutentor-element-advanced-text\"><div class=\"gutentor-text-wrap\"><h2 class=\"gutentor-text\">You don&#8217;t have to put up with your neighbor&#8217;s constant noise or otherwise disturbing life<\/h2><\/div><\/div>\n\n\n\n<div id=\"section-g-9gskvss\" class=\"wp-block-gutentor-e1 section-g-9gskvss gutentor-element gutentor-element-advanced-text\"><div class=\"gutentor-text-wrap\"><p class=\"gutentor-text\"><br>If the disturbing activity is continuous and repeated, first contact the neighbor directly. Often, a simple conversation may be enough, as the neighbor may not understand that he is a disturbance. If<strong> the disturbing behavior continues despite everything, you should write down the dates and times together with a couple of neighbors, as well as what kind of disturbance it is. After this, you can make an official disturbance report to Porvoo Homes. Without a notification of disturbance, the case will not proceed to the hearing.<\/strong><\/p><\/div><\/div>\n<\/div><\/section>\n<\/div><\/section>\n\n\n\n<section id=\"g-2lvl72y\" class=\"wp-block-gutentor-m3 alignfull section-g-2lvl72y gutentor-module gutentor-container-cover\"><div class=\"grid-container\">\n<section id=\"g-pn81xc1\" class=\"wp-block-gutentor-m3 section-g-pn81xc1 gutentor-module gutentor-container-cover\"><div class=\"grid-container\">\n<div id=\"section-g-3tbe86m\" class=\"wp-block-gutentor-e0 section-g-3tbe86m gutentor-element gutentor-element-advanced-text\"><div class=\"gutentor-text-wrap\"><p class=\"gutentor-text\"><\/p><\/div><\/div>\n\n\n\n<section id=\"section-g-5t0sy1s\" class=\"wp-block-gutentor-list gutentor-section gutentor-list-wrapper list-template1\"><div class=\"grid-container\"><ul class=\"grid-row gutentor-grid-item-wrap list-indicator-icon text-left\"><li class=\"gutentor-list-item grid-12 grid-12 grid-12\"><span class=\"gutentor-single-item gutentor-single-item-0\"><span class=\"gutentor-list-item-wrap\"><span class=\"gutentor-single-list-item-icon\"><i class=\"list-item-icon fas fa-circle\"><\/i><\/span><span class=\"gutentor-list-item\"><p class=\"gutentor-single-item-title\"><strong>In a dangerous situation or if you suspect a crime, always call the emergency number 112.<\/strong> Please note that the police do not disclose information to the landlord, so we recommend that you also make a disturbance report about the situation.<\/p><\/span><\/span><\/span><\/li><li class=\"gutentor-list-item grid-12 grid-12 grid-12\"><span class=\"gutentor-single-item gutentor-single-item-1\"><span class=\"gutentor-list-item-wrap\"><span class=\"gutentor-single-list-item-icon\"><i class=\"list-item-icon fas fa-circle\"><\/i><\/span><span class=\"gutentor-list-item\"><p class=\"gutentor-single-item-title\">If you are worried about your neighbor&#8217;s well-being, share your concerns with his relatives if possible. If necessary, <a href=\"https:\/\/itauusimaa.fi\/apua-hataan\/huoli-ilmoitus\/\" id=\"https:\/\/itauusimaa.fi\/apua-hataan\/huoli-ilmoitus\/\">report a concern to the welfare area.<\/a><\/p><\/span><\/span><\/span><\/li><li class=\"gutentor-list-item grid-12 grid-12 grid-12\"><span class=\"gutentor-single-item gutentor-single-item-2\"><span class=\"gutentor-list-item-wrap\"><span class=\"gutentor-single-list-item-icon\"><i class=\"list-item-icon fas fa-circle\"><\/i><\/span><span class=\"gutentor-list-item\"><p class=\"gutentor-single-item-title\">If you are worried about your neighbor&#8217;s pet, for example if you hear a dog barking during the day, contact the neighbor first. If you suspect negligence, file an<a href=\"https:\/\/porvoonymparistoterveydenhuolto.fi\/elainlaakaripalvelut\/elainsuojelu\/\" id=\"https:\/\/porvoonymparistoterveydenhuolto.fi\/elainlaakaripalvelut\/elainsuojelu\/\"> animal welfare report.<\/a><\/p><\/span><\/span><\/span><\/li><\/ul><\/div><\/section>\n<\/div><\/section>\n<\/div><\/section>\n\n\n\n<section id=\"g-553c5pw\" class=\"wp-block-gutentor-m3 alignfull section-g-553c5pw gutentor-module gutentor-container-cover\"><div class=\"grid-container\">\n<section id=\"g-9aeesry\" class=\"wp-block-gutentor-m3 section-g-9aeesry gutentor-module gutentor-container-cover\"><div class=\"grid-container\">\n<div id=\"section-g-911762u\" class=\"wp-block-gutentor-e1 section-g-911762u gutentor-element gutentor-element-advanced-text\"><div class=\"gutentor-text-wrap\"><h2 class=\"gutentor-text\">Report a disturbance<\/h2><\/div><\/div>\n\n\n\n<div id=\"section-g-vjm79b9\" class=\"wp-block-gutentor-e1 section-g-vjm79b9 gutentor-element gutentor-element-advanced-text\"><div class=\"gutentor-text-wrap\"><p class=\"gutentor-text\">A disturbance report is a written notice of an activity disturbing residential peace, e.g. noise or disturbing smoking. It should <strong>accurately describe the quality, duration, time and location (from which apartment) of the disturbance<\/strong>, so that the matter can be addressed. The person making the report will not be revealed to the harasser, but he must be prepared to testify if necessary.<strong> In serious cases involving an immediate danger or a crime, the emergency number 112 must be called immediately.<\/strong> The notification must clearly state which apartment is causing the disturbance. The notice must contain a precise mention of the time of the disturbance (date and time) and a description of the quality of the disturbance &#8211; a mere reference to &#8220;frequently recurring disturbance&#8221; is not sufficient. The notification should also mention if the authorities have intervened in the case.<br><br>The easiest way is to fill out the malfunction report electronically below. You can find a printable fault notification here and it should be delivered to Porvoon Kodit customer service or by mail to the address:<em> Is\u00e4nn\u00f6inti &#8211; Porvoon Kodit, Vuorikatu 3, 06100, Porvoo<\/em>. We process all notifications. Please note that not all reports lead to further action. We are in contact with those who submitted the notification if necessary.<br><br><br>Fill in all fields marked with an asterisk (*).<\/p><\/div><\/div>\n\n\n\n<section id=\"g-bx2q747\" class=\"wp-block-gutentor-m3 section-g-bx2q747 gutentor-module gutentor-container-cover\"><div class=\"grid-container\">\n<div id=\"section-g-t1b1mir\" class=\"wp-block-gutentor-e2 section-g-t1b1mir gutentor-element gutentor-element-button gutentor-btn-full-mobile gutentor-btn-custom-desktop gutentor-btn-custom-tablet button-align-left-desktop button-align-left-tablet button-align-center-mobile\"><span class=\"gutentor-button-wrap\"><a class=\"gutentor-button gutentor-block-button gutentor-icon-hide\" href=\"https:\/\/porvoonkodit.fi\/en\/disturbance-report\/\" target=\"_blank\" rel=\" noopener noreferrer\"><i class=\"gutentor-button-icon fas fa-book\"><\/i><span>Disturbance Report<\/span><\/a><\/span><\/div>\n<\/div><\/section>\n\n\n\n<section id=\"g-hl71767\" class=\"wp-block-gutentor-m3 section-g-hl71767 gutentor-module gutentor-container-cover\"><div class=\"grid-container\">\n<div id=\"section-g-nji4ian\" class=\"wp-block-gutentor-e2 section-g-nji4ian gutentor-element gutentor-element-button gutentor-btn-full-mobile gutentor-btn-custom-desktop gutentor-btn-custom-tablet button-align-left-desktop button-align-left-tablet button-align-center-mobile\"><span class=\"gutentor-button-wrap\"><a class=\"gutentor-button gutentor-block-button gutentor-icon-hide\" href=\"https:\/\/porvoonkodit.fi\/wp-content\/uploads\/2026\/02\/Hairioilmoitus-EN.pdf\" target=\"_blank\" rel=\" noopener noreferrer\"><i class=\"gutentor-button-icon fas fa-book\"><\/i><span>Printable Disturbance Report<\/span><\/a><\/span><\/div>\n<\/div><\/section>\n<\/div><\/section>\n<\/div><\/section>\n\n\n\n<section id=\"g-ap97f1n\" class=\"wp-block-gutentor-m3 alignfull section-g-ap97f1n gutentor-module gutentor-container-cover d-none\"><div class=\"grid-container\">\n<section id=\"g-d5n3dxl\" class=\"wp-block-gutentor-m3 section-g-d5n3dxl gutentor-module gutentor-container-cover\"><div class=\"grid-container\">\n<div id=\"section-g-0ihfvei\" class=\"wp-block-gutentor-e1 section-g-0ihfvei gutentor-element gutentor-element-advanced-text\"><div class=\"gutentor-text-wrap\"><h2 class=\"gutentor-text\">Mit\u00e4 h\u00e4iri\u00f6ilmoituksen j\u00e4lkeen tapahtuu?<\/h2><\/div><\/div>\n\n\n\n<div id=\"section-g-sss1p36\" class=\"wp-block-gutentor-e1 section-g-sss1p36 gutentor-element gutentor-element-advanced-text\"><div class=\"gutentor-text-wrap\"><p class=\"gutentor-text\">\u2022&nbsp;&nbsp;K\u00e4sittelemme ilmoituksesi mahdollisimman pian ja olemme sinuun yhteydess\u00e4 tarvittaessa.<br>\u2022&nbsp;&nbsp;Arvioimme jatkotoimenpiteet vuokranantajalla asuinhuoneistolain puitteissa olevin keinoin.<br><br>Toimenpiteisiin ei ryhdyt\u00e4, jos h\u00e4iri\u00f6 on v\u00e4h\u00e4inen tai lyhytaikainen.<br><br>K\u00e4sittelemme ilmoitukset luottamuksellisesti \u2013 emme koskaan kerro ilmoittajan nime\u00e4, jos siit\u00e4 ei erikseen sovita.<\/p><\/div><\/div>\n\n\n\n<h2 class=\"wp-block-heading\">Mit\u00e4 h\u00e4iri\u00f6n aiheuttajalle seuraa?<\/h2>\n\n\n\n<p><br>Emme saa kertoa edes h\u00e4iri\u00f6ilmoituksen tekij\u00e4lle, mit\u00e4 toimenpiteit\u00e4 ilmoituksen kohteena olevaan asukkaaseen kohdistetaan. Olemme vuokranantajana aina vaitiolovelvollisia, sill\u00e4 jokaista asukasta suojaa lain edellytt\u00e4m\u00e4 yksityisyydensuoja.<\/p>\n<\/div><\/section>\n<\/div><\/section>\n\n\n\n<p><\/p>\n","protected":false},"excerpt":{"rendered":"","protected":false},"author":5,"featured_media":0,"parent":3349,"menu_order":0,"comment_status":"closed","ping_status":"closed","template":"","meta":{"_acf_changed":false,"footnotes":""},"class_list":["post-6572","page","type-page","status-publish"],"acf":[],"yoast_head":"<!-- This site is optimized with the Yoast SEO plugin v27.4 - https:\/\/yoast.com\/product\/yoast-seo-wordpress\/ -->\n<title>What is normal living - Porvoon Kodit<\/title>\n<meta name=\"robots\" content=\"index, follow, max-snippet:-1, max-image-preview:large, max-video-preview:-1\" \/>\n<link rel=\"canonical\" href=\"https:\/\/porvoonkodit.fi\/en\/testisivu-2\/\" \/>\n<meta property=\"og:locale\" content=\"en_US\" \/>\n<meta property=\"og:type\" content=\"article\" \/>\n<meta property=\"og:title\" content=\"What is normal living - Porvoon Kodit\" \/>\n<meta property=\"og:url\" content=\"https:\/\/porvoonkodit.fi\/en\/testisivu-2\/\" \/>\n<meta property=\"og:site_name\" content=\"Porvoon Kodit\" \/>\n<meta property=\"article:publisher\" content=\"https:\/\/www.facebook.com\/AyhtiotAbolagen\/\" \/>\n<meta property=\"article:modified_time\" content=\"2026-02-17T11:32:19+00:00\" \/>\n<meta name=\"twitter:card\" content=\"summary_large_image\" \/>\n<meta name=\"twitter:label1\" content=\"Est. reading time\" \/>\n\t<meta name=\"twitter:data1\" content=\"4 minutes\" \/>\n<script type=\"application\/ld+json\" class=\"yoast-schema-graph\">{\"@context\":\"https:\\\/\\\/schema.org\",\"@graph\":[{\"@type\":\"WebPage\",\"@id\":\"https:\\\/\\\/porvoonkodit.fi\\\/en\\\/testisivu-2\\\/\",\"url\":\"https:\\\/\\\/porvoonkodit.fi\\\/en\\\/testisivu-2\\\/\",\"name\":\"What is normal living - Porvoon Kodit\",\"isPartOf\":{\"@id\":\"https:\\\/\\\/porvoonkodit.fi\\\/#website\"},\"datePublished\":\"2026-01-12T10:22:36+00:00\",\"dateModified\":\"2026-02-17T11:32:19+00:00\",\"breadcrumb\":{\"@id\":\"https:\\\/\\\/porvoonkodit.fi\\\/en\\\/testisivu-2\\\/#breadcrumb\"},\"inLanguage\":\"en-US\",\"potentialAction\":[{\"@type\":\"ReadAction\",\"target\":[\"https:\\\/\\\/porvoonkodit.fi\\\/en\\\/testisivu-2\\\/\"]}]},{\"@type\":\"BreadcrumbList\",\"@id\":\"https:\\\/\\\/porvoonkodit.fi\\\/en\\\/testisivu-2\\\/#breadcrumb\",\"itemListElement\":[{\"@type\":\"ListItem\",\"position\":1,\"name\":\"Etusivu\",\"item\":\"https:\\\/\\\/porvoonkodit.fi\\\/en\\\/\"},{\"@type\":\"ListItem\",\"position\":2,\"name\":\"What is normal living\"}]},{\"@type\":\"WebSite\",\"@id\":\"https:\\\/\\\/porvoonkodit.fi\\\/#website\",\"url\":\"https:\\\/\\\/porvoonkodit.fi\\\/\",\"name\":\"Porvoon kodit Oy\",\"description\":\"Tervetuloa kotiin\",\"publisher\":{\"@id\":\"https:\\\/\\\/porvoonkodit.fi\\\/#organization\"},\"potentialAction\":[{\"@type\":\"SearchAction\",\"target\":{\"@type\":\"EntryPoint\",\"urlTemplate\":\"https:\\\/\\\/porvoonkodit.fi\\\/?s={search_term_string}\"},\"query-input\":{\"@type\":\"PropertyValueSpecification\",\"valueRequired\":true,\"valueName\":\"search_term_string\"}}],\"inLanguage\":\"en-US\"},{\"@type\":\"Organization\",\"@id\":\"https:\\\/\\\/porvoonkodit.fi\\\/#organization\",\"name\":\"Porvoon kodit Oy\",\"url\":\"https:\\\/\\\/porvoonkodit.fi\\\/\",\"logo\":{\"@type\":\"ImageObject\",\"inLanguage\":\"en-US\",\"@id\":\"https:\\\/\\\/porvoonkodit.fi\\\/#\\\/schema\\\/logo\\\/image\\\/\",\"url\":\"https:\\\/\\\/porvoonkodit.fi\\\/wp-content\\\/uploads\\\/2025\\\/07\\\/Logo-tummempi-oranssi.png\",\"contentUrl\":\"https:\\\/\\\/porvoonkodit.fi\\\/wp-content\\\/uploads\\\/2025\\\/07\\\/Logo-tummempi-oranssi.png\",\"width\":480,\"height\":150,\"caption\":\"Porvoon kodit Oy\"},\"image\":{\"@id\":\"https:\\\/\\\/porvoonkodit.fi\\\/#\\\/schema\\\/logo\\\/image\\\/\"},\"sameAs\":[\"https:\\\/\\\/www.facebook.com\\\/AyhtiotAbolagen\\\/\"]}]}<\/script>\n<!-- \/ Yoast SEO plugin. -->","yoast_head_json":{"title":"What is normal living - Porvoon Kodit","robots":{"index":"index","follow":"follow","max-snippet":"max-snippet:-1","max-image-preview":"max-image-preview:large","max-video-preview":"max-video-preview:-1"},"canonical":"https:\/\/porvoonkodit.fi\/en\/testisivu-2\/","og_locale":"en_US","og_type":"article","og_title":"What is normal living - Porvoon Kodit","og_url":"https:\/\/porvoonkodit.fi\/en\/testisivu-2\/","og_site_name":"Porvoon Kodit","article_publisher":"https:\/\/www.facebook.com\/AyhtiotAbolagen\/","article_modified_time":"2026-02-17T11:32:19+00:00","twitter_card":"summary_large_image","twitter_misc":{"Est. reading time":"4 minutes"},"schema":{"@context":"https:\/\/schema.org","@graph":[{"@type":"WebPage","@id":"https:\/\/porvoonkodit.fi\/en\/testisivu-2\/","url":"https:\/\/porvoonkodit.fi\/en\/testisivu-2\/","name":"What is normal living - Porvoon Kodit","isPartOf":{"@id":"https:\/\/porvoonkodit.fi\/#website"},"datePublished":"2026-01-12T10:22:36+00:00","dateModified":"2026-02-17T11:32:19+00:00","breadcrumb":{"@id":"https:\/\/porvoonkodit.fi\/en\/testisivu-2\/#breadcrumb"},"inLanguage":"en-US","potentialAction":[{"@type":"ReadAction","target":["https:\/\/porvoonkodit.fi\/en\/testisivu-2\/"]}]},{"@type":"BreadcrumbList","@id":"https:\/\/porvoonkodit.fi\/en\/testisivu-2\/#breadcrumb","itemListElement":[{"@type":"ListItem","position":1,"name":"Etusivu","item":"https:\/\/porvoonkodit.fi\/en\/"},{"@type":"ListItem","position":2,"name":"What is normal living"}]},{"@type":"WebSite","@id":"https:\/\/porvoonkodit.fi\/#website","url":"https:\/\/porvoonkodit.fi\/","name":"Porvoon kodit Oy","description":"Tervetuloa kotiin","publisher":{"@id":"https:\/\/porvoonkodit.fi\/#organization"},"potentialAction":[{"@type":"SearchAction","target":{"@type":"EntryPoint","urlTemplate":"https:\/\/porvoonkodit.fi\/?s={search_term_string}"},"query-input":{"@type":"PropertyValueSpecification","valueRequired":true,"valueName":"search_term_string"}}],"inLanguage":"en-US"},{"@type":"Organization","@id":"https:\/\/porvoonkodit.fi\/#organization","name":"Porvoon kodit Oy","url":"https:\/\/porvoonkodit.fi\/","logo":{"@type":"ImageObject","inLanguage":"en-US","@id":"https:\/\/porvoonkodit.fi\/#\/schema\/logo\/image\/","url":"https:\/\/porvoonkodit.fi\/wp-content\/uploads\/2025\/07\/Logo-tummempi-oranssi.png","contentUrl":"https:\/\/porvoonkodit.fi\/wp-content\/uploads\/2025\/07\/Logo-tummempi-oranssi.png","width":480,"height":150,"caption":"Porvoon kodit Oy"},"image":{"@id":"https:\/\/porvoonkodit.fi\/#\/schema\/logo\/image\/"},"sameAs":["https:\/\/www.facebook.com\/AyhtiotAbolagen\/"]}]}},"_links":{"self":[{"href":"https:\/\/porvoonkodit.fi\/en\/wp-json\/wp\/v2\/pages\/6572","targetHints":{"allow":["GET"]}}],"collection":[{"href":"https:\/\/porvoonkodit.fi\/en\/wp-json\/wp\/v2\/pages"}],"about":[{"href":"https:\/\/porvoonkodit.fi\/en\/wp-json\/wp\/v2\/types\/page"}],"author":[{"embeddable":true,"href":"https:\/\/porvoonkodit.fi\/en\/wp-json\/wp\/v2\/users\/5"}],"replies":[{"embeddable":true,"href":"https:\/\/porvoonkodit.fi\/en\/wp-json\/wp\/v2\/comments?post=6572"}],"version-history":[{"count":7,"href":"https:\/\/porvoonkodit.fi\/en\/wp-json\/wp\/v2\/pages\/6572\/revisions"}],"predecessor-version":[{"id":6696,"href":"https:\/\/porvoonkodit.fi\/en\/wp-json\/wp\/v2\/pages\/6572\/revisions\/6696"}],"up":[{"embeddable":true,"href":"https:\/\/porvoonkodit.fi\/en\/wp-json\/wp\/v2\/pages\/3349"}],"wp:attachment":[{"href":"https:\/\/porvoonkodit.fi\/en\/wp-json\/wp\/v2\/media?parent=6572"}],"curies":[{"name":"wp","href":"https:\/\/api.w.org\/{rel}","templated":true}]}}