{"id":4904,"date":"2025-07-31T07:38:56","date_gmt":"2025-07-31T07:38:56","guid":{"rendered":"https:\/\/porvoonkodit.fi\/poismuuttajan-ohjeet\/"},"modified":"2026-01-26T11:34:35","modified_gmt":"2026-01-26T11:34:35","slug":"poismuuttajan-ohjeet","status":"publish","type":"page","link":"https:\/\/porvoonkodit.fi\/en\/poismuuttajan-ohjeet\/","title":{"rendered":"Instructions for Departing Tenants"},"content":{"rendered":"\n<section id=\"g-v1l9vvr\" class=\"wp-block-gutentor-m3 alignfull section-g-v1l9vvr gutentor-module gutentor-container-cover\"><div class=\"grid-container\">\n<section id=\"g-mmom818\" class=\"wp-block-gutentor-m3 section-g-mmom818 gutentor-module gutentor-container-cover\"><div class=\"grid-container\">\n<div id=\"section-g-39kx12j\" class=\"wp-block-gutentor-e1 section-g-39kx12j gutentor-element gutentor-element-advanced-text\"><div class=\"gutentor-text-wrap\"><h2 class=\"gutentor-text\">Termination and Moving Out \u2013 Instructions for Departing Tenants<\/h2><\/div><\/div>\n\n\n\n<div id=\"section-g-vttsj0s\" class=\"wp-block-gutentor-e1 section-g-vttsj0s gutentor-element gutentor-element-advanced-text\"><div class=\"gutentor-text-wrap\"><p class=\"gutentor-text\">At Porvoon Kodit, the notice period for terminating a lease is always one calendar month. This means that a tenant can terminate the lease to end on the last day of the following month. Termination must be done electronically or by completing the form below and submitting it to Porvoon Kodit&#8217;s customer service.<br><br>Departing tenants are responsible for clearing out all personal belongings not only from the apartment but also from any storage spaces and the yard. Cleaning the apartment and the associated storage unit is also the tenant\u2019s responsibility.<br><br>All apartment keys, including any additional keys (e.g., for the laundry room), must be returned to the company\u2019s office.<br>The rental deposit will be refunded after the lease ends, provided the apartment is in good condition and all payment obligations related to the lease have been fulfilled.<br><br>Don\u2019t forget to submit an official change-of-address notification to the population register authority no later than one week after moving!<\/p><\/div><\/div>\n\n\n\n<div id=\"section-g-muz1x5l\" class=\"wp-block-gutentor-e2 section-g-muz1x5l gutentor-element gutentor-element-button gutentor-btn-full-mobile gutentor-btn-custom-desktop gutentor-btn-custom-tablet button-align-left-desktop button-align-left-tablet button-align-center-mobile\"><span class=\"gutentor-button-wrap\"><a class=\"gutentor-button gutentor-block-button gutentor-icon-hide\" href=\"https:\/\/app.kodia.fi\/public\/Porvoon-A-asunnot-Oy---Borg\u00e5-A-bost\u00e4der-Ab\/terminate-contract\" target=\"_blank\" rel=\" noopener noreferrer\"><i class=\"gutentor-button-icon fas fa-book\"><\/i><span>Electronic Termination Form<\/span><\/a><\/span><\/div>\n\n\n\n<div style=\"height:20px\" aria-hidden=\"true\" class=\"wp-block-spacer\"><\/div>\n\n\n\n<div id=\"section-g-sslltmt\" class=\"wp-block-gutentor-e2 section-g-sslltmt gutentor-element gutentor-element-button gutentor-btn-full-mobile gutentor-btn-custom-desktop gutentor-btn-custom-tablet button-align-left-desktop button-align-left-tablet button-align-center-mobile\"><span class=\"gutentor-button-wrap\"><a class=\"gutentor-button gutentor-block-button gutentor-icon-hide\" href=\"https:\/\/porvoonkodit.fi\/wp-content\/uploads\/2025\/09\/irtisanomislomake.pdf\" target=\"_blank\" rel=\" noopener noreferrer\"><i class=\"gutentor-button-icon fas fa-book\"><\/i><span>Printable Termination Form<\/span><\/a><\/span><\/div>\n\n\n\n<div style=\"height:20px\" aria-hidden=\"true\" class=\"wp-block-spacer\"><\/div>\n\n\n\n<div style=\"height:30px\" aria-hidden=\"true\" class=\"wp-block-spacer\"><\/div>\n<\/div><\/section>\n<\/div><\/section>\n\n\n\n<section id=\"g-c0b00by\" class=\"wp-block-gutentor-m3 alignfull section-g-c0b00by gutentor-module gutentor-container-cover\"><div class=\"grid-container\">\n<section id=\"g-uojqb5b\" class=\"wp-block-gutentor-m3 section-g-uojqb5b gutentor-module gutentor-container-cover\"><div class=\"grid-container\">\n<div id=\"section-g-t6ttxpi\" class=\"wp-block-gutentor-e1 section-g-t6ttxpi gutentor-element gutentor-element-advanced-text\"><div class=\"gutentor-text-wrap\"><h2 class=\"gutentor-text\">When One Tenant Moves Out<\/h2><\/div><\/div>\n\n\n\n<div id=\"section-g-bsq4stx\" class=\"wp-block-gutentor-e1 section-g-bsq4stx gutentor-element gutentor-element-advanced-text\"><div class=\"gutentor-text-wrap\"><p class=\"gutentor-text\">If only one of the tenants listed on the lease agreement moves out and the other continues to live in the apartment, the departing tenant must terminate the lease for their part. The completed termination form must be submitted to Porvoon Kodit&#8217;s customer service.<\/p><\/div><\/div>\n\n\n\n<div id=\"section-g-twmads1\" class=\"wp-block-gutentor-e2 section-g-twmads1 gutentor-element gutentor-element-button gutentor-btn-full-mobile gutentor-btn-custom-desktop gutentor-btn-custom-tablet button-align-left-desktop button-align-left-tablet button-align-center-mobile\"><span class=\"gutentor-button-wrap\"><a class=\"gutentor-button gutentor-block-button gutentor-icon-hide\" href=\"https:\/\/porvoonkodit.fi\/wp-content\/uploads\/2025\/09\/Irtisanomislomake_toiselta-osapuolelta.pdf\" target=\"_blank\" rel=\" noopener noreferrer\"><i class=\"gutentor-button-icon fas fa-book\"><\/i><span>Termination form for one tenant<\/span><\/a><\/span><\/div>\n\n\n\n<div style=\"height:30px\" aria-hidden=\"true\" class=\"wp-block-spacer\"><\/div>\n<\/div><\/section>\n<\/div><\/section>\n\n\n\n<section id=\"g-v0v9s1k\" class=\"wp-block-gutentor-m3 alignfull section-g-v0v9s1k gutentor-module gutentor-container-cover\"><div class=\"grid-container\">\n<section id=\"g-qeu4q0e\" class=\"wp-block-gutentor-m3 section-g-qeu4q0e gutentor-module gutentor-container-cover\"><div class=\"grid-container\">\n<div id=\"section-g-8o0gee8\" class=\"wp-block-gutentor-e1 section-g-8o0gee8 gutentor-element gutentor-element-advanced-text\"><div class=\"gutentor-text-wrap\"><h2 class=\"gutentor-text\">In the Event of a Tenant\u2019s Death<\/h2><\/div><\/div>\n\n\n\n<div id=\"section-g-3ylaks1\" class=\"wp-block-gutentor-e1 section-g-3ylaks1 gutentor-element gutentor-element-advanced-text\"><div class=\"gutentor-text-wrap\"><p class=\"gutentor-text\">The estate of the deceased may either terminate the lease or transfer it to a spouse or family member residing in the apartment. The standard notice period (one calendar month) applies to the termination. Termination must be carried out by the shareholders of the estate, and a certificate of the deceased tenant\u2019s registration (virkatodistus) must be attached. This certificate can be obtained from the parish or the Digital and Population Data Services Agency.<\/p><\/div><\/div>\n\n\n\n<div id=\"section-g-88e4uil\" class=\"wp-block-gutentor-e2 section-g-88e4uil gutentor-element gutentor-element-button gutentor-btn-full-mobile gutentor-btn-custom-desktop gutentor-btn-custom-tablet button-align-left-desktop button-align-left-tablet button-align-center-mobile\"><span class=\"gutentor-button-wrap\"><a class=\"gutentor-button gutentor-block-button gutentor-icon-hide\" href=\"https:\/\/porvoonkodit.fi\/wp-content\/uploads\/2025\/10\/Irtisanomislomake_Porvoon_Kodit-_uppsagningsformular_Borga_Hem.pdf\" target=\"_blank\" rel=\" noopener noreferrer\"><i class=\"gutentor-button-icon fas fa-book\"><\/i><span>Printable Termination Form<\/span><\/a><\/span><\/div>\n\n\n\n<div style=\"height:30px\" aria-hidden=\"true\" class=\"wp-block-spacer\"><\/div>\n<\/div><\/section>\n<\/div><\/section>\n\n\n\n<section id=\"rent\" class=\"wp-block-gutentor-m3 alignfull section-g-qg21q3s gutentor-module gutentor-container-cover\"><div class=\"grid-container\">\n<section id=\"g-8c5cfch\" class=\"wp-block-gutentor-m3 section-g-8c5cfch gutentor-module gutentor-container-cover\"><div class=\"grid-container\">\n<div id=\"section-g-p3uinl5\" class=\"wp-block-gutentor-e1 section-g-p3uinl5 gutentor-element gutentor-element-advanced-text\"><div class=\"gutentor-text-wrap\"><h2 class=\"gutentor-text\">Checklist for Moving Out:<\/h2><\/div><\/div>\n\n\n\n<div id=\"section-g-4ssuxog\" class=\"wp-block-gutentor-e1 section-g-4ssuxog gutentor-element gutentor-element-advanced-text\"><div class=\"gutentor-text-wrap\"><p class=\"gutentor-text\">A Few Reminders About Vacating the Apartment at the End of the Lease:<br><br>As the departing tenant, you are responsible for clearing out all your belongings not only from the apartment but also from any storage spaces and the yard. If you leave items in the apartment or storage unit, they will be removed, and you will be charged for the removal costs. Likewise, if the apartment is left uncleaned, you will receive a cleaning invoice.<br><br>If you agree with the next tenant to leave furniture or appliances in the apartment, a written agreement must be made and signed by both parties. This agreement must be submitted to Porvoon Kodit\u2019s office.<br><br>Only appropriate waste may be placed in the property\u2019s waste containers; for example, appliances and furniture must be taken to proper recycling points by you.<br><br>When removing a dishwasher, both the drain connection and the water inlet hose must be sealed. The backflow valve (anti-siphon device) on the washing machine tap must be left in place. Ceiling light fixtures belong to the apartment and must remain. The window key should be left in an easily visible place, such as on the kitchen counter.<br><br>All apartment keys and any other company-issued keys in your possession must be returned to the company\u2019s office at Vuorikatu 3 by the last valid day of the lease.<\/p><\/div><\/div>\n<\/div><\/section>\n<\/div><\/section>\n\n\n\n<section id=\"rent\" class=\"wp-block-gutentor-m3 alignfull section-g-me8fby8 gutentor-module gutentor-container-cover\"><div class=\"grid-container\">\n<section id=\"g-11x8xkv\" class=\"wp-block-gutentor-m3 section-g-11x8xkv gutentor-module gutentor-container-cover\"><div class=\"grid-container\">\n<div id=\"section-g-vkk1711\" class=\"wp-block-gutentor-e1 section-g-vkk1711 gutentor-element gutentor-element-advanced-text\"><div class=\"gutentor-text-wrap\"><h2 class=\"gutentor-text\">Cleaning instructions:<\/h2><\/div><\/div>\n\n\n\n<details class=\"wp-block-details is-layout-flow wp-block-details-is-layout-flow\"><summary>Ohjeet<\/summary>\n<div id=\"section-g-g1qi11p\" class=\"wp-block-gutentor-e7 section-g-g1qi11p gutentor-element gutentor-element-list\"><ul class=\"grid-row gutentor-grid-item-wrap list-indicator-icon\"><li class=\"gutentor-list-item grid-lg-12 grid-md-12 grid-12\"><span class=\"gutentor-single-item gutentor-single-item-0\"><span class=\"gutentor-list-item-wrap g-s-list-wrap\"><span class=\"gutentor-single-list-item-icon\"><i class=\"list-item-icon fas fa-circle\"><\/i><\/span><span class=\"gutentor-list-item\"><p class=\"gutentor-single-item-title\">Lattia imuroidaan ja pest\u00e4\u00e4n.<\/p><\/span><\/span><\/span><\/li><li class=\"gutentor-list-item grid-lg-12 grid-md-12 grid-12\"><span class=\"gutentor-single-item gutentor-single-item-1\"><span class=\"gutentor-list-item-wrap g-s-list-wrap\"><span class=\"gutentor-single-list-item-icon\"><i class=\"list-item-icon fas fa-circle\"><\/i><\/span><span class=\"gutentor-list-item\"><p class=\"gutentor-single-item-title\">Seinist\u00e4 ja v\u00e4liovista puhdistetaan tahrat.<\/p><\/span><\/span><\/span><\/li><li class=\"gutentor-list-item grid-lg-12 grid-md-12 grid-12\"><span class=\"gutentor-single-item gutentor-single-item-2\"><span class=\"gutentor-list-item-wrap g-s-list-wrap\"><span class=\"gutentor-single-list-item-icon\"><i class=\"list-item-icon fas fa-circle\"><\/i><\/span><span class=\"gutentor-list-item\"><p class=\"gutentor-single-item-title\">P\u00f6yt\u00e4pinnat ja kaapit pyyhit\u00e4\u00e4n.<\/p><\/span><\/span><\/span><\/li><li class=\"gutentor-list-item grid-lg-12 grid-md-12 grid-12\"><span class=\"gutentor-single-item gutentor-single-item-3\"><span class=\"gutentor-list-item-wrap g-s-list-wrap\"><span class=\"gutentor-single-list-item-icon\"><i class=\"list-item-icon fas fa-circle\"><\/i><\/span><span class=\"gutentor-list-item\"><p class=\"gutentor-single-item-title\">J\u00e4\u00e4kaappi\/pakastin sulatetaan ja pest\u00e4\u00e4n.<\/p><\/span><\/span><\/span><\/li><li class=\"gutentor-list-item grid-lg-12 grid-md-12 grid-12\"><span class=\"gutentor-single-item gutentor-single-item-4\"><span class=\"gutentor-list-item-wrap g-s-list-wrap\"><span class=\"gutentor-single-list-item-icon\"><i class=\"list-item-icon fas fa-circle\"><\/i><\/span><span class=\"gutentor-list-item\"><p class=\"gutentor-single-item-title\">Hella ja uuni ja lieden tausta puhdistetaan.<\/p><\/span><\/span><\/span><\/li><li class=\"gutentor-list-item grid-lg-12 grid-md-12 grid-12\"><span class=\"gutentor-single-item gutentor-single-item-5\"><span class=\"gutentor-list-item-wrap g-s-list-wrap\"><span class=\"gutentor-single-list-item-icon\"><i class=\"list-item-icon fas fa-circle\"><\/i><\/span><span class=\"gutentor-list-item\"><p class=\"gutentor-single-item-title\">Liesituulettimen rasvasuodatin puhdistetaan.<\/p><\/span><\/span><\/span><\/li><li class=\"gutentor-list-item grid-lg-12 grid-md-12 grid-12\"><span class=\"gutentor-single-item gutentor-single-item-6\"><span class=\"gutentor-list-item-wrap g-s-list-wrap\"><span class=\"gutentor-single-list-item-icon\"><i class=\"list-item-icon fas fa-circle\"><\/i><\/span><span class=\"gutentor-list-item\"><p class=\"gutentor-single-item-title\">Korvausilma- ja poistoilmaventtiilit puhdistetaan.<\/p><\/span><\/span><\/span><\/li><li class=\"gutentor-list-item grid-lg-12 grid-md-12 grid-12\"><span class=\"gutentor-single-item gutentor-single-item-7\"><span class=\"gutentor-list-item-wrap g-s-list-wrap\"><span class=\"gutentor-single-list-item-icon\"><i class=\"list-item-icon fas fa-circle\"><\/i><\/span><span class=\"gutentor-list-item\"><p class=\"gutentor-single-item-title\">Kylpyhuoneen lattia, lavuaarit ja wc-p\u00f6ntt\u00f6 puhdistetaan, samoin kylpyhuoneen lattiakaivo.<\/p><\/span><\/span><\/span><\/li><li class=\"gutentor-list-item grid-lg-12 grid-md-12 grid-12\"><span class=\"gutentor-single-item gutentor-single-item-8\"><span class=\"gutentor-list-item-wrap g-s-list-wrap\"><span class=\"gutentor-single-list-item-icon\"><i class=\"list-item-icon fas fa-circle\"><\/i><\/span><span class=\"gutentor-list-item\"><p class=\"gutentor-single-item-title\">Parveke ja verkkokomero\/kylm\u00e4kellari tyhjennet\u00e4\u00e4n ja puhdistetaan.<\/p><\/span><\/span><\/span><\/li><li class=\"gutentor-list-item grid-lg-12 grid-md-12 grid-12\"><span class=\"gutentor-single-item gutentor-single-item-9\"><span class=\"gutentor-list-item-wrap g-s-list-wrap\"><span class=\"gutentor-single-list-item-icon\"><i class=\"list-item-icon fas fa-circle\"><\/i><\/span><span class=\"gutentor-list-item\"><p class=\"gutentor-single-item-title\">Roskat, pahvilaatikot, purkit ym. vied\u00e4\u00e4n j\u00e4teastioihin.<\/p><\/span><\/span><\/span><\/li><\/ul><\/div>\n<\/details>\n<\/div><\/section>\n<\/div><\/section>\n","protected":false},"excerpt":{"rendered":"","protected":false},"author":3,"featured_media":0,"parent":0,"menu_order":0,"comment_status":"closed","ping_status":"closed","template":"","meta":{"_acf_changed":false,"footnotes":""},"class_list":["post-4904","page","type-page","status-publish"],"acf":[],"yoast_head":"<!-- This site is optimized with the Yoast SEO plugin v27.3 - https:\/\/yoast.com\/product\/yoast-seo-wordpress\/ -->\n<title>Instructions for Departing Tenants - Porvoon Kodit<\/title>\n<meta name=\"robots\" content=\"index, follow, max-snippet:-1, max-image-preview:large, max-video-preview:-1\" \/>\n<link rel=\"canonical\" href=\"https:\/\/porvoonkodit.fi\/en\/poismuuttajan-ohjeet\/\" \/>\n<meta property=\"og:locale\" content=\"en_US\" \/>\n<meta property=\"og:type\" content=\"article\" \/>\n<meta property=\"og:title\" content=\"Instructions for Departing Tenants - Porvoon Kodit\" \/>\n<meta property=\"og:url\" content=\"https:\/\/porvoonkodit.fi\/en\/poismuuttajan-ohjeet\/\" \/>\n<meta property=\"og:site_name\" content=\"Porvoon Kodit\" \/>\n<meta property=\"article:publisher\" content=\"https:\/\/www.facebook.com\/AyhtiotAbolagen\/\" \/>\n<meta property=\"article:modified_time\" content=\"2026-01-26T11:34:35+00:00\" \/>\n<meta name=\"twitter:card\" content=\"summary_large_image\" \/>\n<meta name=\"twitter:label1\" content=\"Est. reading time\" \/>\n\t<meta name=\"twitter:data1\" content=\"4 minutes\" \/>\n<script type=\"application\/ld+json\" class=\"yoast-schema-graph\">{\"@context\":\"https:\\\/\\\/schema.org\",\"@graph\":[{\"@type\":\"WebPage\",\"@id\":\"https:\\\/\\\/porvoonkodit.fi\\\/en\\\/poismuuttajan-ohjeet\\\/\",\"url\":\"https:\\\/\\\/porvoonkodit.fi\\\/en\\\/poismuuttajan-ohjeet\\\/\",\"name\":\"Instructions for Departing Tenants - Porvoon Kodit\",\"isPartOf\":{\"@id\":\"https:\\\/\\\/porvoonkodit.fi\\\/#website\"},\"datePublished\":\"2025-07-31T07:38:56+00:00\",\"dateModified\":\"2026-01-26T11:34:35+00:00\",\"breadcrumb\":{\"@id\":\"https:\\\/\\\/porvoonkodit.fi\\\/en\\\/poismuuttajan-ohjeet\\\/#breadcrumb\"},\"inLanguage\":\"en-US\",\"potentialAction\":[{\"@type\":\"ReadAction\",\"target\":[\"https:\\\/\\\/porvoonkodit.fi\\\/en\\\/poismuuttajan-ohjeet\\\/\"]}]},{\"@type\":\"BreadcrumbList\",\"@id\":\"https:\\\/\\\/porvoonkodit.fi\\\/en\\\/poismuuttajan-ohjeet\\\/#breadcrumb\",\"itemListElement\":[{\"@type\":\"ListItem\",\"position\":1,\"name\":\"Etusivu\",\"item\":\"https:\\\/\\\/porvoonkodit.fi\\\/en\\\/\"},{\"@type\":\"ListItem\",\"position\":2,\"name\":\"Instructions for Departing Tenants\"}]},{\"@type\":\"WebSite\",\"@id\":\"https:\\\/\\\/porvoonkodit.fi\\\/#website\",\"url\":\"https:\\\/\\\/porvoonkodit.fi\\\/\",\"name\":\"Porvoon kodit Oy\",\"description\":\"Tervetuloa kotiin\",\"publisher\":{\"@id\":\"https:\\\/\\\/porvoonkodit.fi\\\/#organization\"},\"potentialAction\":[{\"@type\":\"SearchAction\",\"target\":{\"@type\":\"EntryPoint\",\"urlTemplate\":\"https:\\\/\\\/porvoonkodit.fi\\\/?s={search_term_string}\"},\"query-input\":{\"@type\":\"PropertyValueSpecification\",\"valueRequired\":true,\"valueName\":\"search_term_string\"}}],\"inLanguage\":\"en-US\"},{\"@type\":\"Organization\",\"@id\":\"https:\\\/\\\/porvoonkodit.fi\\\/#organization\",\"name\":\"Porvoon kodit Oy\",\"url\":\"https:\\\/\\\/porvoonkodit.fi\\\/\",\"logo\":{\"@type\":\"ImageObject\",\"inLanguage\":\"en-US\",\"@id\":\"https:\\\/\\\/porvoonkodit.fi\\\/#\\\/schema\\\/logo\\\/image\\\/\",\"url\":\"https:\\\/\\\/porvoonkodit.fi\\\/wp-content\\\/uploads\\\/2025\\\/07\\\/Logo-tummempi-oranssi.png\",\"contentUrl\":\"https:\\\/\\\/porvoonkodit.fi\\\/wp-content\\\/uploads\\\/2025\\\/07\\\/Logo-tummempi-oranssi.png\",\"width\":480,\"height\":150,\"caption\":\"Porvoon kodit Oy\"},\"image\":{\"@id\":\"https:\\\/\\\/porvoonkodit.fi\\\/#\\\/schema\\\/logo\\\/image\\\/\"},\"sameAs\":[\"https:\\\/\\\/www.facebook.com\\\/AyhtiotAbolagen\\\/\"]}]}<\/script>\n<!-- \/ Yoast SEO plugin. -->","yoast_head_json":{"title":"Instructions for Departing Tenants - Porvoon Kodit","robots":{"index":"index","follow":"follow","max-snippet":"max-snippet:-1","max-image-preview":"max-image-preview:large","max-video-preview":"max-video-preview:-1"},"canonical":"https:\/\/porvoonkodit.fi\/en\/poismuuttajan-ohjeet\/","og_locale":"en_US","og_type":"article","og_title":"Instructions for Departing Tenants - Porvoon Kodit","og_url":"https:\/\/porvoonkodit.fi\/en\/poismuuttajan-ohjeet\/","og_site_name":"Porvoon Kodit","article_publisher":"https:\/\/www.facebook.com\/AyhtiotAbolagen\/","article_modified_time":"2026-01-26T11:34:35+00:00","twitter_card":"summary_large_image","twitter_misc":{"Est. reading time":"4 minutes"},"schema":{"@context":"https:\/\/schema.org","@graph":[{"@type":"WebPage","@id":"https:\/\/porvoonkodit.fi\/en\/poismuuttajan-ohjeet\/","url":"https:\/\/porvoonkodit.fi\/en\/poismuuttajan-ohjeet\/","name":"Instructions for Departing Tenants - Porvoon Kodit","isPartOf":{"@id":"https:\/\/porvoonkodit.fi\/#website"},"datePublished":"2025-07-31T07:38:56+00:00","dateModified":"2026-01-26T11:34:35+00:00","breadcrumb":{"@id":"https:\/\/porvoonkodit.fi\/en\/poismuuttajan-ohjeet\/#breadcrumb"},"inLanguage":"en-US","potentialAction":[{"@type":"ReadAction","target":["https:\/\/porvoonkodit.fi\/en\/poismuuttajan-ohjeet\/"]}]},{"@type":"BreadcrumbList","@id":"https:\/\/porvoonkodit.fi\/en\/poismuuttajan-ohjeet\/#breadcrumb","itemListElement":[{"@type":"ListItem","position":1,"name":"Etusivu","item":"https:\/\/porvoonkodit.fi\/en\/"},{"@type":"ListItem","position":2,"name":"Instructions for Departing Tenants"}]},{"@type":"WebSite","@id":"https:\/\/porvoonkodit.fi\/#website","url":"https:\/\/porvoonkodit.fi\/","name":"Porvoon kodit Oy","description":"Tervetuloa kotiin","publisher":{"@id":"https:\/\/porvoonkodit.fi\/#organization"},"potentialAction":[{"@type":"SearchAction","target":{"@type":"EntryPoint","urlTemplate":"https:\/\/porvoonkodit.fi\/?s={search_term_string}"},"query-input":{"@type":"PropertyValueSpecification","valueRequired":true,"valueName":"search_term_string"}}],"inLanguage":"en-US"},{"@type":"Organization","@id":"https:\/\/porvoonkodit.fi\/#organization","name":"Porvoon kodit Oy","url":"https:\/\/porvoonkodit.fi\/","logo":{"@type":"ImageObject","inLanguage":"en-US","@id":"https:\/\/porvoonkodit.fi\/#\/schema\/logo\/image\/","url":"https:\/\/porvoonkodit.fi\/wp-content\/uploads\/2025\/07\/Logo-tummempi-oranssi.png","contentUrl":"https:\/\/porvoonkodit.fi\/wp-content\/uploads\/2025\/07\/Logo-tummempi-oranssi.png","width":480,"height":150,"caption":"Porvoon kodit Oy"},"image":{"@id":"https:\/\/porvoonkodit.fi\/#\/schema\/logo\/image\/"},"sameAs":["https:\/\/www.facebook.com\/AyhtiotAbolagen\/"]}]}},"_links":{"self":[{"href":"https:\/\/porvoonkodit.fi\/en\/wp-json\/wp\/v2\/pages\/4904","targetHints":{"allow":["GET"]}}],"collection":[{"href":"https:\/\/porvoonkodit.fi\/en\/wp-json\/wp\/v2\/pages"}],"about":[{"href":"https:\/\/porvoonkodit.fi\/en\/wp-json\/wp\/v2\/types\/page"}],"author":[{"embeddable":true,"href":"https:\/\/porvoonkodit.fi\/en\/wp-json\/wp\/v2\/users\/3"}],"replies":[{"embeddable":true,"href":"https:\/\/porvoonkodit.fi\/en\/wp-json\/wp\/v2\/comments?post=4904"}],"version-history":[{"count":5,"href":"https:\/\/porvoonkodit.fi\/en\/wp-json\/wp\/v2\/pages\/4904\/revisions"}],"predecessor-version":[{"id":7440,"href":"https:\/\/porvoonkodit.fi\/en\/wp-json\/wp\/v2\/pages\/4904\/revisions\/7440"}],"wp:attachment":[{"href":"https:\/\/porvoonkodit.fi\/en\/wp-json\/wp\/v2\/media?parent=4904"}],"curies":[{"name":"wp","href":"https:\/\/api.w.org\/{rel}","templated":true}]}}