{"id":3772,"date":"2025-08-02T16:17:54","date_gmt":"2025-08-02T16:17:54","guid":{"rendered":"https:\/\/porvoonkodit.fi\/tietosuojaseloste\/"},"modified":"2025-10-01T09:36:52","modified_gmt":"2025-10-01T09:36:52","slug":"tietosuojaseloste","status":"publish","type":"page","link":"https:\/\/porvoonkodit.fi\/en\/tietosuojaseloste\/","title":{"rendered":"Privacy statement"},"content":{"rendered":"\n<section id=\"g-0c0cc0f\" class=\"wp-block-gutentor-m3 alignfull section-g-0c0cc0f gutentor-module gutentor-container-cover\"><div class=\"grid-container\">\n<section id=\"g-801179y\" class=\"wp-block-gutentor-m3 section-g-801179y gutentor-module gutentor-container-cover\"><div class=\"grid-container\">\n<p>Versio 2.11.2020<\/p>\n\n\n\n<ol class=\"wp-block-list\">\n<li>Rekisterinpit\u00e4j\u00e4<br>Porvoon Kodit, joka k\u00e4sitt\u00e4\u00e4 seuraavat varsinaiset yhti\u00f6t:<\/li>\n<\/ol>\n\n\n\n<p>Porvoon A-asunnot Oy \u2013 Borg\u00e5 A-bost\u00e4der Ab<br>Y-tunnus: 0130542-0<br>Kiinteist\u00f6 Oy A-Lukaali Ab<br>Y-tunnus: 1854581-8<br>Asunto Oy Suomentalo<br>Y-tunnus: 0575685-1<br>Kiinteist\u00f6 Oy Porvoon Hansatie 10<br>Y-tunnus: 0234833-4<br>Porvoon Vuokra-asunnot Oy \u2013 Borg\u00e5 Hyresbost\u00e4der Ab<br>Y-tunnus: 0704105-9<\/p>\n\n\n\n<p>Kaikkien yhti\u00f6iden toimipaikka on:<br>Vuorikatu 3<br>06100 Porvoo<br>Puh. 019-521 3600<br>T\u00e4ss\u00e4 selosteessa k\u00e4ytet\u00e4\u00e4n my\u00f6hemmin rekisterinpit\u00e4j\u00e4n\u00e4 Porvoon Kodit.<\/p>\n\n\n\n<ol start=\"2\" class=\"wp-block-list\">\n<li>Rekisteriasioita hoitava henkil\u00f6<\/li>\n<\/ol>\n\n\n\n<p>Teppo Riski<br>Porvoon Kodit<br>Kiinteist\u00f6johtaja<br>puh. (019) 521 36 00<br>gsm 040 551 82 89<br>teppo.riski@porvoonkodit.fi<\/p>\n\n\n\n<ol start=\"3\" class=\"wp-block-list\">\n<li>Rekisterin nimi<br>Porvoon Kotien asiakkuuteen ja muuhun asialliseen yhteyteen perustuva rekisteri.<\/li>\n\n\n\n<li>Henkil\u00f6tietojen k\u00e4ytt\u00f6tarkoitus<br>Henkil\u00f6tietoja k\u00e4sitell\u00e4\u00e4n asukasvalintaan, asunnon vuokraamiseen ja vuokra-asumiseen liittyen sek\u00e4 t\u00e4st\u00e4 syntyv\u00e4n asiakkuuden ja muuhun asialliseen yhteyteen perustuvan suhteen hallinnointiin, hoitamiseen, analysointiin ja kehitt\u00e4miseen, kuten mm.:<br>\u2022 asiakkaan tietojen yll\u00e4pito<br>\u2022 vuokrareskontran yll\u00e4pito<br>\u2022 asiakaskyselyt, esimerkiksi asiakastyytyv\u00e4isyyskyselyt<br>\u2022 asuntojen kunnossapito ja t\u00e4m\u00e4n osalta tarvittavien tietojen jakaminen Porvoon Kotien kanssa sopimussuhteessa oleville huoltoyhti\u00f6ille ja erikoisliikkeille<br>\u2022 vuokrasaatavien ja muiden huoneenvuokrasaatavien perint\u00e4<br>\u2022 asiakasviestinn\u00e4n lis\u00e4ksi henkil\u00f6tietoja voidaan k\u00e4ytt\u00e4\u00e4 Porvoon Kotien liiketoiminnan suunnitteluun ja kehitt\u00e4miseen.<\/li>\n\n\n\n<li>Rekisterin tietosis\u00e4lt\u00f6<br>Rekisteriss\u00e4 voidaan k\u00e4sitell\u00e4 seuraavia henkil\u00f6tietoja ja niiden muutostietoja asunnon hakijoista, suositeltavista asiakkaista, vuokralaisista sek\u00e4 mahdollisista kanssavuokralaisista:<br>Perustiedot, kuten<br>\u2022 nimi<br>\u2022 henkil\u00f6tunnus<br>\u2022 yhteystiedot (postiosoitteet, puhelinnumerot, s\u00e4hk\u00f6postiosoitteet)<br>\u2022 sukupuoli<br>Asiakkuuteen ja muuhun asialliseen yhteyteen liittyv\u00e4t, liiketoiminnasta syntyv\u00e4t tiedot, kuten<br>\u2022 asiakasnumero<br>\u2022 asiakkuuden alkup\u00e4iv\u00e4m\u00e4\u00e4r\u00e4<br>\u2022 samassa taloudessa asuvien henkil\u00f6iden tiedot, kuten avopuolison etu- ja sukunimi sek\u00e4 henkil\u00f6tunnus sek\u00e4 yhteystiedot<br>\u2022 tieto mahdollisesta edunvalvojasta<br>\u2022 tiedot ty\u00f6ss\u00e4k\u00e4ynnist\u00e4 ja ty\u00f6suhteen kestosta sek\u00e4 laadusta<br>\u2022 tulo- ja varallisuustiedot<br>\u2022 luottotiedot<br>\u2022 velkaj\u00e4rjestelytieto<br>\u2022 perint\u00e4tieto<br>\u2022 asiakkuutta edelt\u00e4v\u00e4n asunnon tiedot<br>\u2022 asunnon tarvetta koskevat tiedot<br>\u2022 vuokrasuhteeseen liittyv\u00e4t tiedot eli vuokrasopimustiedot, vuokranmaksutiedot, vuokra-vakuustiedot sek\u00e4 vuokrasuhteen p\u00e4\u00e4tt\u00e4miset<br>\u2022 alaik\u00e4isen vuokralaisen osalta vuokrasopimuksen allekirjoittaneen huoltajan yksil\u00f6intitiedot<br>\u2022 reklamaatiot, palautteet sek\u00e4 muu asiakkuuteen ja asialliseen yhteyteen liittyv\u00e4 yhteydenpito, viestint\u00e4 ja toimenpiteet, mukaan lukien puheluiden taltiot<br>\u2022 pankkitilitiedot vuokrasuhteen hoitoon liittyen<\/li>\n\n\n\n<li>S\u00e4\u00e4nn\u00f6nmukaiset tietol\u00e4hteet<br>Tietoja ker\u00e4t\u00e4\u00e4n rekister\u00f6idylt\u00e4 itselt\u00e4\u00e4n muun muassa vuokra-asuntohakemuslomakkeesta, jonka asiakas omalla suostumuksellaan t\u00e4ytt\u00e4\u00e4 joko s\u00e4hk\u00f6isist\u00e4 palveluista tai paperilla.<br>Henkil\u00f6tietoja voidaan ker\u00e4t\u00e4 ja p\u00e4ivitt\u00e4\u00e4 my\u00f6s Porvoon Kotien muista henkil\u00f6rekistereist\u00e4, irtisanoutuvilta asiakkailta, Porvoon Kotien yhteisty\u00f6kumppaneilta sek\u00e4 henkil\u00f6tietoja koskevia palveluja tarjoavilta viranomaisilta ja yrityksilt\u00e4, kuten V\u00e4est\u00f6rekisterikeskuksesta ja luottotiedot Suomen Asiakastieto Oy:n luottotietorekisterist\u00e4.<\/li>\n\n\n\n<li>Tietojen luovuttaminen ja siirt\u00e4minen<br>Tietoja ei l\u00e4ht\u00f6kohtaisesti luovuteta Porvoon Kotien ulkopuolelle. Poikkeuksena ovat Porvoon Kotien lukuun toimivat yhteisty\u00f6kumppanit silt\u00e4 osin kun ne v\u00e4ltt\u00e4m\u00e4tt\u00e4 tarvitsevat tietoja palveluidemme toteuttamiseksi. Tietoja voidaan luovuttaa kulloinkin voimassaolevan lains\u00e4\u00e4d\u00e4nn\u00f6n sallimissa ja velvoittamissa rajoissa esimerkiksi Porvoon Kotien puolesta perint\u00e4\u00e4 suorittaville sopimuskumppaneille sek\u00e4 tahoille, joilla lains\u00e4\u00e4d\u00e4nn\u00f6n mukaan on oikeus tietojen saantiin tai muutoin viranomaista vastaavalle taholle. Lis\u00e4ksi tietoja voidaan luovuttaa\u00a0esimerkiksi is\u00e4nn\u00f6inti-, huolto-, vartiointi- ja lukkoliikkeelle sek\u00e4 s\u00e4hk\u00f6- ja tietoverkkotoimittajille asumiseen liittyvien palveluiden toimittamiseksi. Tietoja ei siirret\u00e4 Euroopan unionin j\u00e4senvaltioiden alueen tai Euroopan talousalueen ulkopuolelle.<\/li>\n\n\n\n<li>Rekisterin suojaus<br>S\u00e4hk\u00f6isesti k\u00e4sitelt\u00e4v\u00e4t rekisterin sis\u00e4lt\u00e4m\u00e4t tiedot ovat palomuurein, salasanoin ja tarvittavin muin tietoturvan toimialalla kulloinkin yleisesti hyv\u00e4ksytt\u00e4vin teknisin keinoin suojattuja. S\u00e4hk\u00f6iset rekisterit sijaitsevat joko palvelutarjoajien hallinnoimilla servereill\u00e4 tai paikallisissa j\u00e4rjestelmiss\u00e4. Paikallisiin j\u00e4rjestelmiin ei p\u00e4\u00e4se kirjautumaan toimitilojen ulkopuolelta.<br>Manuaaliset tai tulostetut aineistot sijaitsevat lukituissa tiloissa, joihin on asiattomilta p\u00e4\u00e4sy estetty.<br>Ainoastaan Porvoon Kotien palkkaamalla henkil\u00f6st\u00f6ll\u00e4 on p\u00e4\u00e4sy rekisterin sis\u00e4lt\u00e4miin tietoihin Porvoon Kotien my\u00f6nt\u00e4m\u00e4ll\u00e4 yksil\u00f6llisell\u00e4 k\u00e4ytt\u00f6oikeudella tai avaimella.<\/li>\n\n\n\n<li>Tarkastus-, kielto- ja korjausoikeus<br>Rekister\u00f6idyll\u00e4 on henkil\u00f6tietolain mukainen oikeus tarkastaa, mit\u00e4 h\u00e4nt\u00e4 koskevia tietoja rekisteriin on talletettu. Tarkistettavat tiedot rajataan niihin tietoihin, mit\u00e4 kaikilta asiakkailta ker\u00e4t\u00e4\u00e4n. N\u00e4it\u00e4 tietoja on rekisterin perustiedot. Muut tiedot ovat liiketoiminnan tuloksena syntyneet ja ovat liikesalaisuuden piiriss\u00e4. Tarkastuspyynt\u00f6 tulee l\u00e4hett\u00e4\u00e4 rekisteriasioita hoitavalle henkil\u00f6lle ja sen on oltava kirjallinen ja allekirjoitettu. Tarkastuspyynt\u00f6 voidaan tehd\u00e4 my\u00f6s henkil\u00f6kohtaisesti rekisterinpit\u00e4j\u00e4n luona.<br>Rekister\u00f6idyll\u00e4 on oikeus vaatia virheellisen tiedon korjaamista ottamalla yhteys Porvoon Koteihin.<br>\u2003<br>AVAINREKISTERI<\/li>\n\n\n\n<li>Rekisterin nimi<br>S\u00e4hk\u00f6inen avainten k\u00e4ytt\u00f6rekisteri ILOQ<\/li>\n\n\n\n<li>Rekisterin k\u00e4ytt\u00f6tarkoitus<br>Avain- ja lukitusturvallisuuden hallinta Porvoon Kotien omistamissa ja hallinnoimissa kiinteist\u00f6iss\u00e4.<\/li>\n\n\n\n<li>Rekisterin tietosis\u00e4lt\u00f6<br>Tiedot avainten luovutuksista:<\/li>\n<\/ol>\n\n\n\n<ul class=\"wp-block-list\">\n<li>avaimen haltijan nimi ja osoite sek\u00e4 muut mahdolliset yhteystiedot<\/li>\n\n\n\n<li>luovutus- ja palautusp\u00e4iv\u00e4m\u00e4\u00e4r\u00e4<\/li>\n\n\n\n<li>kiinteist\u00f6jen ovien kulkutiedot<\/li>\n\n\n\n<li>avaintunnistetieto<\/li>\n\n\n\n<li>p\u00e4iv\u00e4m\u00e4\u00e4r\u00e4 ja kellonaika.<\/li>\n<\/ul>\n\n\n\n<ol start=\"3\" class=\"wp-block-list\">\n<li>S\u00e4\u00e4nn\u00f6nmukaiset tietol\u00e4hteet<br>Rekister\u00f6idylt\u00e4 itselt\u00e4\u00e4n avainten luovutuksen yhteydess\u00e4 ker\u00e4tyt tiedot, kiinteist\u00f6jen ovien lukijoista ker\u00e4tt\u00e4v\u00e4t kulkutiedot.<\/li>\n\n\n\n<li>S\u00e4\u00e4nn\u00f6nmukaiset tietojen luovutukset<br>Tietoja ei luovuteta Porvoon Kotien ulkopuolelle. Rikosep\u00e4ilytapauksissa tietoja voidaan luovuttaa poliisille.<\/li>\n\n\n\n<li>Tietojen siirto EU:n tai Euroopan talousalueen ulkopuolelle<br>Tietoja ei siirret\u00e4 Euroopan unionin j\u00e4senvaltioiden alueen tai Euroopan talousalueen ulkopuolelle.<\/li>\n\n\n\n<li>Rekisterin suojauksen periaatteet<br>S\u00e4hk\u00f6isesti k\u00e4sitelt\u00e4v\u00e4t rekisterin sis\u00e4lt\u00e4m\u00e4t tiedot ovat palomuurein, salasanoin ja tarvittavin muin tietoturvan toimialalla kulloinkin yleisesti hyv\u00e4ksytt\u00e4vin teknisin keinoin suojattuja. S\u00e4hk\u00f6iset rekisterit sijaitsevat joko palvelutarjoajien hallinnoimilla servereill\u00e4 tai paikallisissa j\u00e4rjestelmiss\u00e4. Paikallisiin j\u00e4rjestelmiin ei p\u00e4\u00e4se kirjautumaan toimitilojen ulkopuolelta.<br>Manuaaliset tai tulostetut aineistot sijaitsevat lukituissa tiloissa, joihin on asiattomilta p\u00e4\u00e4sy estetty.<br>Ainoastaan Porvoon Kotien palkkaamalla henkil\u00f6st\u00f6ll\u00e4 on p\u00e4\u00e4sy rekisterin sis\u00e4lt\u00e4miin tietoihin Porvoon Kotien my\u00f6nt\u00e4m\u00e4ll\u00e4 yksil\u00f6llisell\u00e4 k\u00e4ytt\u00f6oikeudella tai avaimella.<\/li>\n<\/ol>\n<\/div><\/section>\n<\/div><\/section>\n","protected":false},"excerpt":{"rendered":"","protected":false},"author":3,"featured_media":0,"parent":0,"menu_order":0,"comment_status":"closed","ping_status":"closed","template":"","meta":{"_acf_changed":false,"footnotes":""},"class_list":["post-3772","page","type-page","status-publish"],"acf":[],"yoast_head":"<!-- This site is optimized with the Yoast SEO plugin v27.5 - https:\/\/yoast.com\/product\/yoast-seo-wordpress\/ -->\n<title>Privacy statement - Porvoon Kodit<\/title>\n<meta name=\"robots\" content=\"index, follow, max-snippet:-1, max-image-preview:large, max-video-preview:-1\" \/>\n<link rel=\"canonical\" href=\"https:\/\/porvoonkodit.fi\/en\/tietosuojaseloste\/\" \/>\n<meta property=\"og:locale\" content=\"en_US\" \/>\n<meta property=\"og:type\" content=\"article\" \/>\n<meta property=\"og:title\" content=\"Privacy statement - Porvoon Kodit\" \/>\n<meta property=\"og:url\" content=\"https:\/\/porvoonkodit.fi\/en\/tietosuojaseloste\/\" \/>\n<meta property=\"og:site_name\" content=\"Porvoon Kodit\" \/>\n<meta property=\"article:publisher\" content=\"https:\/\/www.facebook.com\/AyhtiotAbolagen\/\" \/>\n<meta property=\"article:modified_time\" content=\"2025-10-01T09:36:52+00:00\" \/>\n<meta name=\"twitter:card\" content=\"summary_large_image\" \/>\n<meta name=\"twitter:label1\" content=\"Est. reading time\" \/>\n\t<meta name=\"twitter:data1\" content=\"5 minutes\" \/>\n<script type=\"application\/ld+json\" class=\"yoast-schema-graph\">{\"@context\":\"https:\\\/\\\/schema.org\",\"@graph\":[{\"@type\":\"WebPage\",\"@id\":\"https:\\\/\\\/porvoonkodit.fi\\\/en\\\/tietosuojaseloste\\\/\",\"url\":\"https:\\\/\\\/porvoonkodit.fi\\\/en\\\/tietosuojaseloste\\\/\",\"name\":\"Privacy statement - Porvoon Kodit\",\"isPartOf\":{\"@id\":\"https:\\\/\\\/porvoonkodit.fi\\\/#website\"},\"datePublished\":\"2025-08-02T16:17:54+00:00\",\"dateModified\":\"2025-10-01T09:36:52+00:00\",\"breadcrumb\":{\"@id\":\"https:\\\/\\\/porvoonkodit.fi\\\/en\\\/tietosuojaseloste\\\/#breadcrumb\"},\"inLanguage\":\"en-US\",\"potentialAction\":[{\"@type\":\"ReadAction\",\"target\":[\"https:\\\/\\\/porvoonkodit.fi\\\/en\\\/tietosuojaseloste\\\/\"]}]},{\"@type\":\"BreadcrumbList\",\"@id\":\"https:\\\/\\\/porvoonkodit.fi\\\/en\\\/tietosuojaseloste\\\/#breadcrumb\",\"itemListElement\":[{\"@type\":\"ListItem\",\"position\":1,\"name\":\"Etusivu\",\"item\":\"https:\\\/\\\/porvoonkodit.fi\\\/en\\\/\"},{\"@type\":\"ListItem\",\"position\":2,\"name\":\"Privacy statement\"}]},{\"@type\":\"WebSite\",\"@id\":\"https:\\\/\\\/porvoonkodit.fi\\\/#website\",\"url\":\"https:\\\/\\\/porvoonkodit.fi\\\/\",\"name\":\"Porvoon kodit Oy\",\"description\":\"Tervetuloa kotiin\",\"publisher\":{\"@id\":\"https:\\\/\\\/porvoonkodit.fi\\\/#organization\"},\"potentialAction\":[{\"@type\":\"SearchAction\",\"target\":{\"@type\":\"EntryPoint\",\"urlTemplate\":\"https:\\\/\\\/porvoonkodit.fi\\\/?s={search_term_string}\"},\"query-input\":{\"@type\":\"PropertyValueSpecification\",\"valueRequired\":true,\"valueName\":\"search_term_string\"}}],\"inLanguage\":\"en-US\"},{\"@type\":\"Organization\",\"@id\":\"https:\\\/\\\/porvoonkodit.fi\\\/#organization\",\"name\":\"Porvoon kodit Oy\",\"url\":\"https:\\\/\\\/porvoonkodit.fi\\\/\",\"logo\":{\"@type\":\"ImageObject\",\"inLanguage\":\"en-US\",\"@id\":\"https:\\\/\\\/porvoonkodit.fi\\\/#\\\/schema\\\/logo\\\/image\\\/\",\"url\":\"https:\\\/\\\/porvoonkodit.fi\\\/wp-content\\\/uploads\\\/2025\\\/07\\\/Logo-tummempi-oranssi.png\",\"contentUrl\":\"https:\\\/\\\/porvoonkodit.fi\\\/wp-content\\\/uploads\\\/2025\\\/07\\\/Logo-tummempi-oranssi.png\",\"width\":480,\"height\":150,\"caption\":\"Porvoon kodit Oy\"},\"image\":{\"@id\":\"https:\\\/\\\/porvoonkodit.fi\\\/#\\\/schema\\\/logo\\\/image\\\/\"},\"sameAs\":[\"https:\\\/\\\/www.facebook.com\\\/AyhtiotAbolagen\\\/\"]}]}<\/script>\n<!-- \/ Yoast SEO plugin. -->","yoast_head_json":{"title":"Privacy statement - Porvoon Kodit","robots":{"index":"index","follow":"follow","max-snippet":"max-snippet:-1","max-image-preview":"max-image-preview:large","max-video-preview":"max-video-preview:-1"},"canonical":"https:\/\/porvoonkodit.fi\/en\/tietosuojaseloste\/","og_locale":"en_US","og_type":"article","og_title":"Privacy statement - Porvoon Kodit","og_url":"https:\/\/porvoonkodit.fi\/en\/tietosuojaseloste\/","og_site_name":"Porvoon Kodit","article_publisher":"https:\/\/www.facebook.com\/AyhtiotAbolagen\/","article_modified_time":"2025-10-01T09:36:52+00:00","twitter_card":"summary_large_image","twitter_misc":{"Est. reading time":"5 minutes"},"schema":{"@context":"https:\/\/schema.org","@graph":[{"@type":"WebPage","@id":"https:\/\/porvoonkodit.fi\/en\/tietosuojaseloste\/","url":"https:\/\/porvoonkodit.fi\/en\/tietosuojaseloste\/","name":"Privacy statement - Porvoon Kodit","isPartOf":{"@id":"https:\/\/porvoonkodit.fi\/#website"},"datePublished":"2025-08-02T16:17:54+00:00","dateModified":"2025-10-01T09:36:52+00:00","breadcrumb":{"@id":"https:\/\/porvoonkodit.fi\/en\/tietosuojaseloste\/#breadcrumb"},"inLanguage":"en-US","potentialAction":[{"@type":"ReadAction","target":["https:\/\/porvoonkodit.fi\/en\/tietosuojaseloste\/"]}]},{"@type":"BreadcrumbList","@id":"https:\/\/porvoonkodit.fi\/en\/tietosuojaseloste\/#breadcrumb","itemListElement":[{"@type":"ListItem","position":1,"name":"Etusivu","item":"https:\/\/porvoonkodit.fi\/en\/"},{"@type":"ListItem","position":2,"name":"Privacy statement"}]},{"@type":"WebSite","@id":"https:\/\/porvoonkodit.fi\/#website","url":"https:\/\/porvoonkodit.fi\/","name":"Porvoon kodit Oy","description":"Tervetuloa kotiin","publisher":{"@id":"https:\/\/porvoonkodit.fi\/#organization"},"potentialAction":[{"@type":"SearchAction","target":{"@type":"EntryPoint","urlTemplate":"https:\/\/porvoonkodit.fi\/?s={search_term_string}"},"query-input":{"@type":"PropertyValueSpecification","valueRequired":true,"valueName":"search_term_string"}}],"inLanguage":"en-US"},{"@type":"Organization","@id":"https:\/\/porvoonkodit.fi\/#organization","name":"Porvoon kodit Oy","url":"https:\/\/porvoonkodit.fi\/","logo":{"@type":"ImageObject","inLanguage":"en-US","@id":"https:\/\/porvoonkodit.fi\/#\/schema\/logo\/image\/","url":"https:\/\/porvoonkodit.fi\/wp-content\/uploads\/2025\/07\/Logo-tummempi-oranssi.png","contentUrl":"https:\/\/porvoonkodit.fi\/wp-content\/uploads\/2025\/07\/Logo-tummempi-oranssi.png","width":480,"height":150,"caption":"Porvoon kodit Oy"},"image":{"@id":"https:\/\/porvoonkodit.fi\/#\/schema\/logo\/image\/"},"sameAs":["https:\/\/www.facebook.com\/AyhtiotAbolagen\/"]}]}},"_links":{"self":[{"href":"https:\/\/porvoonkodit.fi\/en\/wp-json\/wp\/v2\/pages\/3772","targetHints":{"allow":["GET"]}}],"collection":[{"href":"https:\/\/porvoonkodit.fi\/en\/wp-json\/wp\/v2\/pages"}],"about":[{"href":"https:\/\/porvoonkodit.fi\/en\/wp-json\/wp\/v2\/types\/page"}],"author":[{"embeddable":true,"href":"https:\/\/porvoonkodit.fi\/en\/wp-json\/wp\/v2\/users\/3"}],"replies":[{"embeddable":true,"href":"https:\/\/porvoonkodit.fi\/en\/wp-json\/wp\/v2\/comments?post=3772"}],"version-history":[{"count":1,"href":"https:\/\/porvoonkodit.fi\/en\/wp-json\/wp\/v2\/pages\/3772\/revisions"}],"predecessor-version":[{"id":3773,"href":"https:\/\/porvoonkodit.fi\/en\/wp-json\/wp\/v2\/pages\/3772\/revisions\/3773"}],"wp:attachment":[{"href":"https:\/\/porvoonkodit.fi\/en\/wp-json\/wp\/v2\/media?parent=3772"}],"curies":[{"name":"wp","href":"https:\/\/api.w.org\/{rel}","templated":true}]}}