{"id":3407,"date":"2025-07-31T07:42:45","date_gmt":"2025-07-31T07:42:45","guid":{"rendered":"https:\/\/porvoonkodit.fi\/meista\/ajankohtaista\/"},"modified":"2025-10-01T09:02:40","modified_gmt":"2025-10-01T09:02:40","slug":"ajankohtaista","status":"publish","type":"page","link":"https:\/\/porvoonkodit.fi\/en\/meista\/ajankohtaista\/","title":{"rendered":"News"},"content":{"rendered":"\n<section id=\"g-4r666vv\" class=\"wp-block-gutentor-m3 alignfull section-g-4r666vv gutentor-module gutentor-container-cover\"><div class=\"grid-container\">\n<section id=\"g-1r0171i\" class=\"wp-block-gutentor-m3 section-g-1r0171i gutentor-module gutentor-container-cover\"><div class=\"grid-container\">\n<section id=\"g-rrugjjj\" class=\"wp-block-gutentor-p4 section-g-rrugjjj gutentor-post-module gutentor-advanced-post-module\" data-gpid=\"3407\" data-l-ani=\"gp4-animation-1\" data-i-b=\"gutentor\/p1\" data-maxnumpages=\"1\">\n<div id=\"section-g-bb6pzs8\" class=\"wp-block-gutentor-e16 section-g-bb6pzs8 gutentor-element gutentor-post-header piiloon\"><div class=\"grid-container\"><div class=\"grid-row\">\n<div id=\"col-g-jyfzufg\" class=\"wp-block-gutentor-e15 gutentor-single-column  grid-lg-5 grid-md-5 grid-5\"><div id=\"section-g-jyfzufg\" class=\"section-g-jyfzufg gutentor-col-wrap\">\n<div id=\"section-g-kjjfoqs\" class=\"wp-block-gutentor-e0 section-g-kjjfoqs gutentor-element gutentor-element-advanced-text\"><div class=\"gutentor-text-wrap\"><h3 class=\"gutentor-text\">Gutentor Simple Text<\/h3><\/div><\/div>\n\n\n\n<div id=\"section-g-bsauaj8\" class=\"wp-block-gutentor-e0 section-g-bsauaj8 gutentor-element gutentor-element-advanced-text\"><div class=\"gutentor-text-wrap\"><p class=\"gutentor-text\">Gutentor Simple Text<\/p><\/div><\/div>\n<\/div><\/div>\n\n\n\n<div id=\"col-g-hvbwhfh\" class=\"wp-block-gutentor-e15 gutentor-single-column  grid-lg-5 grid-md-5 grid-5\"><div id=\"section-g-hvbwhfh\" class=\"section-g-hvbwhfh gutentor-col-wrap\">\n<div id=\"section-g-hr779u6\" class=\"wp-block-gutentor-e14 section-g-hr779u6 gutentor-element gutentor-element-term-filter text-align-center-desktop text-align-center-tablet text-align-left-mobile\"><div class=\"gutentor-filter-navigation\" data-gtax=\"category\" data-gpost=\"post\"><div class=\"gutentor-filter-wrap\"><ul class=\"gutentor-filter-list g-responsive-menu\"><li class=\"gutentor-filter-item\"><a href=\"#\" class=\"g-active\" data-gterm=\"gAll\" data-all-opt=\"all\">All<\/a><\/li><\/ul><\/div><\/div><\/div>\n<\/div><\/div>\n\n\n\n<div id=\"col-g-hkgwwb1\" class=\"wp-block-gutentor-e15 gutentor-single-column  grid-lg-2 grid-md-2 grid-2\"><div id=\"section-g-hkgwwb1\" class=\"section-g-hkgwwb1 gutentor-col-wrap\">\n<div id=\"section-g-79zfrzz\" class=\"wp-block-gutentor-e13 section-g-79zfrzz gutentor-element gutentor-element-navigation text-align-right-desktop text-align-right-tablet text-align-left-mobile\"><div class=\"gutentor-navigation\" data-gpage=\"1\"><ul class=\"gutentor-next-prev\"><li><a class=\"gutentor-disabled g-nav-prev\"><i class=\"fas fa-chevron-left\"><\/i><\/a><\/li><li><a class=\"g-nav-next gutentor-disabled\"><i class=\"fas fa-chevron-right\"><\/i><\/a><\/li><\/ul><\/div><\/div>\n<\/div><\/div>\n<\/div><\/div><\/div>\n\n\n<section class=\"gutentor-post-module section-g-11wb0ik gutentor-post-module-p1 gutentor_p1_template1 wp-block-gutentor-p1 gutentor-blog-grid\" id=\"g-11wb0ik\" data-gbid=\"g-11wb0ik\">\n<div class='grid-container'><div class='grid-row'><article class='gutentor-post  grid-md-4 grid-sm-4 grid-xs-12'><div class='gutentor-post-item'><div class='gutentor-post-image-box'><div class=\"gutentor-image-thumb\"><img loading=\"lazy\" decoding=\"async\" width=\"2560\" height=\"2560\" src=\"https:\/\/porvoonkodit.fi\/wp-content\/uploads\/2026\/04\/20250906-5M6A0750-1.jpg\" class=\"attachment-full size-full wp-post-image\" alt=\"\" \/><\/div><\/div><div class=\"gutentor-post-title-data-wrap\"><h3 class=\"gutentor-post-title\"><a href=\"https:\/\/porvoonkodit.fi\/en\/spring-greetings-from-the-residents-association\/\" rel=\"bookmark\">Spring greetings from the Residents&#8217; Association!<\/a><\/h3><\/div><div class=\"gutentor-entry-meta gutentor-entry-meta-primary\"><div class=\"posted-on\"><i class=\"far fa-calendar-alt\"><\/i><a href=\"https:\/\/porvoonkodit.fi\/en\/spring-greetings-from-the-residents-association\/\" rel=\"bookmark\">24.4.2026<\/a><\/div><\/div><div class=\"gutentor-post-desc\">A-Asukasyhdistys ry. was established 20 years ago at the initiative of a resident of A-Yhti\u00f6t. All r&hellip;<\/div><a class=\"gutentor-button gutentor-post-button\" href=\"https:\/\/porvoonkodit.fi\/en\/spring-greetings-from-the-residents-association\/\"><span>Read more<\/span><\/a><\/div><\/article><article class='gutentor-post  grid-md-4 grid-sm-4 grid-xs-12'><div class='gutentor-post-item'><div class='gutentor-post-image-box'><div class=\"gutentor-image-thumb\"><img loading=\"lazy\" decoding=\"async\" width=\"2048\" height=\"2048\" src=\"https:\/\/porvoonkodit.fi\/wp-content\/uploads\/2026\/02\/5M6A0022.jpg\" class=\"attachment-full size-full wp-post-image\" alt=\"\" \/><\/div><\/div><div class=\"gutentor-post-title-data-wrap\"><h3 class=\"gutentor-post-title\"><a href=\"https:\/\/porvoonkodit.fi\/en\/are-your-contact-details-up-to-date\/\" rel=\"bookmark\">Are your contact details up to date?<\/a><\/h3><\/div><div class=\"gutentor-entry-meta gutentor-entry-meta-primary\"><div class=\"posted-on\"><i class=\"far fa-calendar-alt\"><\/i><a href=\"https:\/\/porvoonkodit.fi\/en\/are-your-contact-details-up-to-date\/\" rel=\"bookmark\">22.4.2026<\/a><\/div><\/div><div class=\"gutentor-post-desc\">It is very important that tenants\u2019 contact details are kept up to date, so that we can quickly and r&hellip;<\/div><a class=\"gutentor-button gutentor-post-button\" href=\"https:\/\/porvoonkodit.fi\/en\/are-your-contact-details-up-to-date\/\"><span>Read more<\/span><\/a><\/div><\/article><article class='gutentor-post  grid-md-4 grid-sm-4 grid-xs-12'><div class='gutentor-post-item'><div class='gutentor-post-image-box'><div class=\"gutentor-image-thumb\"><img loading=\"lazy\" decoding=\"async\" width=\"2560\" height=\"2560\" src=\"https:\/\/porvoonkodit.fi\/wp-content\/uploads\/2026\/04\/IMG_4663-scaled.jpg\" class=\"attachment-full size-full wp-post-image\" alt=\"\" \/><\/div><\/div><div class=\"gutentor-post-title-data-wrap\"><h3 class=\"gutentor-post-title\"><a href=\"https:\/\/porvoonkodit.fi\/en\/haemme-kokoaikaista-siivouksen-tyontekijaa\/\" rel=\"bookmark\">Haemme kokoaikaista siivouksen ty\u00f6ntekij\u00e4\u00e4<\/a><\/h3><\/div><div class=\"gutentor-entry-meta gutentor-entry-meta-primary\"><div class=\"posted-on\"><i class=\"far fa-calendar-alt\"><\/i><a href=\"https:\/\/porvoonkodit.fi\/en\/haemme-kokoaikaista-siivouksen-tyontekijaa\/\" rel=\"bookmark\">10.4.2026<\/a><\/div><\/div><div class=\"gutentor-post-desc\">Haemme motivoitunutta ja osaavaa siivoojaa vahvistamaan tiimi\u00e4mme.\n\n\n\nOdotamme sinulta aikaisempaa k&hellip;<\/div><a class=\"gutentor-button gutentor-post-button\" href=\"https:\/\/porvoonkodit.fi\/en\/haemme-kokoaikaista-siivouksen-tyontekijaa\/\"><span>Read more<\/span><\/a><\/div><\/article><article class='gutentor-post  grid-md-4 grid-sm-4 grid-xs-12'><div class='gutentor-post-item'><div class='gutentor-post-image-box'><div class=\"gutentor-image-thumb\"><img loading=\"lazy\" decoding=\"async\" width=\"2048\" height=\"2048\" src=\"https:\/\/porvoonkodit.fi\/wp-content\/uploads\/2026\/03\/5M6A0014.jpg\" class=\"attachment-full size-full wp-post-image\" alt=\"\" \/><\/div><\/div><div class=\"gutentor-post-title-data-wrap\"><h3 class=\"gutentor-post-title\"><a href=\"https:\/\/porvoonkodit.fi\/en\/flea-markets-in-porvoo\/\" rel=\"bookmark\">Flea Markets in Porvoo<\/a><\/h3><\/div><div class=\"gutentor-entry-meta gutentor-entry-meta-primary\"><div class=\"posted-on\"><i class=\"far fa-calendar-alt\"><\/i><a href=\"https:\/\/porvoonkodit.fi\/en\/flea-markets-in-porvoo\/\" rel=\"bookmark\">31.3.2026<\/a><\/div><\/div><div class=\"gutentor-post-desc\">The circular economy and thrifting are becoming increasingly popular. Personally, I\u2019m totally hooked&hellip;<\/div><a class=\"gutentor-button gutentor-post-button\" href=\"https:\/\/porvoonkodit.fi\/en\/flea-markets-in-porvoo\/\"><span>Read more<\/span><\/a><\/div><\/article><article class='gutentor-post  grid-md-4 grid-sm-4 grid-xs-12'><div class='gutentor-post-item'><div class='gutentor-post-image-box'><div class=\"gutentor-image-thumb\"><img loading=\"lazy\" decoding=\"async\" width=\"2317\" height=\"2317\" src=\"https:\/\/porvoonkodit.fi\/wp-content\/uploads\/2025\/11\/A-Yhtiot4.jpg\" class=\"attachment-full size-full wp-post-image\" alt=\"\" \/><\/div><\/div><div class=\"gutentor-post-title-data-wrap\"><h3 class=\"gutentor-post-title\"><a href=\"https:\/\/porvoonkodit.fi\/en\/haemme-kokoaikaista-kiinteistohuollon-tyontekijaa\/\" rel=\"bookmark\">Haemme kokoaikaista kiinteist\u00f6huollon ty\u00f6ntekij\u00e4\u00e4<\/a><\/h3><\/div><div class=\"gutentor-entry-meta gutentor-entry-meta-primary\"><div class=\"posted-on\"><i class=\"far fa-calendar-alt\"><\/i><a href=\"https:\/\/porvoonkodit.fi\/en\/haemme-kokoaikaista-kiinteistohuollon-tyontekijaa\/\" rel=\"bookmark\">18.3.2026<\/a><\/div><\/div><div class=\"gutentor-post-desc\">Haemme motivoitunutta ja osaavaa kiinteist\u00f6huoltajaa vahvistamaan tiimi\u00e4mme.\n\n\n\nOdotamme sinulta aik&hellip;<\/div><a class=\"gutentor-button gutentor-post-button\" href=\"https:\/\/porvoonkodit.fi\/en\/haemme-kokoaikaista-kiinteistohuollon-tyontekijaa\/\"><span>Read more<\/span><\/a><\/div><\/article><article class='gutentor-post  grid-md-4 grid-sm-4 grid-xs-12'><div class='gutentor-post-item'><div class='gutentor-post-image-box'><div class=\"gutentor-image-thumb\"><img loading=\"lazy\" decoding=\"async\" width=\"2560\" height=\"2560\" src=\"https:\/\/porvoonkodit.fi\/wp-content\/uploads\/2026\/03\/IMG_4897-scaled.jpg\" class=\"attachment-full size-full wp-post-image\" alt=\"\" \/><\/div><\/div><div class=\"gutentor-post-title-data-wrap\"><h3 class=\"gutentor-post-title\"><a href=\"https:\/\/porvoonkodit.fi\/en\/porvoon-kodit-seasonal-bulletin-1-2026\/\" rel=\"bookmark\">Porvoon Kodit seasonal bulletin 1\/2026<\/a><\/h3><\/div><div class=\"gutentor-entry-meta gutentor-entry-meta-primary\"><div class=\"posted-on\"><i class=\"far fa-calendar-alt\"><\/i><a href=\"https:\/\/porvoonkodit.fi\/en\/porvoon-kodit-seasonal-bulletin-1-2026\/\" rel=\"bookmark\">17.3.2026<\/a><\/div><\/div><div class=\"gutentor-post-desc\">Slippery Winter Conditions\n\n\n\nWinter brings slippery conditions. Always let us know if you notice an&hellip;<\/div><a class=\"gutentor-button gutentor-post-button\" href=\"https:\/\/porvoonkodit.fi\/en\/porvoon-kodit-seasonal-bulletin-1-2026\/\"><span>Read more<\/span><\/a><\/div><\/article><\/div><\/div><\/section>\n\n\n<div id=\"section-g-nh18knb\" class=\"wp-block-gutentor-e17 section-g-nh18knb gutentor-element gutentor-post-footer\"><div class=\"grid-container\"><div class=\"grid-row\">\n<div id=\"col-g-7i4ixmy\" class=\"wp-block-gutentor-e15 gutentor-single-column  grid-lg-12 grid-md-12 grid-12\"><div id=\"section-g-7i4ixmy\" class=\"section-g-7i4ixmy gutentor-col-wrap\">\n<div id=\"section-g-1aqd7k1\" class=\"wp-block-gutentor-e12 section-g-1aqd7k1 gutentor-element gutentor-element-pagination text-align-center-mobile\"><div class=\"gutentor-pagination-wrap\" data-maxnumpages=\"1\"><ul class=\"gutentor-pagination\"><li class=\"gutentor-pagination-item gutentor-pagination-prev\"><a class=\"gutentor-pagination-link gutentor-disabled\" href=\"#\"><i class=\"fas fa-chevron-left\"><\/i>Previous<\/a><\/li><li class=\"gutentor-pagination-item gutentor-pagination-active\" data-gpage=\"1\"><a class=\"gutentor-pagination-link\" href=\"#\">1<\/a><\/li><li class=\"gutentor-pagination-item gutentor-pagination-next\"><a class=\"gutentor-pagination-link gutentor-disabled\" href=\"#\" data-gpage=\"2\">Next<i class=\"fas fa-chevron-right\"><\/i><\/a><\/li><\/ul><\/div><\/div>\n<\/div><\/div>\n<\/div><\/div><\/div>\n<\/section>\n<\/div><\/section>\n<\/div><\/section>\n","protected":false},"excerpt":{"rendered":"","protected":false},"author":3,"featured_media":0,"parent":3342,"menu_order":0,"comment_status":"closed","ping_status":"closed","template":"","meta":{"_acf_changed":false,"footnotes":""},"class_list":["post-3407","page","type-page","status-publish"],"acf":[],"yoast_head":"<!-- This site is optimized with the Yoast SEO plugin v27.5 - https:\/\/yoast.com\/product\/yoast-seo-wordpress\/ -->\n<title>News - Porvoon Kodit<\/title>\n<meta name=\"robots\" content=\"index, follow, max-snippet:-1, max-image-preview:large, max-video-preview:-1\" \/>\n<link rel=\"canonical\" href=\"https:\/\/porvoonkodit.fi\/en\/meista\/ajankohtaista\/\" \/>\n<meta property=\"og:locale\" content=\"en_US\" \/>\n<meta property=\"og:type\" content=\"article\" \/>\n<meta property=\"og:title\" content=\"News - Porvoon Kodit\" \/>\n<meta property=\"og:url\" content=\"https:\/\/porvoonkodit.fi\/en\/meista\/ajankohtaista\/\" \/>\n<meta property=\"og:site_name\" content=\"Porvoon Kodit\" \/>\n<meta property=\"article:publisher\" content=\"https:\/\/www.facebook.com\/AyhtiotAbolagen\/\" \/>\n<meta property=\"article:modified_time\" content=\"2025-10-01T09:02:40+00:00\" \/>\n<meta name=\"twitter:card\" content=\"summary_large_image\" \/>\n<meta name=\"twitter:label1\" content=\"Est. reading time\" \/>\n\t<meta name=\"twitter:data1\" content=\"1 minute\" \/>\n<script type=\"application\/ld+json\" class=\"yoast-schema-graph\">{\"@context\":\"https:\\\/\\\/schema.org\",\"@graph\":[{\"@type\":\"WebPage\",\"@id\":\"https:\\\/\\\/porvoonkodit.fi\\\/en\\\/meista\\\/ajankohtaista\\\/\",\"url\":\"https:\\\/\\\/porvoonkodit.fi\\\/en\\\/meista\\\/ajankohtaista\\\/\",\"name\":\"News - Porvoon Kodit\",\"isPartOf\":{\"@id\":\"https:\\\/\\\/porvoonkodit.fi\\\/#website\"},\"datePublished\":\"2025-07-31T07:42:45+00:00\",\"dateModified\":\"2025-10-01T09:02:40+00:00\",\"breadcrumb\":{\"@id\":\"https:\\\/\\\/porvoonkodit.fi\\\/en\\\/meista\\\/ajankohtaista\\\/#breadcrumb\"},\"inLanguage\":\"en-US\",\"potentialAction\":[{\"@type\":\"ReadAction\",\"target\":[\"https:\\\/\\\/porvoonkodit.fi\\\/en\\\/meista\\\/ajankohtaista\\\/\"]}]},{\"@type\":\"BreadcrumbList\",\"@id\":\"https:\\\/\\\/porvoonkodit.fi\\\/en\\\/meista\\\/ajankohtaista\\\/#breadcrumb\",\"itemListElement\":[{\"@type\":\"ListItem\",\"position\":1,\"name\":\"Etusivu\",\"item\":\"https:\\\/\\\/porvoonkodit.fi\\\/en\\\/\"},{\"@type\":\"ListItem\",\"position\":2,\"name\":\"About us\",\"item\":\"https:\\\/\\\/porvoonkodit.fi\\\/en\\\/meista\\\/\"},{\"@type\":\"ListItem\",\"position\":3,\"name\":\"News\"}]},{\"@type\":\"WebSite\",\"@id\":\"https:\\\/\\\/porvoonkodit.fi\\\/#website\",\"url\":\"https:\\\/\\\/porvoonkodit.fi\\\/\",\"name\":\"Porvoon kodit Oy\",\"description\":\"Tervetuloa kotiin\",\"publisher\":{\"@id\":\"https:\\\/\\\/porvoonkodit.fi\\\/#organization\"},\"potentialAction\":[{\"@type\":\"SearchAction\",\"target\":{\"@type\":\"EntryPoint\",\"urlTemplate\":\"https:\\\/\\\/porvoonkodit.fi\\\/?s={search_term_string}\"},\"query-input\":{\"@type\":\"PropertyValueSpecification\",\"valueRequired\":true,\"valueName\":\"search_term_string\"}}],\"inLanguage\":\"en-US\"},{\"@type\":\"Organization\",\"@id\":\"https:\\\/\\\/porvoonkodit.fi\\\/#organization\",\"name\":\"Porvoon kodit Oy\",\"url\":\"https:\\\/\\\/porvoonkodit.fi\\\/\",\"logo\":{\"@type\":\"ImageObject\",\"inLanguage\":\"en-US\",\"@id\":\"https:\\\/\\\/porvoonkodit.fi\\\/#\\\/schema\\\/logo\\\/image\\\/\",\"url\":\"https:\\\/\\\/porvoonkodit.fi\\\/wp-content\\\/uploads\\\/2025\\\/07\\\/Logo-tummempi-oranssi.png\",\"contentUrl\":\"https:\\\/\\\/porvoonkodit.fi\\\/wp-content\\\/uploads\\\/2025\\\/07\\\/Logo-tummempi-oranssi.png\",\"width\":480,\"height\":150,\"caption\":\"Porvoon kodit Oy\"},\"image\":{\"@id\":\"https:\\\/\\\/porvoonkodit.fi\\\/#\\\/schema\\\/logo\\\/image\\\/\"},\"sameAs\":[\"https:\\\/\\\/www.facebook.com\\\/AyhtiotAbolagen\\\/\"]}]}<\/script>\n<!-- \/ Yoast SEO plugin. -->","yoast_head_json":{"title":"News - Porvoon Kodit","robots":{"index":"index","follow":"follow","max-snippet":"max-snippet:-1","max-image-preview":"max-image-preview:large","max-video-preview":"max-video-preview:-1"},"canonical":"https:\/\/porvoonkodit.fi\/en\/meista\/ajankohtaista\/","og_locale":"en_US","og_type":"article","og_title":"News - Porvoon Kodit","og_url":"https:\/\/porvoonkodit.fi\/en\/meista\/ajankohtaista\/","og_site_name":"Porvoon Kodit","article_publisher":"https:\/\/www.facebook.com\/AyhtiotAbolagen\/","article_modified_time":"2025-10-01T09:02:40+00:00","twitter_card":"summary_large_image","twitter_misc":{"Est. reading time":"1 minute"},"schema":{"@context":"https:\/\/schema.org","@graph":[{"@type":"WebPage","@id":"https:\/\/porvoonkodit.fi\/en\/meista\/ajankohtaista\/","url":"https:\/\/porvoonkodit.fi\/en\/meista\/ajankohtaista\/","name":"News - Porvoon Kodit","isPartOf":{"@id":"https:\/\/porvoonkodit.fi\/#website"},"datePublished":"2025-07-31T07:42:45+00:00","dateModified":"2025-10-01T09:02:40+00:00","breadcrumb":{"@id":"https:\/\/porvoonkodit.fi\/en\/meista\/ajankohtaista\/#breadcrumb"},"inLanguage":"en-US","potentialAction":[{"@type":"ReadAction","target":["https:\/\/porvoonkodit.fi\/en\/meista\/ajankohtaista\/"]}]},{"@type":"BreadcrumbList","@id":"https:\/\/porvoonkodit.fi\/en\/meista\/ajankohtaista\/#breadcrumb","itemListElement":[{"@type":"ListItem","position":1,"name":"Etusivu","item":"https:\/\/porvoonkodit.fi\/en\/"},{"@type":"ListItem","position":2,"name":"About us","item":"https:\/\/porvoonkodit.fi\/en\/meista\/"},{"@type":"ListItem","position":3,"name":"News"}]},{"@type":"WebSite","@id":"https:\/\/porvoonkodit.fi\/#website","url":"https:\/\/porvoonkodit.fi\/","name":"Porvoon kodit Oy","description":"Tervetuloa kotiin","publisher":{"@id":"https:\/\/porvoonkodit.fi\/#organization"},"potentialAction":[{"@type":"SearchAction","target":{"@type":"EntryPoint","urlTemplate":"https:\/\/porvoonkodit.fi\/?s={search_term_string}"},"query-input":{"@type":"PropertyValueSpecification","valueRequired":true,"valueName":"search_term_string"}}],"inLanguage":"en-US"},{"@type":"Organization","@id":"https:\/\/porvoonkodit.fi\/#organization","name":"Porvoon kodit Oy","url":"https:\/\/porvoonkodit.fi\/","logo":{"@type":"ImageObject","inLanguage":"en-US","@id":"https:\/\/porvoonkodit.fi\/#\/schema\/logo\/image\/","url":"https:\/\/porvoonkodit.fi\/wp-content\/uploads\/2025\/07\/Logo-tummempi-oranssi.png","contentUrl":"https:\/\/porvoonkodit.fi\/wp-content\/uploads\/2025\/07\/Logo-tummempi-oranssi.png","width":480,"height":150,"caption":"Porvoon kodit Oy"},"image":{"@id":"https:\/\/porvoonkodit.fi\/#\/schema\/logo\/image\/"},"sameAs":["https:\/\/www.facebook.com\/AyhtiotAbolagen\/"]}]}},"_links":{"self":[{"href":"https:\/\/porvoonkodit.fi\/en\/wp-json\/wp\/v2\/pages\/3407","targetHints":{"allow":["GET"]}}],"collection":[{"href":"https:\/\/porvoonkodit.fi\/en\/wp-json\/wp\/v2\/pages"}],"about":[{"href":"https:\/\/porvoonkodit.fi\/en\/wp-json\/wp\/v2\/types\/page"}],"author":[{"embeddable":true,"href":"https:\/\/porvoonkodit.fi\/en\/wp-json\/wp\/v2\/users\/3"}],"replies":[{"embeddable":true,"href":"https:\/\/porvoonkodit.fi\/en\/wp-json\/wp\/v2\/comments?post=3407"}],"version-history":[{"count":1,"href":"https:\/\/porvoonkodit.fi\/en\/wp-json\/wp\/v2\/pages\/3407\/revisions"}],"predecessor-version":[{"id":3409,"href":"https:\/\/porvoonkodit.fi\/en\/wp-json\/wp\/v2\/pages\/3407\/revisions\/3409"}],"up":[{"embeddable":true,"href":"https:\/\/porvoonkodit.fi\/en\/wp-json\/wp\/v2\/pages\/3342"}],"wp:attachment":[{"href":"https:\/\/porvoonkodit.fi\/en\/wp-json\/wp\/v2\/media?parent=3407"}],"curies":[{"name":"wp","href":"https:\/\/api.w.org\/{rel}","templated":true}]}}