{"id":3404,"date":"2025-09-09T09:55:49","date_gmt":"2025-09-09T09:55:49","guid":{"rendered":"https:\/\/porvoonkodit.fi\/blogi\/"},"modified":"2025-10-01T09:03:16","modified_gmt":"2025-10-01T09:03:16","slug":"blogi","status":"publish","type":"page","link":"https:\/\/porvoonkodit.fi\/en\/blogi\/","title":{"rendered":"Blog"},"content":{"rendered":"\n<section id=\"g-4r666vv\" class=\"wp-block-gutentor-m3 alignfull section-g-4r666vv gutentor-module gutentor-container-cover\"><div class=\"grid-container\">\n<section id=\"g-1r0171i\" class=\"wp-block-gutentor-m3 section-g-1r0171i gutentor-module gutentor-container-cover\"><div class=\"grid-container\">\n<section id=\"g-rrugjjj\" class=\"wp-block-gutentor-p4 section-g-rrugjjj gutentor-post-module gutentor-advanced-post-module\" data-gpid=\"3404\" data-l-ani=\"gp4-animation-1\" data-i-b=\"gutentor\/p1\" data-maxnumpages=\"1\">\n<div id=\"section-g-bb6pzs8\" class=\"wp-block-gutentor-e16 section-g-bb6pzs8 gutentor-element gutentor-post-header piiloon\"><div class=\"grid-container\"><div class=\"grid-row\">\n<div id=\"col-g-jyfzufg\" class=\"wp-block-gutentor-e15 gutentor-single-column  grid-lg-5 grid-md-5 grid-5\"><div id=\"section-g-jyfzufg\" class=\"section-g-jyfzufg gutentor-col-wrap\">\n<div id=\"section-g-kjjfoqs\" class=\"wp-block-gutentor-e0 section-g-kjjfoqs gutentor-element gutentor-element-advanced-text\"><div class=\"gutentor-text-wrap\"><h3 class=\"gutentor-text\">Gutentor Simple Text<\/h3><\/div><\/div>\n\n\n\n<div id=\"section-g-bsauaj8\" class=\"wp-block-gutentor-e0 section-g-bsauaj8 gutentor-element gutentor-element-advanced-text\"><div class=\"gutentor-text-wrap\"><p class=\"gutentor-text\">Gutentor Simple Text<\/p><\/div><\/div>\n<\/div><\/div>\n\n\n\n<div id=\"col-g-hvbwhfh\" class=\"wp-block-gutentor-e15 gutentor-single-column  grid-lg-5 grid-md-5 grid-5\"><div id=\"section-g-hvbwhfh\" class=\"section-g-hvbwhfh gutentor-col-wrap\">\n<div id=\"section-g-hr779u6\" class=\"wp-block-gutentor-e14 section-g-hr779u6 gutentor-element gutentor-element-term-filter text-align-center-desktop text-align-center-tablet text-align-left-mobile\"><div class=\"gutentor-filter-navigation\" data-gtax=\"category\" data-gpost=\"post\"><div class=\"gutentor-filter-wrap\"><ul class=\"gutentor-filter-list g-responsive-menu\"><li class=\"gutentor-filter-item\"><a href=\"#\" class=\"g-active\" data-gterm=\"gAll\" data-all-opt=\"all\">All<\/a><\/li><\/ul><\/div><\/div><\/div>\n<\/div><\/div>\n\n\n\n<div id=\"col-g-hkgwwb1\" class=\"wp-block-gutentor-e15 gutentor-single-column  grid-lg-2 grid-md-2 grid-2\"><div id=\"section-g-hkgwwb1\" class=\"section-g-hkgwwb1 gutentor-col-wrap\">\n<div id=\"section-g-79zfrzz\" class=\"wp-block-gutentor-e13 section-g-79zfrzz gutentor-element gutentor-element-navigation text-align-right-desktop text-align-right-tablet text-align-left-mobile\"><div class=\"gutentor-navigation\" data-gpage=\"1\"><ul class=\"gutentor-next-prev\"><li><a class=\"gutentor-disabled g-nav-prev\"><i class=\"fas fa-chevron-left\"><\/i><\/a><\/li><li><a class=\"g-nav-next gutentor-disabled\"><i class=\"fas fa-chevron-right\"><\/i><\/a><\/li><\/ul><\/div><\/div>\n<\/div><\/div>\n<\/div><\/div><\/div>\n\n\n<section class=\"gutentor-post-module section-g-11wb0ik gutentor-post-module-p1 gutentor_p1_template1 wp-block-gutentor-p1 gutentor-blog-grid\" id=\"g-11wb0ik\" data-gbid=\"g-11wb0ik\">\n<div class='grid-container'><div class='grid-row'><article class='gutentor-post  grid-md-4 grid-sm-4 grid-xs-12'><div class='gutentor-post-item'><div class='gutentor-post-image-box'><div class=\"gutentor-image-thumb\"><img loading=\"lazy\" decoding=\"async\" width=\"2560\" height=\"2560\" src=\"https:\/\/porvoonkodit.fi\/wp-content\/uploads\/2026\/04\/20250906-5M6A0750-1.jpg\" class=\"attachment-full size-full wp-post-image\" alt=\"\" \/><\/div><\/div><div class=\"gutentor-post-title-data-wrap\"><h3 class=\"gutentor-post-title\"><a href=\"https:\/\/porvoonkodit.fi\/en\/spring-greetings-from-the-residents-association\/\" rel=\"bookmark\">Spring greetings from the Residents&#8217; Association!<\/a><\/h3><\/div><div class=\"gutentor-entry-meta gutentor-entry-meta-primary\"><div class=\"posted-on\"><i class=\"far fa-calendar-alt\"><\/i><a href=\"https:\/\/porvoonkodit.fi\/en\/spring-greetings-from-the-residents-association\/\" rel=\"bookmark\">24.4.2026<\/a><\/div><\/div><div class=\"gutentor-post-desc\">A-Asukasyhdistys ry. was established 20 years ago at the initiative of a resident of A-Yhti\u00f6t. All r&hellip;<\/div><a class=\"gutentor-button gutentor-post-button\" href=\"https:\/\/porvoonkodit.fi\/en\/spring-greetings-from-the-residents-association\/\"><span>Read more<\/span><\/a><\/div><\/article><article class='gutentor-post  grid-md-4 grid-sm-4 grid-xs-12'><div class='gutentor-post-item'><div class='gutentor-post-image-box'><div class=\"gutentor-image-thumb\"><img loading=\"lazy\" decoding=\"async\" width=\"2048\" height=\"2048\" src=\"https:\/\/porvoonkodit.fi\/wp-content\/uploads\/2026\/03\/5M6A0014.jpg\" class=\"attachment-full size-full wp-post-image\" alt=\"\" \/><\/div><\/div><div class=\"gutentor-post-title-data-wrap\"><h3 class=\"gutentor-post-title\"><a href=\"https:\/\/porvoonkodit.fi\/en\/flea-markets-in-porvoo\/\" rel=\"bookmark\">Flea Markets in Porvoo<\/a><\/h3><\/div><div class=\"gutentor-entry-meta gutentor-entry-meta-primary\"><div class=\"posted-on\"><i class=\"far fa-calendar-alt\"><\/i><a href=\"https:\/\/porvoonkodit.fi\/en\/flea-markets-in-porvoo\/\" rel=\"bookmark\">31.3.2026<\/a><\/div><\/div><div class=\"gutentor-post-desc\">The circular economy and thrifting are becoming increasingly popular. Personally, I\u2019m totally hooked&hellip;<\/div><a class=\"gutentor-button gutentor-post-button\" href=\"https:\/\/porvoonkodit.fi\/en\/flea-markets-in-porvoo\/\"><span>Read more<\/span><\/a><\/div><\/article><article class='gutentor-post  grid-md-4 grid-sm-4 grid-xs-12'><div class='gutentor-post-item'><div class='gutentor-post-image-box'><div class=\"gutentor-image-thumb\"><img loading=\"lazy\" decoding=\"async\" width=\"2560\" height=\"2560\" src=\"https:\/\/porvoonkodit.fi\/wp-content\/uploads\/2026\/02\/IMG_8266-scaled.jpg\" class=\"attachment-full size-full wp-post-image\" alt=\"\" \/><\/div><\/div><div class=\"gutentor-post-title-data-wrap\"><h3 class=\"gutentor-post-title\"><a href=\"https:\/\/porvoonkodit.fi\/en\/resident-satisfaction-at-porvoon-kodit-is-at-a-good-level\/\" rel=\"bookmark\">Resident Satisfaction at Porvoon Kodit Is at a Good Level<\/a><\/h3><\/div><div class=\"gutentor-entry-meta gutentor-entry-meta-primary\"><div class=\"posted-on\"><i class=\"far fa-calendar-alt\"><\/i><a href=\"https:\/\/porvoonkodit.fi\/en\/resident-satisfaction-at-porvoon-kodit-is-at-a-good-level\/\" rel=\"bookmark\">11.2.2026<\/a><\/div><\/div><div class=\"gutentor-post-desc\">Resident satisfaction at Porvoon Kodit has been monitored regularly since the beginning of 2025 usin&hellip;<\/div><a class=\"gutentor-button gutentor-post-button\" href=\"https:\/\/porvoonkodit.fi\/en\/resident-satisfaction-at-porvoon-kodit-is-at-a-good-level\/\"><span>Read more<\/span><\/a><\/div><\/article><article class='gutentor-post  grid-md-4 grid-sm-4 grid-xs-12'><div class='gutentor-post-item'><div class='gutentor-post-image-box'><div class=\"gutentor-image-thumb\"><img loading=\"lazy\" decoding=\"async\" width=\"2560\" height=\"2560\" src=\"https:\/\/porvoonkodit.fi\/wp-content\/uploads\/2025\/12\/IMG_8173-scaled.jpg\" class=\"attachment-full size-full wp-post-image\" alt=\"\" \/><\/div><\/div><div class=\"gutentor-post-title-data-wrap\"><h3 class=\"gutentor-post-title\"><a href=\"https:\/\/porvoonkodit.fi\/en\/mietteita-kuluneesta-vuodesta-ja-tulevaisuudesta\/\" rel=\"bookmark\">Reflections on the Past Year and the Future<\/a><\/h3><\/div><div class=\"gutentor-entry-meta gutentor-entry-meta-primary\"><div class=\"posted-on\"><i class=\"far fa-calendar-alt\"><\/i><a href=\"https:\/\/porvoonkodit.fi\/en\/mietteita-kuluneesta-vuodesta-ja-tulevaisuudesta\/\" rel=\"bookmark\">31.12.2025<\/a><\/div><\/div><div class=\"gutentor-post-desc\">Agile organization and collaboration\n\n\n\nIn our organization, cooperation goes well and problems are &hellip;<\/div><a class=\"gutentor-button gutentor-post-button\" href=\"https:\/\/porvoonkodit.fi\/en\/mietteita-kuluneesta-vuodesta-ja-tulevaisuudesta\/\"><span>Read more<\/span><\/a><\/div><\/article><article class='gutentor-post  grid-md-4 grid-sm-4 grid-xs-12'><div class='gutentor-post-item'><div class='gutentor-post-image-box'><div class=\"gutentor-image-thumb\"><img loading=\"lazy\" decoding=\"async\" width=\"2048\" height=\"2048\" src=\"https:\/\/porvoonkodit.fi\/wp-content\/uploads\/2025\/11\/5M6A0014.jpg\" class=\"attachment-full size-full wp-post-image\" alt=\"\" \/><\/div><\/div><div class=\"gutentor-post-title-data-wrap\"><h3 class=\"gutentor-post-title\"><a href=\"https:\/\/porvoonkodit.fi\/en\/good-living-is-both\/\" rel=\"bookmark\">Good living is both\u00a0<\/a><\/h3><\/div><div class=\"gutentor-entry-meta gutentor-entry-meta-primary\"><div class=\"posted-on\"><i class=\"far fa-calendar-alt\"><\/i><a href=\"https:\/\/porvoonkodit.fi\/en\/good-living-is-both\/\" rel=\"bookmark\">24.11.2025<\/a><\/div><\/div><div class=\"gutentor-post-desc\">https:\/\/youtu.be\/hlR2Rrtel1U\n\n\n\n\nAt different stages of life, people have different housing needs. A&hellip;<\/div><a class=\"gutentor-button gutentor-post-button\" href=\"https:\/\/porvoonkodit.fi\/en\/good-living-is-both\/\"><span>Read more<\/span><\/a><\/div><\/article><article class='gutentor-post  grid-md-4 grid-sm-4 grid-xs-12'><div class='gutentor-post-item'><div class='gutentor-post-image-box'><div class=\"gutentor-image-thumb\"><img loading=\"lazy\" decoding=\"async\" width=\"1024\" height=\"683\" src=\"https:\/\/porvoonkodit.fi\/wp-content\/uploads\/2025\/10\/Mikaela-puhuu.jpg\" class=\"attachment-full size-full wp-post-image\" alt=\"Mikaela Nylander pit\u00e4m\u00e4ss\u00e4 puhetta Porvoon Kotien asukasjuhlassa\" \/><\/div><\/div><div class=\"gutentor-post-title-data-wrap\"><h3 class=\"gutentor-post-title\"><a href=\"https:\/\/porvoonkodit.fi\/en\/porvoon-kodit-luo-hyvaa-asumista-ja-kasvun-edellytyksia\/\" rel=\"bookmark\">Porvoon Kodit luo hyv\u00e4\u00e4 asumista ja kasvun edellytyksi\u00e4<\/a><\/h3><\/div><div class=\"gutentor-entry-meta gutentor-entry-meta-primary\"><div class=\"posted-on\"><i class=\"far fa-calendar-alt\"><\/i><a href=\"https:\/\/porvoonkodit.fi\/en\/porvoon-kodit-luo-hyvaa-asumista-ja-kasvun-edellytyksia\/\" rel=\"bookmark\">21.10.2025<\/a><\/div><\/div><div class=\"gutentor-post-desc\">Kuudenkymmenen vuoden aikana Porvoon Kodit on ollut tae siit\u00e4, ett\u00e4 Porvoossa l\u00f6ytyy korkealaatuisia&hellip;<\/div><a class=\"gutentor-button gutentor-post-button\" href=\"https:\/\/porvoonkodit.fi\/en\/porvoon-kodit-luo-hyvaa-asumista-ja-kasvun-edellytyksia\/\"><span>Read more<\/span><\/a><\/div><\/article><\/div><\/div><\/section>\n\n\n<div id=\"section-g-nh18knb\" class=\"wp-block-gutentor-e17 section-g-nh18knb gutentor-element gutentor-post-footer\"><div class=\"grid-container\"><div class=\"grid-row\">\n<div id=\"col-g-7i4ixmy\" class=\"wp-block-gutentor-e15 gutentor-single-column  grid-lg-12 grid-md-12 grid-12\"><div id=\"section-g-7i4ixmy\" class=\"section-g-7i4ixmy gutentor-col-wrap\">\n<div id=\"section-g-1aqd7k1\" class=\"wp-block-gutentor-e12 section-g-1aqd7k1 gutentor-element gutentor-element-pagination text-align-center-mobile\"><div class=\"gutentor-pagination-wrap\" data-maxnumpages=\"1\"><ul class=\"gutentor-pagination\"><li class=\"gutentor-pagination-item gutentor-pagination-prev\"><a class=\"gutentor-pagination-link gutentor-disabled\" href=\"#\"><i class=\"fas fa-chevron-left\"><\/i>Previous<\/a><\/li><li class=\"gutentor-pagination-item gutentor-pagination-active\" data-gpage=\"1\"><a class=\"gutentor-pagination-link\" href=\"#\">1<\/a><\/li><li class=\"gutentor-pagination-item gutentor-pagination-next\"><a class=\"gutentor-pagination-link gutentor-disabled\" href=\"#\" data-gpage=\"2\">Next<i class=\"fas fa-chevron-right\"><\/i><\/a><\/li><\/ul><\/div><\/div>\n<\/div><\/div>\n<\/div><\/div><\/div>\n<\/section>\n<\/div><\/section>\n<\/div><\/section>\n","protected":false},"excerpt":{"rendered":"","protected":false},"author":3,"featured_media":0,"parent":0,"menu_order":0,"comment_status":"closed","ping_status":"closed","template":"","meta":{"_acf_changed":false,"footnotes":""},"class_list":["post-3404","page","type-page","status-publish"],"acf":[],"yoast_head":"<!-- This site is optimized with the Yoast SEO plugin v27.5 - https:\/\/yoast.com\/product\/yoast-seo-wordpress\/ -->\n<title>Blog - Porvoon Kodit<\/title>\n<meta name=\"robots\" content=\"index, follow, max-snippet:-1, max-image-preview:large, max-video-preview:-1\" \/>\n<link rel=\"canonical\" href=\"https:\/\/porvoonkodit.fi\/en\/blogi\/\" \/>\n<meta property=\"og:locale\" content=\"en_US\" \/>\n<meta property=\"og:type\" content=\"article\" \/>\n<meta property=\"og:title\" content=\"Blog - Porvoon Kodit\" \/>\n<meta property=\"og:url\" content=\"https:\/\/porvoonkodit.fi\/en\/blogi\/\" \/>\n<meta property=\"og:site_name\" content=\"Porvoon Kodit\" \/>\n<meta property=\"article:publisher\" content=\"https:\/\/www.facebook.com\/AyhtiotAbolagen\/\" \/>\n<meta property=\"article:modified_time\" content=\"2025-10-01T09:03:16+00:00\" \/>\n<meta name=\"twitter:card\" content=\"summary_large_image\" \/>\n<meta name=\"twitter:label1\" content=\"Est. reading time\" \/>\n\t<meta name=\"twitter:data1\" content=\"1 minute\" \/>\n<script type=\"application\/ld+json\" class=\"yoast-schema-graph\">{\"@context\":\"https:\\\/\\\/schema.org\",\"@graph\":[{\"@type\":\"WebPage\",\"@id\":\"https:\\\/\\\/porvoonkodit.fi\\\/en\\\/blogi\\\/\",\"url\":\"https:\\\/\\\/porvoonkodit.fi\\\/en\\\/blogi\\\/\",\"name\":\"Blog - Porvoon Kodit\",\"isPartOf\":{\"@id\":\"https:\\\/\\\/porvoonkodit.fi\\\/#website\"},\"datePublished\":\"2025-09-09T09:55:49+00:00\",\"dateModified\":\"2025-10-01T09:03:16+00:00\",\"breadcrumb\":{\"@id\":\"https:\\\/\\\/porvoonkodit.fi\\\/en\\\/blogi\\\/#breadcrumb\"},\"inLanguage\":\"en-US\",\"potentialAction\":[{\"@type\":\"ReadAction\",\"target\":[\"https:\\\/\\\/porvoonkodit.fi\\\/en\\\/blogi\\\/\"]}]},{\"@type\":\"BreadcrumbList\",\"@id\":\"https:\\\/\\\/porvoonkodit.fi\\\/en\\\/blogi\\\/#breadcrumb\",\"itemListElement\":[{\"@type\":\"ListItem\",\"position\":1,\"name\":\"Etusivu\",\"item\":\"https:\\\/\\\/porvoonkodit.fi\\\/en\\\/\"},{\"@type\":\"ListItem\",\"position\":2,\"name\":\"Blog\"}]},{\"@type\":\"WebSite\",\"@id\":\"https:\\\/\\\/porvoonkodit.fi\\\/#website\",\"url\":\"https:\\\/\\\/porvoonkodit.fi\\\/\",\"name\":\"Porvoon kodit Oy\",\"description\":\"Tervetuloa kotiin\",\"publisher\":{\"@id\":\"https:\\\/\\\/porvoonkodit.fi\\\/#organization\"},\"potentialAction\":[{\"@type\":\"SearchAction\",\"target\":{\"@type\":\"EntryPoint\",\"urlTemplate\":\"https:\\\/\\\/porvoonkodit.fi\\\/?s={search_term_string}\"},\"query-input\":{\"@type\":\"PropertyValueSpecification\",\"valueRequired\":true,\"valueName\":\"search_term_string\"}}],\"inLanguage\":\"en-US\"},{\"@type\":\"Organization\",\"@id\":\"https:\\\/\\\/porvoonkodit.fi\\\/#organization\",\"name\":\"Porvoon kodit Oy\",\"url\":\"https:\\\/\\\/porvoonkodit.fi\\\/\",\"logo\":{\"@type\":\"ImageObject\",\"inLanguage\":\"en-US\",\"@id\":\"https:\\\/\\\/porvoonkodit.fi\\\/#\\\/schema\\\/logo\\\/image\\\/\",\"url\":\"https:\\\/\\\/porvoonkodit.fi\\\/wp-content\\\/uploads\\\/2025\\\/07\\\/Logo-tummempi-oranssi.png\",\"contentUrl\":\"https:\\\/\\\/porvoonkodit.fi\\\/wp-content\\\/uploads\\\/2025\\\/07\\\/Logo-tummempi-oranssi.png\",\"width\":480,\"height\":150,\"caption\":\"Porvoon kodit Oy\"},\"image\":{\"@id\":\"https:\\\/\\\/porvoonkodit.fi\\\/#\\\/schema\\\/logo\\\/image\\\/\"},\"sameAs\":[\"https:\\\/\\\/www.facebook.com\\\/AyhtiotAbolagen\\\/\"]}]}<\/script>\n<!-- \/ Yoast SEO plugin. -->","yoast_head_json":{"title":"Blog - Porvoon Kodit","robots":{"index":"index","follow":"follow","max-snippet":"max-snippet:-1","max-image-preview":"max-image-preview:large","max-video-preview":"max-video-preview:-1"},"canonical":"https:\/\/porvoonkodit.fi\/en\/blogi\/","og_locale":"en_US","og_type":"article","og_title":"Blog - Porvoon Kodit","og_url":"https:\/\/porvoonkodit.fi\/en\/blogi\/","og_site_name":"Porvoon Kodit","article_publisher":"https:\/\/www.facebook.com\/AyhtiotAbolagen\/","article_modified_time":"2025-10-01T09:03:16+00:00","twitter_card":"summary_large_image","twitter_misc":{"Est. reading time":"1 minute"},"schema":{"@context":"https:\/\/schema.org","@graph":[{"@type":"WebPage","@id":"https:\/\/porvoonkodit.fi\/en\/blogi\/","url":"https:\/\/porvoonkodit.fi\/en\/blogi\/","name":"Blog - Porvoon Kodit","isPartOf":{"@id":"https:\/\/porvoonkodit.fi\/#website"},"datePublished":"2025-09-09T09:55:49+00:00","dateModified":"2025-10-01T09:03:16+00:00","breadcrumb":{"@id":"https:\/\/porvoonkodit.fi\/en\/blogi\/#breadcrumb"},"inLanguage":"en-US","potentialAction":[{"@type":"ReadAction","target":["https:\/\/porvoonkodit.fi\/en\/blogi\/"]}]},{"@type":"BreadcrumbList","@id":"https:\/\/porvoonkodit.fi\/en\/blogi\/#breadcrumb","itemListElement":[{"@type":"ListItem","position":1,"name":"Etusivu","item":"https:\/\/porvoonkodit.fi\/en\/"},{"@type":"ListItem","position":2,"name":"Blog"}]},{"@type":"WebSite","@id":"https:\/\/porvoonkodit.fi\/#website","url":"https:\/\/porvoonkodit.fi\/","name":"Porvoon kodit Oy","description":"Tervetuloa kotiin","publisher":{"@id":"https:\/\/porvoonkodit.fi\/#organization"},"potentialAction":[{"@type":"SearchAction","target":{"@type":"EntryPoint","urlTemplate":"https:\/\/porvoonkodit.fi\/?s={search_term_string}"},"query-input":{"@type":"PropertyValueSpecification","valueRequired":true,"valueName":"search_term_string"}}],"inLanguage":"en-US"},{"@type":"Organization","@id":"https:\/\/porvoonkodit.fi\/#organization","name":"Porvoon kodit Oy","url":"https:\/\/porvoonkodit.fi\/","logo":{"@type":"ImageObject","inLanguage":"en-US","@id":"https:\/\/porvoonkodit.fi\/#\/schema\/logo\/image\/","url":"https:\/\/porvoonkodit.fi\/wp-content\/uploads\/2025\/07\/Logo-tummempi-oranssi.png","contentUrl":"https:\/\/porvoonkodit.fi\/wp-content\/uploads\/2025\/07\/Logo-tummempi-oranssi.png","width":480,"height":150,"caption":"Porvoon kodit Oy"},"image":{"@id":"https:\/\/porvoonkodit.fi\/#\/schema\/logo\/image\/"},"sameAs":["https:\/\/www.facebook.com\/AyhtiotAbolagen\/"]}]}},"_links":{"self":[{"href":"https:\/\/porvoonkodit.fi\/en\/wp-json\/wp\/v2\/pages\/3404","targetHints":{"allow":["GET"]}}],"collection":[{"href":"https:\/\/porvoonkodit.fi\/en\/wp-json\/wp\/v2\/pages"}],"about":[{"href":"https:\/\/porvoonkodit.fi\/en\/wp-json\/wp\/v2\/types\/page"}],"author":[{"embeddable":true,"href":"https:\/\/porvoonkodit.fi\/en\/wp-json\/wp\/v2\/users\/3"}],"replies":[{"embeddable":true,"href":"https:\/\/porvoonkodit.fi\/en\/wp-json\/wp\/v2\/comments?post=3404"}],"version-history":[{"count":3,"href":"https:\/\/porvoonkodit.fi\/en\/wp-json\/wp\/v2\/pages\/3404\/revisions"}],"predecessor-version":[{"id":3410,"href":"https:\/\/porvoonkodit.fi\/en\/wp-json\/wp\/v2\/pages\/3404\/revisions\/3410"}],"wp:attachment":[{"href":"https:\/\/porvoonkodit.fi\/en\/wp-json\/wp\/v2\/media?parent=3404"}],"curies":[{"name":"wp","href":"https:\/\/api.w.org\/{rel}","templated":true}]}}