{"id":3342,"date":"2025-07-31T07:41:55","date_gmt":"2025-07-31T07:41:55","guid":{"rendered":"https:\/\/porvoonkodit.fi\/meista\/"},"modified":"2026-04-24T12:11:17","modified_gmt":"2026-04-24T12:11:17","slug":"meista","status":"publish","type":"page","link":"https:\/\/porvoonkodit.fi\/en\/meista\/","title":{"rendered":"About us"},"content":{"rendered":"\n<section id=\"g-w87gelw\" class=\"wp-block-gutentor-m3 alignfull section-g-w87gelw gutentor-module gutentor-container-cover\"><div class=\"grid-container\">\n<section id=\"g-14hiz4e\" class=\"wp-block-gutentor-m3 section-g-14hiz4e gutentor-module gutentor-container-cover\"><div class=\"grid-container\">\n<div id=\"section-g-y7gj1wf\" class=\"wp-block-gutentor-e1 section-g-y7gj1wf gutentor-element gutentor-element-advanced-text\"><div class=\"gutentor-text-wrap\"><h2 class=\"gutentor-text\"><em>Porvoon Kodit<\/em> \u2013 Homes for Life<\/h2><\/div><\/div>\n\n\n\n<div id=\"section-g-i5ismss\" class=\"wp-block-gutentor-e1 section-g-i5ismss gutentor-element gutentor-element-advanced-text\"><div class=\"gutentor-text-wrap\"><p class=\"gutentor-text\"><em>Porvoon Kodit<\/em> offers more than just residential flats \u2013 we provide homes where everyday life runs smoothly and living feels truly personal. We are a rental housing company belonging to the City of Porvoo Group, and for 60 years we have been helping to build the lives of the people of Porvoo \u2013 safely, affordably, and with a human touch.<br><br>We have about 2,500 homes across Porvoo, and each year about 350 new opportunities arise to start a new chapter in life. Most of our homes are state-subsidised, reasonably priced rental flats, and when selecting tenants, we take into account the applicant\u2019s urgency of need for housing, as well as their income and assets.<br><br>Living with <em>Porvoon Kodit<\/em> is easy and carefree. We take care of development, rentals, property management, and maintenance \u2013 but above all, we listen to our residents. Our mission is to make residential living smooth and pleasant.<br><br>Welcome to <em>Porvoon Kodit<\/em> \u2013 with us, your everyday life is cosy and functional!<br><br><em>Porvoon Kodit<\/em> is a rental housing group owned by the City of Porvoo. <em>Porvoon Kodit<\/em> consists of the companies Porvoon A-asunnot Oy and Porvoon Vuokra-asunnot Oy. Porvoon A-asunnot includes the subsidiary Kiinteist\u00f6 Oy A-Lukaali Ab.<br><br><em>Porvoon Kodit<\/em> is the largest residential lessor in Porvoo, with about 2,500 rental homes throughout the city.<\/p><\/div><\/div>\n<\/div><\/section>\n<\/div><\/section>\n\n\n\n<section id=\"g-r1gp081\" class=\"wp-block-gutentor-m3 alignfull section-g-r1gp081 gutentor-module gutentor-container-cover\"><div class=\"grid-container\">\n<section id=\"g-1z70hrh\" class=\"wp-block-gutentor-m3 section-g-1z70hrh gutentor-module gutentor-container-cover\"><div class=\"grid-container\">\n<div id=\"section-g-3q1l3ol\" class=\"wp-block-gutentor-e1 section-g-3q1l3ol gutentor-element gutentor-element-advanced-text\"><div class=\"gutentor-text-wrap\"><h3 class=\"gutentor-text\">Porvoon A-asunnot Oy Board of Directors<\/h3><\/div><\/div>\n\n\n\n<div id=\"section-g-5ul56hl\" class=\"wp-block-gutentor-e7 section-g-5ul56hl gutentor-element gutentor-element-list\"><ul class=\"grid-row gutentor-grid-item-wrap list-style-circle\"><li class=\"gutentor-list-item grid-lg-12 grid-md-12 grid-12\"><span class=\"gutentor-single-item gutentor-single-item-0\"><span class=\"gutentor-list-item-wrap g-s-list-wrap\"><span class=\"gutentor-list-item\"><p class=\"gutentor-single-item-title\">Chair of the Board: Joel Karvinen<\/p><\/span><\/span><\/span><\/li><li class=\"gutentor-list-item grid-lg-12 grid-md-12 grid-12\"><span class=\"gutentor-single-item gutentor-single-item-1\"><span class=\"gutentor-list-item-wrap g-s-list-wrap\"><span class=\"gutentor-list-item\"><p class=\"gutentor-single-item-title\">Vice-Chair of the Board: Pehr Sveholm<\/p><\/span><\/span><\/span><\/li><li class=\"gutentor-list-item grid-lg-12 grid-md-12 grid-12\"><span class=\"gutentor-single-item gutentor-single-item-2\"><span class=\"gutentor-list-item-wrap g-s-list-wrap\"><span class=\"gutentor-list-item\"><p class=\"gutentor-single-item-title\">Members: Frida Sigfrids, Kim Parviainen, Eija Quinlan, Siru Hopealinna and Mariella Koskinen<\/p><\/span><\/span><\/span><\/li><\/ul><\/div>\n\n\n\n<div id=\"section-g-ip7g7bp\" class=\"wp-block-gutentor-e6 section-g-ip7g7bp gutentor-element gutentor-element-image gutentor-enabled-width\"><div class=\"gutentor-element-image-box\"><div class=\"gutentor-image-thumb\"><img decoding=\"async\" class=\"normal-image\" src=\"https:\/\/porvoonkodit.fi\/wp-content\/uploads\/2026\/03\/20260127-_MG_2276-1024x683.jpg\" alt=\"Porvoon Kotien hallitus seisoo porvoon kaupunkimaisemaa kuvaavan taustan edess\u00e4.\" \/><\/div><\/div><\/div>\n\n\n\n<p>Joel Karvinen, Mariella Koskinen, Eija Quinlan, Frida Sigfrids, Pehr Sveholm and Kim Parviainen<\/p>\n\n\n\n<div id=\"section-g-5c7j5kk\" class=\"wp-block-gutentor-e1 section-g-5c7j5kk gutentor-element gutentor-element-advanced-text\"><div class=\"gutentor-text-wrap\"><h3 class=\"gutentor-text\">Management group<\/h3><\/div><\/div>\n\n\n\n<div id=\"section-g-217x51p\" class=\"wp-block-gutentor-e7 section-g-217x51p gutentor-element gutentor-element-list\"><ul class=\"grid-row gutentor-grid-item-wrap list-style-circle\"><li class=\"gutentor-list-item grid-lg-12 grid-md-12 grid-12\"><span class=\"gutentor-single-item gutentor-single-item-0\"><span class=\"gutentor-list-item-wrap g-s-list-wrap\"><span class=\"gutentor-list-item\"><p class=\"gutentor-single-item-title\">Customer Director: Laura Kalakoski 050 544 5334 (rental, customer service and property management)<\/p><\/span><\/span><\/span><\/li><li class=\"gutentor-list-item grid-lg-12 grid-md-12 grid-12\"><span class=\"gutentor-single-item gutentor-single-item-1\"><span class=\"gutentor-list-item-wrap g-s-list-wrap\"><span class=\"gutentor-list-item\"><p class=\"gutentor-single-item-title\">Property Development Director : Teppo Riski 040 551 8289 (new projects, renovations and property development)<\/p><\/span><\/span><\/span><\/li><li class=\"gutentor-list-item grid-lg-12 grid-md-12 grid-12\"><span class=\"gutentor-single-item gutentor-single-item-2\"><span class=\"gutentor-list-item-wrap g-s-list-wrap\"><span class=\"gutentor-list-item\"><p class=\"gutentor-single-item-title\">Financial Director: Jenna Rask-Backman 040 575 0513<\/p><\/span><\/span><\/span><\/li><li class=\"gutentor-list-item grid-lg-12 grid-md-12 grid-12\"><span class=\"gutentor-single-item gutentor-single-item-3\"><span class=\"gutentor-list-item-wrap g-s-list-wrap\"><span class=\"gutentor-list-item\"><p class=\"gutentor-single-item-title\">Property Services Director: Antti V\u00e4\u00e4t\u00e4inen 040 594 2999 (maintenance, cleaning and outdoor areas)<\/p><\/span><\/span><\/span><\/li><li class=\"gutentor-list-item grid-lg-12 grid-md-12 grid-12\"><span class=\"gutentor-single-item gutentor-single-item-4\"><span class=\"gutentor-list-item-wrap g-s-list-wrap\"><span class=\"gutentor-list-item\"><p class=\"gutentor-single-item-title\">CEO: Marjut Sandsjoe 040 500 2828<\/p><\/span><\/span><\/span><\/li><li class=\"gutentor-list-item grid-lg-12 grid-md-12 grid-12\"><span class=\"gutentor-single-item gutentor-single-item-5\"><span class=\"gutentor-list-item-wrap g-s-list-wrap\"><span class=\"gutentor-list-item\"><p class=\"gutentor-single-item-title\">E-mail: firstname.lastname@porvoonkodit.fi<\/p><\/span><\/span><\/span><\/li><\/ul><\/div>\n\n\n\n<div id=\"section-g-709q1m0\" class=\"wp-block-gutentor-e1 section-g-709q1m0 gutentor-element gutentor-element-advanced-text\"><div class=\"gutentor-text-wrap\"><h3 class=\"gutentor-text\">Property Management<\/h3><\/div><\/div>\n\n\n\n<div id=\"section-g-plu6rg2\" class=\"wp-block-gutentor-e7 section-g-plu6rg2 gutentor-element gutentor-element-list\"><ul class=\"grid-row gutentor-grid-item-wrap list-style-circle\"><li class=\"gutentor-list-item grid-lg-12 grid-md-12 grid-12\"><span class=\"gutentor-single-item gutentor-single-item-0\"><span class=\"gutentor-list-item-wrap g-s-list-wrap\"><span class=\"gutentor-list-item\"><p class=\"gutentor-single-item-title\">Kristian Tuomala<\/p><\/span><\/span><\/span><\/li><li class=\"gutentor-list-item grid-lg-12 grid-md-12 grid-12\"><span class=\"gutentor-single-item gutentor-single-item-1\"><span class=\"gutentor-list-item-wrap g-s-list-wrap\"><span class=\"gutentor-list-item\"><p class=\"gutentor-single-item-title\">Iina \u00d6stman-Fredriksson<\/p><\/span><\/span><\/span><\/li><li class=\"gutentor-list-item grid-lg-12 grid-md-12 grid-12\"><span class=\"gutentor-single-item gutentor-single-item-2\"><span class=\"gutentor-list-item-wrap g-s-list-wrap\"><span class=\"gutentor-list-item\"><p class=\"gutentor-single-item-title\">isannointi@porvoonkodit.fi<\/p><\/span><\/span><\/span><\/li><\/ul><\/div>\n<\/div><\/section>\n<\/div><\/section>\n\n\n\n<section id=\"g-1m6l4ht\" class=\"wp-block-gutentor-m3 section-g-1m6l4ht gutentor-module gutentor-container-cover d-none\"><div class=\"grid-container\">\n<div id=\"section-g-dg28c2x\" class=\"wp-block-gutentor-e1 section-g-dg28c2x gutentor-element gutentor-element-advanced-text\"><div class=\"gutentor-text-wrap\"><p class=\"gutentor-text\">Porvoon Kodit is a rental housing group owned by the City of Porvoo. Porvoon Kodit consists of <em>Porvoon A-asunnot Oy<\/em> and <em>Porvoon Vuokra-asunnot Oy<\/em>. Porvoon A-asunnot Oy includes the subsidiary <em>Kiinteist\u00f6 Oy A\u2011Lukaali Ab<\/em>.<br>Porvoon Kodit is the largest landlord in Porvoo, with more than 2,300 rental homes across the city.<br><br><strong>Invoicing Instructions for E-invoices<\/strong><br><br><strong>Porvoon A-asunnot Oy<\/strong> (Business ID 0130542-0)<br>Company\u2019s e-invoicing address (EDI\/OVT code) for receiving invoices: <strong>003701305420<\/strong><br><br><strong>Kiinteist\u00f6 Oy A-Lukaali Ab<\/strong> (Business ID 1854581-8)<br>Company\u2019s e-invoicing address (EDI\/OVT code) for receiving invoices: <strong>003718545818<\/strong><br><br><strong>Porvoon Vuokra-asunnot Oy<\/strong> (Business ID 0704105-9)<br>Company\u2019s e-invoicing address (EDI\/OVT code) for receiving invoices: <strong>003707041059<\/strong><br><br>Operator code: 003721291126 = MAVENTA<br>Operator code when the sender uses a bank as the operator: DABAFIHH<br><br>If e-invoicing is not possible, we also accept invoices by email at: reskontra@porvoonkodit.fi<\/p><\/div><\/div>\n<\/div><\/section>\n","protected":false},"excerpt":{"rendered":"","protected":false},"author":3,"featured_media":0,"parent":0,"menu_order":0,"comment_status":"closed","ping_status":"closed","template":"","meta":{"_acf_changed":false,"footnotes":""},"class_list":["post-3342","page","type-page","status-publish"],"acf":[],"yoast_head":"<!-- This site is optimized with the Yoast SEO plugin v27.5 - https:\/\/yoast.com\/product\/yoast-seo-wordpress\/ -->\n<title>About us - Porvoon Kodit<\/title>\n<meta name=\"robots\" content=\"index, follow, max-snippet:-1, max-image-preview:large, max-video-preview:-1\" \/>\n<link rel=\"canonical\" href=\"https:\/\/porvoonkodit.fi\/en\/meista\/\" \/>\n<meta property=\"og:locale\" content=\"en_US\" \/>\n<meta property=\"og:type\" content=\"article\" \/>\n<meta property=\"og:title\" content=\"About us - Porvoon Kodit\" \/>\n<meta property=\"og:url\" content=\"https:\/\/porvoonkodit.fi\/en\/meista\/\" \/>\n<meta property=\"og:site_name\" content=\"Porvoon Kodit\" \/>\n<meta property=\"article:publisher\" content=\"https:\/\/www.facebook.com\/AyhtiotAbolagen\/\" \/>\n<meta property=\"article:modified_time\" content=\"2026-04-24T12:11:17+00:00\" \/>\n<meta property=\"og:image\" content=\"https:\/\/porvoonkodit.fi\/wp-content\/uploads\/2026\/03\/20260127-_MG_2276-1024x683.jpg\" \/>\n<meta name=\"twitter:card\" content=\"summary_large_image\" \/>\n<meta name=\"twitter:label1\" content=\"Est. reading time\" \/>\n\t<meta name=\"twitter:data1\" content=\"4 minutes\" \/>\n<script type=\"application\/ld+json\" class=\"yoast-schema-graph\">{\"@context\":\"https:\\\/\\\/schema.org\",\"@graph\":[{\"@type\":\"WebPage\",\"@id\":\"https:\\\/\\\/porvoonkodit.fi\\\/en\\\/meista\\\/\",\"url\":\"https:\\\/\\\/porvoonkodit.fi\\\/en\\\/meista\\\/\",\"name\":\"About us - Porvoon Kodit\",\"isPartOf\":{\"@id\":\"https:\\\/\\\/porvoonkodit.fi\\\/#website\"},\"primaryImageOfPage\":{\"@id\":\"https:\\\/\\\/porvoonkodit.fi\\\/en\\\/meista\\\/#primaryimage\"},\"image\":{\"@id\":\"https:\\\/\\\/porvoonkodit.fi\\\/en\\\/meista\\\/#primaryimage\"},\"thumbnailUrl\":\"https:\\\/\\\/porvoonkodit.fi\\\/wp-content\\\/uploads\\\/2026\\\/03\\\/20260127-_MG_2276-1024x683.jpg\",\"datePublished\":\"2025-07-31T07:41:55+00:00\",\"dateModified\":\"2026-04-24T12:11:17+00:00\",\"breadcrumb\":{\"@id\":\"https:\\\/\\\/porvoonkodit.fi\\\/en\\\/meista\\\/#breadcrumb\"},\"inLanguage\":\"en-US\",\"potentialAction\":[{\"@type\":\"ReadAction\",\"target\":[\"https:\\\/\\\/porvoonkodit.fi\\\/en\\\/meista\\\/\"]}]},{\"@type\":\"ImageObject\",\"inLanguage\":\"en-US\",\"@id\":\"https:\\\/\\\/porvoonkodit.fi\\\/en\\\/meista\\\/#primaryimage\",\"url\":\"https:\\\/\\\/porvoonkodit.fi\\\/wp-content\\\/uploads\\\/2026\\\/03\\\/20260127-_MG_2276-1024x683.jpg\",\"contentUrl\":\"https:\\\/\\\/porvoonkodit.fi\\\/wp-content\\\/uploads\\\/2026\\\/03\\\/20260127-_MG_2276-1024x683.jpg\"},{\"@type\":\"BreadcrumbList\",\"@id\":\"https:\\\/\\\/porvoonkodit.fi\\\/en\\\/meista\\\/#breadcrumb\",\"itemListElement\":[{\"@type\":\"ListItem\",\"position\":1,\"name\":\"Etusivu\",\"item\":\"https:\\\/\\\/porvoonkodit.fi\\\/en\\\/\"},{\"@type\":\"ListItem\",\"position\":2,\"name\":\"About us\"}]},{\"@type\":\"WebSite\",\"@id\":\"https:\\\/\\\/porvoonkodit.fi\\\/#website\",\"url\":\"https:\\\/\\\/porvoonkodit.fi\\\/\",\"name\":\"Porvoon kodit Oy\",\"description\":\"Tervetuloa kotiin\",\"publisher\":{\"@id\":\"https:\\\/\\\/porvoonkodit.fi\\\/#organization\"},\"potentialAction\":[{\"@type\":\"SearchAction\",\"target\":{\"@type\":\"EntryPoint\",\"urlTemplate\":\"https:\\\/\\\/porvoonkodit.fi\\\/?s={search_term_string}\"},\"query-input\":{\"@type\":\"PropertyValueSpecification\",\"valueRequired\":true,\"valueName\":\"search_term_string\"}}],\"inLanguage\":\"en-US\"},{\"@type\":\"Organization\",\"@id\":\"https:\\\/\\\/porvoonkodit.fi\\\/#organization\",\"name\":\"Porvoon kodit Oy\",\"url\":\"https:\\\/\\\/porvoonkodit.fi\\\/\",\"logo\":{\"@type\":\"ImageObject\",\"inLanguage\":\"en-US\",\"@id\":\"https:\\\/\\\/porvoonkodit.fi\\\/#\\\/schema\\\/logo\\\/image\\\/\",\"url\":\"https:\\\/\\\/porvoonkodit.fi\\\/wp-content\\\/uploads\\\/2025\\\/07\\\/Logo-tummempi-oranssi.png\",\"contentUrl\":\"https:\\\/\\\/porvoonkodit.fi\\\/wp-content\\\/uploads\\\/2025\\\/07\\\/Logo-tummempi-oranssi.png\",\"width\":480,\"height\":150,\"caption\":\"Porvoon kodit Oy\"},\"image\":{\"@id\":\"https:\\\/\\\/porvoonkodit.fi\\\/#\\\/schema\\\/logo\\\/image\\\/\"},\"sameAs\":[\"https:\\\/\\\/www.facebook.com\\\/AyhtiotAbolagen\\\/\"]}]}<\/script>\n<!-- \/ Yoast SEO plugin. -->","yoast_head_json":{"title":"About us - Porvoon Kodit","robots":{"index":"index","follow":"follow","max-snippet":"max-snippet:-1","max-image-preview":"max-image-preview:large","max-video-preview":"max-video-preview:-1"},"canonical":"https:\/\/porvoonkodit.fi\/en\/meista\/","og_locale":"en_US","og_type":"article","og_title":"About us - Porvoon Kodit","og_url":"https:\/\/porvoonkodit.fi\/en\/meista\/","og_site_name":"Porvoon Kodit","article_publisher":"https:\/\/www.facebook.com\/AyhtiotAbolagen\/","article_modified_time":"2026-04-24T12:11:17+00:00","og_image":[{"url":"https:\/\/porvoonkodit.fi\/wp-content\/uploads\/2026\/03\/20260127-_MG_2276-1024x683.jpg","type":"","width":"","height":""}],"twitter_card":"summary_large_image","twitter_misc":{"Est. reading time":"4 minutes"},"schema":{"@context":"https:\/\/schema.org","@graph":[{"@type":"WebPage","@id":"https:\/\/porvoonkodit.fi\/en\/meista\/","url":"https:\/\/porvoonkodit.fi\/en\/meista\/","name":"About us - Porvoon Kodit","isPartOf":{"@id":"https:\/\/porvoonkodit.fi\/#website"},"primaryImageOfPage":{"@id":"https:\/\/porvoonkodit.fi\/en\/meista\/#primaryimage"},"image":{"@id":"https:\/\/porvoonkodit.fi\/en\/meista\/#primaryimage"},"thumbnailUrl":"https:\/\/porvoonkodit.fi\/wp-content\/uploads\/2026\/03\/20260127-_MG_2276-1024x683.jpg","datePublished":"2025-07-31T07:41:55+00:00","dateModified":"2026-04-24T12:11:17+00:00","breadcrumb":{"@id":"https:\/\/porvoonkodit.fi\/en\/meista\/#breadcrumb"},"inLanguage":"en-US","potentialAction":[{"@type":"ReadAction","target":["https:\/\/porvoonkodit.fi\/en\/meista\/"]}]},{"@type":"ImageObject","inLanguage":"en-US","@id":"https:\/\/porvoonkodit.fi\/en\/meista\/#primaryimage","url":"https:\/\/porvoonkodit.fi\/wp-content\/uploads\/2026\/03\/20260127-_MG_2276-1024x683.jpg","contentUrl":"https:\/\/porvoonkodit.fi\/wp-content\/uploads\/2026\/03\/20260127-_MG_2276-1024x683.jpg"},{"@type":"BreadcrumbList","@id":"https:\/\/porvoonkodit.fi\/en\/meista\/#breadcrumb","itemListElement":[{"@type":"ListItem","position":1,"name":"Etusivu","item":"https:\/\/porvoonkodit.fi\/en\/"},{"@type":"ListItem","position":2,"name":"About us"}]},{"@type":"WebSite","@id":"https:\/\/porvoonkodit.fi\/#website","url":"https:\/\/porvoonkodit.fi\/","name":"Porvoon kodit Oy","description":"Tervetuloa kotiin","publisher":{"@id":"https:\/\/porvoonkodit.fi\/#organization"},"potentialAction":[{"@type":"SearchAction","target":{"@type":"EntryPoint","urlTemplate":"https:\/\/porvoonkodit.fi\/?s={search_term_string}"},"query-input":{"@type":"PropertyValueSpecification","valueRequired":true,"valueName":"search_term_string"}}],"inLanguage":"en-US"},{"@type":"Organization","@id":"https:\/\/porvoonkodit.fi\/#organization","name":"Porvoon kodit Oy","url":"https:\/\/porvoonkodit.fi\/","logo":{"@type":"ImageObject","inLanguage":"en-US","@id":"https:\/\/porvoonkodit.fi\/#\/schema\/logo\/image\/","url":"https:\/\/porvoonkodit.fi\/wp-content\/uploads\/2025\/07\/Logo-tummempi-oranssi.png","contentUrl":"https:\/\/porvoonkodit.fi\/wp-content\/uploads\/2025\/07\/Logo-tummempi-oranssi.png","width":480,"height":150,"caption":"Porvoon kodit Oy"},"image":{"@id":"https:\/\/porvoonkodit.fi\/#\/schema\/logo\/image\/"},"sameAs":["https:\/\/www.facebook.com\/AyhtiotAbolagen\/"]}]}},"_links":{"self":[{"href":"https:\/\/porvoonkodit.fi\/en\/wp-json\/wp\/v2\/pages\/3342","targetHints":{"allow":["GET"]}}],"collection":[{"href":"https:\/\/porvoonkodit.fi\/en\/wp-json\/wp\/v2\/pages"}],"about":[{"href":"https:\/\/porvoonkodit.fi\/en\/wp-json\/wp\/v2\/types\/page"}],"author":[{"embeddable":true,"href":"https:\/\/porvoonkodit.fi\/en\/wp-json\/wp\/v2\/users\/3"}],"replies":[{"embeddable":true,"href":"https:\/\/porvoonkodit.fi\/en\/wp-json\/wp\/v2\/comments?post=3342"}],"version-history":[{"count":9,"href":"https:\/\/porvoonkodit.fi\/en\/wp-json\/wp\/v2\/pages\/3342\/revisions"}],"predecessor-version":[{"id":7842,"href":"https:\/\/porvoonkodit.fi\/en\/wp-json\/wp\/v2\/pages\/3342\/revisions\/7842"}],"wp:attachment":[{"href":"https:\/\/porvoonkodit.fi\/en\/wp-json\/wp\/v2\/media?parent=3342"}],"curies":[{"name":"wp","href":"https:\/\/api.w.org\/{rel}","templated":true}]}}